{"id":3512,"date":"2024-08-19T19:13:26","date_gmt":"2024-08-19T16:13:26","guid":{"rendered":"https:\/\/concurs.festivalenescu.ro\/evenimente\/concerte-in-alte-orase\/15-09-recital-constantin-borodin-and-george-todica\/"},"modified":"2024-08-26T12:05:22","modified_gmt":"2024-08-26T09:05:22","slug":"15-09-recital-constantin-borodin-and-george-todica","status":"publish","type":"page","link":"https:\/\/2024.festivalenescu.ro\/ro\/evenimente\/concerte-in-alte-orase\/15-09-recital-constantin-borodin-and-george-todica\/","title":{"rendered":"15.09 &#8211; Recital Constantin Borodin \u0219i George Todic\u0103"},"content":{"rendered":"<section class=\"l-section wpb_row height_medium\"><div class=\"l-section-h i-cf\"><div class=\"g-cols vc_row via_flex valign_top type_default stacking_default\"><div class=\"vc_col-sm-6 wpb_column vc_column_container\"><div class=\"vc_column-inner\"><div class=\"wpb_wrapper\"><div class=\"wpb_text_column\"><div class=\"wpb_wrapper\"><p><strong>Constantin Borodin<\/strong> violoncel (laureat la Concursul Interna\u021bional George Enescu 2022)<br \/>\n<strong>George Todic\u0103<\/strong> pian (laureat la Concursul Interna\u021bional George Enescu 2022)<\/p>\n<\/div><\/div><div class=\"w-separator size_small\"><\/div><div class=\"wpb_text_column\"><div class=\"wpb_wrapper\"><p><strong>Ludwig van Beethoven<\/strong> Sonata nr. 4 in do major pentru violoncel si pian<br \/>\n<strong>George Enescu<\/strong> Nocturn\u0103 si Saltarello pentru violoncel \u0219i pian<br \/>\n<strong>Robert Schumann<\/strong> <em>Adagio \u015fi Allegro<\/em> \u00een la bemol major pentru violoncel \u0219i pian op. 70<br \/>\n<strong>Claude Debussy<\/strong> Sonata in re minor pentru violoncel si pian<br \/>\n<strong>Dmitri \u0218ostakovici<\/strong> Sonata in re minor pentru violoncel \u0219i pian<\/p>\n<\/div><\/div><div class=\"w-separator size_medium\"><\/div><div class=\"wpb_text_column\"><div class=\"wpb_wrapper\"><p>Data:\u00a0<strong>Duminic\u0103, 15 septembrie <\/strong><strong>2024<\/strong><\/p>\n<p>Ora: <strong>19.00<\/strong><\/p>\n<p>Locul: <strong>Sala<\/strong> <strong>Thalia, Sibiu<\/strong><\/p>\n<\/div><\/div><div class=\"w-separator size_medium\"><\/div><div class=\"w-btn-wrapper align_none\"><a class=\"w-btn us-btn-style_1\" href=\"https:\/\/bit.ly\/CGE-2024-Recital2\"><span class=\"w-btn-label\">Bilete<\/span><\/a><\/div><\/div><\/div><\/div><div class=\"vc_col-sm-6 wpb_column vc_column_container\"><div class=\"vc_column-inner\"><div class=\"wpb_wrapper\"><div class=\"w-image align_none\"><a href=\"https:\/\/www.facebook.com\/events\/439349299077262\" aria-label=\"00000286080-4c1e-800x800-n-8671be51\" class=\"w-image-h\"><img loading=\"lazy\" decoding=\"async\" width=\"533\" height=\"800\" src=\"https:\/\/2024.festivalenescu.ro\/wp-content\/uploads\/2024\/08\/00000286080-4c1e-800x800-n-8671be51.jpg\" class=\"attachment-full size-full\" alt=\"\" srcset=\"https:\/\/2024.festivalenescu.ro\/wp-content\/uploads\/2024\/08\/00000286080-4c1e-800x800-n-8671be51.jpg 533w, https:\/\/2024.festivalenescu.ro\/wp-content\/uploads\/2024\/08\/00000286080-4c1e-800x800-n-8671be51-133x200.jpg 133w, https:\/\/2024.festivalenescu.ro\/wp-content\/uploads\/2024\/08\/00000286080-4c1e-800x800-n-8671be51-100x150.jpg 100w, https:\/\/2024.festivalenescu.ro\/wp-content\/uploads\/2024\/08\/00000286080-4c1e-800x800-n-8671be51-267x400.jpg 267w, https:\/\/2024.festivalenescu.ro\/wp-content\/uploads\/2024\/08\/00000286080-4c1e-800x800-n-8671be51-200x300.jpg 200w\" sizes=\"auto, (max-width: 533px) 100vw, 533px\" \/><\/a><\/div><\/div><\/div><\/div><\/div><\/div><\/section><section class=\"l-section wpb_row height_medium\"><div class=\"l-section-h i-cf\"><div class=\"g-cols vc_row via_flex valign_top type_default stacking_default\"><div class=\"vc_col-sm-12 wpb_column vc_column_container\"><div class=\"vc_column-inner\"><div class=\"wpb_wrapper\"><div class=\"wpb_text_column\"><div class=\"wpb_wrapper\"><p>Share:<\/p>\n<\/div><\/div><div class=\"w-sharing type_simple align_none color_default\"><div class=\"w-sharing-list\" data-content-image=\"true\"><a class=\"w-sharing-item email\" href=\"mailto:?subject=15.09 &#8211; Recital Constantin Borodin \u0219i George Todic\u0103&amp;body=https:\/\/2024.festivalenescu.ro\/ro\/wp-json\/wp\/v2\/pages\/3512\" title=\"Email this\" aria-label=\"Email this\"><i class=\"fas fa-envelope\"><\/i><\/a><a class=\"w-sharing-item facebook\" href=\"https:\/\/www.facebook.com\/sharer\/sharer.php?u=https:\/\/2024.festivalenescu.ro\/ro\/wp-json\/wp\/v2\/pages\/3512&amp;quote=15.09 &#8211; Recital Constantin Borodin \u0219i George Todic\u0103\" title=\"Share this\" aria-label=\"Share this\" onclick=\"window.open(this.href, &quot;facebook&quot;, &quot;toolbar=0,width=900,height=500&quot;); return false;\"><i class=\"fab fa-facebook\"><\/i><\/a><a class=\"w-sharing-item twitter\" href=\"https:\/\/twitter.com\/intent\/tweet?text=15.09 &#8211; Recital Constantin Borodin \u0219i George Todic\u0103&amp;url=https:\/\/2024.festivalenescu.ro\/ro\/wp-json\/wp\/v2\/pages\/3512\" title=\"Tweet this\" aria-label=\"Tweet this\" onclick=\"window.open(this.href, &quot;twitter&quot;, &quot;toolbar=0,width=650,height=360&quot;); return false;\"><i class=\"fab fa-x-twitter\"><svg style=\"width:1em; margin-bottom:-.1em;\" xmlns=\"http:\/\/www.w3.org\/2000\/svg\" viewBox=\"0 0 512 512\"><path fill=\"currentColor\" d=\"M389.2 48h70.6L305.6 224.2 487 464H345L233.7 318.6 106.5 464H35.8L200.7 275.5 26.8 48H172.4L272.9 180.9 389.2 48zM364.4 421.8h39.1L151.1 88h-42L364.4 421.8z\"\/><\/svg><\/i><\/a><a class=\"w-sharing-item linkedin\" href=\"https:\/\/www.linkedin.com\/shareArticle?mini=true&amp;url=https:\/\/2024.festivalenescu.ro\/ro\/wp-json\/wp\/v2\/pages\/3512\" title=\"Share this\" aria-label=\"Share this\" onclick=\"window.open(this.href, &quot;linkedin&quot;, &quot;toolbar=no,width=550,height=550&quot;); return false;\"><i class=\"fab fa-linkedin\"><\/i><\/a><a class=\"w-sharing-item whatsapp\" href=\"https:\/\/web.whatsapp.com\/send?text=15.09 &#8211; Recital Constantin Borodin \u0219i George Todic\u0103 https:\/\/2024.festivalenescu.ro\/ro\/wp-json\/wp\/v2\/pages\/3512\" title=\"Share this\" aria-label=\"Share this\" onclick=\"window.open(this.href, &quot;whatsapp&quot;, &quot;toolbar=0,width=900,height=500&quot;); return false;\"><i class=\"fab fa-whatsapp\"><\/i><\/a><a class=\"w-sharing-item reddit\" href=\"https:\/\/www.reddit.com\/submit?url=https:\/\/2024.festivalenescu.ro\/ro\/wp-json\/wp\/v2\/pages\/3512&amp;title=15.09 &#8211; Recital Constantin Borodin \u0219i George Todic\u0103\" title=\"Share this\" aria-label=\"Share this\" onclick=\"window.open(this.href, &quot;reddit&quot;, &quot;toolbar=no,width=900,height=500&quot;); return false;\"><i class=\"fab fa-reddit\"><\/i><\/a><a class=\"w-sharing-item telegram\" href=\"https:\/\/t.me\/share\/url?url=https:\/\/2024.festivalenescu.ro\/ro\/wp-json\/wp\/v2\/pages\/3512&amp;text=15.09 &#8211; Recital Constantin Borodin \u0219i George Todic\u0103\" title=\"Share this\" aria-label=\"Share this\" onclick=\"window.open(this.href, &quot;telegram&quot;, &quot;toolbar=no,width=600,height=450&quot;); return false;\"><i class=\"fab fa-telegram\"><\/i><\/a><\/div><\/div><div class=\"w-post-elm post_navigation layout_sided inv_false\"><a class=\"post_navigation-item order_first to_prev\" href=\"https:\/\/2024.festivalenescu.ro\/ro\/evenimente\/concerte-in-alte-orase\/1-09-recital-maria-marica-benjamin-kruithof-and-alexandra-segal\/\" title=\"1.09 &#8211; Recital MARIA MARICA, BENJAMIN KRUITHOF \u0219i ALEXANDRA SEGAL\"><div class=\"post_navigation-item-img\"><img loading=\"lazy\" decoding=\"async\" width=\"512\" height=\"512\" src=\"https:\/\/2024.festivalenescu.ro\/wp-content\/uploads\/2023\/11\/favicon.png\" class=\"g-placeholder\" alt=\"\" srcset=\"https:\/\/2024.festivalenescu.ro\/wp-content\/uploads\/2023\/11\/favicon.png 512w, https:\/\/2024.festivalenescu.ro\/wp-content\/uploads\/2023\/11\/favicon-200x200.png 200w, https:\/\/2024.festivalenescu.ro\/wp-content\/uploads\/2023\/11\/favicon-150x150.png 150w, https:\/\/2024.festivalenescu.ro\/wp-content\/uploads\/2023\/11\/favicon-400x400.png 400w, https:\/\/2024.festivalenescu.ro\/wp-content\/uploads\/2023\/11\/favicon-300x300.png 300w\" sizes=\"auto, (max-width: 512px) 100vw, 512px\" \/><\/div><div class=\"post_navigation-item-arrow\"><\/div><div class=\"post_navigation-item-title\"><span>1.09 &#8211; Recital MARIA MARICA, BENJAMIN KRUITHOF \u0219i ALEXANDRA SEGAL<\/span><\/div><\/a><a class=\"post_navigation-item order_second to_next\" href=\"https:\/\/2024.festivalenescu.ro\/ro\/evenimente\/evenimente-conexe\/31-08-27-09-wolfgang-vr-film-performance-by-gigi-caciuleanu\/\" title=\"31.08-27.09 &#8211; WOLFGANG \u2013 O INSTALA\u021aIE-PERFORMANCE FILMAT\u0102 \u00ceN VR, DE GIGI C\u0102CIULEANU\"><div class=\"post_navigation-item-img\"><img loading=\"lazy\" decoding=\"async\" width=\"512\" height=\"512\" src=\"https:\/\/2024.festivalenescu.ro\/wp-content\/uploads\/2023\/11\/favicon.png\" class=\"g-placeholder\" alt=\"\" srcset=\"https:\/\/2024.festivalenescu.ro\/wp-content\/uploads\/2023\/11\/favicon.png 512w, https:\/\/2024.festivalenescu.ro\/wp-content\/uploads\/2023\/11\/favicon-200x200.png 200w, https:\/\/2024.festivalenescu.ro\/wp-content\/uploads\/2023\/11\/favicon-150x150.png 150w, https:\/\/2024.festivalenescu.ro\/wp-content\/uploads\/2023\/11\/favicon-400x400.png 400w, https:\/\/2024.festivalenescu.ro\/wp-content\/uploads\/2023\/11\/favicon-300x300.png 300w\" sizes=\"auto, (max-width: 512px) 100vw, 512px\" \/><\/div><div class=\"post_navigation-item-arrow\"><\/div><div class=\"post_navigation-item-title\"><span>31.08-27.09 &#8211; WOLFGANG \u2013 O INSTALA\u021aIE-PERFORMANCE FILMAT\u0102 \u00ceN VR, DE GIGI C\u0102CIULEANU<\/span><\/div><\/a><\/div><\/div><\/div><\/div><\/div><\/div><\/section>\n","protected":false},"excerpt":{"rendered":"Constantin Borodin violoncel (laureat la Concursul Interna\u021bional George Enescu 2022) George Todic\u0103 pian (laureat la Concursul Interna\u021bional George Enescu 2022) Ludwig van Beethoven Sonata nr. 4 in do major pentru violoncel si pian George Enescu Nocturn\u0103 si Saltarello pentru violoncel \u0219i pian Robert Schumann Adagio \u015fi Allegro \u00een la bemol major pentru violoncel \u0219i pian...","protected":false},"author":4,"featured_media":0,"parent":3472,"menu_order":0,"comment_status":"closed","ping_status":"closed","template":"","meta":{"footnotes":""},"class_list":["post-3512","page","type-page","status-publish","hentry"],"_links":{"self":[{"href":"https:\/\/2024.festivalenescu.ro\/ro\/wp-json\/wp\/v2\/pages\/3512","targetHints":{"allow":["GET"]}}],"collection":[{"href":"https:\/\/2024.festivalenescu.ro\/ro\/wp-json\/wp\/v2\/pages"}],"about":[{"href":"https:\/\/2024.festivalenescu.ro\/ro\/wp-json\/wp\/v2\/types\/page"}],"author":[{"embeddable":true,"href":"https:\/\/2024.festivalenescu.ro\/ro\/wp-json\/wp\/v2\/users\/4"}],"replies":[{"embeddable":true,"href":"https:\/\/2024.festivalenescu.ro\/ro\/wp-json\/wp\/v2\/comments?post=3512"}],"version-history":[{"count":4,"href":"https:\/\/2024.festivalenescu.ro\/ro\/wp-json\/wp\/v2\/pages\/3512\/revisions"}],"predecessor-version":[{"id":3896,"href":"https:\/\/2024.festivalenescu.ro\/ro\/wp-json\/wp\/v2\/pages\/3512\/revisions\/3896"}],"up":[{"embeddable":true,"href":"https:\/\/2024.festivalenescu.ro\/ro\/wp-json\/wp\/v2\/pages\/3472"}],"wp:attachment":[{"href":"https:\/\/2024.festivalenescu.ro\/ro\/wp-json\/wp\/v2\/media?parent=3512"}],"curies":[{"name":"wp","href":"https:\/\/api.w.org\/{rel}","templated":true}]}}