{"id":3521,"date":"2024-08-19T19:29:26","date_gmt":"2024-08-19T16:29:26","guid":{"rendered":"https:\/\/concurs.festivalenescu.ro\/evenimente\/evenimente-conexe\/31-08-27-09-wolfgang-vr-film-performance-by-gigi-caciuleanu\/"},"modified":"2024-09-15T21:06:52","modified_gmt":"2024-09-15T18:06:52","slug":"31-08-27-09-wolfgang-vr-film-performance-by-gigi-caciuleanu","status":"publish","type":"page","link":"https:\/\/2024.festivalenescu.ro\/ro\/evenimente\/evenimente-conexe\/31-08-27-09-wolfgang-vr-film-performance-by-gigi-caciuleanu\/","title":{"rendered":"31.08-27.09 &#8211; WOLFGANG \u2013 O INSTALA\u021aIE-PERFORMANCE FILMAT\u0102 \u00ceN VR, DE GIGI C\u0102CIULEANU"},"content":{"rendered":"<section class=\"l-section wpb_row height_medium\"><div class=\"l-section-h i-cf\"><div class=\"g-cols vc_row via_flex valign_top type_default stacking_default\"><div class=\"vc_col-sm-6 wpb_column vc_column_container\"><div class=\"vc_column-inner\"><div class=\"wpb_wrapper\"><div class=\"wpb_text_column\"><div class=\"wpb_wrapper\"><p>Proiect prezentat \u00een zilele cu recitaluri \u0219i concerte: 31.08, 4.09, 6.09, 10.09, 13.09, 15.09, 16.09, 19.09, 21.09, 22.09, 27.09<\/p>\n<p><strong>\u00a0<\/strong><br \/>\n<strong>Funda\u021bia Art Production cu sprijinul JTI <\/strong>produc\u0103tori<br \/>\n<strong>Gigi C\u0103ciuleanu <\/strong>idee, regie, coregrafie<br \/>\n<strong>Wolfgang Amadeus Mozart <\/strong>muzica<br \/>\n<strong>Corina Boboc-Giorgescu <\/strong>design spa\u021biu\/costume<br \/>\n<strong>Sic\u0103 Gr\u0103di\u0219teanu <\/strong>light designer<br \/>\n<strong>Les Ateliers NOMAD <\/strong>post-produc\u021bie 360VR<br \/>\nCamera 360: <strong>24ore7zile<\/strong><\/p>\n<p><strong>Lelia Marcu-Vladu<\/strong> Regina Nop\u021bii<br \/>\n<strong>Lari Giorgescu<\/strong> Vis\u0103torul<br \/>\n<strong>Ana Iacob<\/strong> ArlecchinA<br \/>\n<strong>Bogdan Iacob<\/strong> ColombinO<\/p>\n<\/div><\/div><div class=\"w-separator size_small\"><\/div><div class=\"wpb_text_column\"><div class=\"wpb_wrapper\"><p>Concept:<\/p>\n<p><em>Patru personaje evolueaz\u0103 \u00eentr-un spa\u021biu mozartian atemporal:<\/em><\/p>\n<ul>\n<li><em>Wolfgang \u2013 vis\u0103torul tr\u0103ind printre n\u0103luciri \u0219i teatrale fantome&#8230;<\/em><\/li>\n<li><em>ColombinO &amp; ArlecchinA \u2013 o parafraz\u0103 a celebrului cuplu de commedia dell&#8217;arte care se nutre\u0219te de certuri \u0219i \u00eemp\u0103c\u0103ri amoroase&#8230;<\/em><\/li>\n<li><em>Regina Nop\u021bii \u2013 eterna div\u0103 mozartian\u0103&#8230;<\/em><\/li>\n<\/ul>\n<p><em>Cine viseaz\u0103 pe cine? Toate permut\u0103rile sunt nu numai posibile, dar \u0219i dorite&#8230; F\u0103r\u0103 cuvinte&#8230; Numai muzica vorbe\u0219te ca s\u0103 \u00een\u0219ire fiec\u0103ruia a sa poveste&#8230;<\/em><\/p>\n<\/div><\/div><div class=\"w-separator size_medium\"><\/div><div class=\"wpb_text_column\"><div class=\"wpb_wrapper\"><p>Data: <strong>31 August-27 Septembrie 2024<\/strong><\/p>\n<p>Locul: <strong>Foaierul Ateneului Rom\u00e2n<\/strong><\/p>\n<\/div><\/div><div class=\"w-separator size_medium\"><\/div><\/div><\/div><\/div><div class=\"vc_col-sm-6 wpb_column vc_column_container\"><div class=\"vc_column-inner\"><div class=\"wpb_wrapper\"><div class=\"w-image align_none\"><div class=\"w-image-h\"><img loading=\"lazy\" decoding=\"async\" width=\"721\" height=\"1075\" src=\"https:\/\/2024.festivalenescu.ro\/wp-content\/uploads\/2024\/04\/George-Enescu-Competition-60x90-preview.jpg\" class=\"attachment-full size-full\" alt=\"\" srcset=\"https:\/\/2024.festivalenescu.ro\/wp-content\/uploads\/2024\/04\/George-Enescu-Competition-60x90-preview.jpg 721w, https:\/\/2024.festivalenescu.ro\/wp-content\/uploads\/2024\/04\/George-Enescu-Competition-60x90-preview-604x900.jpg 604w\" sizes=\"auto, (max-width: 721px) 100vw, 721px\" \/><\/div><\/div><\/div><\/div><\/div><\/div><\/div><\/section><section class=\"l-section wpb_row height_medium\"><div class=\"l-section-h i-cf\"><div class=\"g-cols vc_row via_flex valign_top type_default stacking_default\"><div class=\"vc_col-sm-12 wpb_column vc_column_container\"><div class=\"vc_column-inner\"><div class=\"wpb_wrapper\"><div class=\"wpb_text_column\"><div class=\"wpb_wrapper\"><p>Share:<\/p>\n<\/div><\/div><div class=\"w-sharing type_simple align_none color_default\"><div class=\"w-sharing-list\" data-content-image=\"true\"><a class=\"w-sharing-item email\" href=\"mailto:?subject=31.08-27.09 &#8211; WOLFGANG \u2013 O INSTALA\u021aIE-PERFORMANCE FILMAT\u0102 \u00ceN VR, DE GIGI C\u0102CIULEANU&amp;body=https:\/\/2024.festivalenescu.ro\/ro\/wp-json\/wp\/v2\/pages\/3521\" title=\"Email this\" aria-label=\"Email this\"><i class=\"fas fa-envelope\"><\/i><\/a><a class=\"w-sharing-item facebook\" href=\"https:\/\/www.facebook.com\/sharer\/sharer.php?u=https:\/\/2024.festivalenescu.ro\/ro\/wp-json\/wp\/v2\/pages\/3521&amp;quote=31.08-27.09 &#8211; WOLFGANG \u2013 O INSTALA\u021aIE-PERFORMANCE FILMAT\u0102 \u00ceN VR, DE GIGI C\u0102CIULEANU\" title=\"Share this\" aria-label=\"Share this\" onclick=\"window.open(this.href, &quot;facebook&quot;, &quot;toolbar=0,width=900,height=500&quot;); return false;\"><i class=\"fab fa-facebook\"><\/i><\/a><a class=\"w-sharing-item twitter\" href=\"https:\/\/twitter.com\/intent\/tweet?text=31.08-27.09 &#8211; WOLFGANG \u2013 O INSTALA\u021aIE-PERFORMANCE FILMAT\u0102 \u00ceN VR, DE GIGI C\u0102CIULEANU&amp;url=https:\/\/2024.festivalenescu.ro\/ro\/wp-json\/wp\/v2\/pages\/3521\" title=\"Tweet this\" aria-label=\"Tweet this\" onclick=\"window.open(this.href, &quot;twitter&quot;, &quot;toolbar=0,width=650,height=360&quot;); return false;\"><i class=\"fab fa-x-twitter\"><svg style=\"width:1em; margin-bottom:-.1em;\" xmlns=\"http:\/\/www.w3.org\/2000\/svg\" viewBox=\"0 0 512 512\"><path fill=\"currentColor\" d=\"M389.2 48h70.6L305.6 224.2 487 464H345L233.7 318.6 106.5 464H35.8L200.7 275.5 26.8 48H172.4L272.9 180.9 389.2 48zM364.4 421.8h39.1L151.1 88h-42L364.4 421.8z\"\/><\/svg><\/i><\/a><a class=\"w-sharing-item linkedin\" href=\"https:\/\/www.linkedin.com\/shareArticle?mini=true&amp;url=https:\/\/2024.festivalenescu.ro\/ro\/wp-json\/wp\/v2\/pages\/3521\" title=\"Share this\" aria-label=\"Share this\" onclick=\"window.open(this.href, &quot;linkedin&quot;, &quot;toolbar=no,width=550,height=550&quot;); return false;\"><i class=\"fab fa-linkedin\"><\/i><\/a><a class=\"w-sharing-item whatsapp\" href=\"https:\/\/web.whatsapp.com\/send?text=31.08-27.09 &#8211; WOLFGANG \u2013 O INSTALA\u021aIE-PERFORMANCE FILMAT\u0102 \u00ceN VR, DE GIGI C\u0102CIULEANU https:\/\/2024.festivalenescu.ro\/ro\/wp-json\/wp\/v2\/pages\/3521\" title=\"Share this\" aria-label=\"Share this\" onclick=\"window.open(this.href, &quot;whatsapp&quot;, &quot;toolbar=0,width=900,height=500&quot;); return false;\"><i class=\"fab fa-whatsapp\"><\/i><\/a><a class=\"w-sharing-item reddit\" href=\"https:\/\/www.reddit.com\/submit?url=https:\/\/2024.festivalenescu.ro\/ro\/wp-json\/wp\/v2\/pages\/3521&amp;title=31.08-27.09 &#8211; WOLFGANG \u2013 O INSTALA\u021aIE-PERFORMANCE FILMAT\u0102 \u00ceN VR, DE GIGI C\u0102CIULEANU\" title=\"Share this\" aria-label=\"Share this\" onclick=\"window.open(this.href, &quot;reddit&quot;, &quot;toolbar=no,width=900,height=500&quot;); return false;\"><i class=\"fab fa-reddit\"><\/i><\/a><a class=\"w-sharing-item telegram\" href=\"https:\/\/t.me\/share\/url?url=https:\/\/2024.festivalenescu.ro\/ro\/wp-json\/wp\/v2\/pages\/3521&amp;text=31.08-27.09 &#8211; WOLFGANG \u2013 O INSTALA\u021aIE-PERFORMANCE FILMAT\u0102 \u00ceN VR, DE GIGI C\u0102CIULEANU\" title=\"Share this\" aria-label=\"Share this\" onclick=\"window.open(this.href, &quot;telegram&quot;, &quot;toolbar=no,width=600,height=450&quot;); return false;\"><i class=\"fab fa-telegram\"><\/i><\/a><\/div><\/div><div class=\"w-post-elm post_navigation layout_sided inv_false\"><a class=\"post_navigation-item order_first to_prev\" href=\"https:\/\/2024.festivalenescu.ro\/ro\/evenimente\/concerte-in-alte-orase\/15-09-recital-constantin-borodin-and-george-todica\/\" title=\"15.09 &#8211; Recital Constantin Borodin \u0219i George Todic\u0103\"><div class=\"post_navigation-item-img\"><img loading=\"lazy\" decoding=\"async\" width=\"512\" height=\"512\" src=\"https:\/\/2024.festivalenescu.ro\/wp-content\/uploads\/2023\/11\/favicon.png\" class=\"g-placeholder\" alt=\"\" srcset=\"https:\/\/2024.festivalenescu.ro\/wp-content\/uploads\/2023\/11\/favicon.png 512w, https:\/\/2024.festivalenescu.ro\/wp-content\/uploads\/2023\/11\/favicon-200x200.png 200w, https:\/\/2024.festivalenescu.ro\/wp-content\/uploads\/2023\/11\/favicon-150x150.png 150w, https:\/\/2024.festivalenescu.ro\/wp-content\/uploads\/2023\/11\/favicon-400x400.png 400w, https:\/\/2024.festivalenescu.ro\/wp-content\/uploads\/2023\/11\/favicon-300x300.png 300w\" sizes=\"auto, (max-width: 512px) 100vw, 512px\" \/><\/div><div class=\"post_navigation-item-arrow\"><\/div><div class=\"post_navigation-item-title\"><span>15.09 &#8211; Recital Constantin Borodin \u0219i George Todic\u0103<\/span><\/div><\/a><a class=\"post_navigation-item order_second to_next\" href=\"https:\/\/2024.festivalenescu.ro\/ro\/evenimente\/evenimente-conexe\/9-29-09-exhibition-george-enescu-international-competition-retrospective-plaza\/\" title=\"9-29.09 &#8211; Expozi\u021bie Retrospectiva Concursului Interna\u021bional George Enescu (Plaza Rom\u00e2nia)\"><div class=\"post_navigation-item-img\"><img loading=\"lazy\" decoding=\"async\" width=\"512\" height=\"512\" src=\"https:\/\/2024.festivalenescu.ro\/wp-content\/uploads\/2023\/11\/favicon.png\" class=\"g-placeholder\" alt=\"\" srcset=\"https:\/\/2024.festivalenescu.ro\/wp-content\/uploads\/2023\/11\/favicon.png 512w, https:\/\/2024.festivalenescu.ro\/wp-content\/uploads\/2023\/11\/favicon-200x200.png 200w, https:\/\/2024.festivalenescu.ro\/wp-content\/uploads\/2023\/11\/favicon-150x150.png 150w, https:\/\/2024.festivalenescu.ro\/wp-content\/uploads\/2023\/11\/favicon-400x400.png 400w, https:\/\/2024.festivalenescu.ro\/wp-content\/uploads\/2023\/11\/favicon-300x300.png 300w\" sizes=\"auto, (max-width: 512px) 100vw, 512px\" \/><\/div><div class=\"post_navigation-item-arrow\"><\/div><div class=\"post_navigation-item-title\"><span>9-29.09 &#8211; Expozi\u021bie Retrospectiva Concursului Interna\u021bional George Enescu (Plaza Rom\u00e2nia)<\/span><\/div><\/a><\/div><\/div><\/div><\/div><\/div><\/div><\/section>\n","protected":false},"excerpt":{"rendered":"Proiect prezentat \u00een zilele cu recitaluri \u0219i concerte: 31.08, 4.09, 6.09, 10.09, 13.09, 15.09, 16.09, 19.09, 21.09, 22.09, 27.09 \u00a0 Funda\u021bia Art Production cu sprijinul JTI produc\u0103tori Gigi C\u0103ciuleanu idee, regie, coregrafie Wolfgang Amadeus Mozart muzica Corina Boboc-Giorgescu design spa\u021biu\/costume Sic\u0103 Gr\u0103di\u0219teanu light designer Les Ateliers NOMAD post-produc\u021bie 360VR Camera 360: 24ore7zile Lelia Marcu-Vladu Regina...","protected":false},"author":4,"featured_media":0,"parent":3474,"menu_order":0,"comment_status":"closed","ping_status":"closed","template":"","meta":{"footnotes":""},"class_list":["post-3521","page","type-page","status-publish","hentry"],"_links":{"self":[{"href":"https:\/\/2024.festivalenescu.ro\/ro\/wp-json\/wp\/v2\/pages\/3521","targetHints":{"allow":["GET"]}}],"collection":[{"href":"https:\/\/2024.festivalenescu.ro\/ro\/wp-json\/wp\/v2\/pages"}],"about":[{"href":"https:\/\/2024.festivalenescu.ro\/ro\/wp-json\/wp\/v2\/types\/page"}],"author":[{"embeddable":true,"href":"https:\/\/2024.festivalenescu.ro\/ro\/wp-json\/wp\/v2\/users\/4"}],"replies":[{"embeddable":true,"href":"https:\/\/2024.festivalenescu.ro\/ro\/wp-json\/wp\/v2\/comments?post=3521"}],"version-history":[{"count":3,"href":"https:\/\/2024.festivalenescu.ro\/ro\/wp-json\/wp\/v2\/pages\/3521\/revisions"}],"predecessor-version":[{"id":5905,"href":"https:\/\/2024.festivalenescu.ro\/ro\/wp-json\/wp\/v2\/pages\/3521\/revisions\/5905"}],"up":[{"embeddable":true,"href":"https:\/\/2024.festivalenescu.ro\/ro\/wp-json\/wp\/v2\/pages\/3474"}],"wp:attachment":[{"href":"https:\/\/2024.festivalenescu.ro\/ro\/wp-json\/wp\/v2\/media?parent=3521"}],"curies":[{"name":"wp","href":"https:\/\/api.w.org\/{rel}","templated":true}]}}