{"id":3628,"date":"2024-08-19T20:34:02","date_gmt":"2024-08-19T17:34:02","guid":{"rendered":"https:\/\/concurs.festivalenescu.ro\/evenimente\/evenimente-conexe\/8-09-lied-recital-george-enescu-and-contemporary-composers\/"},"modified":"2024-08-23T11:56:24","modified_gmt":"2024-08-23T08:56:24","slug":"8-09-lied-recital-george-enescu-and-contemporary-composers","status":"publish","type":"page","link":"https:\/\/2024.festivalenescu.ro\/ro\/evenimente\/evenimente-conexe\/8-09-lied-recital-george-enescu-and-contemporary-composers\/","title":{"rendered":"8.09 &#8211; Recital de lieduri George Enescu \u0219i compozitori contemporani"},"content":{"rendered":"<section class=\"l-section wpb_row height_medium\"><div class=\"l-section-h i-cf\"><div class=\"g-cols vc_row via_flex valign_top type_default stacking_default\"><div class=\"vc_col-sm-6 wpb_column vc_column_container\"><div class=\"vc_column-inner\"><div class=\"wpb_wrapper\"><div class=\"wpb_text_column\"><div class=\"wpb_wrapper\"><p><strong>MUZEUL ENESCU \u00ceN TIMPUL CONCURSULUI INTERNA\u021aIONAL GEORGE ENESCU<\/strong><br \/>\nRecital de lieduri <em>George Enescu \u0219i compozitori contemporani<\/em><\/p>\n<p><strong>OLGA MURARIU-CAIA<\/strong> sopran\u0103<br \/>\n<strong>CLAUDIA CAIA<\/strong> mezzosopran\u0103<br \/>\n<strong>ANDREI T\u0102N\u0102SESCU<\/strong> pian<\/p>\n<\/div><\/div><div class=\"w-separator size_small\"><\/div><div class=\"wpb_text_column\"><div class=\"wpb_wrapper\"><p><strong>George Enescu<\/strong> <em>\u0218apte c\u00e2ntece pe versuri de Cl\u00e9ment Marot <\/em>op.15<br \/>\n<strong>Andrei T\u0103n\u0103sescu<\/strong> Trei c\u00e2ntece pentru voce \u0219i pian pe versuri de Ana T\u0103n\u0103sescu<br \/>\n<strong>Sorin Lerescu<\/strong> Trei lieduri pentru mezzosopran\u0103 \u0219i pian din ciclul <em>O or\u0103 de iubire<\/em><br \/>\n<strong>Roman Vlad<\/strong> <em>Metamorfoz\u0103<\/em>, lied pentru sopran\u0103 \u0219i pian<br \/>\n<strong>Carmen Maria C\u00e2rneci<\/strong> <em>TraumLieder<\/em> pentru mezzosopran\u0103 \u0219i pian<br \/>\n<strong>George Enescu<\/strong> <em>Dir Kirschen<\/em> pentru sopran\u0103, mezzosopran\u0103 \u0219i pian<\/p>\n<\/div><\/div><div class=\"w-separator size_medium\"><\/div><div class=\"wpb_text_column\"><div class=\"wpb_wrapper\"><p>Data: <strong>Duminic\u0103, 8 septembrie <\/strong><strong>2024<\/strong><\/p>\n<p>Ora: <strong>12.00\u00a0<\/strong><\/p>\n<p>Locul: <strong>Casa Memorial\u0103 George Enescu<\/strong><strong>, Sinaia<\/strong><\/p>\n<\/div><\/div><div class=\"w-separator size_medium\"><\/div><\/div><\/div><\/div><div class=\"vc_col-sm-6 wpb_column vc_column_container\"><div class=\"vc_column-inner\"><div class=\"wpb_wrapper\"><div class=\"w-image align_none\"><div class=\"w-image-h\"><img loading=\"lazy\" decoding=\"async\" width=\"721\" height=\"1075\" src=\"https:\/\/2024.festivalenescu.ro\/wp-content\/uploads\/2024\/04\/George-Enescu-Competition-60x90-preview.jpg\" class=\"attachment-full size-full\" alt=\"\" srcset=\"https:\/\/2024.festivalenescu.ro\/wp-content\/uploads\/2024\/04\/George-Enescu-Competition-60x90-preview.jpg 721w, https:\/\/2024.festivalenescu.ro\/wp-content\/uploads\/2024\/04\/George-Enescu-Competition-60x90-preview-604x900.jpg 604w\" sizes=\"auto, (max-width: 721px) 100vw, 721px\" \/><\/div><\/div><\/div><\/div><\/div><\/div><\/div><\/section><section class=\"l-section wpb_row height_medium\"><div class=\"l-section-h i-cf\"><div class=\"g-cols vc_row via_flex valign_top type_default stacking_default\"><div class=\"vc_col-sm-12 wpb_column vc_column_container\"><div class=\"vc_column-inner\"><div class=\"wpb_wrapper\"><div class=\"wpb_text_column\"><div class=\"wpb_wrapper\"><p>Share:<\/p>\n<\/div><\/div><div class=\"w-sharing type_simple align_none color_default\"><div class=\"w-sharing-list\" data-content-image=\"true\"><a class=\"w-sharing-item email\" href=\"mailto:?subject=8.09 &#8211; Recital de lieduri George Enescu \u0219i compozitori contemporani&amp;body=https:\/\/2024.festivalenescu.ro\/ro\/wp-json\/wp\/v2\/pages\/3628\" title=\"Email this\" aria-label=\"Email this\"><i class=\"fas fa-envelope\"><\/i><\/a><a class=\"w-sharing-item facebook\" href=\"https:\/\/www.facebook.com\/sharer\/sharer.php?u=https:\/\/2024.festivalenescu.ro\/ro\/wp-json\/wp\/v2\/pages\/3628&amp;quote=8.09 &#8211; Recital de lieduri George Enescu \u0219i compozitori contemporani\" title=\"Share this\" aria-label=\"Share this\" onclick=\"window.open(this.href, &quot;facebook&quot;, &quot;toolbar=0,width=900,height=500&quot;); return false;\"><i class=\"fab fa-facebook\"><\/i><\/a><a class=\"w-sharing-item twitter\" href=\"https:\/\/twitter.com\/intent\/tweet?text=8.09 &#8211; Recital de lieduri George Enescu \u0219i compozitori contemporani&amp;url=https:\/\/2024.festivalenescu.ro\/ro\/wp-json\/wp\/v2\/pages\/3628\" title=\"Tweet this\" aria-label=\"Tweet this\" onclick=\"window.open(this.href, &quot;twitter&quot;, &quot;toolbar=0,width=650,height=360&quot;); return false;\"><i class=\"fab fa-x-twitter\"><svg style=\"width:1em; margin-bottom:-.1em;\" xmlns=\"http:\/\/www.w3.org\/2000\/svg\" viewBox=\"0 0 512 512\"><path fill=\"currentColor\" d=\"M389.2 48h70.6L305.6 224.2 487 464H345L233.7 318.6 106.5 464H35.8L200.7 275.5 26.8 48H172.4L272.9 180.9 389.2 48zM364.4 421.8h39.1L151.1 88h-42L364.4 421.8z\"\/><\/svg><\/i><\/a><a class=\"w-sharing-item linkedin\" href=\"https:\/\/www.linkedin.com\/shareArticle?mini=true&amp;url=https:\/\/2024.festivalenescu.ro\/ro\/wp-json\/wp\/v2\/pages\/3628\" title=\"Share this\" aria-label=\"Share this\" onclick=\"window.open(this.href, &quot;linkedin&quot;, &quot;toolbar=no,width=550,height=550&quot;); return false;\"><i class=\"fab fa-linkedin\"><\/i><\/a><a class=\"w-sharing-item whatsapp\" href=\"https:\/\/web.whatsapp.com\/send?text=8.09 &#8211; Recital de lieduri George Enescu \u0219i compozitori contemporani https:\/\/2024.festivalenescu.ro\/ro\/wp-json\/wp\/v2\/pages\/3628\" title=\"Share this\" aria-label=\"Share this\" onclick=\"window.open(this.href, &quot;whatsapp&quot;, &quot;toolbar=0,width=900,height=500&quot;); return false;\"><i class=\"fab fa-whatsapp\"><\/i><\/a><a class=\"w-sharing-item reddit\" href=\"https:\/\/www.reddit.com\/submit?url=https:\/\/2024.festivalenescu.ro\/ro\/wp-json\/wp\/v2\/pages\/3628&amp;title=8.09 &#8211; Recital de lieduri George Enescu \u0219i compozitori contemporani\" title=\"Share this\" aria-label=\"Share this\" onclick=\"window.open(this.href, &quot;reddit&quot;, &quot;toolbar=no,width=900,height=500&quot;); return false;\"><i class=\"fab fa-reddit\"><\/i><\/a><a class=\"w-sharing-item telegram\" href=\"https:\/\/t.me\/share\/url?url=https:\/\/2024.festivalenescu.ro\/ro\/wp-json\/wp\/v2\/pages\/3628&amp;text=8.09 &#8211; Recital de lieduri George Enescu \u0219i compozitori contemporani\" title=\"Share this\" aria-label=\"Share this\" onclick=\"window.open(this.href, &quot;telegram&quot;, &quot;toolbar=no,width=600,height=450&quot;); return false;\"><i class=\"fab fa-telegram\"><\/i><\/a><\/div><\/div><div class=\"w-post-elm post_navigation layout_sided inv_false\"><a class=\"post_navigation-item order_first to_prev\" href=\"https:\/\/2024.festivalenescu.ro\/ro\/evenimente\/evenimente-conexe\/15-30-09-exhibition-history-of-a-masterpiece-oedipe-opera-by-george-enescu\/\" title=\"15-30.09 &#8211; Expozi\u021bie Istoria unei capodopere: opera \u201eOedipe\u201d de George Enescu\"><div class=\"post_navigation-item-img\"><img loading=\"lazy\" decoding=\"async\" width=\"512\" height=\"512\" src=\"https:\/\/2024.festivalenescu.ro\/wp-content\/uploads\/2023\/11\/favicon.png\" class=\"g-placeholder\" alt=\"\" srcset=\"https:\/\/2024.festivalenescu.ro\/wp-content\/uploads\/2023\/11\/favicon.png 512w, https:\/\/2024.festivalenescu.ro\/wp-content\/uploads\/2023\/11\/favicon-200x200.png 200w, https:\/\/2024.festivalenescu.ro\/wp-content\/uploads\/2023\/11\/favicon-150x150.png 150w, https:\/\/2024.festivalenescu.ro\/wp-content\/uploads\/2023\/11\/favicon-400x400.png 400w, https:\/\/2024.festivalenescu.ro\/wp-content\/uploads\/2023\/11\/favicon-300x300.png 300w\" sizes=\"auto, (max-width: 512px) 100vw, 512px\" \/><\/div><div class=\"post_navigation-item-arrow\"><\/div><div class=\"post_navigation-item-title\"><span>15-30.09 &#8211; Expozi\u021bie Istoria unei capodopere: opera \u201eOedipe\u201d de George Enescu<\/span><\/div><\/a><a class=\"post_navigation-item order_second to_next\" href=\"https:\/\/2024.festivalenescu.ro\/ro\/evenimente\/evenimente-conexe\/15-09-chamber-concert-enescus-sounds\/\" title=\"15.09 &#8211; Concert cameral Sonorit\u0103\u021bi enesciene\"><div class=\"post_navigation-item-img\"><img loading=\"lazy\" decoding=\"async\" width=\"512\" height=\"512\" src=\"https:\/\/2024.festivalenescu.ro\/wp-content\/uploads\/2023\/11\/favicon.png\" class=\"g-placeholder\" alt=\"\" srcset=\"https:\/\/2024.festivalenescu.ro\/wp-content\/uploads\/2023\/11\/favicon.png 512w, https:\/\/2024.festivalenescu.ro\/wp-content\/uploads\/2023\/11\/favicon-200x200.png 200w, https:\/\/2024.festivalenescu.ro\/wp-content\/uploads\/2023\/11\/favicon-150x150.png 150w, https:\/\/2024.festivalenescu.ro\/wp-content\/uploads\/2023\/11\/favicon-400x400.png 400w, https:\/\/2024.festivalenescu.ro\/wp-content\/uploads\/2023\/11\/favicon-300x300.png 300w\" sizes=\"auto, (max-width: 512px) 100vw, 512px\" \/><\/div><div class=\"post_navigation-item-arrow\"><\/div><div class=\"post_navigation-item-title\"><span>15.09 &#8211; Concert cameral Sonorit\u0103\u021bi enesciene<\/span><\/div><\/a><\/div><\/div><\/div><\/div><\/div><\/div><\/section>\n","protected":false},"excerpt":{"rendered":"MUZEUL ENESCU \u00ceN TIMPUL CONCURSULUI INTERNA\u021aIONAL GEORGE ENESCU Recital de lieduri George Enescu \u0219i compozitori contemporani OLGA MURARIU-CAIA sopran\u0103 CLAUDIA CAIA mezzosopran\u0103 ANDREI T\u0102N\u0102SESCU pian George Enescu \u0218apte c\u00e2ntece pe versuri de Cl\u00e9ment Marot op.15 Andrei T\u0103n\u0103sescu Trei c\u00e2ntece pentru voce \u0219i pian pe versuri de Ana T\u0103n\u0103sescu Sorin Lerescu Trei lieduri pentru mezzosopran\u0103 \u0219i...","protected":false},"author":4,"featured_media":0,"parent":3474,"menu_order":0,"comment_status":"closed","ping_status":"closed","template":"","meta":{"footnotes":""},"class_list":["post-3628","page","type-page","status-publish","hentry"],"_links":{"self":[{"href":"https:\/\/2024.festivalenescu.ro\/ro\/wp-json\/wp\/v2\/pages\/3628","targetHints":{"allow":["GET"]}}],"collection":[{"href":"https:\/\/2024.festivalenescu.ro\/ro\/wp-json\/wp\/v2\/pages"}],"about":[{"href":"https:\/\/2024.festivalenescu.ro\/ro\/wp-json\/wp\/v2\/types\/page"}],"author":[{"embeddable":true,"href":"https:\/\/2024.festivalenescu.ro\/ro\/wp-json\/wp\/v2\/users\/4"}],"replies":[{"embeddable":true,"href":"https:\/\/2024.festivalenescu.ro\/ro\/wp-json\/wp\/v2\/comments?post=3628"}],"version-history":[{"count":2,"href":"https:\/\/2024.festivalenescu.ro\/ro\/wp-json\/wp\/v2\/pages\/3628\/revisions"}],"predecessor-version":[{"id":3818,"href":"https:\/\/2024.festivalenescu.ro\/ro\/wp-json\/wp\/v2\/pages\/3628\/revisions\/3818"}],"up":[{"embeddable":true,"href":"https:\/\/2024.festivalenescu.ro\/ro\/wp-json\/wp\/v2\/pages\/3474"}],"wp:attachment":[{"href":"https:\/\/2024.festivalenescu.ro\/ro\/wp-json\/wp\/v2\/media?parent=3628"}],"curies":[{"name":"wp","href":"https:\/\/api.w.org\/{rel}","templated":true}]}}