{"id":3738,"date":"2024-08-22T19:20:20","date_gmt":"2024-08-22T16:20:20","guid":{"rendered":"https:\/\/concurs.festivalenescu.ro\/evenimente\/concerte-in-alte-orase\/21-09-recital-daria-parkhomenko\/"},"modified":"2024-08-26T12:07:32","modified_gmt":"2024-08-26T09:07:32","slug":"21-09-recital-daria-parkhomenko","status":"publish","type":"page","link":"https:\/\/2024.festivalenescu.ro\/ro\/evenimente\/concerte-in-alte-orase\/21-09-recital-daria-parkhomenko\/","title":{"rendered":"21.09 &#8211; Recital Daria Parkhomenko"},"content":{"rendered":"<section class=\"l-section wpb_row height_medium\"><div class=\"l-section-h i-cf\"><div class=\"g-cols vc_row via_flex valign_top type_default stacking_default\"><div class=\"vc_col-sm-6 wpb_column vc_column_container\"><div class=\"vc_column-inner\"><div class=\"wpb_wrapper\"><div class=\"wpb_text_column\"><div class=\"wpb_wrapper\"><p>Recital <strong>Daria Parkhomenko<\/strong> pian (c\u00e2\u0219tig\u0103toarea Concursului Interna\u021bional George Enescu 2018)<\/p>\n<\/div><\/div><div class=\"w-separator size_small\"><\/div><div class=\"wpb_text_column\"><div class=\"wpb_wrapper\"><p><strong>Gabriel Faur\u00e9 <\/strong>3 nocturne op. 3<br \/>\n<strong>George Enescu<\/strong> Suita pentru pian op. 10 nr. 2<br \/>\n<strong>Serghei Rahmaninov<\/strong> 9 studii-tablouri op. 39<\/p>\n<\/div><\/div><div class=\"w-separator size_medium\"><\/div><div class=\"wpb_text_column\"><div class=\"wpb_wrapper\"><p>Data: <strong>S\u00e2mb\u0103t\u0103, 21 septembrie 2024<\/strong><\/p>\n<p>Ora: <strong>19:00<\/strong><\/p>\n<p>Locul: <strong>Sala Thalia, Sibiu<\/strong><\/p>\n<\/div><\/div><div class=\"w-separator size_medium\"><\/div><\/div><\/div><\/div><div class=\"vc_col-sm-6 wpb_column vc_column_container\"><div class=\"vc_column-inner\"><div class=\"wpb_wrapper\"><div class=\"w-image align_none\"><a href=\"https:\/\/www.facebook.com\/events\/1009383524196900\" aria-label=\"00000286076-efc6-800x800-n-a3cc2031\" class=\"w-image-h\"><img loading=\"lazy\" decoding=\"async\" width=\"533\" height=\"800\" src=\"https:\/\/2024.festivalenescu.ro\/wp-content\/uploads\/2024\/08\/00000286076-efc6-800x800-n-a3cc2031.jpg\" class=\"attachment-full size-full\" alt=\"\" srcset=\"https:\/\/2024.festivalenescu.ro\/wp-content\/uploads\/2024\/08\/00000286076-efc6-800x800-n-a3cc2031.jpg 533w, https:\/\/2024.festivalenescu.ro\/wp-content\/uploads\/2024\/08\/00000286076-efc6-800x800-n-a3cc2031-133x200.jpg 133w, https:\/\/2024.festivalenescu.ro\/wp-content\/uploads\/2024\/08\/00000286076-efc6-800x800-n-a3cc2031-100x150.jpg 100w, https:\/\/2024.festivalenescu.ro\/wp-content\/uploads\/2024\/08\/00000286076-efc6-800x800-n-a3cc2031-267x400.jpg 267w, https:\/\/2024.festivalenescu.ro\/wp-content\/uploads\/2024\/08\/00000286076-efc6-800x800-n-a3cc2031-200x300.jpg 200w\" sizes=\"auto, (max-width: 533px) 100vw, 533px\" \/><\/a><\/div><\/div><\/div><\/div><\/div><\/div><\/section><section class=\"l-section wpb_row height_medium\"><div class=\"l-section-h i-cf\"><div class=\"g-cols vc_row via_flex valign_top type_default stacking_default\"><div class=\"vc_col-sm-12 wpb_column vc_column_container\"><div class=\"vc_column-inner\"><div class=\"wpb_wrapper\"><div class=\"wpb_text_column\"><div class=\"wpb_wrapper\"><p>Share:<\/p>\n<\/div><\/div><div class=\"w-sharing type_simple align_none color_default\"><div class=\"w-sharing-list\" data-content-image=\"true\"><a class=\"w-sharing-item email\" href=\"mailto:?subject=21.09 &#8211; Recital Daria Parkhomenko&amp;body=https:\/\/2024.festivalenescu.ro\/ro\/wp-json\/wp\/v2\/pages\/3738\" title=\"Email this\" aria-label=\"Email this\"><i class=\"fas fa-envelope\"><\/i><\/a><a class=\"w-sharing-item facebook\" href=\"https:\/\/www.facebook.com\/sharer\/sharer.php?u=https:\/\/2024.festivalenescu.ro\/ro\/wp-json\/wp\/v2\/pages\/3738&amp;quote=21.09 &#8211; Recital Daria Parkhomenko\" title=\"Share this\" aria-label=\"Share this\" onclick=\"window.open(this.href, &quot;facebook&quot;, &quot;toolbar=0,width=900,height=500&quot;); return false;\"><i class=\"fab fa-facebook\"><\/i><\/a><a class=\"w-sharing-item twitter\" href=\"https:\/\/twitter.com\/intent\/tweet?text=21.09 &#8211; Recital Daria Parkhomenko&amp;url=https:\/\/2024.festivalenescu.ro\/ro\/wp-json\/wp\/v2\/pages\/3738\" title=\"Tweet this\" aria-label=\"Tweet this\" onclick=\"window.open(this.href, &quot;twitter&quot;, &quot;toolbar=0,width=650,height=360&quot;); return false;\"><i class=\"fab fa-x-twitter\"><svg style=\"width:1em; margin-bottom:-.1em;\" xmlns=\"http:\/\/www.w3.org\/2000\/svg\" viewBox=\"0 0 512 512\"><path fill=\"currentColor\" d=\"M389.2 48h70.6L305.6 224.2 487 464H345L233.7 318.6 106.5 464H35.8L200.7 275.5 26.8 48H172.4L272.9 180.9 389.2 48zM364.4 421.8h39.1L151.1 88h-42L364.4 421.8z\"\/><\/svg><\/i><\/a><a class=\"w-sharing-item linkedin\" href=\"https:\/\/www.linkedin.com\/shareArticle?mini=true&amp;url=https:\/\/2024.festivalenescu.ro\/ro\/wp-json\/wp\/v2\/pages\/3738\" title=\"Share this\" aria-label=\"Share this\" onclick=\"window.open(this.href, &quot;linkedin&quot;, &quot;toolbar=no,width=550,height=550&quot;); return false;\"><i class=\"fab fa-linkedin\"><\/i><\/a><a class=\"w-sharing-item whatsapp\" href=\"https:\/\/web.whatsapp.com\/send?text=21.09 &#8211; Recital Daria Parkhomenko https:\/\/2024.festivalenescu.ro\/ro\/wp-json\/wp\/v2\/pages\/3738\" title=\"Share this\" aria-label=\"Share this\" onclick=\"window.open(this.href, &quot;whatsapp&quot;, &quot;toolbar=0,width=900,height=500&quot;); return false;\"><i class=\"fab fa-whatsapp\"><\/i><\/a><a class=\"w-sharing-item reddit\" href=\"https:\/\/www.reddit.com\/submit?url=https:\/\/2024.festivalenescu.ro\/ro\/wp-json\/wp\/v2\/pages\/3738&amp;title=21.09 &#8211; Recital Daria Parkhomenko\" title=\"Share this\" aria-label=\"Share this\" onclick=\"window.open(this.href, &quot;reddit&quot;, &quot;toolbar=no,width=900,height=500&quot;); return false;\"><i class=\"fab fa-reddit\"><\/i><\/a><a class=\"w-sharing-item telegram\" href=\"https:\/\/t.me\/share\/url?url=https:\/\/2024.festivalenescu.ro\/ro\/wp-json\/wp\/v2\/pages\/3738&amp;text=21.09 &#8211; Recital Daria Parkhomenko\" title=\"Share this\" aria-label=\"Share this\" onclick=\"window.open(this.href, &quot;telegram&quot;, &quot;toolbar=no,width=600,height=450&quot;); return false;\"><i class=\"fab fa-telegram\"><\/i><\/a><\/div><\/div><div class=\"w-post-elm post_navigation layout_sided inv_false\"><a class=\"post_navigation-item order_first to_prev\" href=\"https:\/\/2024.festivalenescu.ro\/ro\/26-09-rehearsal-conducting-masterclass-by-cristian-macelaru\/\" title=\"26.09 &#8211; Masterclass de interpretare dirijoral\u0103 \u0219i instrumental\u0103 sus\u021binut de Cristian M\u0103celaru\"><div class=\"post_navigation-item-img\"><img loading=\"lazy\" decoding=\"async\" width=\"512\" height=\"512\" src=\"https:\/\/2024.festivalenescu.ro\/wp-content\/uploads\/2023\/11\/favicon.png\" class=\"g-placeholder\" alt=\"\" srcset=\"https:\/\/2024.festivalenescu.ro\/wp-content\/uploads\/2023\/11\/favicon.png 512w, https:\/\/2024.festivalenescu.ro\/wp-content\/uploads\/2023\/11\/favicon-200x200.png 200w, https:\/\/2024.festivalenescu.ro\/wp-content\/uploads\/2023\/11\/favicon-150x150.png 150w, https:\/\/2024.festivalenescu.ro\/wp-content\/uploads\/2023\/11\/favicon-400x400.png 400w, https:\/\/2024.festivalenescu.ro\/wp-content\/uploads\/2023\/11\/favicon-300x300.png 300w\" sizes=\"auto, (max-width: 512px) 100vw, 512px\" \/><\/div><div class=\"post_navigation-item-arrow\"><\/div><div class=\"post_navigation-item-title\"><span>26.09 &#8211; Masterclass de interpretare dirijoral\u0103 \u0219i instrumental\u0103 sus\u021binut de Cristian M\u0103celaru<\/span><\/div><\/a><a class=\"post_navigation-item order_second to_next\" href=\"https:\/\/2024.festivalenescu.ro\/ro\/evenimente\/concerte-in-alte-orase\/6-09-recital-sectia-dumitru-si-alice-rosetti-tescanu-george-enescu\/\" title=\"6.09 \u2013 Recital Sec\u021bia \u201dDumitru \u0219i Alice Rosetti \u2013 Tescanu &#8211; George Enescu\u201d\"><div class=\"post_navigation-item-img\"><img loading=\"lazy\" decoding=\"async\" width=\"512\" height=\"512\" src=\"https:\/\/2024.festivalenescu.ro\/wp-content\/uploads\/2023\/11\/favicon.png\" class=\"g-placeholder\" alt=\"\" srcset=\"https:\/\/2024.festivalenescu.ro\/wp-content\/uploads\/2023\/11\/favicon.png 512w, https:\/\/2024.festivalenescu.ro\/wp-content\/uploads\/2023\/11\/favicon-200x200.png 200w, https:\/\/2024.festivalenescu.ro\/wp-content\/uploads\/2023\/11\/favicon-150x150.png 150w, https:\/\/2024.festivalenescu.ro\/wp-content\/uploads\/2023\/11\/favicon-400x400.png 400w, https:\/\/2024.festivalenescu.ro\/wp-content\/uploads\/2023\/11\/favicon-300x300.png 300w\" sizes=\"auto, (max-width: 512px) 100vw, 512px\" \/><\/div><div class=\"post_navigation-item-arrow\"><\/div><div class=\"post_navigation-item-title\"><span>6.09 \u2013 Recital Sec\u021bia \u201dDumitru \u0219i Alice Rosetti \u2013 Tescanu &#8211; George Enescu\u201d<\/span><\/div><\/a><\/div><\/div><\/div><\/div><\/div><\/div><\/section>\n","protected":false},"excerpt":{"rendered":"Recital Daria Parkhomenko pian (c\u00e2\u0219tig\u0103toarea Concursului Interna\u021bional George Enescu 2018) Gabriel Faur\u00e9 3 nocturne op. 3 George Enescu Suita pentru pian op. 10 nr. 2 Serghei Rahmaninov 9 studii-tablouri op. 39 Data: S\u00e2mb\u0103t\u0103, 21 septembrie 2024 Ora: 19:00 Locul: Sala Thalia, Sibiu Share: 26.09 &#8211; Masterclass de interpretare dirijoral\u0103 \u0219i instrumental\u0103 sus\u021binut de Cristian M\u0103celaru6.09...","protected":false},"author":3,"featured_media":0,"parent":3472,"menu_order":0,"comment_status":"closed","ping_status":"closed","template":"","meta":{"footnotes":""},"class_list":["post-3738","page","type-page","status-publish","hentry"],"_links":{"self":[{"href":"https:\/\/2024.festivalenescu.ro\/ro\/wp-json\/wp\/v2\/pages\/3738","targetHints":{"allow":["GET"]}}],"collection":[{"href":"https:\/\/2024.festivalenescu.ro\/ro\/wp-json\/wp\/v2\/pages"}],"about":[{"href":"https:\/\/2024.festivalenescu.ro\/ro\/wp-json\/wp\/v2\/types\/page"}],"author":[{"embeddable":true,"href":"https:\/\/2024.festivalenescu.ro\/ro\/wp-json\/wp\/v2\/users\/3"}],"replies":[{"embeddable":true,"href":"https:\/\/2024.festivalenescu.ro\/ro\/wp-json\/wp\/v2\/comments?post=3738"}],"version-history":[{"count":8,"href":"https:\/\/2024.festivalenescu.ro\/ro\/wp-json\/wp\/v2\/pages\/3738\/revisions"}],"predecessor-version":[{"id":3898,"href":"https:\/\/2024.festivalenescu.ro\/ro\/wp-json\/wp\/v2\/pages\/3738\/revisions\/3898"}],"up":[{"embeddable":true,"href":"https:\/\/2024.festivalenescu.ro\/ro\/wp-json\/wp\/v2\/pages\/3472"}],"wp:attachment":[{"href":"https:\/\/2024.festivalenescu.ro\/ro\/wp-json\/wp\/v2\/media?parent=3738"}],"curies":[{"name":"wp","href":"https:\/\/api.w.org\/{rel}","templated":true}]}}