{"id":3999,"date":"2024-08-29T13:49:43","date_gmt":"2024-08-29T10:49:43","guid":{"rendered":"https:\/\/concurs.festivalenescu.ro\/?page_id=3999"},"modified":"2024-08-29T21:37:24","modified_gmt":"2024-08-29T18:37:24","slug":"victoria-chikalkina","status":"publish","type":"page","link":"https:\/\/2024.festivalenescu.ro\/ro\/concurenti\/sectiunea-pian\/victoria-chikalkina\/","title":{"rendered":"Victoria Chikalkina"},"content":{"rendered":"<section class=\"l-section wpb_row height_medium\"><div class=\"l-section-h i-cf\"><div class=\"g-cols vc_row via_flex valign_top type_default stacking_default\"><div class=\"vc_col-sm-6 wpb_column vc_column_container\"><div class=\"vc_column-inner\"><div class=\"wpb_wrapper\"><div class=\"w-hwrapper valign_top align_none\" style=\"--hwrapper-gap:0.2rem\"><\/div><div class=\"wpb_text_column\"><div class=\"wpb_wrapper\"><p><strong>RUSIA<\/strong><br \/>\n<strong>27 august 1998<\/strong><\/p>\n<p>N\u0103scut\u0103 \u00een Ryazan \u00een 1998, Victoria Chikalkina \u0219i-a \u00eenceput c\u0103l\u0103toria muzical\u0103 la v\u00e2rsta de 5 ani la \u0218coala de Muzic\u0103 pentru Copii. Din 2013, \u0219i-a continuat studiile la Moscova, absolvind cu onoruri Conservatorul de Stat Ceaikovski \u00een 2023, unde a studiat sub \u00eendrumarea profesorului Maxim Philippov. \u00cen acela\u0219i an, Victoria Chikalkina a primit o burs\u0103 de excelen\u021b\u0103 din partea Guvernului elve\u021bian, care i-a permis s\u0103 \u00ee\u0219i continue studiile la Universitatea de Muzic\u0103 din Geneva, sub \u00eendrumarea lui Paul Coker.<br \/>\nAbilit\u0103\u021bile sale pianistice remarcabile au fost apreciate la evenimente prestigioase, precum Festivalul Rahmaninov Days din Moscova \u0219i MariaFest. Victoria Chikalkina este solist\u0103 a Societ\u0103\u021bii Filarmonice Ryazan din 2021.<br \/>\nDe-a lungul c\u0103l\u0103toriei sale academice, s-a \u00eembog\u0103\u021bit din punct de vedere muzical prin cursurile de m\u0103iestrie sus\u021binute de mentori aprecia\u021bi precum Alexander Kobrin, Laurent Cabasso, Ricardo Castro, Evgeny Starodubtsev, Vera Nosina, Elena Kuznetsova, Jean Claude Vanden-Einden \u0219i Mikhail Voskresensky.<\/p>\n<\/div><\/div><div class=\"w-separator size_small\"><\/div><div class=\"w-separator size_small\"><\/div><div class=\"wpb_text_column\"><div class=\"wpb_wrapper\"><p>Etapa I<br \/>\n<strong>Johann Sebastian Bach <\/strong>Preludiul \u0219i fuga nr. 3 \u00een do diez major BWV 872, <em>Clavecinul bine temperat<\/em> \u2013 Caietul II<br \/>\n<strong>Joseph Haydn <\/strong>Sonata \u00een la bemol major Hob. XVI\/46<br \/>\n<strong>Fr\u00e9d\u00e9ric Chopin <\/strong>Studiul \u00een sol diez minor op. 25 nr. 6, <em>Thirds<\/em><br \/>\n<strong>Claude Debussy <\/strong>Studiul L. 136 nr. 11, <em>Pour les arp\u00e8ges compos\u00e9s<\/em><\/p>\n<p>Etapa a II-a<br \/>\n<strong>Diana Rotaru <\/strong><em>Bulz <\/em>pentru pian<br \/>\n<strong>Ludwig van Beethoven <\/strong>Sonata nr. 30 \u00een mi major op. 109<br \/>\n<strong>Serghei Prokofiev <\/strong>Sonata nr. 2 \u00een re minor op. 14<\/p>\n<p>Semifinala<br \/>\n<strong>George Enescu <\/strong>Suita nr. 2 \u00een re major op. 10, <em>Des cloches sonores<\/em><br \/>\n<strong>Robert Schumann <\/strong>Sonata nr. 3 \u00een fa minor op. 14<\/p>\n<p>Finala<br \/>\n<strong>Fr\u00e9d\u00e9ric Chopin <\/strong>Concertul nr. 1 \u00een mi minor pentru pian \u0219i orchestr\u0103 op. 11<\/p>\n<\/div><\/div><\/div><\/div><\/div><div class=\"vc_col-sm-6 wpb_column vc_column_container\"><div class=\"vc_column-inner\"><div class=\"wpb_wrapper\"><div class=\"w-ibanner animation_phorcys ratio_1x1 easing_easeInOutCirc\"><div class=\"w-ibanner-h\"><div class=\"w-ibanner-image\" style=\"background-image: url(https:\/\/2024.festivalenescu.ro\/wp-content\/uploads\/2024\/08\/CHIKALKINA-Victoria_2.jpg)\"><\/div><div class=\"w-ibanner-content\"><div class=\"w-ibanner-content-h\"><h2 class=\"w-ibanner-title\"><\/h2><div class=\"w-ibanner-desc\"><\/div><\/div><\/div><\/div><\/div><\/div><\/div><\/div><\/div><\/div><\/section><section class=\"l-section wpb_row height_medium\"><div class=\"l-section-h i-cf\"><div class=\"g-cols vc_row via_flex valign_top type_default stacking_default\"><div class=\"vc_col-sm-12 wpb_column vc_column_container\"><div class=\"vc_column-inner\"><div class=\"wpb_wrapper\"><div class=\"wpb_text_column\"><div class=\"wpb_wrapper\"><p>Share:<\/p>\n<\/div><\/div><div class=\"w-sharing type_simple align_none color_default\"><div class=\"w-sharing-list\"><a class=\"w-sharing-item email\" href=\"mailto:?subject=Victoria Chikalkina&amp;body=https:\/\/2024.festivalenescu.ro\/ro\/wp-json\/wp\/v2\/pages\/3999\" title=\"Email this\" aria-label=\"Email this\"><i class=\"fas fa-envelope\"><\/i><\/a><a class=\"w-sharing-item facebook\" href=\"https:\/\/www.facebook.com\/sharer\/sharer.php?u=https:\/\/2024.festivalenescu.ro\/ro\/wp-json\/wp\/v2\/pages\/3999&amp;quote=Victoria Chikalkina\" title=\"Share this\" aria-label=\"Share this\" onclick=\"window.open(this.href, &quot;facebook&quot;, &quot;toolbar=0,width=900,height=500&quot;); return false;\"><i class=\"fab fa-facebook\"><\/i><\/a><a class=\"w-sharing-item twitter\" href=\"https:\/\/twitter.com\/intent\/tweet?text=Victoria Chikalkina&amp;url=https:\/\/2024.festivalenescu.ro\/ro\/wp-json\/wp\/v2\/pages\/3999\" title=\"Tweet this\" aria-label=\"Tweet this\" onclick=\"window.open(this.href, &quot;twitter&quot;, &quot;toolbar=0,width=650,height=360&quot;); return false;\"><i class=\"fab fa-x-twitter\"><svg style=\"width:1em; margin-bottom:-.1em;\" xmlns=\"http:\/\/www.w3.org\/2000\/svg\" viewBox=\"0 0 512 512\"><path fill=\"currentColor\" d=\"M389.2 48h70.6L305.6 224.2 487 464H345L233.7 318.6 106.5 464H35.8L200.7 275.5 26.8 48H172.4L272.9 180.9 389.2 48zM364.4 421.8h39.1L151.1 88h-42L364.4 421.8z\"\/><\/svg><\/i><\/a><a class=\"w-sharing-item linkedin\" href=\"https:\/\/www.linkedin.com\/shareArticle?mini=true&amp;url=https:\/\/2024.festivalenescu.ro\/ro\/wp-json\/wp\/v2\/pages\/3999\" title=\"Share this\" aria-label=\"Share this\" onclick=\"window.open(this.href, &quot;linkedin&quot;, &quot;toolbar=no,width=550,height=550&quot;); return false;\"><i class=\"fab fa-linkedin\"><\/i><\/a><a class=\"w-sharing-item whatsapp\" href=\"https:\/\/web.whatsapp.com\/send?text=Victoria Chikalkina https:\/\/2024.festivalenescu.ro\/ro\/wp-json\/wp\/v2\/pages\/3999\" title=\"Share this\" aria-label=\"Share this\" onclick=\"window.open(this.href, &quot;whatsapp&quot;, &quot;toolbar=0,width=900,height=500&quot;); return false;\"><i class=\"fab fa-whatsapp\"><\/i><\/a><a class=\"w-sharing-item reddit\" href=\"https:\/\/www.reddit.com\/submit?url=https:\/\/2024.festivalenescu.ro\/ro\/wp-json\/wp\/v2\/pages\/3999&amp;title=Victoria Chikalkina\" title=\"Share this\" aria-label=\"Share this\" onclick=\"window.open(this.href, &quot;reddit&quot;, &quot;toolbar=no,width=900,height=500&quot;); return false;\"><i class=\"fab fa-reddit\"><\/i><\/a><a class=\"w-sharing-item telegram\" href=\"https:\/\/t.me\/share\/url?url=https:\/\/2024.festivalenescu.ro\/ro\/wp-json\/wp\/v2\/pages\/3999&amp;text=Victoria Chikalkina\" title=\"Share this\" aria-label=\"Share this\" onclick=\"window.open(this.href, &quot;telegram&quot;, &quot;toolbar=no,width=600,height=450&quot;); return false;\"><i class=\"fab fa-telegram\"><\/i><\/a><\/div><\/div><div class=\"w-post-elm post_navigation layout_sided inv_false\"><a class=\"post_navigation-item order_first to_prev\" href=\"https:\/\/2024.festivalenescu.ro\/ro\/concurenti\/sectiunea-pian\/alexander-doronin\/\" title=\"Alexander Doronin\"><div class=\"post_navigation-item-img\"><img decoding=\"async\" src=\"https:\/\/2024.festivalenescu.ro\/wp-content\/uploads\/2024\/08\/DORONIN-Alexander_1-880x900.jpg\" loading=\"lazy\" alt=\"\" width=\"150\" height=\"150\"><\/div><div class=\"post_navigation-item-arrow\"><\/div><div class=\"post_navigation-item-title\"><span>Alexander Doronin<\/span><\/div><\/a><a class=\"post_navigation-item order_second to_next\" href=\"https:\/\/2024.festivalenescu.ro\/ro\/concurenti\/sectiunea-pian\/ping-wang-chen\/\" title=\"Ping Wang Chen\"><div class=\"post_navigation-item-img\"><img decoding=\"async\" src=\"https:\/\/2024.festivalenescu.ro\/wp-content\/uploads\/2024\/08\/CHEN-Ping-Wang_1-1-764x900.jpg\" loading=\"lazy\" alt=\"\" width=\"150\" height=\"150\"><\/div><div class=\"post_navigation-item-arrow\"><\/div><div class=\"post_navigation-item-title\"><span>Ping Wang Chen<\/span><\/div><\/a><\/div><\/div><\/div><\/div><\/div><\/div><\/section>\n","protected":false},"excerpt":{"rendered":"RUSIA 27 august 1998 N\u0103scut\u0103 \u00een Ryazan \u00een 1998, Victoria Chikalkina \u0219i-a \u00eenceput c\u0103l\u0103toria muzical\u0103 la v\u00e2rsta de 5 ani la \u0218coala de Muzic\u0103 pentru Copii. Din 2013, \u0219i-a continuat studiile la Moscova, absolvind cu onoruri Conservatorul de Stat Ceaikovski \u00een 2023, unde a studiat sub \u00eendrumarea profesorului Maxim Philippov. \u00cen acela\u0219i an, Victoria Chikalkina...","protected":false},"author":4,"featured_media":3996,"parent":2979,"menu_order":0,"comment_status":"closed","ping_status":"closed","template":"","meta":{"footnotes":""},"class_list":["post-3999","page","type-page","status-publish","has-post-thumbnail","hentry"],"_links":{"self":[{"href":"https:\/\/2024.festivalenescu.ro\/ro\/wp-json\/wp\/v2\/pages\/3999","targetHints":{"allow":["GET"]}}],"collection":[{"href":"https:\/\/2024.festivalenescu.ro\/ro\/wp-json\/wp\/v2\/pages"}],"about":[{"href":"https:\/\/2024.festivalenescu.ro\/ro\/wp-json\/wp\/v2\/types\/page"}],"author":[{"embeddable":true,"href":"https:\/\/2024.festivalenescu.ro\/ro\/wp-json\/wp\/v2\/users\/4"}],"replies":[{"embeddable":true,"href":"https:\/\/2024.festivalenescu.ro\/ro\/wp-json\/wp\/v2\/comments?post=3999"}],"version-history":[{"count":3,"href":"https:\/\/2024.festivalenescu.ro\/ro\/wp-json\/wp\/v2\/pages\/3999\/revisions"}],"predecessor-version":[{"id":5202,"href":"https:\/\/2024.festivalenescu.ro\/ro\/wp-json\/wp\/v2\/pages\/3999\/revisions\/5202"}],"up":[{"embeddable":true,"href":"https:\/\/2024.festivalenescu.ro\/ro\/wp-json\/wp\/v2\/pages\/2979"}],"wp:featuredmedia":[{"embeddable":true,"href":"https:\/\/2024.festivalenescu.ro\/ro\/wp-json\/wp\/v2\/media\/3996"}],"wp:attachment":[{"href":"https:\/\/2024.festivalenescu.ro\/ro\/wp-json\/wp\/v2\/media?parent=3999"}],"curies":[{"name":"wp","href":"https:\/\/api.w.org\/{rel}","templated":true}]}}