{"id":4007,"date":"2024-08-29T14:04:06","date_gmt":"2024-08-29T11:04:06","guid":{"rendered":"https:\/\/concurs.festivalenescu.ro\/?page_id=4007"},"modified":"2024-08-29T21:09:15","modified_gmt":"2024-08-29T18:09:15","slug":"jae-hyeong-cho","status":"publish","type":"page","link":"https:\/\/2024.festivalenescu.ro\/ro\/concurenti\/sectiunea-pian\/jae-hyeong-cho\/","title":{"rendered":"Jae Hyeong Cho"},"content":{"rendered":"<section class=\"l-section wpb_row height_medium\"><div class=\"l-section-h i-cf\"><div class=\"g-cols vc_row via_flex valign_top type_default stacking_default\"><div class=\"vc_col-sm-6 wpb_column vc_column_container\"><div class=\"vc_column-inner\"><div class=\"wpb_wrapper\"><div class=\"w-hwrapper valign_top align_none\" style=\"--hwrapper-gap:0.2rem\"><\/div><div class=\"wpb_text_column\"><div class=\"wpb_wrapper\"><p><strong>COREEA DE SUD<\/strong><br \/>\n<strong>23 iunie 1994<\/strong><\/p>\n<p>Jae Hyeong Cho a absolvit studiile de licen\u021b\u0103 ale Universit\u0103\u021bii Kyung Hee. \u00cen 2018 a c\u00e2ntat ca solist al\u0103turi de Orchestra Simfonic\u0103 a Universit\u0103\u021bii Kyung Hee. De asemenea, a participat la un curs de m\u0103iestrie sus\u021binut de Aviram Reichert. \u00cen 2020 a \u00eenceput studiile de master ale Universit\u0103\u021bii de Muzic\u0103 Carl Maria von Weber din Dresda, cu profesoara Pia Kaiser. A participat la Concursul Interna\u021bional de Pian de la \u00c9pinal din Fran\u021ba (runda a doua), edi\u021bia 29. A ob\u021binut premiul IV la Concursul de Muzic\u0103 Nanpa (edi\u021bia 49, 2017), precum \u0219i premiul II la Concursul Interna\u021bional de Muzic\u0103 Ma\u0142opolska (2022) \u0219i premiul I la Concursul Interna\u021bional al Arti\u0219tilor (2023), \u0219i a c\u00e2ntat \u00een Festivalul Virtuoso &amp; Belcanto din Lucca (Italia), edi\u021bia a VIII-a. \u00cen 2023 a fost solist al\u0103turi de Orchestra de Camer\u0103 din Rutesheim. Printre recitalurile sale se num\u0103r\u0103 cele de la Landesmuseum W\u00fcrttemberg (\u00een 2023 la Musikpause \u0219i \u00een 2024, la Lange Nacht der Museen). \u00cen prezent, studiaz\u0103 pentru Konzertexamen la Universitatea de Muzic\u0103 \u0219i Artele Spectacolului din Stuttgart, cu profesorul P\u00e9ter Nagy.<\/p>\n<\/div><\/div><div class=\"w-separator size_small\"><\/div><div class=\"w-separator size_small\"><\/div><div class=\"wpb_text_column\"><div class=\"wpb_wrapper\"><p>Etapa I<br \/>\n<strong>Johann Sebastian Bach <\/strong>Preludiul \u0219i fuga nr. 14 \u00een fa diez minor BWV 883, <em>Clavecinul bine temperat<\/em> \u2013 Caietul II<br \/>\n<strong>Wolfgang Amadeus Mozart <\/strong>Sonata nr. 9 \u00een re major K. 311<br \/>\n<strong>Franz Liszt <\/strong><em>Studiul transcendental<\/em> \u00een si bemol minor S. 139 nr. 12, <em>Chasse-neige<\/em><br \/>\n<strong>Claude Debussy <\/strong>Studiul L. 136 nr. 11, <em>Pour les arp\u00e8ges compos\u00e9s<\/em><\/p>\n<p>Etapa a II-a<br \/>\n<strong>Diana Rotaru <\/strong><em>Bulz <\/em>pentru pian<br \/>\n<strong>Ludwig van Beethoven <\/strong>Sonata nr. 28 \u00een la major op. 101<br \/>\n<strong>B\u00e9la Bart\u00f3k <\/strong><em>Out of Doors <\/em>Sz. 81<\/p>\n<p>Semifinala<br \/>\n<strong>George Enescu <\/strong>Suita nr. 2 \u00een re major op. 10, <em>Des cloches sonores<\/em><br \/>\n<strong>Franz Liszt <\/strong>Sonata \u00een si minor S. 178<\/p>\n<p>Finala<br \/>\n<strong>Serghei Prokofiev <\/strong>Concertul nr. 2 \u00een sol minor pentru pian \u0219i orchestr\u0103 op. 16<\/p>\n<\/div><\/div><\/div><\/div><\/div><div class=\"vc_col-sm-6 wpb_column vc_column_container\"><div class=\"vc_column-inner\"><div class=\"wpb_wrapper\"><div class=\"w-ibanner animation_phorcys ratio_1x1 easing_easeInOutCirc\"><div class=\"w-ibanner-h\"><div class=\"w-ibanner-image\" style=\"background-image: url(https:\/\/2024.festivalenescu.ro\/wp-content\/uploads\/2024\/08\/CHO-Jae-Hyeong_1-scaled.jpg)\"><\/div><div class=\"w-ibanner-content\"><div class=\"w-ibanner-content-h\"><h2 class=\"w-ibanner-title\"><\/h2><div class=\"w-ibanner-desc\"><\/div><\/div><\/div><\/div><\/div><\/div><\/div><\/div><\/div><\/div><\/section><section class=\"l-section wpb_row height_medium\"><div class=\"l-section-h i-cf\"><div class=\"g-cols vc_row via_flex valign_top type_default stacking_default\"><div class=\"vc_col-sm-12 wpb_column vc_column_container\"><div class=\"vc_column-inner\"><div class=\"wpb_wrapper\"><div class=\"wpb_text_column\"><div class=\"wpb_wrapper\"><p>Share:<\/p>\n<\/div><\/div><div class=\"w-sharing type_simple align_none color_default\"><div class=\"w-sharing-list\"><a class=\"w-sharing-item email\" href=\"mailto:?subject=Jae Hyeong Cho&amp;body=https:\/\/2024.festivalenescu.ro\/ro\/wp-json\/wp\/v2\/pages\/4007\" title=\"Email this\" aria-label=\"Email this\"><i class=\"fas fa-envelope\"><\/i><\/a><a class=\"w-sharing-item facebook\" href=\"https:\/\/www.facebook.com\/sharer\/sharer.php?u=https:\/\/2024.festivalenescu.ro\/ro\/wp-json\/wp\/v2\/pages\/4007&amp;quote=Jae Hyeong Cho\" title=\"Share this\" aria-label=\"Share this\" onclick=\"window.open(this.href, &quot;facebook&quot;, &quot;toolbar=0,width=900,height=500&quot;); return false;\"><i class=\"fab fa-facebook\"><\/i><\/a><a class=\"w-sharing-item twitter\" href=\"https:\/\/twitter.com\/intent\/tweet?text=Jae Hyeong Cho&amp;url=https:\/\/2024.festivalenescu.ro\/ro\/wp-json\/wp\/v2\/pages\/4007\" title=\"Tweet this\" aria-label=\"Tweet this\" onclick=\"window.open(this.href, &quot;twitter&quot;, &quot;toolbar=0,width=650,height=360&quot;); return false;\"><i class=\"fab fa-x-twitter\"><svg style=\"width:1em; margin-bottom:-.1em;\" xmlns=\"http:\/\/www.w3.org\/2000\/svg\" viewBox=\"0 0 512 512\"><path fill=\"currentColor\" d=\"M389.2 48h70.6L305.6 224.2 487 464H345L233.7 318.6 106.5 464H35.8L200.7 275.5 26.8 48H172.4L272.9 180.9 389.2 48zM364.4 421.8h39.1L151.1 88h-42L364.4 421.8z\"\/><\/svg><\/i><\/a><a class=\"w-sharing-item linkedin\" href=\"https:\/\/www.linkedin.com\/shareArticle?mini=true&amp;url=https:\/\/2024.festivalenescu.ro\/ro\/wp-json\/wp\/v2\/pages\/4007\" title=\"Share this\" aria-label=\"Share this\" onclick=\"window.open(this.href, &quot;linkedin&quot;, &quot;toolbar=no,width=550,height=550&quot;); return false;\"><i class=\"fab fa-linkedin\"><\/i><\/a><a class=\"w-sharing-item whatsapp\" href=\"https:\/\/web.whatsapp.com\/send?text=Jae Hyeong Cho https:\/\/2024.festivalenescu.ro\/ro\/wp-json\/wp\/v2\/pages\/4007\" title=\"Share this\" aria-label=\"Share this\" onclick=\"window.open(this.href, &quot;whatsapp&quot;, &quot;toolbar=0,width=900,height=500&quot;); return false;\"><i class=\"fab fa-whatsapp\"><\/i><\/a><a class=\"w-sharing-item reddit\" href=\"https:\/\/www.reddit.com\/submit?url=https:\/\/2024.festivalenescu.ro\/ro\/wp-json\/wp\/v2\/pages\/4007&amp;title=Jae Hyeong Cho\" title=\"Share this\" aria-label=\"Share this\" onclick=\"window.open(this.href, &quot;reddit&quot;, &quot;toolbar=no,width=900,height=500&quot;); return false;\"><i class=\"fab fa-reddit\"><\/i><\/a><a class=\"w-sharing-item telegram\" href=\"https:\/\/t.me\/share\/url?url=https:\/\/2024.festivalenescu.ro\/ro\/wp-json\/wp\/v2\/pages\/4007&amp;text=Jae Hyeong Cho\" title=\"Share this\" aria-label=\"Share this\" onclick=\"window.open(this.href, &quot;telegram&quot;, &quot;toolbar=no,width=600,height=450&quot;); return false;\"><i class=\"fab fa-telegram\"><\/i><\/a><\/div><\/div><div class=\"w-post-elm post_navigation layout_sided inv_false\"><a class=\"post_navigation-item order_first to_prev\" href=\"https:\/\/2024.festivalenescu.ro\/ro\/concurenti\/sectiunea-pian\/inya-maria-cutova\/\" title=\"Inya-Maria Cutova\"><div class=\"post_navigation-item-img\"><img decoding=\"async\" src=\"https:\/\/2024.festivalenescu.ro\/wp-content\/uploads\/2024\/08\/CUTOVA-Inya-Maria_1-728x900.jpg\" loading=\"lazy\" alt=\"\" width=\"150\" height=\"150\"><\/div><div class=\"post_navigation-item-arrow\"><\/div><div class=\"post_navigation-item-title\"><span>Inya-Maria Cutova<\/span><\/div><\/a><a class=\"post_navigation-item order_second to_next\" href=\"https:\/\/2024.festivalenescu.ro\/ro\/concurenti\/sectiunea-violoncel\/cornelius-zirbo\/\" title=\"Cornelius Zirbo\"><div class=\"post_navigation-item-img\"><img decoding=\"async\" src=\"https:\/\/2024.festivalenescu.ro\/wp-content\/uploads\/2024\/08\/ZIRBO-Cornelius-755x900.jpg\" loading=\"lazy\" alt=\"\" width=\"150\" height=\"150\"><\/div><div class=\"post_navigation-item-arrow\"><\/div><div class=\"post_navigation-item-title\"><span>Cornelius Zirbo<\/span><\/div><\/a><\/div><\/div><\/div><\/div><\/div><\/div><\/section>\n","protected":false},"excerpt":{"rendered":"COREEA DE SUD 23 iunie 1994 Jae Hyeong Cho a absolvit studiile de licen\u021b\u0103 ale Universit\u0103\u021bii Kyung Hee. \u00cen 2018 a c\u00e2ntat ca solist al\u0103turi de Orchestra Simfonic\u0103 a Universit\u0103\u021bii Kyung Hee. De asemenea, a participat la un curs de m\u0103iestrie sus\u021binut de Aviram Reichert. \u00cen 2020 a \u00eenceput studiile de master ale Universit\u0103\u021bii de...","protected":false},"author":4,"featured_media":4004,"parent":2979,"menu_order":0,"comment_status":"closed","ping_status":"closed","template":"","meta":{"footnotes":""},"class_list":["post-4007","page","type-page","status-publish","has-post-thumbnail","hentry"],"_links":{"self":[{"href":"https:\/\/2024.festivalenescu.ro\/ro\/wp-json\/wp\/v2\/pages\/4007","targetHints":{"allow":["GET"]}}],"collection":[{"href":"https:\/\/2024.festivalenescu.ro\/ro\/wp-json\/wp\/v2\/pages"}],"about":[{"href":"https:\/\/2024.festivalenescu.ro\/ro\/wp-json\/wp\/v2\/types\/page"}],"author":[{"embeddable":true,"href":"https:\/\/2024.festivalenescu.ro\/ro\/wp-json\/wp\/v2\/users\/4"}],"replies":[{"embeddable":true,"href":"https:\/\/2024.festivalenescu.ro\/ro\/wp-json\/wp\/v2\/comments?post=4007"}],"version-history":[{"count":3,"href":"https:\/\/2024.festivalenescu.ro\/ro\/wp-json\/wp\/v2\/pages\/4007\/revisions"}],"predecessor-version":[{"id":5133,"href":"https:\/\/2024.festivalenescu.ro\/ro\/wp-json\/wp\/v2\/pages\/4007\/revisions\/5133"}],"up":[{"embeddable":true,"href":"https:\/\/2024.festivalenescu.ro\/ro\/wp-json\/wp\/v2\/pages\/2979"}],"wp:featuredmedia":[{"embeddable":true,"href":"https:\/\/2024.festivalenescu.ro\/ro\/wp-json\/wp\/v2\/media\/4004"}],"wp:attachment":[{"href":"https:\/\/2024.festivalenescu.ro\/ro\/wp-json\/wp\/v2\/media?parent=4007"}],"curies":[{"name":"wp","href":"https:\/\/api.w.org\/{rel}","templated":true}]}}