{"id":4072,"date":"2024-08-29T13:45:53","date_gmt":"2024-08-29T10:45:53","guid":{"rendered":"https:\/\/concurs.festivalenescu.ro\/?page_id=4072"},"modified":"2024-08-29T21:07:25","modified_gmt":"2024-08-29T18:07:25","slug":"hee-jun-han","status":"publish","type":"page","link":"https:\/\/2024.festivalenescu.ro\/ro\/concurenti\/sectiunea-pian\/hee-jun-han\/","title":{"rendered":"Hee Jun Han"},"content":{"rendered":"<section class=\"l-section wpb_row height_medium\"><div class=\"l-section-h i-cf\"><div class=\"g-cols vc_row via_flex valign_top type_default stacking_default\"><div class=\"vc_col-sm-6 wpb_column vc_column_container\"><div class=\"vc_column-inner\"><div class=\"wpb_wrapper\"><div class=\"w-hwrapper valign_top align_none\" style=\"--hwrapper-gap:0.2rem\"><\/div><div class=\"wpb_text_column\"><div class=\"wpb_wrapper\"><p><strong>COREEA DE SUD<\/strong><br \/>\n<strong>7 mai 1990<\/strong><\/p>\n<p>Hee Jun Han este o pianist\u0103 din Coreea, care a c\u00e2\u0219tigat numeroase premii la concursuri din \u00eentreaga lume, inclusiv premiul I la Concursul Interna\u021bional de Muzic\u0103 \u0219i Pian din Marbella, Concursul Interna\u021bional de Pian de la Centrul Franz Liszt \u0219i la Concursul Interna\u021bional de Muzic\u0103 Grand Prize Virtuoso. A fost laureat\u0103 a Concursului Interna\u021bional de Pian Hilton Head, Concursului Interna\u021bional de Pian Troisdorf, Concursului Interna\u021bional de Muzic\u0103 Maria Canals \u0219i a Concursului Interna\u021bional de Pian Missouri Southern. A sus\u021binut recitaluri la Brucknerhaus, Centrul de Arte din Seul, Kumho Art Hall Yonsei, Pyeongchang Hall, Oratoriul Santa Caterina \u0219i Teatrul Marbella. A c\u00e2ntat al\u0103turi de Orchestra Prime, Orchestra Filarmonicii Gunpo Prime, Orchestra Yewon \u0219i a fost invitat\u0103 \u00een festivalurile im Dialog din Salzburg, Szent Gell\u00e9rt, Nanpa Music \u0219i Matin\u00e9e. \u0218i-a finalizat studiile de master la Universitatea Mozarteum din Salzburg cu profesorul Jacques Rouvier, Konzertexamen la Universitatea de Muzic\u0103 din Detmold, cu profesorul Alfredo Perl, \u0219i la Universitatea de Muzic\u0103 din M\u00fcnster, cu profesorul Arnulf von Arnim, precum \u0219i Meisterklassenexamen la Universitatea de Muzic\u0103 \u0219i Teatru Felix Mendelssohn Bartholdy din Leipzig, cu profesorul Gerald Fauth.<\/p>\n<\/div><\/div><div class=\"w-separator size_small\"><\/div><div class=\"w-separator size_small\"><\/div><div class=\"wpb_text_column\"><div class=\"wpb_wrapper\"><p>Etapa I<br \/>\n<strong>Johann Sebastian Bach <\/strong>Preludiul \u0219i fuga nr. 3 \u00een do diez major BWV 848, <em>Clavecinul bine temperat<\/em> \u2013 Caietul I<br \/>\n<strong>Joseph Haydn <\/strong>Sonata \u00een do major Hob. XVI\/50<br \/>\n<strong>Franz Liszt <\/strong><em>Studiul transcendental <\/em>\u00een fa minor S. 139 nr. 10, <em>Allegro agitato molto<\/em><br \/>\n<strong>Alexander Scriabin <\/strong>Studiul \u00een re diez minor op. 8 nr. 12<\/p>\n<p>Etapa a II-a<br \/>\n<strong>Diana Rotaru <\/strong><em>Bulz <\/em>pentru pian<br \/>\n<strong>Ludwig van Beethoven <\/strong>Sonata nr. 6 \u00een fa major op. 10<br \/>\n<strong>Maurice Ravel <\/strong><em>Gaspard de la nuit <\/em>M. 55<\/p>\n<p>Semifinala<br \/>\n<strong>George Enescu <\/strong>Sonata nr. 1 \u00een fa diez minor op. 24<br \/>\n<strong>Franz Liszt <\/strong>Sonata \u00een si minor S. 178<\/p>\n<p>Finala<br \/>\n<strong>Piotr Ilici Ceaikovski <\/strong>Concertul nr. 1 \u00een si bemol minor pentru pian \u0219i orchestr\u0103 op. 23<\/p>\n<\/div><\/div><\/div><\/div><\/div><div class=\"vc_col-sm-6 wpb_column vc_column_container\"><div class=\"vc_column-inner\"><div class=\"wpb_wrapper\"><div class=\"w-ibanner animation_phorcys ratio_1x1 easing_easeInOutCirc\"><div class=\"w-ibanner-h\"><div class=\"w-ibanner-image\" style=\"background-image: url(https:\/\/2024.festivalenescu.ro\/wp-content\/uploads\/2024\/08\/HAN-Hee-Jun_2.jpg)\"><\/div><div class=\"w-ibanner-content\"><div class=\"w-ibanner-content-h\"><h2 class=\"w-ibanner-title\"><\/h2><div class=\"w-ibanner-desc\"><\/div><\/div><\/div><\/div><\/div><\/div><\/div><\/div><\/div><\/div><\/section><section class=\"l-section wpb_row height_medium\"><div class=\"l-section-h i-cf\"><div class=\"g-cols vc_row via_flex valign_top type_default stacking_default\"><div class=\"vc_col-sm-12 wpb_column vc_column_container\"><div class=\"vc_column-inner\"><div class=\"wpb_wrapper\"><div class=\"wpb_text_column\"><div class=\"wpb_wrapper\"><p>Share:<\/p>\n<\/div><\/div><div class=\"w-sharing type_simple align_none color_default\"><div class=\"w-sharing-list\"><a class=\"w-sharing-item email\" href=\"mailto:?subject=Hee Jun Han&amp;body=https:\/\/2024.festivalenescu.ro\/ro\/wp-json\/wp\/v2\/pages\/4072\" title=\"Email this\" aria-label=\"Email this\"><i class=\"fas fa-envelope\"><\/i><\/a><a class=\"w-sharing-item facebook\" href=\"https:\/\/www.facebook.com\/sharer\/sharer.php?u=https:\/\/2024.festivalenescu.ro\/ro\/wp-json\/wp\/v2\/pages\/4072&amp;quote=Hee Jun Han\" title=\"Share this\" aria-label=\"Share this\" onclick=\"window.open(this.href, &quot;facebook&quot;, &quot;toolbar=0,width=900,height=500&quot;); return false;\"><i class=\"fab fa-facebook\"><\/i><\/a><a class=\"w-sharing-item twitter\" href=\"https:\/\/twitter.com\/intent\/tweet?text=Hee Jun Han&amp;url=https:\/\/2024.festivalenescu.ro\/ro\/wp-json\/wp\/v2\/pages\/4072\" title=\"Tweet this\" aria-label=\"Tweet this\" onclick=\"window.open(this.href, &quot;twitter&quot;, &quot;toolbar=0,width=650,height=360&quot;); return false;\"><i class=\"fab fa-x-twitter\"><svg style=\"width:1em; margin-bottom:-.1em;\" xmlns=\"http:\/\/www.w3.org\/2000\/svg\" viewBox=\"0 0 512 512\"><path fill=\"currentColor\" d=\"M389.2 48h70.6L305.6 224.2 487 464H345L233.7 318.6 106.5 464H35.8L200.7 275.5 26.8 48H172.4L272.9 180.9 389.2 48zM364.4 421.8h39.1L151.1 88h-42L364.4 421.8z\"\/><\/svg><\/i><\/a><a class=\"w-sharing-item linkedin\" href=\"https:\/\/www.linkedin.com\/shareArticle?mini=true&amp;url=https:\/\/2024.festivalenescu.ro\/ro\/wp-json\/wp\/v2\/pages\/4072\" title=\"Share this\" aria-label=\"Share this\" onclick=\"window.open(this.href, &quot;linkedin&quot;, &quot;toolbar=no,width=550,height=550&quot;); return false;\"><i class=\"fab fa-linkedin\"><\/i><\/a><a class=\"w-sharing-item whatsapp\" href=\"https:\/\/web.whatsapp.com\/send?text=Hee Jun Han https:\/\/2024.festivalenescu.ro\/ro\/wp-json\/wp\/v2\/pages\/4072\" title=\"Share this\" aria-label=\"Share this\" onclick=\"window.open(this.href, &quot;whatsapp&quot;, &quot;toolbar=0,width=900,height=500&quot;); return false;\"><i class=\"fab fa-whatsapp\"><\/i><\/a><a class=\"w-sharing-item reddit\" href=\"https:\/\/www.reddit.com\/submit?url=https:\/\/2024.festivalenescu.ro\/ro\/wp-json\/wp\/v2\/pages\/4072&amp;title=Hee Jun Han\" title=\"Share this\" aria-label=\"Share this\" onclick=\"window.open(this.href, &quot;reddit&quot;, &quot;toolbar=no,width=900,height=500&quot;); return false;\"><i class=\"fab fa-reddit\"><\/i><\/a><a class=\"w-sharing-item telegram\" href=\"https:\/\/t.me\/share\/url?url=https:\/\/2024.festivalenescu.ro\/ro\/wp-json\/wp\/v2\/pages\/4072&amp;text=Hee Jun Han\" title=\"Share this\" aria-label=\"Share this\" onclick=\"window.open(this.href, &quot;telegram&quot;, &quot;toolbar=no,width=600,height=450&quot;); return false;\"><i class=\"fab fa-telegram\"><\/i><\/a><\/div><\/div><div class=\"w-post-elm post_navigation layout_sided inv_false\"><a class=\"post_navigation-item order_first to_prev\" href=\"https:\/\/2024.festivalenescu.ro\/ro\/concurenti\/sectiunea-pian\/keiichiro-ikebe\/\" title=\"Keiichiro Ikebe\"><div class=\"post_navigation-item-img\"><img decoding=\"async\" src=\"https:\/\/2024.festivalenescu.ro\/wp-content\/uploads\/2024\/08\/IKEBE-Keiichiro_1-676x900.jpg\" loading=\"lazy\" alt=\"\" width=\"150\" height=\"150\"><\/div><div class=\"post_navigation-item-arrow\"><\/div><div class=\"post_navigation-item-title\"><span>Keiichiro Ikebe<\/span><\/div><\/a><a class=\"post_navigation-item order_second to_next\" href=\"https:\/\/2024.festivalenescu.ro\/ro\/concurenti\/sectiunea-pian\/sandro-gegechkori\/\" title=\"Sandro Gegechkori\"><div class=\"post_navigation-item-img\"><img decoding=\"async\" src=\"https:\/\/2024.festivalenescu.ro\/wp-content\/uploads\/2024\/08\/GEGECHKORI-Sandro_1-900x882.jpg\" loading=\"lazy\" alt=\"\" width=\"150\" height=\"150\"><\/div><div class=\"post_navigation-item-arrow\"><\/div><div class=\"post_navigation-item-title\"><span>Sandro Gegechkori<\/span><\/div><\/a><\/div><\/div><\/div><\/div><\/div><\/div><\/section>\n","protected":false},"excerpt":{"rendered":"COREEA DE SUD 7 mai 1990 Hee Jun Han este o pianist\u0103 din Coreea, care a c\u00e2\u0219tigat numeroase premii la concursuri din \u00eentreaga lume, inclusiv premiul I la Concursul Interna\u021bional de Muzic\u0103 \u0219i Pian din Marbella, Concursul Interna\u021bional de Pian de la Centrul Franz Liszt \u0219i la Concursul Interna\u021bional de Muzic\u0103 Grand Prize Virtuoso. A...","protected":false},"author":4,"featured_media":4069,"parent":2979,"menu_order":0,"comment_status":"closed","ping_status":"closed","template":"","meta":{"footnotes":""},"class_list":["post-4072","page","type-page","status-publish","has-post-thumbnail","hentry"],"_links":{"self":[{"href":"https:\/\/2024.festivalenescu.ro\/ro\/wp-json\/wp\/v2\/pages\/4072","targetHints":{"allow":["GET"]}}],"collection":[{"href":"https:\/\/2024.festivalenescu.ro\/ro\/wp-json\/wp\/v2\/pages"}],"about":[{"href":"https:\/\/2024.festivalenescu.ro\/ro\/wp-json\/wp\/v2\/types\/page"}],"author":[{"embeddable":true,"href":"https:\/\/2024.festivalenescu.ro\/ro\/wp-json\/wp\/v2\/users\/4"}],"replies":[{"embeddable":true,"href":"https:\/\/2024.festivalenescu.ro\/ro\/wp-json\/wp\/v2\/comments?post=4072"}],"version-history":[{"count":3,"href":"https:\/\/2024.festivalenescu.ro\/ro\/wp-json\/wp\/v2\/pages\/4072\/revisions"}],"predecessor-version":[{"id":5129,"href":"https:\/\/2024.festivalenescu.ro\/ro\/wp-json\/wp\/v2\/pages\/4072\/revisions\/5129"}],"up":[{"embeddable":true,"href":"https:\/\/2024.festivalenescu.ro\/ro\/wp-json\/wp\/v2\/pages\/2979"}],"wp:featuredmedia":[{"embeddable":true,"href":"https:\/\/2024.festivalenescu.ro\/ro\/wp-json\/wp\/v2\/media\/4069"}],"wp:attachment":[{"href":"https:\/\/2024.festivalenescu.ro\/ro\/wp-json\/wp\/v2\/media?parent=4072"}],"curies":[{"name":"wp","href":"https:\/\/api.w.org\/{rel}","templated":true}]}}