{"id":4175,"date":"2024-08-29T13:31:43","date_gmt":"2024-08-29T10:31:43","guid":{"rendered":"https:\/\/concurs.festivalenescu.ro\/?page_id=4175"},"modified":"2024-08-29T21:43:39","modified_gmt":"2024-08-29T18:43:39","slug":"yongjie-lin","status":"publish","type":"page","link":"https:\/\/2024.festivalenescu.ro\/ro\/concurenti\/sectiunea-pian\/yongjie-lin\/","title":{"rendered":"Yongjie Lin"},"content":{"rendered":"<section class=\"l-section wpb_row height_medium\"><div class=\"l-section-h i-cf\"><div class=\"g-cols vc_row via_flex valign_top type_default stacking_default\"><div class=\"vc_col-sm-6 wpb_column vc_column_container\"><div class=\"vc_column-inner\"><div class=\"wpb_wrapper\"><div class=\"w-hwrapper valign_top align_none\" style=\"--hwrapper-gap:0.2rem\"><\/div><div class=\"wpb_text_column\"><div class=\"wpb_wrapper\"><p><strong>CHINA<\/strong><br \/>\n<strong>30 ianuarie 2004<\/strong><\/p>\n<p>Yongjie Lin s-a n\u0103scut \u00een 2004 \u0219i a \u00eenceput s\u0103 studieze pianul la v\u00e2rsta de 5 ani. A urmat \u0219colile primare \u0219i gimnaziale afiliate Conservatorului Central din Beijing \u0219i a studiat cu Shao Dan. \u00cen prezent, studiaz\u0103 cu Yun-Chin Zhou la Conservatorul Central. De mai mul\u021bi ani, beneficiaz\u0103 \u0219i de \u00eendrumarea regulat\u0103 a lui Philippe Giusiano.<br \/>\nA participat la numeroase cursuri de m\u0103iestrie interna\u021bionale, la care a primit sfaturi valoroase de la Ewa Kupiec, Ingolf Wunder, Kevin Kenner, Dina Yoffe, Stanislav Ioudenitch \u0219i Dang Thai Son.<br \/>\nYongjie Lin a c\u00e2\u0219tigat mai multe premii, inclusiv premiul I la categoria pian la cea de-a VI-a edi\u021bie a Concursului de Burse al \u0218colii Gimnaziale de Muzic\u0103 afiliate Conservatorului Central \u0219i bursa Fan Jianqin a aceleia\u0219i institu\u021bii. A c\u00e2ntat \u00een diverse locuri din Polonia, precum Casa Fryderyk Chopin din Duszniki-Zdr\u00f3j \u0219i la Sala de concerte a Academiei de Muzic\u0103 Karol Szymanowski, precum \u0219i la Conservatorul Central din Beijing.<\/p>\n<\/div><\/div><div class=\"w-separator size_small\"><\/div><div class=\"w-separator size_small\"><\/div><div class=\"wpb_text_column\"><div class=\"wpb_wrapper\"><p>Etapa I<br \/>\n<strong>Johann Sebastian Bach <\/strong>Preludiul \u0219i fuga nr. 8 \u00een mi bemol\/re diez minor BWV 853, <em>Clavecinul bine temperat<\/em> \u2013 Caietul I<br \/>\n<strong>Joseph Haydn <\/strong>Sonata \u00een do minor Hob. XVI\/20<br \/>\n<strong>Fr\u00e9d\u00e9ric Chopin <\/strong>Studiul \u00een sol diez minor op. 25 nr. 6, <em>Thirds<\/em><br \/>\n<strong>Alexander Scriabin <\/strong>Studiul \u00een fa diez major op. 42 nr. 3<\/p>\n<p>Etapa a II-a<br \/>\n<strong>Diana Rotaru <\/strong><em>Bulz <\/em>pentru pian<br \/>\n<strong>Ludwig van Beethoven <\/strong>Sonata nr. 28 \u00een la major op. 101<br \/>\n<strong>Maurice Ravel <\/strong><em>Gaspard de la nuit <\/em>M. 55<\/p>\n<p>Semifinala<br \/>\n<strong>George Enescu <\/strong>Suita nr. 2 \u00een re major op. 10, <em>Des cloches sonores<\/em><br \/>\n<strong>Johannes Brahms <\/strong><em>Varia\u021biuni \u0219i fug\u0103 pe o tem\u0103 de H\u00e4ndel <\/em>op. 24<\/p>\n<p>Finala<br \/>\n<strong>Fr\u00e9d\u00e9ric Chopin <\/strong>Concertul nr. 1 \u00een mi minor pentru pian \u0219i orchestr\u0103 op. 11<\/p>\n<\/div><\/div><\/div><\/div><\/div><div class=\"vc_col-sm-6 wpb_column vc_column_container\"><div class=\"vc_column-inner\"><div class=\"wpb_wrapper\"><div class=\"w-ibanner animation_phorcys ratio_1x1 easing_easeInOutCirc\"><div class=\"w-ibanner-h\"><div class=\"w-ibanner-image\" style=\"background-image: url(https:\/\/2024.festivalenescu.ro\/wp-content\/uploads\/2024\/08\/LIN-Yongjie_1-scaled.jpg)\"><\/div><div class=\"w-ibanner-content\"><div class=\"w-ibanner-content-h\"><h2 class=\"w-ibanner-title\"><\/h2><div class=\"w-ibanner-desc\"><\/div><\/div><\/div><\/div><\/div><\/div><\/div><\/div><\/div><\/div><\/section><section class=\"l-section wpb_row height_medium\"><div class=\"l-section-h i-cf\"><div class=\"g-cols vc_row via_flex valign_top type_default stacking_default\"><div class=\"vc_col-sm-12 wpb_column vc_column_container\"><div class=\"vc_column-inner\"><div class=\"wpb_wrapper\"><div class=\"wpb_text_column\"><div class=\"wpb_wrapper\"><p>Share:<\/p>\n<\/div><\/div><div class=\"w-sharing type_simple align_none color_default\"><div class=\"w-sharing-list\"><a class=\"w-sharing-item email\" href=\"mailto:?subject=Yongjie Lin&amp;body=https:\/\/2024.festivalenescu.ro\/ro\/wp-json\/wp\/v2\/pages\/4175\" title=\"Email this\" aria-label=\"Email this\"><i class=\"fas fa-envelope\"><\/i><\/a><a class=\"w-sharing-item facebook\" href=\"https:\/\/www.facebook.com\/sharer\/sharer.php?u=https:\/\/2024.festivalenescu.ro\/ro\/wp-json\/wp\/v2\/pages\/4175&amp;quote=Yongjie Lin\" title=\"Share this\" aria-label=\"Share this\" onclick=\"window.open(this.href, &quot;facebook&quot;, &quot;toolbar=0,width=900,height=500&quot;); return false;\"><i class=\"fab fa-facebook\"><\/i><\/a><a class=\"w-sharing-item twitter\" href=\"https:\/\/twitter.com\/intent\/tweet?text=Yongjie Lin&amp;url=https:\/\/2024.festivalenescu.ro\/ro\/wp-json\/wp\/v2\/pages\/4175\" title=\"Tweet this\" aria-label=\"Tweet this\" onclick=\"window.open(this.href, &quot;twitter&quot;, &quot;toolbar=0,width=650,height=360&quot;); return false;\"><i class=\"fab fa-x-twitter\"><svg style=\"width:1em; margin-bottom:-.1em;\" xmlns=\"http:\/\/www.w3.org\/2000\/svg\" viewBox=\"0 0 512 512\"><path fill=\"currentColor\" d=\"M389.2 48h70.6L305.6 224.2 487 464H345L233.7 318.6 106.5 464H35.8L200.7 275.5 26.8 48H172.4L272.9 180.9 389.2 48zM364.4 421.8h39.1L151.1 88h-42L364.4 421.8z\"\/><\/svg><\/i><\/a><a class=\"w-sharing-item linkedin\" href=\"https:\/\/www.linkedin.com\/shareArticle?mini=true&amp;url=https:\/\/2024.festivalenescu.ro\/ro\/wp-json\/wp\/v2\/pages\/4175\" title=\"Share this\" aria-label=\"Share this\" onclick=\"window.open(this.href, &quot;linkedin&quot;, &quot;toolbar=no,width=550,height=550&quot;); return false;\"><i class=\"fab fa-linkedin\"><\/i><\/a><a class=\"w-sharing-item whatsapp\" href=\"https:\/\/web.whatsapp.com\/send?text=Yongjie Lin https:\/\/2024.festivalenescu.ro\/ro\/wp-json\/wp\/v2\/pages\/4175\" title=\"Share this\" aria-label=\"Share this\" onclick=\"window.open(this.href, &quot;whatsapp&quot;, &quot;toolbar=0,width=900,height=500&quot;); return false;\"><i class=\"fab fa-whatsapp\"><\/i><\/a><a class=\"w-sharing-item reddit\" href=\"https:\/\/www.reddit.com\/submit?url=https:\/\/2024.festivalenescu.ro\/ro\/wp-json\/wp\/v2\/pages\/4175&amp;title=Yongjie Lin\" title=\"Share this\" aria-label=\"Share this\" onclick=\"window.open(this.href, &quot;reddit&quot;, &quot;toolbar=no,width=900,height=500&quot;); return false;\"><i class=\"fab fa-reddit\"><\/i><\/a><a class=\"w-sharing-item telegram\" href=\"https:\/\/t.me\/share\/url?url=https:\/\/2024.festivalenescu.ro\/ro\/wp-json\/wp\/v2\/pages\/4175&amp;text=Yongjie Lin\" title=\"Share this\" aria-label=\"Share this\" onclick=\"window.open(this.href, &quot;telegram&quot;, &quot;toolbar=no,width=600,height=450&quot;); return false;\"><i class=\"fab fa-telegram\"><\/i><\/a><\/div><\/div><div class=\"w-post-elm post_navigation layout_sided inv_false\"><a class=\"post_navigation-item order_first to_prev\" href=\"https:\/\/2024.festivalenescu.ro\/ro\/concurenti\/sectiunea-pian\/alexa-stier\/\" title=\"Alexa Stier\"><div class=\"post_navigation-item-img\"><img decoding=\"async\" src=\"https:\/\/2024.festivalenescu.ro\/wp-content\/uploads\/2024\/08\/STIER-Alexa_1-749x900.jpg\" loading=\"lazy\" alt=\"\" width=\"150\" height=\"150\"><\/div><div class=\"post_navigation-item-arrow\"><\/div><div class=\"post_navigation-item-title\"><span>Alexa Stier<\/span><\/div><\/a><a class=\"post_navigation-item order_second to_next\" href=\"https:\/\/2024.festivalenescu.ro\/ro\/concurenti\/sectiunea-pian\/takeshi-shimozato\/\" title=\"Takeshi Shimozato\"><div class=\"post_navigation-item-img\"><img decoding=\"async\" src=\"https:\/\/2024.festivalenescu.ro\/wp-content\/uploads\/2024\/08\/SHIMOZATO-Takeshi_1-727x900.jpg\" loading=\"lazy\" alt=\"\" width=\"150\" height=\"150\"><\/div><div class=\"post_navigation-item-arrow\"><\/div><div class=\"post_navigation-item-title\"><span>Takeshi Shimozato<\/span><\/div><\/a><\/div><\/div><\/div><\/div><\/div><\/div><\/section>\n","protected":false},"excerpt":{"rendered":"CHINA 30 ianuarie 2004 Yongjie Lin s-a n\u0103scut \u00een 2004 \u0219i a \u00eenceput s\u0103 studieze pianul la v\u00e2rsta de 5 ani. A urmat \u0219colile primare \u0219i gimnaziale afiliate Conservatorului Central din Beijing \u0219i a studiat cu Shao Dan. \u00cen prezent, studiaz\u0103 cu Yun-Chin Zhou la Conservatorul Central. De mai mul\u021bi ani, beneficiaz\u0103 \u0219i de \u00eendrumarea...","protected":false},"author":4,"featured_media":4172,"parent":2979,"menu_order":0,"comment_status":"closed","ping_status":"closed","template":"","meta":{"footnotes":""},"class_list":["post-4175","page","type-page","status-publish","has-post-thumbnail","hentry"],"_links":{"self":[{"href":"https:\/\/2024.festivalenescu.ro\/ro\/wp-json\/wp\/v2\/pages\/4175","targetHints":{"allow":["GET"]}}],"collection":[{"href":"https:\/\/2024.festivalenescu.ro\/ro\/wp-json\/wp\/v2\/pages"}],"about":[{"href":"https:\/\/2024.festivalenescu.ro\/ro\/wp-json\/wp\/v2\/types\/page"}],"author":[{"embeddable":true,"href":"https:\/\/2024.festivalenescu.ro\/ro\/wp-json\/wp\/v2\/users\/4"}],"replies":[{"embeddable":true,"href":"https:\/\/2024.festivalenescu.ro\/ro\/wp-json\/wp\/v2\/comments?post=4175"}],"version-history":[{"count":3,"href":"https:\/\/2024.festivalenescu.ro\/ro\/wp-json\/wp\/v2\/pages\/4175\/revisions"}],"predecessor-version":[{"id":5212,"href":"https:\/\/2024.festivalenescu.ro\/ro\/wp-json\/wp\/v2\/pages\/4175\/revisions\/5212"}],"up":[{"embeddable":true,"href":"https:\/\/2024.festivalenescu.ro\/ro\/wp-json\/wp\/v2\/pages\/2979"}],"wp:featuredmedia":[{"embeddable":true,"href":"https:\/\/2024.festivalenescu.ro\/ro\/wp-json\/wp\/v2\/media\/4172"}],"wp:attachment":[{"href":"https:\/\/2024.festivalenescu.ro\/ro\/wp-json\/wp\/v2\/media?parent=4175"}],"curies":[{"name":"wp","href":"https:\/\/api.w.org\/{rel}","templated":true}]}}