{"id":4183,"date":"2024-08-29T13:36:25","date_gmt":"2024-08-29T10:36:25","guid":{"rendered":"https:\/\/concurs.festivalenescu.ro\/?page_id=4183"},"modified":"2024-09-11T19:31:34","modified_gmt":"2024-09-11T16:31:34","slug":"roman-lopatynskyi","status":"publish","type":"page","link":"https:\/\/2024.festivalenescu.ro\/ro\/concurenti\/sectiunea-pian\/roman-lopatynskyi\/","title":{"rendered":"Roman Lopatynskyi"},"content":{"rendered":"<section class=\"l-section wpb_row height_medium\"><div class=\"l-section-h i-cf\"><div class=\"g-cols vc_row via_flex valign_top type_default stacking_default\"><div class=\"vc_col-sm-6 wpb_column vc_column_container\"><div class=\"vc_column-inner\"><div class=\"wpb_wrapper\"><div class=\"w-hwrapper valign_top align_none\" style=\"--hwrapper-gap:0.2rem\"><\/div><div class=\"wpb_text_column\"><div class=\"wpb_wrapper\"><p><strong>UCRAINA<\/strong><br \/>\n<strong>29 iunie 1993<\/strong><\/p>\n<p>Roman Lopatynskyi s-a n\u0103scut \u00een 1993 la Kiev. Ca laureat a peste 20 de competi\u021bii interna\u021bionale de pian, precum Concursul Interna\u021bional de Pian Hamamatsu, Concursul Interna\u021bional de Pian Ferruccio Busoni din Bolzano, Concursul Interna\u021bional pentru Tineri Piani\u0219ti \u00een Memoria lui Vladimir Horowitz din Kiev, Concursul Interna\u021bional Arthur Rubinstein Piano Master \u2013, este unul dintre cei mai proeminen\u021bi \u0219i aspiran\u021bi tineri piani\u0219ti din Ucraina. Roman Lopatynskyi este membru al Academia Festivalului Heidelberg din 2017.<br \/>\nEste invitat frecvent s\u0103 c\u00e2nte \u00een s\u0103li de concerte \u0219i la festivaluri interna\u021bionale renumite, precum Ginza Tokyo Hall, Steinway Hall din New York, Festivalul Interna\u021bional de Pian Mariinsky din Sankt Petersburg, Festivalul Next Generation Classic din Bad Ragaz, Festivalul de Muzic\u0103 Heidelberger Fr\u00fchling \u0219i a colaborat cu succes cu Orchestra Simfonic\u0103 Na\u021bional\u0103 \u0219i Filarmonica Na\u021bional\u0103 din Ucraina, Orchestra Simfonic\u0103 din Tokyo, Orchestra Filarmonicii Radiodifuziunii Germane Saarbr\u00fccken Kaiserslautern, Orchestra dell\u2019Arena din Verona \u0219i Filarmonica Teatrului din Bologna. De asemenea, a debutat la Musikverein \u0219i la Konzerthaus din Viena.<\/p>\n<\/div><\/div><div class=\"w-separator size_small\"><\/div><div class=\"w-separator size_small\"><\/div><div class=\"wpb_text_column\"><div class=\"wpb_wrapper\"><p>Etapa I<br \/>\n<strong>Johann Sebastian Bach <\/strong>Preludiul \u0219i fuga nr. 4 \u00een do diez minor BWV 849, <em>Clavecinul bine temperat<\/em> \u2013 Caietul I<br \/>\n<strong>Joseph Haydn <\/strong>Sonata \u00een si minor Hob. XVI\/32<br \/>\n<strong>Claude Debussy\u00a0<\/strong>Studiul L. 136 nr. 12,\u00a0<em>Pour les accords<\/em><br \/>\n<strong>Franz Liszt <\/strong><em>Studiul transcendental <\/em>\u00een re minor S. 139 nr. 4, <em>Mazeppa<\/em><\/p>\n<p>Etapa a II-a<br \/>\n<strong>Ludwig van Beethoven\u00a0<\/strong>Sonata nr. 13 \u00een mi bemol major op. 27,\u00a0<em>Quasi una fantasia<\/em><br \/>\n<strong>Diana Rotaru <\/strong><em>Bulz <\/em>pentru pian<br \/>\n<strong>Igor Stravinski <\/strong><em>Trei mi\u0219c\u0103ri din baletul Petrushka<\/em><\/p>\n<p>Semifinala<br \/>\n<strong>George Enescu <\/strong>Sonata nr. 3 \u00een re major op. 24<br \/>\n<strong>Robert Schumann <\/strong><em>Studiile simfonice <\/em>op. 13 (cu varia\u021biuni postume)<\/p>\n<p>Finala<br \/>\n<strong>Johannes Brahms <\/strong>Concertul nr. 2 \u00een si bemol major pentru pian \u0219i orchestr\u0103 op. 83<\/p>\n<\/div><\/div><\/div><\/div><\/div><div class=\"vc_col-sm-6 wpb_column vc_column_container\"><div class=\"vc_column-inner\"><div class=\"wpb_wrapper\"><div class=\"w-ibanner animation_phorcys ratio_1x1 easing_easeInOutCirc\"><div class=\"w-ibanner-h\"><div class=\"w-ibanner-image\" style=\"background-image: url(https:\/\/2024.festivalenescu.ro\/wp-content\/uploads\/2024\/08\/LOPATYNSKYI-Roman_1-scaled.jpg)\"><\/div><div class=\"w-ibanner-content\"><div class=\"w-ibanner-content-h\"><h2 class=\"w-ibanner-title\"><\/h2><div class=\"w-ibanner-desc\"><\/div><\/div><\/div><\/div><\/div><\/div><\/div><\/div><\/div><\/div><\/section><section class=\"l-section wpb_row height_medium\"><div class=\"l-section-h i-cf\"><div class=\"g-cols vc_row via_flex valign_top type_default stacking_default\"><div class=\"vc_col-sm-12 wpb_column vc_column_container\"><div class=\"vc_column-inner\"><div class=\"wpb_wrapper\"><div class=\"wpb_text_column\"><div class=\"wpb_wrapper\"><p>Share:<\/p>\n<\/div><\/div><div class=\"w-sharing type_simple align_none color_default\"><div class=\"w-sharing-list\"><a class=\"w-sharing-item email\" href=\"mailto:?subject=Roman Lopatynskyi&amp;body=https:\/\/2024.festivalenescu.ro\/ro\/wp-json\/wp\/v2\/pages\/4183\" title=\"Email this\" aria-label=\"Email this\"><i class=\"fas fa-envelope\"><\/i><\/a><a class=\"w-sharing-item facebook\" href=\"https:\/\/www.facebook.com\/sharer\/sharer.php?u=https:\/\/2024.festivalenescu.ro\/ro\/wp-json\/wp\/v2\/pages\/4183&amp;quote=Roman Lopatynskyi\" title=\"Share this\" aria-label=\"Share this\" onclick=\"window.open(this.href, &quot;facebook&quot;, &quot;toolbar=0,width=900,height=500&quot;); return false;\"><i class=\"fab fa-facebook\"><\/i><\/a><a class=\"w-sharing-item twitter\" href=\"https:\/\/twitter.com\/intent\/tweet?text=Roman Lopatynskyi&amp;url=https:\/\/2024.festivalenescu.ro\/ro\/wp-json\/wp\/v2\/pages\/4183\" title=\"Tweet this\" aria-label=\"Tweet this\" onclick=\"window.open(this.href, &quot;twitter&quot;, &quot;toolbar=0,width=650,height=360&quot;); return false;\"><i class=\"fab fa-x-twitter\"><svg style=\"width:1em; margin-bottom:-.1em;\" xmlns=\"http:\/\/www.w3.org\/2000\/svg\" viewBox=\"0 0 512 512\"><path fill=\"currentColor\" d=\"M389.2 48h70.6L305.6 224.2 487 464H345L233.7 318.6 106.5 464H35.8L200.7 275.5 26.8 48H172.4L272.9 180.9 389.2 48zM364.4 421.8h39.1L151.1 88h-42L364.4 421.8z\"\/><\/svg><\/i><\/a><a class=\"w-sharing-item linkedin\" href=\"https:\/\/www.linkedin.com\/shareArticle?mini=true&amp;url=https:\/\/2024.festivalenescu.ro\/ro\/wp-json\/wp\/v2\/pages\/4183\" title=\"Share this\" aria-label=\"Share this\" onclick=\"window.open(this.href, &quot;linkedin&quot;, &quot;toolbar=no,width=550,height=550&quot;); return false;\"><i class=\"fab fa-linkedin\"><\/i><\/a><a class=\"w-sharing-item whatsapp\" href=\"https:\/\/web.whatsapp.com\/send?text=Roman Lopatynskyi https:\/\/2024.festivalenescu.ro\/ro\/wp-json\/wp\/v2\/pages\/4183\" title=\"Share this\" aria-label=\"Share this\" onclick=\"window.open(this.href, &quot;whatsapp&quot;, &quot;toolbar=0,width=900,height=500&quot;); return false;\"><i class=\"fab fa-whatsapp\"><\/i><\/a><a class=\"w-sharing-item reddit\" href=\"https:\/\/www.reddit.com\/submit?url=https:\/\/2024.festivalenescu.ro\/ro\/wp-json\/wp\/v2\/pages\/4183&amp;title=Roman Lopatynskyi\" title=\"Share this\" aria-label=\"Share this\" onclick=\"window.open(this.href, &quot;reddit&quot;, &quot;toolbar=no,width=900,height=500&quot;); return false;\"><i class=\"fab fa-reddit\"><\/i><\/a><a class=\"w-sharing-item telegram\" href=\"https:\/\/t.me\/share\/url?url=https:\/\/2024.festivalenescu.ro\/ro\/wp-json\/wp\/v2\/pages\/4183&amp;text=Roman Lopatynskyi\" title=\"Share this\" aria-label=\"Share this\" onclick=\"window.open(this.href, &quot;telegram&quot;, &quot;toolbar=no,width=600,height=450&quot;); return false;\"><i class=\"fab fa-telegram\"><\/i><\/a><\/div><\/div><div class=\"w-post-elm post_navigation layout_sided inv_false\"><a class=\"post_navigation-item order_first to_prev\" href=\"https:\/\/2024.festivalenescu.ro\/ro\/concurenti\/sectiunea-pian\/asaka-murayama\/\" title=\"Asaka Murayama (Miyoshi)\"><div class=\"post_navigation-item-img\"><img decoding=\"async\" src=\"https:\/\/2024.festivalenescu.ro\/wp-content\/uploads\/2024\/08\/MURAYAMA-Miyoshi-Asaka_1-678x900.jpg\" loading=\"lazy\" alt=\"\" width=\"150\" height=\"150\"><\/div><div class=\"post_navigation-item-arrow\"><\/div><div class=\"post_navigation-item-title\"><span>Asaka Murayama (Miyoshi)<\/span><\/div><\/a><a class=\"post_navigation-item order_second to_next\" href=\"https:\/\/2024.festivalenescu.ro\/ro\/concurenti\/sectiunea-pian\/jeyu-lee\/\" title=\"Jeyu Lee\"><div class=\"post_navigation-item-img\"><img decoding=\"async\" src=\"https:\/\/2024.festivalenescu.ro\/wp-content\/uploads\/2024\/08\/LEE-Jeyu_2-778x900.jpg\" loading=\"lazy\" alt=\"\" width=\"150\" height=\"150\"><\/div><div class=\"post_navigation-item-arrow\"><\/div><div class=\"post_navigation-item-title\"><span>Jeyu Lee<\/span><\/div><\/a><\/div><\/div><\/div><\/div><\/div><\/div><\/section>\n","protected":false},"excerpt":{"rendered":"UCRAINA 29 iunie 1993 Roman Lopatynskyi s-a n\u0103scut \u00een 1993 la Kiev. Ca laureat a peste 20 de competi\u021bii interna\u021bionale de pian, precum Concursul Interna\u021bional de Pian Hamamatsu, Concursul Interna\u021bional de Pian Ferruccio Busoni din Bolzano, Concursul Interna\u021bional pentru Tineri Piani\u0219ti \u00een Memoria lui Vladimir Horowitz din Kiev, Concursul Interna\u021bional Arthur Rubinstein Piano Master \u2013,...","protected":false},"author":4,"featured_media":4180,"parent":2979,"menu_order":0,"comment_status":"closed","ping_status":"closed","template":"","meta":{"footnotes":""},"class_list":["post-4183","page","type-page","status-publish","has-post-thumbnail","hentry"],"_links":{"self":[{"href":"https:\/\/2024.festivalenescu.ro\/ro\/wp-json\/wp\/v2\/pages\/4183","targetHints":{"allow":["GET"]}}],"collection":[{"href":"https:\/\/2024.festivalenescu.ro\/ro\/wp-json\/wp\/v2\/pages"}],"about":[{"href":"https:\/\/2024.festivalenescu.ro\/ro\/wp-json\/wp\/v2\/types\/page"}],"author":[{"embeddable":true,"href":"https:\/\/2024.festivalenescu.ro\/ro\/wp-json\/wp\/v2\/users\/4"}],"replies":[{"embeddable":true,"href":"https:\/\/2024.festivalenescu.ro\/ro\/wp-json\/wp\/v2\/comments?post=4183"}],"version-history":[{"count":4,"href":"https:\/\/2024.festivalenescu.ro\/ro\/wp-json\/wp\/v2\/pages\/4183\/revisions"}],"predecessor-version":[{"id":5786,"href":"https:\/\/2024.festivalenescu.ro\/ro\/wp-json\/wp\/v2\/pages\/4183\/revisions\/5786"}],"up":[{"embeddable":true,"href":"https:\/\/2024.festivalenescu.ro\/ro\/wp-json\/wp\/v2\/pages\/2979"}],"wp:featuredmedia":[{"embeddable":true,"href":"https:\/\/2024.festivalenescu.ro\/ro\/wp-json\/wp\/v2\/media\/4180"}],"wp:attachment":[{"href":"https:\/\/2024.festivalenescu.ro\/ro\/wp-json\/wp\/v2\/media?parent=4183"}],"curies":[{"name":"wp","href":"https:\/\/api.w.org\/{rel}","templated":true}]}}