{"id":4191,"date":"2024-08-29T13:34:44","date_gmt":"2024-08-29T10:34:44","guid":{"rendered":"https:\/\/concurs.festivalenescu.ro\/?page_id=4191"},"modified":"2024-09-10T15:42:35","modified_gmt":"2024-09-10T12:42:35","slug":"asaka-murayama","status":"publish","type":"page","link":"https:\/\/2024.festivalenescu.ro\/ro\/concurenti\/sectiunea-pian\/asaka-murayama\/","title":{"rendered":"Asaka Murayama (Miyoshi)"},"content":{"rendered":"<section class=\"l-section wpb_row height_medium\"><div class=\"l-section-h i-cf\"><div class=\"g-cols vc_row via_flex valign_top type_default stacking_default\"><div class=\"vc_col-sm-6 wpb_column vc_column_container\"><div class=\"vc_column-inner\"><div class=\"wpb_wrapper\"><div class=\"w-hwrapper valign_top align_none\" style=\"--hwrapper-gap:0.2rem\"><\/div><div class=\"wpb_text_column\"><div class=\"wpb_wrapper\"><p><strong>JAPONIA<\/strong><br \/>\n<strong>2 iunie 1994<\/strong><\/p>\n<p>Asaka Murayama (Miyoshi) s-a n\u0103scut \u00een 1994 \u00een Japonia. \u00cen prezent studiaz\u0103 cu Jacques Rouvier la Universitatea Mozarteum din Salzburg \u0219i cu Leonid Margarius la Academia Interna\u021bional\u0103 de Pian din Imola. De asemenea, a studiat cu Yu Kakuno la Universitatea de Arte din Tokyo.<br \/>\nA ob\u021binut premiul I \u0219i premiul special al juriului la Concursul Interna\u021bional de Pian pentru Tineret Rahmaninov de la Moscova, premiul III la Concursul de Pian PTNA, premiul II \u00een divizia profesional\u0103 la Concursul Interna\u021bional de Pian Chopin din Asia, premiul III la Concursul de Pian Kitamoto, premiul I la Concursul France Music \u0219i premiul II la Concursul Interna\u021bional de Pian Sakai. De asemenea, a fost finalist\u0103 la Concursul Interna\u021bional de Pian Chopin, semifinalist\u0103 la Concursul de Pian Orbetello din Italia \u0219i semifinalist\u0103 la Concursul Interna\u021bional de Pian din Lyon, Fran\u021ba. A primit o diplom\u0103 la Concursul Interna\u021bional de Pian Chopin din Polonia \u0219i o diplom\u0103 onorific\u0103 special\u0103 de la Euregio Piano Award din Germania.<br \/>\nA sus\u021binut diverse concerte \u0219i serii de recitaluri \u00een Japonia, al\u0103turi de Orchestra Simfonic\u0103 din Osaka, Orchestra Filarmonicii Chiba New Town, Orchestra Filarmonicii Tokyo Geidai, Orchestra Simfonic\u0103 din Tokyo \u0219i Orchestra Filarmonicii Okayama.<\/p>\n<\/div><\/div><div class=\"w-separator size_small\"><\/div><div class=\"w-separator size_small\"><\/div><div class=\"wpb_text_column\"><div class=\"wpb_wrapper\"><p>Etapa I<br \/>\n<strong>Johann Sebastian Bach <\/strong>Preludiul \u0219i fuga nr. 4 \u00een do diez minor BWV 849, <em>Clavecinul bine temperat<\/em> \u2013 Caietul I<br \/>\n<strong>Fr\u00e9d\u00e9ric Chopin <\/strong>Studiul \u00een la bemol major op. 10 nr. 10<br \/>\n<strong>Claude Debussy <\/strong>Studiul L. 136 nr. 6, <em>Pour les huit doigts<\/em><br \/>\n<strong>Wolfgang Amadeus Mozart<\/strong> Sonata nr. 4 \u00een mi bemol major KV. 282<\/p>\n<p>Etapa a II-a<br \/>\n<strong>Diana Rotaru <\/strong><em>Bulz <\/em>pentru pian<br \/>\n<strong>Ludwig van Beethoven <\/strong>Sonata nr. 28 \u00een la major op. 101<br \/>\n<strong>Alexander Scriabin <\/strong>Sonata nr. 3 \u00een fa diez minor op. 23<\/p>\n<p>Semifinala<br \/>\n<strong>George Enescu <\/strong>Sonata nr. 3 \u00een re major op. 24<br \/>\n<strong>Robert Schumann <\/strong><em>Carnaval <\/em>op. 9<\/p>\n<p>Finala<br \/>\n<strong>Fr\u00e9d\u00e9ric Chopin <\/strong>Concertul nr. 1 \u00een mi minor pentru pian \u0219i orchestr\u0103 op. 11<\/p>\n<\/div><\/div><\/div><\/div><\/div><div class=\"vc_col-sm-6 wpb_column vc_column_container\"><div class=\"vc_column-inner\"><div class=\"wpb_wrapper\"><div class=\"w-ibanner animation_phorcys ratio_1x1 easing_easeInOutCirc\"><div class=\"w-ibanner-h\"><div class=\"w-ibanner-image\" style=\"background-image: url(https:\/\/2024.festivalenescu.ro\/wp-content\/uploads\/2024\/08\/MURAYAMA-Miyoshi-Asaka_1.jpg)\"><\/div><div class=\"w-ibanner-content\"><div class=\"w-ibanner-content-h\"><h2 class=\"w-ibanner-title\"><\/h2><div class=\"w-ibanner-desc\"><\/div><\/div><\/div><\/div><\/div><\/div><\/div><\/div><\/div><\/div><\/section><section class=\"l-section wpb_row height_medium\"><div class=\"l-section-h i-cf\"><div class=\"g-cols vc_row via_flex valign_top type_default stacking_default\"><div class=\"vc_col-sm-12 wpb_column vc_column_container\"><div class=\"vc_column-inner\"><div class=\"wpb_wrapper\"><div class=\"wpb_text_column\"><div class=\"wpb_wrapper\"><p>Share:<\/p>\n<\/div><\/div><div class=\"w-sharing type_simple align_none color_default\"><div class=\"w-sharing-list\"><a class=\"w-sharing-item email\" href=\"mailto:?subject=Asaka Murayama (Miyoshi)&amp;body=https:\/\/2024.festivalenescu.ro\/ro\/wp-json\/wp\/v2\/pages\/4191\" title=\"Email this\" aria-label=\"Email this\"><i class=\"fas fa-envelope\"><\/i><\/a><a class=\"w-sharing-item facebook\" href=\"https:\/\/www.facebook.com\/sharer\/sharer.php?u=https:\/\/2024.festivalenescu.ro\/ro\/wp-json\/wp\/v2\/pages\/4191&amp;quote=Asaka Murayama (Miyoshi)\" title=\"Share this\" aria-label=\"Share this\" onclick=\"window.open(this.href, &quot;facebook&quot;, &quot;toolbar=0,width=900,height=500&quot;); return false;\"><i class=\"fab fa-facebook\"><\/i><\/a><a class=\"w-sharing-item twitter\" href=\"https:\/\/twitter.com\/intent\/tweet?text=Asaka Murayama (Miyoshi)&amp;url=https:\/\/2024.festivalenescu.ro\/ro\/wp-json\/wp\/v2\/pages\/4191\" title=\"Tweet this\" aria-label=\"Tweet this\" onclick=\"window.open(this.href, &quot;twitter&quot;, &quot;toolbar=0,width=650,height=360&quot;); return false;\"><i class=\"fab fa-x-twitter\"><svg style=\"width:1em; margin-bottom:-.1em;\" xmlns=\"http:\/\/www.w3.org\/2000\/svg\" viewBox=\"0 0 512 512\"><path fill=\"currentColor\" d=\"M389.2 48h70.6L305.6 224.2 487 464H345L233.7 318.6 106.5 464H35.8L200.7 275.5 26.8 48H172.4L272.9 180.9 389.2 48zM364.4 421.8h39.1L151.1 88h-42L364.4 421.8z\"\/><\/svg><\/i><\/a><a class=\"w-sharing-item linkedin\" href=\"https:\/\/www.linkedin.com\/shareArticle?mini=true&amp;url=https:\/\/2024.festivalenescu.ro\/ro\/wp-json\/wp\/v2\/pages\/4191\" title=\"Share this\" aria-label=\"Share this\" onclick=\"window.open(this.href, &quot;linkedin&quot;, &quot;toolbar=no,width=550,height=550&quot;); return false;\"><i class=\"fab fa-linkedin\"><\/i><\/a><a class=\"w-sharing-item whatsapp\" href=\"https:\/\/web.whatsapp.com\/send?text=Asaka Murayama (Miyoshi) https:\/\/2024.festivalenescu.ro\/ro\/wp-json\/wp\/v2\/pages\/4191\" title=\"Share this\" aria-label=\"Share this\" onclick=\"window.open(this.href, &quot;whatsapp&quot;, &quot;toolbar=0,width=900,height=500&quot;); return false;\"><i class=\"fab fa-whatsapp\"><\/i><\/a><a class=\"w-sharing-item reddit\" href=\"https:\/\/www.reddit.com\/submit?url=https:\/\/2024.festivalenescu.ro\/ro\/wp-json\/wp\/v2\/pages\/4191&amp;title=Asaka Murayama (Miyoshi)\" title=\"Share this\" aria-label=\"Share this\" onclick=\"window.open(this.href, &quot;reddit&quot;, &quot;toolbar=no,width=900,height=500&quot;); return false;\"><i class=\"fab fa-reddit\"><\/i><\/a><a class=\"w-sharing-item telegram\" href=\"https:\/\/t.me\/share\/url?url=https:\/\/2024.festivalenescu.ro\/ro\/wp-json\/wp\/v2\/pages\/4191&amp;text=Asaka Murayama (Miyoshi)\" title=\"Share this\" aria-label=\"Share this\" onclick=\"window.open(this.href, &quot;telegram&quot;, &quot;toolbar=no,width=600,height=450&quot;); return false;\"><i class=\"fab fa-telegram\"><\/i><\/a><\/div><\/div><div class=\"w-post-elm post_navigation layout_sided inv_false\"><a class=\"post_navigation-item order_first to_prev\" href=\"https:\/\/2024.festivalenescu.ro\/ro\/concurenti\/sectiunea-pian\/yeondong-park\/\" title=\"Yeondong Park\"><div class=\"post_navigation-item-img\"><img decoding=\"async\" src=\"https:\/\/2024.festivalenescu.ro\/wp-content\/uploads\/2024\/08\/PARK-Yeondong_1-826x900.jpg\" loading=\"lazy\" alt=\"\" width=\"150\" height=\"150\"><\/div><div class=\"post_navigation-item-arrow\"><\/div><div class=\"post_navigation-item-title\"><span>Yeondong Park<\/span><\/div><\/a><a class=\"post_navigation-item order_second to_next\" href=\"https:\/\/2024.festivalenescu.ro\/ro\/concurenti\/sectiunea-pian\/roman-lopatynskyi\/\" title=\"Roman Lopatynskyi\"><div class=\"post_navigation-item-img\"><img decoding=\"async\" src=\"https:\/\/2024.festivalenescu.ro\/wp-content\/uploads\/2024\/08\/LOPATYNSKYI-Roman_1-900x831.jpg\" loading=\"lazy\" alt=\"\" width=\"150\" height=\"150\"><\/div><div class=\"post_navigation-item-arrow\"><\/div><div class=\"post_navigation-item-title\"><span>Roman Lopatynskyi<\/span><\/div><\/a><\/div><\/div><\/div><\/div><\/div><\/div><\/section>\n","protected":false},"excerpt":{"rendered":"JAPONIA 2 iunie 1994 Asaka Murayama (Miyoshi) s-a n\u0103scut \u00een 1994 \u00een Japonia. \u00cen prezent studiaz\u0103 cu Jacques Rouvier la Universitatea Mozarteum din Salzburg \u0219i cu Leonid Margarius la Academia Interna\u021bional\u0103 de Pian din Imola. De asemenea, a studiat cu Yu Kakuno la Universitatea de Arte din Tokyo. A ob\u021binut premiul I \u0219i premiul special...","protected":false},"author":4,"featured_media":4188,"parent":2979,"menu_order":0,"comment_status":"closed","ping_status":"closed","template":"","meta":{"footnotes":""},"class_list":["post-4191","page","type-page","status-publish","has-post-thumbnail","hentry"],"_links":{"self":[{"href":"https:\/\/2024.festivalenescu.ro\/ro\/wp-json\/wp\/v2\/pages\/4191","targetHints":{"allow":["GET"]}}],"collection":[{"href":"https:\/\/2024.festivalenescu.ro\/ro\/wp-json\/wp\/v2\/pages"}],"about":[{"href":"https:\/\/2024.festivalenescu.ro\/ro\/wp-json\/wp\/v2\/types\/page"}],"author":[{"embeddable":true,"href":"https:\/\/2024.festivalenescu.ro\/ro\/wp-json\/wp\/v2\/users\/4"}],"replies":[{"embeddable":true,"href":"https:\/\/2024.festivalenescu.ro\/ro\/wp-json\/wp\/v2\/comments?post=4191"}],"version-history":[{"count":4,"href":"https:\/\/2024.festivalenescu.ro\/ro\/wp-json\/wp\/v2\/pages\/4191\/revisions"}],"predecessor-version":[{"id":5732,"href":"https:\/\/2024.festivalenescu.ro\/ro\/wp-json\/wp\/v2\/pages\/4191\/revisions\/5732"}],"up":[{"embeddable":true,"href":"https:\/\/2024.festivalenescu.ro\/ro\/wp-json\/wp\/v2\/pages\/2979"}],"wp:featuredmedia":[{"embeddable":true,"href":"https:\/\/2024.festivalenescu.ro\/ro\/wp-json\/wp\/v2\/media\/4188"}],"wp:attachment":[{"href":"https:\/\/2024.festivalenescu.ro\/ro\/wp-json\/wp\/v2\/media?parent=4191"}],"curies":[{"name":"wp","href":"https:\/\/api.w.org\/{rel}","templated":true}]}}