{"id":4207,"date":"2024-08-29T13:28:11","date_gmt":"2024-08-29T10:28:11","guid":{"rendered":"https:\/\/concurs.festivalenescu.ro\/?page_id=4207"},"modified":"2024-09-02T15:07:38","modified_gmt":"2024-09-02T12:07:38","slug":"seokmin-on","status":"publish","type":"page","link":"https:\/\/2024.festivalenescu.ro\/ro\/concurenti\/sectiunea-pian\/seokmin-on\/","title":{"rendered":"Seokmin On"},"content":{"rendered":"<section class=\"l-section wpb_row height_medium\"><div class=\"l-section-h i-cf\"><div class=\"g-cols vc_row via_flex valign_top type_default stacking_default\"><div class=\"vc_col-sm-6 wpb_column vc_column_container\"><div class=\"vc_column-inner\"><div class=\"wpb_wrapper\"><div class=\"w-hwrapper valign_top align_none\" style=\"--hwrapper-gap:0.2rem\"><\/div><div class=\"wpb_text_column\"><div class=\"wpb_wrapper\"><p><strong>SUA<\/strong><br \/>\n<strong>19 septembrie 1992<\/strong><\/p>\n<p>N\u0103scut \u00een Coreea de Sud, Seokmin On locuie\u0219te \u00een Statele Unite ale Americii de la v\u00e2rsta de 14 ani. S-a format de timpuriu \u00een Philadelphia, studiind cu Charles Abramovic la Universitatea Temple Music Preparatory. La v\u00e2rsta de 18 ani, a c\u00e2\u0219tigat Concursul Interna\u021bional de Pian Marian Garcia \u0219i a debutat al\u0103turi de Orchestra Simfonic\u0103 Lansdowne.<br \/>\nS-a prezentat la cursuri de m\u0103iestrie din \u00eentreaga lume, \u00een fa\u021ba unor muzicieni renumi\u021bi care l-au inspirat, precum Martin Canin, Nelita True, Marc Durand, Andr\u00e9 Laplante, Alexei Volodin, Alexander Melnikov, Dina Yoffe, Julian Martin, Severin von Eckardstein \u0219i Matti Raekallio.<br \/>\nAbsolvent al Universit\u0103\u021bii Bloomington din Indiana (studii de licen\u021b\u0103 \u0219i doctorale) \u0219i al Universit\u0103\u021bii de Muzic\u0103 \u0219i Dans din K\u00f6ln (studii de master), profesorii principali ai lui Seokmin On au fost Fabio Bidini, Evelyne Brancart, Andr\u00e9 Watts \u0219i Edward Auer. \u00cen prezent, urmeaz\u0103 studii postuniversitare (Konzertexamen) la Universitatea de Muzic\u0103 \u0219i Dans din K\u00f6ln, sub \u00eendrumarea lui Claudio Mart\u00ednez Mehner \u0219i a Ninei Tichman.<\/p>\n<\/div><\/div><div class=\"w-separator size_small\"><\/div><div class=\"w-separator size_small\"><\/div><div class=\"wpb_text_column\"><div class=\"wpb_wrapper\"><p>Etapa I<br \/>\n<strong>Johann Sebastian Bach <\/strong>Preludiul \u0219i fuga nr. 10 \u00een mi minor BWV 879, <em>Clavecinul bine temperat<\/em> \u2013 Caietul II<br \/>\n<strong>Joseph Haydn <\/strong>Sonata \u00een fa major Hob. XVI\/23<br \/>\n<strong>Fr\u00e9d\u00e9ric Chopin <\/strong>Studiul \u00een la minor op. 25 nr. 11, <em>Winter Wind<\/em><br \/>\n<strong>Alexander Scriabin <\/strong>Studiul op. 65 nr. 3<\/p>\n<p>Etapa a II-a<br \/>\n<strong>Diana Rotaru <\/strong><em>Bulz <\/em>pentru pian<br \/>\n<strong>Ludwig van Beethoven <\/strong>Sonata nr. 30 \u00een mi major op. 109<br \/>\n<strong>Serghei Rahmaninov <\/strong>Sonata nr. 2 \u00een si bemol minor op. 36 (versiunea din 1931)<\/p>\n<p>Semifinala<br \/>\n<strong>George Enescu <\/strong>Suita nr. 2 \u00een re major op. 10, <em>Des cloches sonores<\/em><br \/>\n<strong>Robert Schumann <\/strong>Sonata nr. 1 \u00een fa diez minor op. 11<\/p>\n<p>Finala<br \/>\n<strong>Piotr Ilici Ceaikovski <\/strong>Concertul nr. 1 \u00een si bemol minor pentru pian \u0219i orchestr\u0103 op. 23<\/p>\n<\/div><\/div><\/div><\/div><\/div><div class=\"vc_col-sm-6 wpb_column vc_column_container\"><div class=\"vc_column-inner\"><div class=\"wpb_wrapper\"><div class=\"w-ibanner animation_phorcys ratio_1x1 easing_easeInOutCirc\"><div class=\"w-ibanner-h\"><div class=\"w-ibanner-image\" style=\"background-image: url(https:\/\/2024.festivalenescu.ro\/wp-content\/uploads\/2024\/08\/ON-Seokmin_1.jpg)\"><\/div><div class=\"w-ibanner-content\"><div class=\"w-ibanner-content-h\"><h2 class=\"w-ibanner-title\"><\/h2><div class=\"w-ibanner-desc\"><\/div><\/div><\/div><\/div><\/div><\/div><\/div><\/div><\/div><\/div><\/section><section class=\"l-section wpb_row height_medium\"><div class=\"l-section-h i-cf\"><div class=\"g-cols vc_row via_flex valign_top type_default stacking_default\"><div class=\"vc_col-sm-12 wpb_column vc_column_container\"><div class=\"vc_column-inner\"><div class=\"wpb_wrapper\"><div class=\"wpb_text_column\"><div class=\"wpb_wrapper\"><p>Share:<\/p>\n<\/div><\/div><div class=\"w-sharing type_simple align_none color_default\"><div class=\"w-sharing-list\"><a class=\"w-sharing-item email\" href=\"mailto:?subject=Seokmin On&amp;body=https:\/\/2024.festivalenescu.ro\/ro\/wp-json\/wp\/v2\/pages\/4207\" title=\"Email this\" aria-label=\"Email this\"><i class=\"fas fa-envelope\"><\/i><\/a><a class=\"w-sharing-item facebook\" href=\"https:\/\/www.facebook.com\/sharer\/sharer.php?u=https:\/\/2024.festivalenescu.ro\/ro\/wp-json\/wp\/v2\/pages\/4207&amp;quote=Seokmin On\" title=\"Share this\" aria-label=\"Share this\" onclick=\"window.open(this.href, &quot;facebook&quot;, &quot;toolbar=0,width=900,height=500&quot;); return false;\"><i class=\"fab fa-facebook\"><\/i><\/a><a class=\"w-sharing-item twitter\" href=\"https:\/\/twitter.com\/intent\/tweet?text=Seokmin On&amp;url=https:\/\/2024.festivalenescu.ro\/ro\/wp-json\/wp\/v2\/pages\/4207\" title=\"Tweet this\" aria-label=\"Tweet this\" onclick=\"window.open(this.href, &quot;twitter&quot;, &quot;toolbar=0,width=650,height=360&quot;); return false;\"><i class=\"fab fa-x-twitter\"><svg style=\"width:1em; margin-bottom:-.1em;\" xmlns=\"http:\/\/www.w3.org\/2000\/svg\" viewBox=\"0 0 512 512\"><path fill=\"currentColor\" d=\"M389.2 48h70.6L305.6 224.2 487 464H345L233.7 318.6 106.5 464H35.8L200.7 275.5 26.8 48H172.4L272.9 180.9 389.2 48zM364.4 421.8h39.1L151.1 88h-42L364.4 421.8z\"\/><\/svg><\/i><\/a><a class=\"w-sharing-item linkedin\" href=\"https:\/\/www.linkedin.com\/shareArticle?mini=true&amp;url=https:\/\/2024.festivalenescu.ro\/ro\/wp-json\/wp\/v2\/pages\/4207\" title=\"Share this\" aria-label=\"Share this\" onclick=\"window.open(this.href, &quot;linkedin&quot;, &quot;toolbar=no,width=550,height=550&quot;); return false;\"><i class=\"fab fa-linkedin\"><\/i><\/a><a class=\"w-sharing-item whatsapp\" href=\"https:\/\/web.whatsapp.com\/send?text=Seokmin On https:\/\/2024.festivalenescu.ro\/ro\/wp-json\/wp\/v2\/pages\/4207\" title=\"Share this\" aria-label=\"Share this\" onclick=\"window.open(this.href, &quot;whatsapp&quot;, &quot;toolbar=0,width=900,height=500&quot;); return false;\"><i class=\"fab fa-whatsapp\"><\/i><\/a><a class=\"w-sharing-item reddit\" href=\"https:\/\/www.reddit.com\/submit?url=https:\/\/2024.festivalenescu.ro\/ro\/wp-json\/wp\/v2\/pages\/4207&amp;title=Seokmin On\" title=\"Share this\" aria-label=\"Share this\" onclick=\"window.open(this.href, &quot;reddit&quot;, &quot;toolbar=no,width=900,height=500&quot;); return false;\"><i class=\"fab fa-reddit\"><\/i><\/a><a class=\"w-sharing-item telegram\" href=\"https:\/\/t.me\/share\/url?url=https:\/\/2024.festivalenescu.ro\/ro\/wp-json\/wp\/v2\/pages\/4207&amp;text=Seokmin On\" title=\"Share this\" aria-label=\"Share this\" onclick=\"window.open(this.href, &quot;telegram&quot;, &quot;toolbar=no,width=600,height=450&quot;); return false;\"><i class=\"fab fa-telegram\"><\/i><\/a><\/div><\/div><div class=\"w-post-elm post_navigation layout_sided inv_false\"><a class=\"post_navigation-item order_first to_prev\" href=\"https:\/\/2024.festivalenescu.ro\/ro\/concurenti\/sectiunea-pian\/kostandin-tashko\/\" title=\"Kostandin Tashko\"><div class=\"post_navigation-item-img\"><img decoding=\"async\" src=\"https:\/\/2024.festivalenescu.ro\/wp-content\/uploads\/2024\/08\/TASHKO-Konstandin_1-858x900.jpeg\" loading=\"lazy\" alt=\"\" width=\"150\" height=\"150\"><\/div><div class=\"post_navigation-item-arrow\"><\/div><div class=\"post_navigation-item-title\"><span>Kostandin Tashko<\/span><\/div><\/a><a class=\"post_navigation-item order_second to_next\" href=\"https:\/\/2024.festivalenescu.ro\/ro\/concurenti\/sectiunea-pian\/alexa-stier\/\" title=\"Alexa Stier\"><div class=\"post_navigation-item-img\"><img decoding=\"async\" src=\"https:\/\/2024.festivalenescu.ro\/wp-content\/uploads\/2024\/08\/STIER-Alexa_1-749x900.jpg\" loading=\"lazy\" alt=\"\" width=\"150\" height=\"150\"><\/div><div class=\"post_navigation-item-arrow\"><\/div><div class=\"post_navigation-item-title\"><span>Alexa Stier<\/span><\/div><\/a><\/div><\/div><\/div><\/div><\/div><\/div><\/section>\n","protected":false},"excerpt":{"rendered":"SUA 19 septembrie 1992 N\u0103scut \u00een Coreea de Sud, Seokmin On locuie\u0219te \u00een Statele Unite ale Americii de la v\u00e2rsta de 14 ani. S-a format de timpuriu \u00een Philadelphia, studiind cu Charles Abramovic la Universitatea Temple Music Preparatory. La v\u00e2rsta de 18 ani, a c\u00e2\u0219tigat Concursul Interna\u021bional de Pian Marian Garcia \u0219i a debutat al\u0103turi...","protected":false},"author":4,"featured_media":4204,"parent":2979,"menu_order":0,"comment_status":"closed","ping_status":"closed","template":"","meta":{"footnotes":""},"class_list":["post-4207","page","type-page","status-publish","has-post-thumbnail","hentry"],"_links":{"self":[{"href":"https:\/\/2024.festivalenescu.ro\/ro\/wp-json\/wp\/v2\/pages\/4207","targetHints":{"allow":["GET"]}}],"collection":[{"href":"https:\/\/2024.festivalenescu.ro\/ro\/wp-json\/wp\/v2\/pages"}],"about":[{"href":"https:\/\/2024.festivalenescu.ro\/ro\/wp-json\/wp\/v2\/types\/page"}],"author":[{"embeddable":true,"href":"https:\/\/2024.festivalenescu.ro\/ro\/wp-json\/wp\/v2\/users\/4"}],"replies":[{"embeddable":true,"href":"https:\/\/2024.festivalenescu.ro\/ro\/wp-json\/wp\/v2\/comments?post=4207"}],"version-history":[{"count":5,"href":"https:\/\/2024.festivalenescu.ro\/ro\/wp-json\/wp\/v2\/pages\/4207\/revisions"}],"predecessor-version":[{"id":5492,"href":"https:\/\/2024.festivalenescu.ro\/ro\/wp-json\/wp\/v2\/pages\/4207\/revisions\/5492"}],"up":[{"embeddable":true,"href":"https:\/\/2024.festivalenescu.ro\/ro\/wp-json\/wp\/v2\/pages\/2979"}],"wp:featuredmedia":[{"embeddable":true,"href":"https:\/\/2024.festivalenescu.ro\/ro\/wp-json\/wp\/v2\/media\/4204"}],"wp:attachment":[{"href":"https:\/\/2024.festivalenescu.ro\/ro\/wp-json\/wp\/v2\/media?parent=4207"}],"curies":[{"name":"wp","href":"https:\/\/api.w.org\/{rel}","templated":true}]}}