{"id":4231,"date":"2024-08-29T13:32:07","date_gmt":"2024-08-29T10:32:07","guid":{"rendered":"https:\/\/concurs.festivalenescu.ro\/?page_id=4231"},"modified":"2024-08-29T21:34:54","modified_gmt":"2024-08-29T18:34:54","slug":"takeshi-shimozato","status":"publish","type":"page","link":"https:\/\/2024.festivalenescu.ro\/ro\/concurenti\/sectiunea-pian\/takeshi-shimozato\/","title":{"rendered":"Takeshi Shimozato"},"content":{"rendered":"<section class=\"l-section wpb_row height_medium\"><div class=\"l-section-h i-cf\"><div class=\"g-cols vc_row via_flex valign_top type_default stacking_default\"><div class=\"vc_col-sm-6 wpb_column vc_column_container\"><div class=\"vc_column-inner\"><div class=\"wpb_wrapper\"><div class=\"w-hwrapper valign_top align_none\" style=\"--hwrapper-gap:0.2rem\"><\/div><div class=\"wpb_text_column\"><div class=\"wpb_wrapper\"><p><strong>JAPONIA<\/strong><br \/>\n<strong>5 iulie 1993<\/strong><\/p>\n<p>N\u0103scut \u00een Okinawa, Japonia, Takeshi Shimozato a \u00eenceput s\u0103 studieze muzica la v\u00e2rsta de 10 ani. A lucrat cu profesorul Pascal Rog\u00e9 la \u0218coala Normal\u0103 de Muzic\u0103 Alfred Cortot din Paris \u0219i cu profesorul Leonid Margarius la Funda\u021bia Academia Interna\u021bional\u0103 din Imola Incontri con il Maestro. A participat la cursuri de m\u0103iestrie sus\u021binute de Anna Kravtchenko, Alexander Romanovsky \u0219i Mikhail Voskresensky.<\/p>\n<\/div><\/div><div class=\"w-separator size_small\"><\/div><div class=\"w-separator size_small\"><\/div><div class=\"wpb_text_column\"><div class=\"wpb_wrapper\"><p>Etapa I<br \/>\n<strong>Johann Sebastian Bach <\/strong>Preludiul \u0219i fuga nr. 18 sol diez minor BWV 863, <em>Clavecinul bine temperat<\/em> \u2013 Caietul I<br \/>\n<strong>Joseph Haydn <\/strong>Sonata \u00een do major Hob. XVI\/50<br \/>\n<strong>Franz Liszt <\/strong><em>Studiul dup\u0103 Paganini <\/em>S. 141 nr. 3, <em>La campanella<\/em><br \/>\n<strong>Claude Debussy <\/strong>Studiul L. 136 nr. 11, <em>Pour les arp\u00e8ges compos\u00e9s<\/em><\/p>\n<p>Etapa a II-a<br \/>\n<strong>Diana Rotaru <\/strong><em>Bulz <\/em>pentru pian<br \/>\n<strong>Ludwig van Beethoven <\/strong>Sonata nr. 3 \u00een do major op. 2<br \/>\n<strong>Serghei Rahmaninov <\/strong>Sonata nr. 2 \u00een si bemol minor op. 36 (versiunea din 1931)<\/p>\n<p>Semifinala<br \/>\n<strong>George Enescu <\/strong>Suita nr. 2 \u00een re major op. 10, <em>Des cloches sonores<\/em><br \/>\n<strong>Robert Schumann <\/strong><em>Kreisleriana <\/em>op. 16<\/p>\n<p>Finala<br \/>\n<strong>Piotr Ilici Ceaikovski <\/strong>Concertul nr. 1 \u00een si bemol minor pentru pian \u0219i orchestr\u0103 op. 23<\/p>\n<\/div><\/div><\/div><\/div><\/div><div class=\"vc_col-sm-6 wpb_column vc_column_container\"><div class=\"vc_column-inner\"><div class=\"wpb_wrapper\"><div class=\"w-ibanner animation_phorcys ratio_1x1 easing_easeInOutCirc\"><div class=\"w-ibanner-h\"><div class=\"w-ibanner-image\" style=\"background-image: url(https:\/\/2024.festivalenescu.ro\/wp-content\/uploads\/2024\/08\/SHIMOZATO-Takeshi_1.jpg)\"><\/div><div class=\"w-ibanner-content\"><div class=\"w-ibanner-content-h\"><h2 class=\"w-ibanner-title\"><\/h2><div class=\"w-ibanner-desc\"><\/div><\/div><\/div><\/div><\/div><\/div><\/div><\/div><\/div><\/div><\/section><section class=\"l-section wpb_row height_medium\"><div class=\"l-section-h i-cf\"><div class=\"g-cols vc_row via_flex valign_top type_default stacking_default\"><div class=\"vc_col-sm-12 wpb_column vc_column_container\"><div class=\"vc_column-inner\"><div class=\"wpb_wrapper\"><div class=\"wpb_text_column\"><div class=\"wpb_wrapper\"><p>Share:<\/p>\n<\/div><\/div><div class=\"w-sharing type_simple align_none color_default\"><div class=\"w-sharing-list\"><a class=\"w-sharing-item email\" href=\"mailto:?subject=Takeshi Shimozato&amp;body=https:\/\/2024.festivalenescu.ro\/ro\/wp-json\/wp\/v2\/pages\/4231\" title=\"Email this\" aria-label=\"Email this\"><i class=\"fas fa-envelope\"><\/i><\/a><a class=\"w-sharing-item facebook\" href=\"https:\/\/www.facebook.com\/sharer\/sharer.php?u=https:\/\/2024.festivalenescu.ro\/ro\/wp-json\/wp\/v2\/pages\/4231&amp;quote=Takeshi Shimozato\" title=\"Share this\" aria-label=\"Share this\" onclick=\"window.open(this.href, &quot;facebook&quot;, &quot;toolbar=0,width=900,height=500&quot;); return false;\"><i class=\"fab fa-facebook\"><\/i><\/a><a class=\"w-sharing-item twitter\" href=\"https:\/\/twitter.com\/intent\/tweet?text=Takeshi Shimozato&amp;url=https:\/\/2024.festivalenescu.ro\/ro\/wp-json\/wp\/v2\/pages\/4231\" title=\"Tweet this\" aria-label=\"Tweet this\" onclick=\"window.open(this.href, &quot;twitter&quot;, &quot;toolbar=0,width=650,height=360&quot;); return false;\"><i class=\"fab fa-x-twitter\"><svg style=\"width:1em; margin-bottom:-.1em;\" xmlns=\"http:\/\/www.w3.org\/2000\/svg\" viewBox=\"0 0 512 512\"><path fill=\"currentColor\" d=\"M389.2 48h70.6L305.6 224.2 487 464H345L233.7 318.6 106.5 464H35.8L200.7 275.5 26.8 48H172.4L272.9 180.9 389.2 48zM364.4 421.8h39.1L151.1 88h-42L364.4 421.8z\"\/><\/svg><\/i><\/a><a class=\"w-sharing-item linkedin\" href=\"https:\/\/www.linkedin.com\/shareArticle?mini=true&amp;url=https:\/\/2024.festivalenescu.ro\/ro\/wp-json\/wp\/v2\/pages\/4231\" title=\"Share this\" aria-label=\"Share this\" onclick=\"window.open(this.href, &quot;linkedin&quot;, &quot;toolbar=no,width=550,height=550&quot;); return false;\"><i class=\"fab fa-linkedin\"><\/i><\/a><a class=\"w-sharing-item whatsapp\" href=\"https:\/\/web.whatsapp.com\/send?text=Takeshi Shimozato https:\/\/2024.festivalenescu.ro\/ro\/wp-json\/wp\/v2\/pages\/4231\" title=\"Share this\" aria-label=\"Share this\" onclick=\"window.open(this.href, &quot;whatsapp&quot;, &quot;toolbar=0,width=900,height=500&quot;); return false;\"><i class=\"fab fa-whatsapp\"><\/i><\/a><a class=\"w-sharing-item reddit\" href=\"https:\/\/www.reddit.com\/submit?url=https:\/\/2024.festivalenescu.ro\/ro\/wp-json\/wp\/v2\/pages\/4231&amp;title=Takeshi Shimozato\" title=\"Share this\" aria-label=\"Share this\" onclick=\"window.open(this.href, &quot;reddit&quot;, &quot;toolbar=no,width=900,height=500&quot;); return false;\"><i class=\"fab fa-reddit\"><\/i><\/a><a class=\"w-sharing-item telegram\" href=\"https:\/\/t.me\/share\/url?url=https:\/\/2024.festivalenescu.ro\/ro\/wp-json\/wp\/v2\/pages\/4231&amp;text=Takeshi Shimozato\" title=\"Share this\" aria-label=\"Share this\" onclick=\"window.open(this.href, &quot;telegram&quot;, &quot;toolbar=no,width=600,height=450&quot;); return false;\"><i class=\"fab fa-telegram\"><\/i><\/a><\/div><\/div><div class=\"w-post-elm post_navigation layout_sided inv_false\"><a class=\"post_navigation-item order_first to_prev\" href=\"https:\/\/2024.festivalenescu.ro\/ro\/concurenti\/sectiunea-pian\/yongjie-lin\/\" title=\"Yongjie Lin\"><div class=\"post_navigation-item-img\"><img decoding=\"async\" src=\"https:\/\/2024.festivalenescu.ro\/wp-content\/uploads\/2024\/08\/LIN-Yongjie_1-900x863.jpg\" loading=\"lazy\" alt=\"\" width=\"150\" height=\"150\"><\/div><div class=\"post_navigation-item-arrow\"><\/div><div class=\"post_navigation-item-title\"><span>Yongjie Lin<\/span><\/div><\/a><a class=\"post_navigation-item order_second to_next\" href=\"https:\/\/2024.festivalenescu.ro\/ro\/concurenti\/sectiunea-pian\/yeondong-park\/\" title=\"Yeondong Park\"><div class=\"post_navigation-item-img\"><img decoding=\"async\" src=\"https:\/\/2024.festivalenescu.ro\/wp-content\/uploads\/2024\/08\/PARK-Yeondong_1-826x900.jpg\" loading=\"lazy\" alt=\"\" width=\"150\" height=\"150\"><\/div><div class=\"post_navigation-item-arrow\"><\/div><div class=\"post_navigation-item-title\"><span>Yeondong Park<\/span><\/div><\/a><\/div><\/div><\/div><\/div><\/div><\/div><\/section>\n","protected":false},"excerpt":{"rendered":"JAPONIA 5 iulie 1993 N\u0103scut \u00een Okinawa, Japonia, Takeshi Shimozato a \u00eenceput s\u0103 studieze muzica la v\u00e2rsta de 10 ani. A lucrat cu profesorul Pascal Rog\u00e9 la \u0218coala Normal\u0103 de Muzic\u0103 Alfred Cortot din Paris \u0219i cu profesorul Leonid Margarius la Funda\u021bia Academia Interna\u021bional\u0103 din Imola Incontri con il Maestro. A participat la cursuri de...","protected":false},"author":4,"featured_media":4228,"parent":2979,"menu_order":0,"comment_status":"closed","ping_status":"closed","template":"","meta":{"footnotes":""},"class_list":["post-4231","page","type-page","status-publish","has-post-thumbnail","hentry"],"_links":{"self":[{"href":"https:\/\/2024.festivalenescu.ro\/ro\/wp-json\/wp\/v2\/pages\/4231","targetHints":{"allow":["GET"]}}],"collection":[{"href":"https:\/\/2024.festivalenescu.ro\/ro\/wp-json\/wp\/v2\/pages"}],"about":[{"href":"https:\/\/2024.festivalenescu.ro\/ro\/wp-json\/wp\/v2\/types\/page"}],"author":[{"embeddable":true,"href":"https:\/\/2024.festivalenescu.ro\/ro\/wp-json\/wp\/v2\/users\/4"}],"replies":[{"embeddable":true,"href":"https:\/\/2024.festivalenescu.ro\/ro\/wp-json\/wp\/v2\/comments?post=4231"}],"version-history":[{"count":3,"href":"https:\/\/2024.festivalenescu.ro\/ro\/wp-json\/wp\/v2\/pages\/4231\/revisions"}],"predecessor-version":[{"id":5196,"href":"https:\/\/2024.festivalenescu.ro\/ro\/wp-json\/wp\/v2\/pages\/4231\/revisions\/5196"}],"up":[{"embeddable":true,"href":"https:\/\/2024.festivalenescu.ro\/ro\/wp-json\/wp\/v2\/pages\/2979"}],"wp:featuredmedia":[{"embeddable":true,"href":"https:\/\/2024.festivalenescu.ro\/ro\/wp-json\/wp\/v2\/media\/4228"}],"wp:attachment":[{"href":"https:\/\/2024.festivalenescu.ro\/ro\/wp-json\/wp\/v2\/media?parent=4231"}],"curies":[{"name":"wp","href":"https:\/\/api.w.org\/{rel}","templated":true}]}}