{"id":4252,"date":"2024-08-29T13:26:57","date_gmt":"2024-08-29T10:26:57","guid":{"rendered":"https:\/\/concurs.festivalenescu.ro\/?page_id=4252"},"modified":"2024-08-29T21:20:58","modified_gmt":"2024-08-29T18:20:58","slug":"kostandin-tashko","status":"publish","type":"page","link":"https:\/\/2024.festivalenescu.ro\/ro\/concurenti\/sectiunea-pian\/kostandin-tashko\/","title":{"rendered":"Kostandin Tashko"},"content":{"rendered":"<section class=\"l-section wpb_row height_medium\"><div class=\"l-section-h i-cf\"><div class=\"g-cols vc_row via_flex valign_top type_default stacking_default\"><div class=\"vc_col-sm-6 wpb_column vc_column_container\"><div class=\"vc_column-inner\"><div class=\"wpb_wrapper\"><div class=\"w-hwrapper valign_top align_none\" style=\"--hwrapper-gap:0.2rem\"><\/div><div class=\"wpb_text_column\"><div class=\"wpb_wrapper\"><p><strong>ALBANIA<\/strong><br \/>\n<strong>17 decembrie 1997<\/strong><\/p>\n<p>Kostandin Tashko s-a n\u0103scut \u00een 1997 \u00een Tirana. \u00cen 2021 a primit prestigiosul premiu Alfredo Casella la Venice Music Awards, edi\u021bia 37, renumitul concurs rezervat celor mai buni absolven\u021bi ai conservatoarelor italiene. De asemenea, a c\u00e2\u0219tigat zeci de premii interna\u021bionale, cel mai recent la Concursul Interna\u021bional de Pian al Festivalului din Ljubljana.<br \/>\nA fost invitat s\u0103 sus\u021bin\u0103 recitaluri solo \u0219i concerte orchestrale la festivaluri importante din \u00eentreaga Europ\u0103 \u0219i \u00een locuri prestigioase precum Fazioli Concert Hall, Teatrul La Fenice din Vene\u021bia, Musikverein Viena, Teatrul Verdi din Trieste, Teatrul Na\u021bional de Oper\u0103 \u0219i Balet din Albania, Teatrul Filarmonicii din Verona, Amaryllis Fleming Hall din Londra \u0219i Casa de Muzic\u0103 din Porto.<br \/>\nKostandin Tashko a colaborat cu ansambluri interna\u021bionale precum I Virtuosi Italiani, Orchestra Funda\u021biei Teatrului de Oper\u0103 Giuseppe Verdi din Trieste, Orchestra Simfonic\u0103 RTV Slovenia, Orchestra Filarmonicii Portugheze, Orchestra Simfonic\u0103 a Radioteleviziunii Albaneze.<\/p>\n<\/div><\/div><div class=\"w-separator size_small\"><\/div><div class=\"w-separator size_small\"><\/div><div class=\"wpb_text_column\"><div class=\"wpb_wrapper\"><p>Etapa I<br \/>\n<strong>Johann Sebastian Bach <\/strong>Preludiul \u0219i fuga nr. 20 \u00een la minor BWV 889, <em>Clavecinul bine temperat<\/em> \u2013 Caietul II<br \/>\n<strong>Joseph Haydn <\/strong>Sonata \u00een mi bemol major Hob. XVI\/52<br \/>\n<strong>Franz Liszt <\/strong><em>Studiul transcendental <\/em>\u00een fa minor S. 139 nr. 10, <em>Allegro agitato molto<\/em><br \/>\n<strong>Alexander Scriabin <\/strong>Studiul \u00een do diez minor op. 2 nr. 1<\/p>\n<p>Etapa a II-a<br \/>\n<strong>Diana Rotaru <\/strong><em>Bulz <\/em>pentru pian<br \/>\n<strong>Ludwig van Beethoven <\/strong>Sonata nr. 23 \u00een fa minor op. 57, <em>Appassionata<\/em><br \/>\n<strong>Maurice Ravel <\/strong><em>Valsul <\/em>M. 72<\/p>\n<p>Semifinala<br \/>\n<strong>George Enescu <\/strong>Suita nr. 2 \u00een re major op. 10, <em>Des cloches sonores<\/em><br \/>\n<strong>Fr\u00e9d\u00e9ric Chopin <\/strong>Preludii op. 28<\/p>\n<p>Finala<br \/>\n<strong>Franz Liszt <\/strong>Concertul nr. 2 \u00een la major pentru pian \u0219i orchestr\u0103 S. 125<\/p>\n<\/div><\/div><\/div><\/div><\/div><div class=\"vc_col-sm-6 wpb_column vc_column_container\"><div class=\"vc_column-inner\"><div class=\"wpb_wrapper\"><div class=\"w-ibanner animation_phorcys ratio_1x1 easing_easeInOutCirc\"><div class=\"w-ibanner-h\"><div class=\"w-ibanner-image\" style=\"background-image: url(https:\/\/2024.festivalenescu.ro\/wp-content\/uploads\/2024\/08\/TASHKO-Konstandin_1.jpeg)\"><\/div><div class=\"w-ibanner-content\"><div class=\"w-ibanner-content-h\"><h2 class=\"w-ibanner-title\"><\/h2><div class=\"w-ibanner-desc\"><\/div><\/div><\/div><\/div><\/div><\/div><\/div><\/div><\/div><\/div><\/section><section class=\"l-section wpb_row height_medium\"><div class=\"l-section-h i-cf\"><div class=\"g-cols vc_row via_flex valign_top type_default stacking_default\"><div class=\"vc_col-sm-12 wpb_column vc_column_container\"><div class=\"vc_column-inner\"><div class=\"wpb_wrapper\"><div class=\"wpb_text_column\"><div class=\"wpb_wrapper\"><p>Share:<\/p>\n<\/div><\/div><div class=\"w-sharing type_simple align_none color_default\"><div class=\"w-sharing-list\"><a class=\"w-sharing-item email\" href=\"mailto:?subject=Kostandin Tashko&amp;body=https:\/\/2024.festivalenescu.ro\/ro\/wp-json\/wp\/v2\/pages\/4252\" title=\"Email this\" aria-label=\"Email this\"><i class=\"fas fa-envelope\"><\/i><\/a><a class=\"w-sharing-item facebook\" href=\"https:\/\/www.facebook.com\/sharer\/sharer.php?u=https:\/\/2024.festivalenescu.ro\/ro\/wp-json\/wp\/v2\/pages\/4252&amp;quote=Kostandin Tashko\" title=\"Share this\" aria-label=\"Share this\" onclick=\"window.open(this.href, &quot;facebook&quot;, &quot;toolbar=0,width=900,height=500&quot;); return false;\"><i class=\"fab fa-facebook\"><\/i><\/a><a class=\"w-sharing-item twitter\" href=\"https:\/\/twitter.com\/intent\/tweet?text=Kostandin Tashko&amp;url=https:\/\/2024.festivalenescu.ro\/ro\/wp-json\/wp\/v2\/pages\/4252\" title=\"Tweet this\" aria-label=\"Tweet this\" onclick=\"window.open(this.href, &quot;twitter&quot;, &quot;toolbar=0,width=650,height=360&quot;); return false;\"><i class=\"fab fa-x-twitter\"><svg style=\"width:1em; margin-bottom:-.1em;\" xmlns=\"http:\/\/www.w3.org\/2000\/svg\" viewBox=\"0 0 512 512\"><path fill=\"currentColor\" d=\"M389.2 48h70.6L305.6 224.2 487 464H345L233.7 318.6 106.5 464H35.8L200.7 275.5 26.8 48H172.4L272.9 180.9 389.2 48zM364.4 421.8h39.1L151.1 88h-42L364.4 421.8z\"\/><\/svg><\/i><\/a><a class=\"w-sharing-item linkedin\" href=\"https:\/\/www.linkedin.com\/shareArticle?mini=true&amp;url=https:\/\/2024.festivalenescu.ro\/ro\/wp-json\/wp\/v2\/pages\/4252\" title=\"Share this\" aria-label=\"Share this\" onclick=\"window.open(this.href, &quot;linkedin&quot;, &quot;toolbar=no,width=550,height=550&quot;); return false;\"><i class=\"fab fa-linkedin\"><\/i><\/a><a class=\"w-sharing-item whatsapp\" href=\"https:\/\/web.whatsapp.com\/send?text=Kostandin Tashko https:\/\/2024.festivalenescu.ro\/ro\/wp-json\/wp\/v2\/pages\/4252\" title=\"Share this\" aria-label=\"Share this\" onclick=\"window.open(this.href, &quot;whatsapp&quot;, &quot;toolbar=0,width=900,height=500&quot;); return false;\"><i class=\"fab fa-whatsapp\"><\/i><\/a><a class=\"w-sharing-item reddit\" href=\"https:\/\/www.reddit.com\/submit?url=https:\/\/2024.festivalenescu.ro\/ro\/wp-json\/wp\/v2\/pages\/4252&amp;title=Kostandin Tashko\" title=\"Share this\" aria-label=\"Share this\" onclick=\"window.open(this.href, &quot;reddit&quot;, &quot;toolbar=no,width=900,height=500&quot;); return false;\"><i class=\"fab fa-reddit\"><\/i><\/a><a class=\"w-sharing-item telegram\" href=\"https:\/\/t.me\/share\/url?url=https:\/\/2024.festivalenescu.ro\/ro\/wp-json\/wp\/v2\/pages\/4252&amp;text=Kostandin Tashko\" title=\"Share this\" aria-label=\"Share this\" onclick=\"window.open(this.href, &quot;telegram&quot;, &quot;toolbar=no,width=600,height=450&quot;); return false;\"><i class=\"fab fa-telegram\"><\/i><\/a><\/div><\/div><div class=\"w-post-elm post_navigation layout_sided inv_false\"><a class=\"post_navigation-item order_first to_prev\" href=\"https:\/\/2024.festivalenescu.ro\/ro\/concurenti\/sectiunea-pian\/quanlin-wang\/\" title=\"Quanlin Wang\"><div class=\"post_navigation-item-img\"><img decoding=\"async\" src=\"https:\/\/2024.festivalenescu.ro\/wp-content\/uploads\/2024\/08\/WANG-Quanlin_1-900x900.jpg\" loading=\"lazy\" alt=\"\" width=\"150\" height=\"150\"><\/div><div class=\"post_navigation-item-arrow\"><\/div><div class=\"post_navigation-item-title\"><span>Quanlin Wang<\/span><\/div><\/a><a class=\"post_navigation-item order_second to_next\" href=\"https:\/\/2024.festivalenescu.ro\/ro\/concurenti\/sectiunea-pian\/seokmin-on\/\" title=\"Seokmin On\"><div class=\"post_navigation-item-img\"><img decoding=\"async\" src=\"https:\/\/2024.festivalenescu.ro\/wp-content\/uploads\/2024\/08\/ON-Seokmin_1-900x676.jpg\" loading=\"lazy\" alt=\"\" width=\"150\" height=\"150\"><\/div><div class=\"post_navigation-item-arrow\"><\/div><div class=\"post_navigation-item-title\"><span>Seokmin On<\/span><\/div><\/a><\/div><\/div><\/div><\/div><\/div><\/div><\/section>\n","protected":false},"excerpt":{"rendered":"ALBANIA 17 decembrie 1997 Kostandin Tashko s-a n\u0103scut \u00een 1997 \u00een Tirana. \u00cen 2021 a primit prestigiosul premiu Alfredo Casella la Venice Music Awards, edi\u021bia 37, renumitul concurs rezervat celor mai buni absolven\u021bi ai conservatoarelor italiene. De asemenea, a c\u00e2\u0219tigat zeci de premii interna\u021bionale, cel mai recent la Concursul Interna\u021bional de Pian al Festivalului din...","protected":false},"author":4,"featured_media":4249,"parent":2979,"menu_order":0,"comment_status":"closed","ping_status":"closed","template":"","meta":{"footnotes":""},"class_list":["post-4252","page","type-page","status-publish","has-post-thumbnail","hentry"],"_links":{"self":[{"href":"https:\/\/2024.festivalenescu.ro\/ro\/wp-json\/wp\/v2\/pages\/4252","targetHints":{"allow":["GET"]}}],"collection":[{"href":"https:\/\/2024.festivalenescu.ro\/ro\/wp-json\/wp\/v2\/pages"}],"about":[{"href":"https:\/\/2024.festivalenescu.ro\/ro\/wp-json\/wp\/v2\/types\/page"}],"author":[{"embeddable":true,"href":"https:\/\/2024.festivalenescu.ro\/ro\/wp-json\/wp\/v2\/users\/4"}],"replies":[{"embeddable":true,"href":"https:\/\/2024.festivalenescu.ro\/ro\/wp-json\/wp\/v2\/comments?post=4252"}],"version-history":[{"count":3,"href":"https:\/\/2024.festivalenescu.ro\/ro\/wp-json\/wp\/v2\/pages\/4252\/revisions"}],"predecessor-version":[{"id":5165,"href":"https:\/\/2024.festivalenescu.ro\/ro\/wp-json\/wp\/v2\/pages\/4252\/revisions\/5165"}],"up":[{"embeddable":true,"href":"https:\/\/2024.festivalenescu.ro\/ro\/wp-json\/wp\/v2\/pages\/2979"}],"wp:featuredmedia":[{"embeddable":true,"href":"https:\/\/2024.festivalenescu.ro\/ro\/wp-json\/wp\/v2\/media\/4249"}],"wp:attachment":[{"href":"https:\/\/2024.festivalenescu.ro\/ro\/wp-json\/wp\/v2\/media?parent=4252"}],"curies":[{"name":"wp","href":"https:\/\/api.w.org\/{rel}","templated":true}]}}