{"id":4276,"date":"2024-08-29T13:22:54","date_gmt":"2024-08-29T10:22:54","guid":{"rendered":"https:\/\/concurs.festivalenescu.ro\/?page_id=4276"},"modified":"2024-08-30T11:52:30","modified_gmt":"2024-08-30T08:52:30","slug":"boyang-wu","status":"publish","type":"page","link":"https:\/\/2024.festivalenescu.ro\/ro\/concurenti\/sectiunea-pian\/boyang-wu\/","title":{"rendered":"Boyang Wu"},"content":{"rendered":"<section class=\"l-section wpb_row height_medium\"><div class=\"l-section-h i-cf\"><div class=\"g-cols vc_row via_flex valign_top type_default stacking_default\"><div class=\"vc_col-sm-6 wpb_column vc_column_container\"><div class=\"vc_column-inner\"><div class=\"wpb_wrapper\"><div class=\"w-hwrapper valign_top align_none\" style=\"--hwrapper-gap:0.2rem\"><\/div><div class=\"wpb_text_column\"><div class=\"wpb_wrapper\"><p><strong>CHINA<\/strong><br \/>\n<strong>29 iulie 2003<\/strong><\/p>\n<p>Boyang Wu a fost admis \u00een 2022 la Conservatorul Central din Beijing, la specializarea pian, unde a studiat cu profesorul Misha Namirovsky. \u00cen 2020, a participat la Concursul Interna\u021bional de Concerte pentru Pian Shenzhen din China, edi\u021bia a XV-a, la care a ob\u021binut premiul I \u00een grupul profesional\u0103 A. \u00cen 2019 \u0219i 2021, a participat la Festivalul de Pian desf\u0103\u0219urat \u00een Taipei \u0219i Fuzhou \u0219i a interpretat Concertul nr. 2 de Serghei Rahmaninov \u0219i Concertul nr. 1 de Piotr Ilici Ceaikovski cu Orchestra de Tineret a Filarmonicii din Taipei. A fost invitat de Centrul Cultural Rus s\u0103 participe la concertul de comemorare care a marcat 130 de ani de la na\u0219terea lui Prokofiev.<\/p>\n<\/div><\/div><div class=\"w-separator size_small\"><\/div><div class=\"w-separator size_small\"><\/div><div class=\"wpb_text_column\"><div class=\"wpb_wrapper\"><p>Etapa I<br \/>\n<strong>Johann Sebastian Bach <\/strong>Preludiul \u0219i fuga nr. 24 \u00een si minor BWV 893, <em>Clavecinul bine temperat<\/em> \u2013 Caietul II<br \/>\n<strong>Joseph Haydn <\/strong>Sonata \u00een si minor Hob. XVI\/32<br \/>\n<strong>Fr\u00e9d\u00e9ric Chopin <\/strong>Studiul \u00een do major op. 10 nr. 1, <em>Cascada<\/em><br \/>\n<strong>Alexander Scriabin <\/strong>Studiul \u00een si bemol minor op. 8 nr. 7<\/p>\n<p>Etapa a II-a<br \/>\n<strong>Diana Rotaru <\/strong><em>Bulz <\/em>pentru pian<br \/>\n<strong>Ludwig van Beethoven <\/strong>Sonata nr. 11 \u00een si bemol major op. 22<br \/>\n<strong>Karol Szymanowski <\/strong>Varia\u021biuni \u00een si bemol minor op. 3<\/p>\n<p>Semifinala<br \/>\n<strong>George Enescu <\/strong>Sonata nr. 1 \u00een fa diez minor op. 24<br \/>\n<strong>Johannes Brahms <\/strong>Sonata nr. 1 \u00een do major op. 1<\/p>\n<p>Finala<br \/>\n<strong>Piotr Ilici Ceaikovski <\/strong>Concertul nr. 1 \u00een si bemol minor pentru pian \u0219i orchestr\u0103 op. 23<\/p>\n<\/div><\/div><\/div><\/div><\/div><div class=\"vc_col-sm-6 wpb_column vc_column_container\"><div class=\"vc_column-inner\"><div class=\"wpb_wrapper\"><div class=\"w-ibanner animation_phorcys ratio_1x1 easing_easeInOutCirc\"><div class=\"w-ibanner-h\"><div class=\"w-ibanner-image\" style=\"background-image: url(https:\/\/2024.festivalenescu.ro\/wp-content\/uploads\/2024\/08\/WU-Boyang_1.jpg)\"><\/div><div class=\"w-ibanner-content\"><div class=\"w-ibanner-content-h\"><h2 class=\"w-ibanner-title\"><\/h2><div class=\"w-ibanner-desc\"><\/div><\/div><\/div><\/div><\/div><\/div><\/div><\/div><\/div><\/div><\/section><section class=\"l-section wpb_row height_medium\"><div class=\"l-section-h i-cf\"><div class=\"g-cols vc_row via_flex valign_top type_default stacking_default\"><div class=\"vc_col-sm-12 wpb_column vc_column_container\"><div class=\"vc_column-inner\"><div class=\"wpb_wrapper\"><div class=\"wpb_text_column\"><div class=\"wpb_wrapper\"><p>Share:<\/p>\n<\/div><\/div><div class=\"w-sharing type_simple align_none color_default\"><div class=\"w-sharing-list\"><a class=\"w-sharing-item email\" href=\"mailto:?subject=Boyang Wu&amp;body=https:\/\/2024.festivalenescu.ro\/ro\/wp-json\/wp\/v2\/pages\/4276\" title=\"Email this\" aria-label=\"Email this\"><i class=\"fas fa-envelope\"><\/i><\/a><a class=\"w-sharing-item facebook\" href=\"https:\/\/www.facebook.com\/sharer\/sharer.php?u=https:\/\/2024.festivalenescu.ro\/ro\/wp-json\/wp\/v2\/pages\/4276&amp;quote=Boyang Wu\" title=\"Share this\" aria-label=\"Share this\" onclick=\"window.open(this.href, &quot;facebook&quot;, &quot;toolbar=0,width=900,height=500&quot;); return false;\"><i class=\"fab fa-facebook\"><\/i><\/a><a class=\"w-sharing-item twitter\" href=\"https:\/\/twitter.com\/intent\/tweet?text=Boyang Wu&amp;url=https:\/\/2024.festivalenescu.ro\/ro\/wp-json\/wp\/v2\/pages\/4276\" title=\"Tweet this\" aria-label=\"Tweet this\" onclick=\"window.open(this.href, &quot;twitter&quot;, &quot;toolbar=0,width=650,height=360&quot;); return false;\"><i class=\"fab fa-x-twitter\"><svg style=\"width:1em; margin-bottom:-.1em;\" xmlns=\"http:\/\/www.w3.org\/2000\/svg\" viewBox=\"0 0 512 512\"><path fill=\"currentColor\" d=\"M389.2 48h70.6L305.6 224.2 487 464H345L233.7 318.6 106.5 464H35.8L200.7 275.5 26.8 48H172.4L272.9 180.9 389.2 48zM364.4 421.8h39.1L151.1 88h-42L364.4 421.8z\"\/><\/svg><\/i><\/a><a class=\"w-sharing-item linkedin\" href=\"https:\/\/www.linkedin.com\/shareArticle?mini=true&amp;url=https:\/\/2024.festivalenescu.ro\/ro\/wp-json\/wp\/v2\/pages\/4276\" title=\"Share this\" aria-label=\"Share this\" onclick=\"window.open(this.href, &quot;linkedin&quot;, &quot;toolbar=no,width=550,height=550&quot;); return false;\"><i class=\"fab fa-linkedin\"><\/i><\/a><a class=\"w-sharing-item whatsapp\" href=\"https:\/\/web.whatsapp.com\/send?text=Boyang Wu https:\/\/2024.festivalenescu.ro\/ro\/wp-json\/wp\/v2\/pages\/4276\" title=\"Share this\" aria-label=\"Share this\" onclick=\"window.open(this.href, &quot;whatsapp&quot;, &quot;toolbar=0,width=900,height=500&quot;); return false;\"><i class=\"fab fa-whatsapp\"><\/i><\/a><a class=\"w-sharing-item reddit\" href=\"https:\/\/www.reddit.com\/submit?url=https:\/\/2024.festivalenescu.ro\/ro\/wp-json\/wp\/v2\/pages\/4276&amp;title=Boyang Wu\" title=\"Share this\" aria-label=\"Share this\" onclick=\"window.open(this.href, &quot;reddit&quot;, &quot;toolbar=no,width=900,height=500&quot;); return false;\"><i class=\"fab fa-reddit\"><\/i><\/a><a class=\"w-sharing-item telegram\" href=\"https:\/\/t.me\/share\/url?url=https:\/\/2024.festivalenescu.ro\/ro\/wp-json\/wp\/v2\/pages\/4276&amp;text=Boyang Wu\" title=\"Share this\" aria-label=\"Share this\" onclick=\"window.open(this.href, &quot;telegram&quot;, &quot;toolbar=no,width=600,height=450&quot;); return false;\"><i class=\"fab fa-telegram\"><\/i><\/a><\/div><\/div><div class=\"w-post-elm post_navigation layout_sided inv_false\"><a class=\"post_navigation-item order_first to_prev\" href=\"https:\/\/2024.festivalenescu.ro\/ro\/concurenti\/sectiunea-pian\/junjie-zhang\/\" title=\"Junjie Zhang\"><div class=\"post_navigation-item-img\"><img decoding=\"async\" src=\"https:\/\/2024.festivalenescu.ro\/wp-content\/uploads\/2024\/08\/ZHANG-Junjie_2-893x900.jpeg\" loading=\"lazy\" alt=\"\" width=\"150\" height=\"150\"><\/div><div class=\"post_navigation-item-arrow\"><\/div><div class=\"post_navigation-item-title\"><span>Junjie Zhang<\/span><\/div><\/a><a class=\"post_navigation-item order_second to_next\" href=\"https:\/\/2024.festivalenescu.ro\/ro\/concurenti\/sectiunea-pian\/jiwon-yang\/\" title=\"Jiwon Yang\"><div class=\"post_navigation-item-img\"><img decoding=\"async\" src=\"https:\/\/2024.festivalenescu.ro\/wp-content\/uploads\/2024\/08\/YANG-Jiwon_1-720x900.jpg\" loading=\"lazy\" alt=\"\" width=\"150\" height=\"150\"><\/div><div class=\"post_navigation-item-arrow\"><\/div><div class=\"post_navigation-item-title\"><span>Jiwon Yang<\/span><\/div><\/a><\/div><\/div><\/div><\/div><\/div><\/div><\/section>\n","protected":false},"excerpt":{"rendered":"CHINA 29 iulie 2003 Boyang Wu a fost admis \u00een 2022 la Conservatorul Central din Beijing, la specializarea pian, unde a studiat cu profesorul Misha Namirovsky. \u00cen 2020, a participat la Concursul Interna\u021bional de Concerte pentru Pian Shenzhen din China, edi\u021bia a XV-a, la care a ob\u021binut premiul I \u00een grupul profesional\u0103 A. \u00cen 2019...","protected":false},"author":4,"featured_media":4273,"parent":2979,"menu_order":0,"comment_status":"closed","ping_status":"closed","template":"","meta":{"footnotes":""},"class_list":["post-4276","page","type-page","status-publish","has-post-thumbnail","hentry"],"_links":{"self":[{"href":"https:\/\/2024.festivalenescu.ro\/ro\/wp-json\/wp\/v2\/pages\/4276","targetHints":{"allow":["GET"]}}],"collection":[{"href":"https:\/\/2024.festivalenescu.ro\/ro\/wp-json\/wp\/v2\/pages"}],"about":[{"href":"https:\/\/2024.festivalenescu.ro\/ro\/wp-json\/wp\/v2\/types\/page"}],"author":[{"embeddable":true,"href":"https:\/\/2024.festivalenescu.ro\/ro\/wp-json\/wp\/v2\/users\/4"}],"replies":[{"embeddable":true,"href":"https:\/\/2024.festivalenescu.ro\/ro\/wp-json\/wp\/v2\/comments?post=4276"}],"version-history":[{"count":4,"href":"https:\/\/2024.festivalenescu.ro\/ro\/wp-json\/wp\/v2\/pages\/4276\/revisions"}],"predecessor-version":[{"id":5372,"href":"https:\/\/2024.festivalenescu.ro\/ro\/wp-json\/wp\/v2\/pages\/4276\/revisions\/5372"}],"up":[{"embeddable":true,"href":"https:\/\/2024.festivalenescu.ro\/ro\/wp-json\/wp\/v2\/pages\/2979"}],"wp:featuredmedia":[{"embeddable":true,"href":"https:\/\/2024.festivalenescu.ro\/ro\/wp-json\/wp\/v2\/media\/4273"}],"wp:attachment":[{"href":"https:\/\/2024.festivalenescu.ro\/ro\/wp-json\/wp\/v2\/media?parent=4276"}],"curies":[{"name":"wp","href":"https:\/\/api.w.org\/{rel}","templated":true}]}}