{"id":4286,"date":"2024-08-29T13:23:11","date_gmt":"2024-08-29T10:23:11","guid":{"rendered":"https:\/\/concurs.festivalenescu.ro\/?page_id=4286"},"modified":"2024-08-29T21:11:00","modified_gmt":"2024-08-29T18:11:00","slug":"jiwon-yang","status":"publish","type":"page","link":"https:\/\/2024.festivalenescu.ro\/ro\/concurenti\/sectiunea-pian\/jiwon-yang\/","title":{"rendered":"Jiwon Yang"},"content":{"rendered":"<section class=\"l-section wpb_row height_medium\"><div class=\"l-section-h i-cf\"><div class=\"g-cols vc_row via_flex valign_top type_default stacking_default\"><div class=\"vc_col-sm-6 wpb_column vc_column_container\"><div class=\"vc_column-inner\"><div class=\"wpb_wrapper\"><div class=\"w-hwrapper valign_top align_none\" style=\"--hwrapper-gap:0.2rem\"><\/div><div class=\"wpb_text_column\"><div class=\"wpb_wrapper\"><p><strong>COREEA DE SUD<\/strong><br \/>\n<strong>1 aprilie 2002<\/strong><\/p>\n<p>De la debutul s\u0103u la Seul din 2012, Jiwon Yang a c\u00e2\u0219tigat numeroase premii, inclusiv premiul III la Concursul Interna\u021bional de Pian Cliburn Junior \u00een 2019 \u0219i premiul III la Concursul Interna\u021bional de Pian pentru Tineri Arti\u0219ti din Cleveland \u00een 2018. A \u021binut concerte \u00een \u00eentreaga lume, inclusiv \u00een Coreea, Filipine, Rusia \u0219i Statele Unite. Jiwon Yang a c\u00e2ntat cu ansambluri precum Orchestra Simfonic\u0103 din Dallas \u0219i Orchestra Camerata din New York. Printre s\u0103lile notabile se num\u0103r\u0103 Weill Recital Hall, Steinway Hall din New York, Centrul Cultural din Filipine \u0219i Lewisville Grand Theater din Texas. A fost invitat\u0103 s\u0103 sus\u021bin\u0103 recitaluri la mai multe cluburi din New York, precum The Frick Collection, Penn Club din New York, University Club, New York Yacht Club \u0219i American Yacht Club. De asemenea, a participat la cursuri de m\u0103iestrie sus\u021binute de piani\u0219ti renumi\u021bi. \u00cen prezent, studiaz\u0103 la Mannes School of Music, cu Richard Goode \u0219i Pavlina Dokovska. \u00cen Coreea a studiat cu Hyoung-Joon Chang.<\/p>\n<\/div><\/div><div class=\"w-separator size_small\"><\/div><div class=\"w-separator size_small\"><\/div><div class=\"wpb_text_column\"><div class=\"wpb_wrapper\"><p>Etapa I<br \/>\n<strong>Johann Sebastian Bach <\/strong>Preludiul \u0219i fuga nr. 3 \u00een do diez major BWV 848, <em>Clavecinul bine temperat<\/em> \u2013 Caietul I<br \/>\n<strong>Joseph Haydn <\/strong>Sonata \u00een si minor Hob. XVI\/32<br \/>\n<strong>Franz Liszt <\/strong><em>Studiul dup\u0103 Paganini<\/em> in mi bemol major S. 141 nr. 2<br \/>\n<strong>Claude Debussy <\/strong>Studiul L. 136 nr. 7, <em>Pour les degr\u00e9s chromatiques<\/em><\/p>\n<p>Etapa a II-a<br \/>\n<strong>Diana Rotaru <\/strong><em>Bulz <\/em>pentru pian<br \/>\n<strong>Ludwig van Beethoven <\/strong>Sonata nr. 7 \u00een re major op. 10<br \/>\n<strong>Maurice Ravel <\/strong><em>Valsul <\/em>M. 72<\/p>\n<p>Semifinala<br \/>\n<strong>George Enescu <\/strong>Suita nr. 2 \u00een re major op. 10, <em>Des cloches sonores<\/em><br \/>\n<strong>Robert Schumann <\/strong><em>Humoresca <\/em>op. 20<\/p>\n<p>Finala<br \/>\n<strong>Piotr Ilici Ceaikovski <\/strong>Concertul nr. 1 \u00een si bemol minor pentru pian \u0219i orchestr\u0103 op. 23<\/p>\n<\/div><\/div><\/div><\/div><\/div><div class=\"vc_col-sm-6 wpb_column vc_column_container\"><div class=\"vc_column-inner\"><div class=\"wpb_wrapper\"><div class=\"w-ibanner animation_phorcys ratio_1x1 easing_easeInOutCirc\"><div class=\"w-ibanner-h\"><div class=\"w-ibanner-image\" style=\"background-image: url(https:\/\/2024.festivalenescu.ro\/wp-content\/uploads\/2024\/08\/YANG-Jiwon_1-scaled.jpg)\"><\/div><div class=\"w-ibanner-content\"><div class=\"w-ibanner-content-h\"><h2 class=\"w-ibanner-title\"><\/h2><div class=\"w-ibanner-desc\"><\/div><\/div><\/div><\/div><\/div><\/div><\/div><\/div><\/div><\/div><\/section><section class=\"l-section wpb_row height_medium\"><div class=\"l-section-h i-cf\"><div class=\"g-cols vc_row via_flex valign_top type_default stacking_default\"><div class=\"vc_col-sm-12 wpb_column vc_column_container\"><div class=\"vc_column-inner\"><div class=\"wpb_wrapper\"><div class=\"wpb_text_column\"><div class=\"wpb_wrapper\"><p>Share:<\/p>\n<\/div><\/div><div class=\"w-sharing type_simple align_none color_default\"><div class=\"w-sharing-list\"><a class=\"w-sharing-item email\" href=\"mailto:?subject=Jiwon Yang&amp;body=https:\/\/2024.festivalenescu.ro\/ro\/wp-json\/wp\/v2\/pages\/4286\" title=\"Email this\" aria-label=\"Email this\"><i class=\"fas fa-envelope\"><\/i><\/a><a class=\"w-sharing-item facebook\" href=\"https:\/\/www.facebook.com\/sharer\/sharer.php?u=https:\/\/2024.festivalenescu.ro\/ro\/wp-json\/wp\/v2\/pages\/4286&amp;quote=Jiwon Yang\" title=\"Share this\" aria-label=\"Share this\" onclick=\"window.open(this.href, &quot;facebook&quot;, &quot;toolbar=0,width=900,height=500&quot;); return false;\"><i class=\"fab fa-facebook\"><\/i><\/a><a class=\"w-sharing-item twitter\" href=\"https:\/\/twitter.com\/intent\/tweet?text=Jiwon Yang&amp;url=https:\/\/2024.festivalenescu.ro\/ro\/wp-json\/wp\/v2\/pages\/4286\" title=\"Tweet this\" aria-label=\"Tweet this\" onclick=\"window.open(this.href, &quot;twitter&quot;, &quot;toolbar=0,width=650,height=360&quot;); return false;\"><i class=\"fab fa-x-twitter\"><svg style=\"width:1em; margin-bottom:-.1em;\" xmlns=\"http:\/\/www.w3.org\/2000\/svg\" viewBox=\"0 0 512 512\"><path fill=\"currentColor\" d=\"M389.2 48h70.6L305.6 224.2 487 464H345L233.7 318.6 106.5 464H35.8L200.7 275.5 26.8 48H172.4L272.9 180.9 389.2 48zM364.4 421.8h39.1L151.1 88h-42L364.4 421.8z\"\/><\/svg><\/i><\/a><a class=\"w-sharing-item linkedin\" href=\"https:\/\/www.linkedin.com\/shareArticle?mini=true&amp;url=https:\/\/2024.festivalenescu.ro\/ro\/wp-json\/wp\/v2\/pages\/4286\" title=\"Share this\" aria-label=\"Share this\" onclick=\"window.open(this.href, &quot;linkedin&quot;, &quot;toolbar=no,width=550,height=550&quot;); return false;\"><i class=\"fab fa-linkedin\"><\/i><\/a><a class=\"w-sharing-item whatsapp\" href=\"https:\/\/web.whatsapp.com\/send?text=Jiwon Yang https:\/\/2024.festivalenescu.ro\/ro\/wp-json\/wp\/v2\/pages\/4286\" title=\"Share this\" aria-label=\"Share this\" onclick=\"window.open(this.href, &quot;whatsapp&quot;, &quot;toolbar=0,width=900,height=500&quot;); return false;\"><i class=\"fab fa-whatsapp\"><\/i><\/a><a class=\"w-sharing-item reddit\" href=\"https:\/\/www.reddit.com\/submit?url=https:\/\/2024.festivalenescu.ro\/ro\/wp-json\/wp\/v2\/pages\/4286&amp;title=Jiwon Yang\" title=\"Share this\" aria-label=\"Share this\" onclick=\"window.open(this.href, &quot;reddit&quot;, &quot;toolbar=no,width=900,height=500&quot;); return false;\"><i class=\"fab fa-reddit\"><\/i><\/a><a class=\"w-sharing-item telegram\" href=\"https:\/\/t.me\/share\/url?url=https:\/\/2024.festivalenescu.ro\/ro\/wp-json\/wp\/v2\/pages\/4286&amp;text=Jiwon Yang\" title=\"Share this\" aria-label=\"Share this\" onclick=\"window.open(this.href, &quot;telegram&quot;, &quot;toolbar=no,width=600,height=450&quot;); return false;\"><i class=\"fab fa-telegram\"><\/i><\/a><\/div><\/div><div class=\"w-post-elm post_navigation layout_sided inv_false\"><a class=\"post_navigation-item order_first to_prev\" href=\"https:\/\/2024.festivalenescu.ro\/ro\/concurenti\/sectiunea-pian\/boyang-wu\/\" title=\"Boyang Wu\"><div class=\"post_navigation-item-img\"><img decoding=\"async\" src=\"https:\/\/2024.festivalenescu.ro\/wp-content\/uploads\/2024\/08\/WU-Boyang_1.jpg\" loading=\"lazy\" alt=\"\" width=\"150\" height=\"150\"><\/div><div class=\"post_navigation-item-arrow\"><\/div><div class=\"post_navigation-item-title\"><span>Boyang Wu<\/span><\/div><\/a><a class=\"post_navigation-item order_second to_next\" href=\"https:\/\/2024.festivalenescu.ro\/ro\/concurenti\/sectiunea-pian\/quanlin-wang\/\" title=\"Quanlin Wang\"><div class=\"post_navigation-item-img\"><img decoding=\"async\" src=\"https:\/\/2024.festivalenescu.ro\/wp-content\/uploads\/2024\/08\/WANG-Quanlin_1-900x900.jpg\" loading=\"lazy\" alt=\"\" width=\"150\" height=\"150\"><\/div><div class=\"post_navigation-item-arrow\"><\/div><div class=\"post_navigation-item-title\"><span>Quanlin Wang<\/span><\/div><\/a><\/div><\/div><\/div><\/div><\/div><\/div><\/section>\n","protected":false},"excerpt":{"rendered":"COREEA DE SUD 1 aprilie 2002 De la debutul s\u0103u la Seul din 2012, Jiwon Yang a c\u00e2\u0219tigat numeroase premii, inclusiv premiul III la Concursul Interna\u021bional de Pian Cliburn Junior \u00een 2019 \u0219i premiul III la Concursul Interna\u021bional de Pian pentru Tineri Arti\u0219ti din Cleveland \u00een 2018. A \u021binut concerte \u00een \u00eentreaga lume, inclusiv \u00een...","protected":false},"author":4,"featured_media":4283,"parent":2979,"menu_order":0,"comment_status":"closed","ping_status":"closed","template":"","meta":{"footnotes":""},"class_list":["post-4286","page","type-page","status-publish","has-post-thumbnail","hentry"],"_links":{"self":[{"href":"https:\/\/2024.festivalenescu.ro\/ro\/wp-json\/wp\/v2\/pages\/4286","targetHints":{"allow":["GET"]}}],"collection":[{"href":"https:\/\/2024.festivalenescu.ro\/ro\/wp-json\/wp\/v2\/pages"}],"about":[{"href":"https:\/\/2024.festivalenescu.ro\/ro\/wp-json\/wp\/v2\/types\/page"}],"author":[{"embeddable":true,"href":"https:\/\/2024.festivalenescu.ro\/ro\/wp-json\/wp\/v2\/users\/4"}],"replies":[{"embeddable":true,"href":"https:\/\/2024.festivalenescu.ro\/ro\/wp-json\/wp\/v2\/comments?post=4286"}],"version-history":[{"count":3,"href":"https:\/\/2024.festivalenescu.ro\/ro\/wp-json\/wp\/v2\/pages\/4286\/revisions"}],"predecessor-version":[{"id":5138,"href":"https:\/\/2024.festivalenescu.ro\/ro\/wp-json\/wp\/v2\/pages\/4286\/revisions\/5138"}],"up":[{"embeddable":true,"href":"https:\/\/2024.festivalenescu.ro\/ro\/wp-json\/wp\/v2\/pages\/2979"}],"wp:featuredmedia":[{"embeddable":true,"href":"https:\/\/2024.festivalenescu.ro\/ro\/wp-json\/wp\/v2\/media\/4283"}],"wp:attachment":[{"href":"https:\/\/2024.festivalenescu.ro\/ro\/wp-json\/wp\/v2\/media?parent=4286"}],"curies":[{"name":"wp","href":"https:\/\/api.w.org\/{rel}","templated":true}]}}