{"id":4342,"date":"2024-08-27T16:29:21","date_gmt":"2024-08-27T13:29:21","guid":{"rendered":"https:\/\/concurs.festivalenescu.ro\/artisti-invitati\/daniel-dascalu\/"},"modified":"2024-08-29T14:40:47","modified_gmt":"2024-08-29T11:40:47","slug":"daniel-dascalu","status":"publish","type":"page","link":"https:\/\/2024.festivalenescu.ro\/ro\/artisti-invitati\/daniel-dascalu\/","title":{"rendered":"Daniel Dasc\u0103lu"},"content":{"rendered":"<section class=\"l-section wpb_row height_medium\"><div class=\"l-section-h i-cf\"><div class=\"g-cols vc_row via_flex valign_top type_default stacking_default\"><div class=\"vc_col-sm-6 wpb_column vc_column_container\"><div class=\"vc_column-inner\"><div class=\"wpb_wrapper\"><div class=\"wpb_text_column\"><div class=\"wpb_wrapper\"><p><span style=\"font-weight: 400;\">Pianistul Daniel Dasc\u0103lu (n. 1991) a sus\u021binut recitaluri pe scene din Bucure\u0219ti, Ia\u0219i, Bra\u0219ov, Cluj, Constan\u021ba, Sibiu \u0219i a evoluat al\u0103turi de orchestrele filarmonicilor din Craiova, Bac\u0103u, Boto\u0219ani, precum \u0219i la Ateneul Rom\u00e2n, al\u0103turi de orchestra Concerto a Universit\u0103\u021bii Na\u021bionale de Muzic\u0103 din Bucure\u0219ti. De asemenea, a sus\u021binut recitaluri \u00een diferite ora\u0219e europene, printre care Viena (Centrul Arnold Sch\u00f6nberg, Gesellschaft f\u00fcr Musiktheater \u0219i Universitatea de Muzic\u0103 \u0219i Artele Spectacolului), Salzburg (Universitatea Mozarteum), M\u00fcnchen (Filarmonica Gasteig), Dresda, Brescia \u0219i Split.<\/span><br \/>\n<span style=\"font-weight: 400;\">Pasionat de muzic\u0103 de camer\u0103, Daniel Dasc\u0103lu a evoluat \u00een ansambluri camerale la Ateneul Rom\u00e2n \u0219i la Palatul Su\u021bu din Bucure\u0219ti, dar \u0219i la Ia\u0219i, la Classix Festival, precum \u0219i \u00een Suedia, la Aurora Music Festival din Mariestad \u0219i \u00een Grecia, la International Kalamata Music Days.<\/span><br \/>\n<span style=\"font-weight: 400;\">\u00cen 2022, a fost invitat s\u0103 participe ca pianist acompaniator \u00een cadrul Concursului Interna\u021bional George Enescu, iar din acela\u0219i an a fost invitat anual la Crescendo Summer Institute din Tokaj, Ungaria. De asemenea, \u00een cadrul proiectului PerformArt al Universit\u0103\u021bii Na\u021bionale de Muzic\u0103 din Bucure\u0219ti, a sus\u021binut cursuri de m\u0103iestrie de pian \u00een mai multe licee \u0219i \u0219coli de muzic\u0103 din Rom\u00e2nia.<\/span><br \/>\n<span style=\"font-weight: 400;\">Daniel Dasc\u0103lu este absolvent al Universit\u0103\u021bii de Muzic\u0103 \u0219i Artele Spectacolului din Viena, unde a studiat cu Martin Hughes \u0219i Stefan Mendl. Anterior, \u0219i-a finalizat studiile de licen\u021b\u0103 \u0219i master \u00een cadrul Universit\u0103\u021bii Na\u021bionale de Muzic\u0103 din Bucure\u0219ti, la clasa profesoarei Dana Bor\u0219an, sub \u00eendrumarea c\u0103reia, \u00een februarie 2021, a ob\u021binut \u0219i titlul de Doctor \u00een Muzic\u0103. \u00cen 2022, a absolvit studii postuniversitare de muzic\u0103 de camer\u0103 la Universitatea de Muzic\u0103 \u0219i Artele Spectacolului din Viena, la clasa profesorului Stefan Mendl. De asemenea, a lucrat cu piani\u0219ti renumi\u021bi precum Klaus Hellwig, Peter Donohoe, Henri Sigfridsson, Roberto Plano, Andreas Fr\u00f6lich. \u00cencep\u00e2nd cu anul 2021 este lector la Universitatea Na\u021bional\u0103 de Muzic\u0103 din Bucure\u0219ti.<\/span><\/p>\n<\/div><\/div><\/div><\/div><\/div><div class=\"vc_col-sm-6 wpb_column vc_column_container\"><div class=\"vc_column-inner\"><div class=\"wpb_wrapper\"><div class=\"w-ibanner animation_phorcys ratio_1x1 easing_easeInOutCirc\"><div class=\"w-ibanner-h\"><div class=\"w-ibanner-image\" style=\"background-image: url(https:\/\/2024.festivalenescu.ro\/wp-content\/uploads\/2024\/08\/Daniel-DascA_lu-min-scaled.jpg)\"><\/div><div class=\"w-ibanner-content\"><div class=\"w-ibanner-content-h\"><h2 class=\"w-ibanner-title\"><\/h2><div class=\"w-ibanner-desc\"><\/div><\/div><\/div><\/div><\/div><\/div><\/div><\/div><\/div><\/div><\/section><section class=\"l-section wpb_row height_medium\"><div class=\"l-section-h i-cf\"><div class=\"g-cols vc_row via_flex valign_top type_default stacking_default\"><div class=\"vc_col-sm-12 wpb_column vc_column_container\"><div class=\"vc_column-inner\"><div class=\"wpb_wrapper\"><div class=\"wpb_text_column\"><div class=\"wpb_wrapper\"><p>Share:<\/p>\n<\/div><\/div><div class=\"w-sharing type_simple align_none color_default\"><div class=\"w-sharing-list\"><a class=\"w-sharing-item email\" href=\"mailto:?subject=Daniel Dasc\u0103lu&amp;body=https:\/\/2024.festivalenescu.ro\/ro\/wp-json\/wp\/v2\/pages\/4342\" title=\"Email this\" aria-label=\"Email this\"><i class=\"fas fa-envelope\"><\/i><\/a><a class=\"w-sharing-item facebook\" href=\"https:\/\/www.facebook.com\/sharer\/sharer.php?u=https:\/\/2024.festivalenescu.ro\/ro\/wp-json\/wp\/v2\/pages\/4342&amp;quote=Daniel Dasc\u0103lu\" title=\"Share this\" aria-label=\"Share this\" onclick=\"window.open(this.href, &quot;facebook&quot;, &quot;toolbar=0,width=900,height=500&quot;); return false;\"><i class=\"fab fa-facebook\"><\/i><\/a><a class=\"w-sharing-item twitter\" href=\"https:\/\/twitter.com\/intent\/tweet?text=Daniel Dasc\u0103lu&amp;url=https:\/\/2024.festivalenescu.ro\/ro\/wp-json\/wp\/v2\/pages\/4342\" title=\"Tweet this\" aria-label=\"Tweet this\" onclick=\"window.open(this.href, &quot;twitter&quot;, &quot;toolbar=0,width=650,height=360&quot;); return false;\"><i class=\"fab fa-x-twitter\"><svg style=\"width:1em; margin-bottom:-.1em;\" xmlns=\"http:\/\/www.w3.org\/2000\/svg\" viewBox=\"0 0 512 512\"><path fill=\"currentColor\" d=\"M389.2 48h70.6L305.6 224.2 487 464H345L233.7 318.6 106.5 464H35.8L200.7 275.5 26.8 48H172.4L272.9 180.9 389.2 48zM364.4 421.8h39.1L151.1 88h-42L364.4 421.8z\"\/><\/svg><\/i><\/a><a class=\"w-sharing-item linkedin\" href=\"https:\/\/www.linkedin.com\/shareArticle?mini=true&amp;url=https:\/\/2024.festivalenescu.ro\/ro\/wp-json\/wp\/v2\/pages\/4342\" title=\"Share this\" aria-label=\"Share this\" onclick=\"window.open(this.href, &quot;linkedin&quot;, &quot;toolbar=no,width=550,height=550&quot;); return false;\"><i class=\"fab fa-linkedin\"><\/i><\/a><a class=\"w-sharing-item whatsapp\" href=\"https:\/\/web.whatsapp.com\/send?text=Daniel Dasc\u0103lu https:\/\/2024.festivalenescu.ro\/ro\/wp-json\/wp\/v2\/pages\/4342\" title=\"Share this\" aria-label=\"Share this\" onclick=\"window.open(this.href, &quot;whatsapp&quot;, &quot;toolbar=0,width=900,height=500&quot;); return false;\"><i class=\"fab fa-whatsapp\"><\/i><\/a><a class=\"w-sharing-item reddit\" href=\"https:\/\/www.reddit.com\/submit?url=https:\/\/2024.festivalenescu.ro\/ro\/wp-json\/wp\/v2\/pages\/4342&amp;title=Daniel Dasc\u0103lu\" title=\"Share this\" aria-label=\"Share this\" onclick=\"window.open(this.href, &quot;reddit&quot;, &quot;toolbar=no,width=900,height=500&quot;); return false;\"><i class=\"fab fa-reddit\"><\/i><\/a><a class=\"w-sharing-item telegram\" href=\"https:\/\/t.me\/share\/url?url=https:\/\/2024.festivalenescu.ro\/ro\/wp-json\/wp\/v2\/pages\/4342&amp;text=Daniel Dasc\u0103lu\" title=\"Share this\" aria-label=\"Share this\" onclick=\"window.open(this.href, &quot;telegram&quot;, &quot;toolbar=no,width=600,height=450&quot;); return false;\"><i class=\"fab fa-telegram\"><\/i><\/a><\/div><\/div><div class=\"w-post-elm post_navigation layout_sided inv_false\"><a class=\"post_navigation-item order_first to_prev\" href=\"https:\/\/2024.festivalenescu.ro\/ro\/artisti-invitati\/clementina-ristea-ciucu\/\" title=\"Clementina Ristea Ciucu\"><div class=\"post_navigation-item-img\"><img decoding=\"async\" src=\"https:\/\/2024.festivalenescu.ro\/wp-content\/uploads\/2024\/08\/Clementina_Ristea_Cicu-692x900.jpg\" loading=\"lazy\" alt=\"\" width=\"150\" height=\"150\"><\/div><div class=\"post_navigation-item-arrow\"><\/div><div class=\"post_navigation-item-title\"><span>Clementina Ristea Ciucu<\/span><\/div><\/a><a class=\"post_navigation-item order_second to_next\" href=\"https:\/\/2024.festivalenescu.ro\/ro\/artisti-invitati\/daria-tudor\/\" title=\"Daria Tudor\"><div class=\"post_navigation-item-img\"><img decoding=\"async\" src=\"https:\/\/2024.festivalenescu.ro\/wp-content\/uploads\/2024\/08\/Color-1-Foto_-Damir-Babacic-min-900x843.jpg\" loading=\"lazy\" alt=\"\" width=\"150\" height=\"150\"><\/div><div class=\"post_navigation-item-arrow\"><\/div><div class=\"post_navigation-item-title\"><span>Daria Tudor<\/span><\/div><\/a><\/div><\/div><\/div><\/div><\/div><\/div><\/section>\n","protected":false},"excerpt":{"rendered":"Pianistul Daniel Dasc\u0103lu (n. 1991) a sus\u021binut recitaluri pe scene din Bucure\u0219ti, Ia\u0219i, Bra\u0219ov, Cluj, Constan\u021ba, Sibiu \u0219i a evoluat al\u0103turi de orchestrele filarmonicilor din Craiova, Bac\u0103u, Boto\u0219ani, precum \u0219i la Ateneul Rom\u00e2n, al\u0103turi de orchestra Concerto a Universit\u0103\u021bii Na\u021bionale de Muzic\u0103 din Bucure\u0219ti. De asemenea, a sus\u021binut recitaluri \u00een diferite ora\u0219e europene, printre care...","protected":false},"author":4,"featured_media":4339,"parent":1732,"menu_order":0,"comment_status":"closed","ping_status":"closed","template":"","meta":{"footnotes":""},"class_list":["post-4342","page","type-page","status-publish","has-post-thumbnail","hentry"],"_links":{"self":[{"href":"https:\/\/2024.festivalenescu.ro\/ro\/wp-json\/wp\/v2\/pages\/4342","targetHints":{"allow":["GET"]}}],"collection":[{"href":"https:\/\/2024.festivalenescu.ro\/ro\/wp-json\/wp\/v2\/pages"}],"about":[{"href":"https:\/\/2024.festivalenescu.ro\/ro\/wp-json\/wp\/v2\/types\/page"}],"author":[{"embeddable":true,"href":"https:\/\/2024.festivalenescu.ro\/ro\/wp-json\/wp\/v2\/users\/4"}],"replies":[{"embeddable":true,"href":"https:\/\/2024.festivalenescu.ro\/ro\/wp-json\/wp\/v2\/comments?post=4342"}],"version-history":[{"count":1,"href":"https:\/\/2024.festivalenescu.ro\/ro\/wp-json\/wp\/v2\/pages\/4342\/revisions"}],"predecessor-version":[{"id":4343,"href":"https:\/\/2024.festivalenescu.ro\/ro\/wp-json\/wp\/v2\/pages\/4342\/revisions\/4343"}],"up":[{"embeddable":true,"href":"https:\/\/2024.festivalenescu.ro\/ro\/wp-json\/wp\/v2\/pages\/1732"}],"wp:featuredmedia":[{"embeddable":true,"href":"https:\/\/2024.festivalenescu.ro\/ro\/wp-json\/wp\/v2\/media\/4339"}],"wp:attachment":[{"href":"https:\/\/2024.festivalenescu.ro\/ro\/wp-json\/wp\/v2\/media?parent=4342"}],"curies":[{"name":"wp","href":"https:\/\/api.w.org\/{rel}","templated":true}]}}