{"id":4350,"date":"2024-08-27T16:34:50","date_gmt":"2024-08-27T13:34:50","guid":{"rendered":"https:\/\/concurs.festivalenescu.ro\/artisti-invitati\/daria-tudor\/"},"modified":"2024-08-29T14:43:31","modified_gmt":"2024-08-29T11:43:31","slug":"daria-tudor","status":"publish","type":"page","link":"https:\/\/2024.festivalenescu.ro\/ro\/artisti-invitati\/daria-tudor\/","title":{"rendered":"Daria Tudor"},"content":{"rendered":"<section class=\"l-section wpb_row height_medium\"><div class=\"l-section-h i-cf\"><div class=\"g-cols vc_row via_flex valign_top type_default stacking_default\"><div class=\"vc_col-sm-6 wpb_column vc_column_container\"><div class=\"vc_column-inner\"><div class=\"wpb_wrapper\"><div class=\"wpb_text_column\"><div class=\"wpb_wrapper\"><p><span style=\"font-weight: 400;\">Laureat\u0103 a titlului Cel mai bun artist al anului la Festivalul Art of the Piano din Cincinnati (2019), pianista Daria Tudor este originar\u0103 din Ploie\u0219ti. A \u00eenceput s\u0103 studieze muzica la 4 ani \u0219i la v\u00e2rsta de 9 ani debuta cu Orchestra de Camer\u0103 Radio la Bucure\u0219ti. \u00cenc\u0103 din copil\u0103rie a impresionat prin numeroasele premii ob\u021binute la competi\u021bii na\u021bionale \u0219i prin multiple concerte \u0219i apari\u021bii tv \u0219i radio \u00een Rom\u00e2nia.<\/span><br \/>\n<span style=\"font-weight: 400;\">Din 2015 este stabilit\u0103 \u00een Germania \u0219i dezvolt\u0103 o carier\u0103 interna\u021bional\u0103 ca solist\u0103 \u0219i muzician\u0103 de camer\u0103. A fost invitat\u0103 s\u0103 concerteze \u00een programele unor institu\u021bii ca Filarmonica din Berlin \u0219i Deutschlandfunk Kultur \u0219i a participat la numeroase festivaluri precum Kissinger Sommer, MozArtFest din W\u00fcrzburg, :alpenarte din Schwarzenberg \u0219i Encuentro de M\u00fasica din Santander, \u0219i ca solist\u0103 cu orchestre din Belgia, Italia \u0219i Rom\u00e2nia, sub bagheta dirijorilor Dirk Vermeulen, Horia Andreescu, Maffeo Scarpis, Sabin P\u0103utza, Ilarion Ionescu-Gala\u021bi \u0219i al\u021bii. \u00cen portofoliul s\u0103u se num\u0103r\u0103 recitaluri \u0219i concerte \u00een s\u0103li din \u00eentreaga lume, precum Werner, Akishino \u0219i St. Martin in the Fields.<\/span><br \/>\n<span style=\"font-weight: 400;\">Printre muzicienii cu care a colaborat se num\u0103r\u0103 Patricia Kopatchinskaja, Zakhar Bron, Mihaela Martin \u0219i Andrei Ioni\u021b\u0103, cu care a reprezentat Rom\u00e2nia \u00een cadrul seriei Europe@Home g\u0103zduit\u0103 de Daniel Hope \u0219i difuzat\u0103 de Arte TV.<\/span><br \/>\n<span style=\"font-weight: 400;\">Absolvent\u0103 a Colegiului Na\u021bional de Arte Dinu Lipatti din Bucure\u0219ti, Daria Tudor a lucrat cu Anca Borcea, \u0218erban-Dimitrie Soreanu \u0219i Adriana Boc\u0103neanu \u00eenainte de a-\u0219i continua studiile la Universit\u00e4t der K\u00fcnste din Berlin, unde a fost studenta piani\u0219tilor Pascal Devoyon \u0219i Bj\u00f6rn Lehmann. La recomandarea pianistei Elisabeth Leonskaja, s-a perfec\u021bionat cu Maria Jo\u00e3o Pires la Queen Elisabeth Music Chapel din Bruxelles \u0219i la cursuri de m\u0103iestrie cu Leon Fleisher, Grigory Gruzman \u0219i Boris Petrushansky.<\/span><br \/>\n<span style=\"font-weight: 400;\">A fost lector la acompaniament de lied contemporan, iar \u00een prezent pred\u0103 la catedra de acompaniament a Universit\u0103\u021bii din Berlin \u0219i este pianista oficial\u0103 a clasei de violoncel a profesorului Konstantin Heidrich. Din martie 2024, este angajat\u0103 \u0219i la Academia Barenboim-Said din Berlin.<\/span><\/p>\n<\/div><\/div><\/div><\/div><\/div><div class=\"vc_col-sm-6 wpb_column vc_column_container\"><div class=\"vc_column-inner\"><div class=\"wpb_wrapper\"><div class=\"w-ibanner animation_phorcys ratio_1x1 easing_easeInOutCirc\"><div class=\"w-ibanner-h\"><div class=\"w-ibanner-image\" style=\"background-image: url(https:\/\/2024.festivalenescu.ro\/wp-content\/uploads\/2024\/08\/Color-1-Foto_-Damir-Babacic-min-scaled.jpg)\"><\/div><div class=\"w-ibanner-content\"><div class=\"w-ibanner-content-h\"><h2 class=\"w-ibanner-title\"><\/h2><div class=\"w-ibanner-desc\"><p>\u00a9 Damir Babacic<\/p>\n<\/div><\/div><\/div><\/div><\/div><\/div><\/div><\/div><\/div><\/div><\/section><section class=\"l-section wpb_row height_medium\"><div class=\"l-section-h i-cf\"><div class=\"g-cols vc_row via_flex valign_top type_default stacking_default\"><div class=\"vc_col-sm-12 wpb_column vc_column_container\"><div class=\"vc_column-inner\"><div class=\"wpb_wrapper\"><div class=\"wpb_text_column\"><div class=\"wpb_wrapper\"><p>Share:<\/p>\n<\/div><\/div><div class=\"w-sharing type_simple align_none color_default\"><div class=\"w-sharing-list\"><a class=\"w-sharing-item email\" href=\"mailto:?subject=Daria Tudor&amp;body=https:\/\/2024.festivalenescu.ro\/ro\/wp-json\/wp\/v2\/pages\/4350\" title=\"Email this\" aria-label=\"Email this\"><i class=\"fas fa-envelope\"><\/i><\/a><a class=\"w-sharing-item facebook\" href=\"https:\/\/www.facebook.com\/sharer\/sharer.php?u=https:\/\/2024.festivalenescu.ro\/ro\/wp-json\/wp\/v2\/pages\/4350&amp;quote=Daria Tudor\" title=\"Share this\" aria-label=\"Share this\" onclick=\"window.open(this.href, &quot;facebook&quot;, &quot;toolbar=0,width=900,height=500&quot;); return false;\"><i class=\"fab fa-facebook\"><\/i><\/a><a class=\"w-sharing-item twitter\" href=\"https:\/\/twitter.com\/intent\/tweet?text=Daria Tudor&amp;url=https:\/\/2024.festivalenescu.ro\/ro\/wp-json\/wp\/v2\/pages\/4350\" title=\"Tweet this\" aria-label=\"Tweet this\" onclick=\"window.open(this.href, &quot;twitter&quot;, &quot;toolbar=0,width=650,height=360&quot;); return false;\"><i class=\"fab fa-x-twitter\"><svg style=\"width:1em; margin-bottom:-.1em;\" xmlns=\"http:\/\/www.w3.org\/2000\/svg\" viewBox=\"0 0 512 512\"><path fill=\"currentColor\" d=\"M389.2 48h70.6L305.6 224.2 487 464H345L233.7 318.6 106.5 464H35.8L200.7 275.5 26.8 48H172.4L272.9 180.9 389.2 48zM364.4 421.8h39.1L151.1 88h-42L364.4 421.8z\"\/><\/svg><\/i><\/a><a class=\"w-sharing-item linkedin\" href=\"https:\/\/www.linkedin.com\/shareArticle?mini=true&amp;url=https:\/\/2024.festivalenescu.ro\/ro\/wp-json\/wp\/v2\/pages\/4350\" title=\"Share this\" aria-label=\"Share this\" onclick=\"window.open(this.href, &quot;linkedin&quot;, &quot;toolbar=no,width=550,height=550&quot;); return false;\"><i class=\"fab fa-linkedin\"><\/i><\/a><a class=\"w-sharing-item whatsapp\" href=\"https:\/\/web.whatsapp.com\/send?text=Daria Tudor https:\/\/2024.festivalenescu.ro\/ro\/wp-json\/wp\/v2\/pages\/4350\" title=\"Share this\" aria-label=\"Share this\" onclick=\"window.open(this.href, &quot;whatsapp&quot;, &quot;toolbar=0,width=900,height=500&quot;); return false;\"><i class=\"fab fa-whatsapp\"><\/i><\/a><a class=\"w-sharing-item reddit\" href=\"https:\/\/www.reddit.com\/submit?url=https:\/\/2024.festivalenescu.ro\/ro\/wp-json\/wp\/v2\/pages\/4350&amp;title=Daria Tudor\" title=\"Share this\" aria-label=\"Share this\" onclick=\"window.open(this.href, &quot;reddit&quot;, &quot;toolbar=no,width=900,height=500&quot;); return false;\"><i class=\"fab fa-reddit\"><\/i><\/a><a class=\"w-sharing-item telegram\" href=\"https:\/\/t.me\/share\/url?url=https:\/\/2024.festivalenescu.ro\/ro\/wp-json\/wp\/v2\/pages\/4350&amp;text=Daria Tudor\" title=\"Share this\" aria-label=\"Share this\" onclick=\"window.open(this.href, &quot;telegram&quot;, &quot;toolbar=no,width=600,height=450&quot;); return false;\"><i class=\"fab fa-telegram\"><\/i><\/a><\/div><\/div><div class=\"w-post-elm post_navigation layout_sided inv_false\"><a class=\"post_navigation-item order_first to_prev\" href=\"https:\/\/2024.festivalenescu.ro\/ro\/artisti-invitati\/daniel-dascalu\/\" title=\"Daniel Dasc\u0103lu\"><div class=\"post_navigation-item-img\"><img decoding=\"async\" src=\"https:\/\/2024.festivalenescu.ro\/wp-content\/uploads\/2024\/08\/Daniel-DascA_lu-min-900x641.jpg\" loading=\"lazy\" alt=\"\" width=\"150\" height=\"150\"><\/div><div class=\"post_navigation-item-arrow\"><\/div><div class=\"post_navigation-item-title\"><span>Daniel Dasc\u0103lu<\/span><\/div><\/a><a class=\"post_navigation-item order_second to_next\" href=\"https:\/\/2024.festivalenescu.ro\/ro\/artisti-invitati\/gabriel-gitan\/\" title=\"Gabriel G\u00ee\u021ban\"><div class=\"post_navigation-item-img\"><img decoding=\"async\" src=\"https:\/\/2024.festivalenescu.ro\/wp-content\/uploads\/2024\/08\/poza_oficiala1-min-900x675.jpg\" loading=\"lazy\" alt=\"\" width=\"150\" height=\"150\"><\/div><div class=\"post_navigation-item-arrow\"><\/div><div class=\"post_navigation-item-title\"><span>Gabriel G\u00ee\u021ban<\/span><\/div><\/a><\/div><\/div><\/div><\/div><\/div><\/div><\/section>\n","protected":false},"excerpt":{"rendered":"Laureat\u0103 a titlului Cel mai bun artist al anului la Festivalul Art of the Piano din Cincinnati (2019), pianista Daria Tudor este originar\u0103 din Ploie\u0219ti. A \u00eenceput s\u0103 studieze muzica la 4 ani \u0219i la v\u00e2rsta de 9 ani debuta cu Orchestra de Camer\u0103 Radio la Bucure\u0219ti. \u00cenc\u0103 din copil\u0103rie a impresionat prin numeroasele premii...","protected":false},"author":4,"featured_media":4347,"parent":1732,"menu_order":0,"comment_status":"closed","ping_status":"closed","template":"","meta":{"footnotes":""},"class_list":["post-4350","page","type-page","status-publish","has-post-thumbnail","hentry"],"_links":{"self":[{"href":"https:\/\/2024.festivalenescu.ro\/ro\/wp-json\/wp\/v2\/pages\/4350","targetHints":{"allow":["GET"]}}],"collection":[{"href":"https:\/\/2024.festivalenescu.ro\/ro\/wp-json\/wp\/v2\/pages"}],"about":[{"href":"https:\/\/2024.festivalenescu.ro\/ro\/wp-json\/wp\/v2\/types\/page"}],"author":[{"embeddable":true,"href":"https:\/\/2024.festivalenescu.ro\/ro\/wp-json\/wp\/v2\/users\/4"}],"replies":[{"embeddable":true,"href":"https:\/\/2024.festivalenescu.ro\/ro\/wp-json\/wp\/v2\/comments?post=4350"}],"version-history":[{"count":1,"href":"https:\/\/2024.festivalenescu.ro\/ro\/wp-json\/wp\/v2\/pages\/4350\/revisions"}],"predecessor-version":[{"id":4351,"href":"https:\/\/2024.festivalenescu.ro\/ro\/wp-json\/wp\/v2\/pages\/4350\/revisions\/4351"}],"up":[{"embeddable":true,"href":"https:\/\/2024.festivalenescu.ro\/ro\/wp-json\/wp\/v2\/pages\/1732"}],"wp:featuredmedia":[{"embeddable":true,"href":"https:\/\/2024.festivalenescu.ro\/ro\/wp-json\/wp\/v2\/media\/4347"}],"wp:attachment":[{"href":"https:\/\/2024.festivalenescu.ro\/ro\/wp-json\/wp\/v2\/media?parent=4350"}],"curies":[{"name":"wp","href":"https:\/\/api.w.org\/{rel}","templated":true}]}}