{"id":4358,"date":"2024-08-27T16:39:22","date_gmt":"2024-08-27T13:39:22","guid":{"rendered":"https:\/\/concurs.festivalenescu.ro\/artisti-invitati\/gabriel-gitan\/"},"modified":"2024-08-29T14:43:39","modified_gmt":"2024-08-29T11:43:39","slug":"gabriel-gitan","status":"publish","type":"page","link":"https:\/\/2024.festivalenescu.ro\/ro\/artisti-invitati\/gabriel-gitan\/","title":{"rendered":"Gabriel G\u00ee\u021ban"},"content":{"rendered":"<section class=\"l-section wpb_row height_medium\"><div class=\"l-section-h i-cf\"><div class=\"g-cols vc_row via_flex valign_top type_default stacking_default\"><div class=\"vc_col-sm-6 wpb_column vc_column_container\"><div class=\"vc_column-inner\"><div class=\"wpb_wrapper\"><div class=\"wpb_text_column\"><div class=\"wpb_wrapper\"><p><span style=\"font-weight: 400;\">Pianistul Gabriel G\u00ee\u021ban (n. 1996) a urmat cursurile de licen\u021b\u0103 \u0219i master ale Universit\u0103\u021bii Na\u021bionale de Muzic\u0103 din Bucure\u0219ti, beneficiind de \u00eendrumarea profesorilor Viniciu Moroianu, Verona Maier, Stelu\u021ba Radu \u0219i Cristina Popescu-St\u0103ne\u0219ti. Pe parcursul anilor de studen\u021bie a participat \u0219i a ob\u021binut premii la numeroase concursuri na\u021bionale \u0219i interna\u021bionale. De asemenea, a primit Bursa de Excelen\u021b\u0103 oferit\u0103 de UNMB pentru realiz\u0103ri artistice semnificative de dou\u0103 ori, \u00een 2018 \u0219i \u00een 2021. \u00cen prezent, este pianist acompaniator la Opera Na\u021bional\u0103 Bucure\u0219ti \u0219i profesor de corepeti\u021bie la \u0218coala Gimnazial\u0103 de Arte nr. 2.<\/span><br \/>\n<span style=\"font-weight: 400;\">A c\u00e2ntat pe scene importante at\u00e2t ca solist, c\u00e2t \u0219i ca partener de muzic\u0103 de camer\u0103. Ca urmare a ob\u021binerii Premiului I la Festivalul Muzicii Maghiare din 2018, a colaborat cu Institutul Cultural Maghiar, sus\u021bin\u00e2nd recitaluri de pian la sediile din Paris, Londra \u0219i Bucure\u0219ti. La invita\u021bia Institutului Cultural Rom\u00e2n din Londra, a c\u00e2ntat \u00een seria de recitaluri Lunchtime de la St. Martin-in-the-Fields \u0219i St. James\u2019s Piccadilly. Al\u0103turi de violonistul Valentin \u0218erban, a c\u00e2ntat la Cluj-Napoca \u0219i Sibiu \u00een cadrul Festivalului Enescu, precum \u0219i \u00een Festivalul Musica Barcensis. De asemenea, cei doi au realizat \u00eenregistr\u0103ri speciale la Sala Radio. A \u00eenregistrat tot la Sala Radio \u0219i cu violonceli\u0219tii Cornelius Zirbo \u0219i \u0218tefan Cazacu, precum \u0219i cu soprana Aida Pascu, al\u0103turi de care a c\u00e2ntat, anul acesta, \u00een Lituania (la Conacul Ilzenberg) \u0219i \u00een Rom\u00e2nia (la Muzeul Na\u021bional Cotroceni din Bucure\u0219ti).<\/span><br \/>\n<span style=\"font-weight: 400;\">A sus\u021binut recitaluri camerale \u00een Bucure\u0219ti, la Ateneul Rom\u00e2n, Sala Radio, Palatul Tinerimea Rom\u00e2n\u0103, Casa Artelor Dinu Lipatti \u0219i la Palatul Su\u021bu, precum \u0219i \u00een festivalurile Enescu \u0219i muzica lumii de la Sinaia \u0219i Mogo\u0219oaia ClasicFest. Din 2022 sus\u021bine concerte ca membru al ansamblului Traffic Strings, iar din 2023 ca membru al Orchestrei Metropolitane Bucure\u0219ti. A fost acompaniator oficial la sec\u021biunile vioar\u0103 \u0219i violoncel ale Concursului Interna\u021bional George Enescu, edi\u021biile 2020 \u0219i 2022.<\/span><\/p>\n<\/div><\/div><\/div><\/div><\/div><div class=\"vc_col-sm-6 wpb_column vc_column_container\"><div class=\"vc_column-inner\"><div class=\"wpb_wrapper\"><div class=\"w-ibanner animation_phorcys ratio_1x1 easing_easeInOutCirc\"><div class=\"w-ibanner-h\"><div class=\"w-ibanner-image\" style=\"background-image: url(https:\/\/2024.festivalenescu.ro\/wp-content\/uploads\/2024\/08\/poza_oficiala1-min-scaled.jpg)\"><\/div><div class=\"w-ibanner-content\"><div class=\"w-ibanner-content-h\"><h2 class=\"w-ibanner-title\"><\/h2><div class=\"w-ibanner-desc\"><\/div><\/div><\/div><\/div><\/div><\/div><\/div><\/div><\/div><\/div><\/section><section class=\"l-section wpb_row height_medium\"><div class=\"l-section-h i-cf\"><div class=\"g-cols vc_row via_flex valign_top type_default stacking_default\"><div class=\"vc_col-sm-12 wpb_column vc_column_container\"><div class=\"vc_column-inner\"><div class=\"wpb_wrapper\"><div class=\"wpb_text_column\"><div class=\"wpb_wrapper\"><p>Share:<\/p>\n<\/div><\/div><div class=\"w-sharing type_simple align_none color_default\"><div class=\"w-sharing-list\"><a class=\"w-sharing-item email\" href=\"mailto:?subject=Gabriel G\u00ee\u021ban&amp;body=https:\/\/2024.festivalenescu.ro\/ro\/wp-json\/wp\/v2\/pages\/4358\" title=\"Email this\" aria-label=\"Email this\"><i class=\"fas fa-envelope\"><\/i><\/a><a class=\"w-sharing-item facebook\" href=\"https:\/\/www.facebook.com\/sharer\/sharer.php?u=https:\/\/2024.festivalenescu.ro\/ro\/wp-json\/wp\/v2\/pages\/4358&amp;quote=Gabriel G\u00ee\u021ban\" title=\"Share this\" aria-label=\"Share this\" onclick=\"window.open(this.href, &quot;facebook&quot;, &quot;toolbar=0,width=900,height=500&quot;); return false;\"><i class=\"fab fa-facebook\"><\/i><\/a><a class=\"w-sharing-item twitter\" href=\"https:\/\/twitter.com\/intent\/tweet?text=Gabriel G\u00ee\u021ban&amp;url=https:\/\/2024.festivalenescu.ro\/ro\/wp-json\/wp\/v2\/pages\/4358\" title=\"Tweet this\" aria-label=\"Tweet this\" onclick=\"window.open(this.href, &quot;twitter&quot;, &quot;toolbar=0,width=650,height=360&quot;); return false;\"><i class=\"fab fa-x-twitter\"><svg style=\"width:1em; margin-bottom:-.1em;\" xmlns=\"http:\/\/www.w3.org\/2000\/svg\" viewBox=\"0 0 512 512\"><path fill=\"currentColor\" d=\"M389.2 48h70.6L305.6 224.2 487 464H345L233.7 318.6 106.5 464H35.8L200.7 275.5 26.8 48H172.4L272.9 180.9 389.2 48zM364.4 421.8h39.1L151.1 88h-42L364.4 421.8z\"\/><\/svg><\/i><\/a><a class=\"w-sharing-item linkedin\" href=\"https:\/\/www.linkedin.com\/shareArticle?mini=true&amp;url=https:\/\/2024.festivalenescu.ro\/ro\/wp-json\/wp\/v2\/pages\/4358\" title=\"Share this\" aria-label=\"Share this\" onclick=\"window.open(this.href, &quot;linkedin&quot;, &quot;toolbar=no,width=550,height=550&quot;); return false;\"><i class=\"fab fa-linkedin\"><\/i><\/a><a class=\"w-sharing-item whatsapp\" href=\"https:\/\/web.whatsapp.com\/send?text=Gabriel G\u00ee\u021ban https:\/\/2024.festivalenescu.ro\/ro\/wp-json\/wp\/v2\/pages\/4358\" title=\"Share this\" aria-label=\"Share this\" onclick=\"window.open(this.href, &quot;whatsapp&quot;, &quot;toolbar=0,width=900,height=500&quot;); return false;\"><i class=\"fab fa-whatsapp\"><\/i><\/a><a class=\"w-sharing-item reddit\" href=\"https:\/\/www.reddit.com\/submit?url=https:\/\/2024.festivalenescu.ro\/ro\/wp-json\/wp\/v2\/pages\/4358&amp;title=Gabriel G\u00ee\u021ban\" title=\"Share this\" aria-label=\"Share this\" onclick=\"window.open(this.href, &quot;reddit&quot;, &quot;toolbar=no,width=900,height=500&quot;); return false;\"><i class=\"fab fa-reddit\"><\/i><\/a><a class=\"w-sharing-item telegram\" href=\"https:\/\/t.me\/share\/url?url=https:\/\/2024.festivalenescu.ro\/ro\/wp-json\/wp\/v2\/pages\/4358&amp;text=Gabriel G\u00ee\u021ban\" title=\"Share this\" aria-label=\"Share this\" onclick=\"window.open(this.href, &quot;telegram&quot;, &quot;toolbar=no,width=600,height=450&quot;); return false;\"><i class=\"fab fa-telegram\"><\/i><\/a><\/div><\/div><div class=\"w-post-elm post_navigation layout_sided inv_false\"><a class=\"post_navigation-item order_first to_prev\" href=\"https:\/\/2024.festivalenescu.ro\/ro\/artisti-invitati\/daria-tudor\/\" title=\"Daria Tudor\"><div class=\"post_navigation-item-img\"><img decoding=\"async\" src=\"https:\/\/2024.festivalenescu.ro\/wp-content\/uploads\/2024\/08\/Color-1-Foto_-Damir-Babacic-min-900x843.jpg\" loading=\"lazy\" alt=\"\" width=\"150\" height=\"150\"><\/div><div class=\"post_navigation-item-arrow\"><\/div><div class=\"post_navigation-item-title\"><span>Daria Tudor<\/span><\/div><\/a><a class=\"post_navigation-item order_second to_next\" href=\"https:\/\/2024.festivalenescu.ro\/ro\/artisti-invitati\/han-wen-jennifer-yu\/\" title=\"Han-Wen Jennifer Yu\"><div class=\"post_navigation-item-img\"><img decoding=\"async\" src=\"https:\/\/2024.festivalenescu.ro\/wp-content\/uploads\/2024\/08\/Hanwenjenniferyu01-835x900.jpg\" loading=\"lazy\" alt=\"\" width=\"150\" height=\"150\"><\/div><div class=\"post_navigation-item-arrow\"><\/div><div class=\"post_navigation-item-title\"><span>Han-Wen Jennifer Yu<\/span><\/div><\/a><\/div><\/div><\/div><\/div><\/div><\/div><\/section>\n","protected":false},"excerpt":{"rendered":"Pianistul Gabriel G\u00ee\u021ban (n. 1996) a urmat cursurile de licen\u021b\u0103 \u0219i master ale Universit\u0103\u021bii Na\u021bionale de Muzic\u0103 din Bucure\u0219ti, beneficiind de \u00eendrumarea profesorilor Viniciu Moroianu, Verona Maier, Stelu\u021ba Radu \u0219i Cristina Popescu-St\u0103ne\u0219ti. Pe parcursul anilor de studen\u021bie a participat \u0219i a ob\u021binut premii la numeroase concursuri na\u021bionale \u0219i interna\u021bionale. De asemenea, a primit Bursa de...","protected":false},"author":4,"featured_media":4355,"parent":1732,"menu_order":0,"comment_status":"closed","ping_status":"closed","template":"","meta":{"footnotes":""},"class_list":["post-4358","page","type-page","status-publish","has-post-thumbnail","hentry"],"_links":{"self":[{"href":"https:\/\/2024.festivalenescu.ro\/ro\/wp-json\/wp\/v2\/pages\/4358","targetHints":{"allow":["GET"]}}],"collection":[{"href":"https:\/\/2024.festivalenescu.ro\/ro\/wp-json\/wp\/v2\/pages"}],"about":[{"href":"https:\/\/2024.festivalenescu.ro\/ro\/wp-json\/wp\/v2\/types\/page"}],"author":[{"embeddable":true,"href":"https:\/\/2024.festivalenescu.ro\/ro\/wp-json\/wp\/v2\/users\/4"}],"replies":[{"embeddable":true,"href":"https:\/\/2024.festivalenescu.ro\/ro\/wp-json\/wp\/v2\/comments?post=4358"}],"version-history":[{"count":2,"href":"https:\/\/2024.festivalenescu.ro\/ro\/wp-json\/wp\/v2\/pages\/4358\/revisions"}],"predecessor-version":[{"id":5065,"href":"https:\/\/2024.festivalenescu.ro\/ro\/wp-json\/wp\/v2\/pages\/4358\/revisions\/5065"}],"up":[{"embeddable":true,"href":"https:\/\/2024.festivalenescu.ro\/ro\/wp-json\/wp\/v2\/pages\/1732"}],"wp:featuredmedia":[{"embeddable":true,"href":"https:\/\/2024.festivalenescu.ro\/ro\/wp-json\/wp\/v2\/media\/4355"}],"wp:attachment":[{"href":"https:\/\/2024.festivalenescu.ro\/ro\/wp-json\/wp\/v2\/media?parent=4358"}],"curies":[{"name":"wp","href":"https:\/\/api.w.org\/{rel}","templated":true}]}}