{"id":4366,"date":"2024-08-27T16:42:27","date_gmt":"2024-08-27T13:42:27","guid":{"rendered":"https:\/\/concurs.festivalenescu.ro\/artisti-invitati\/han-wen-jennifer-yu\/"},"modified":"2024-08-29T14:43:46","modified_gmt":"2024-08-29T11:43:46","slug":"han-wen-jennifer-yu","status":"publish","type":"page","link":"https:\/\/2024.festivalenescu.ro\/ro\/artisti-invitati\/han-wen-jennifer-yu\/","title":{"rendered":"Han-Wen Jennifer Yu"},"content":{"rendered":"<section class=\"l-section wpb_row height_medium\"><div class=\"l-section-h i-cf\"><div class=\"g-cols vc_row via_flex valign_top type_default stacking_default\"><div class=\"vc_col-sm-6 wpb_column vc_column_container\"><div class=\"vc_column-inner\"><div class=\"wpb_wrapper\"><div class=\"wpb_text_column\"><div class=\"wpb_wrapper\"><p><span style=\"font-weight: 400;\">Han-Wen Jennifer Yu este originar\u0103 din Taichung, Taiwan. A absolvit studiile de licen\u021b\u0103 la Universitatea Tunghai, masteratul la Conservatorul New England \u0219i a finalizat cu un Konzertexamen Universitatea de Muzic\u0103 \u0219i Teatru din Leipzig.<\/span><br \/>\n<span style=\"font-weight: 400;\">Ca pianist colaborator activ, a c\u00e2ntat \u00een s\u0103li renumite din \u00eentreaga lume, precum Filarmonica din Berlin, Ateneul Rom\u00e2n din Bucure\u0219ti, Flagey din Bruxelles, Sala Na\u021bional\u0103 de Concerte din Taiwan. A ap\u0103rut pe posturi de radio \u0219i televiziune precum Performance Today, Deutschlandfunk, RTBF Radio, Medici TV, \u0219i a fost apreciat\u0103 de criticii postului RBB Kulturradio Berlin.<\/span><br \/>\n<span style=\"font-weight: 400;\">A ob\u021binut distinc\u021bii interna\u021bionale, printre care se num\u0103r\u0103 Premiul I la cea de-a 19-a edi\u021bie a Concursului Interna\u021bional de Muzic\u0103 de Camer\u0103 Kiejstut Bacewicz din Polonia, al\u0103turi de violoncelistul Mon-Puo Lee, \u0219i Premiul pentru cel mai bun acompaniator la Concursul Interna\u021bional George Enescu din Rom\u00e2nia.<\/span><br \/>\n<span style=\"font-weight: 400;\">Han-Wen Jennifer Yu a fost pianist\u0103 acompaniatoare la Conservatorul New England, la Institutul de Tehnologie din Massachusetts \u0219i la multe alte festivaluri interna\u021bionale de muzic\u0103. Din 2019, activeaz\u0103 ca pianist acompaniator al Concursului Interna\u021bional pentru Tineri Violoni\u0219ti Louis Spohr din Weimar, iar \u00een 2022 a fost desemnat\u0103 pianist oficial al Concursului Interna\u021bional George Enescu.<\/span><br \/>\n<span style=\"font-weight: 400;\">Recent, a lucrat intensiv cu membrii Filarmonicii din Berlin \u0219i ai Academiei Karajan. Printre muzicienii cu care a colaborat \u00een trecut \u0219i \u00een prezent se num\u0103r\u0103 c\u00e2\u0219tig\u0103tori ai unor prestigioase concursuri interna\u021bionale \u0219i soli\u0219ti profesioni\u0219ti. A fost director al Ansamblului Taiwan &amp; Guests \u0219i al companiei de management pentru proiecte muzicale Project Zero, colabor\u00e2nd cu sute de interpre\u021bi \u0219i membri ai echipei. \u00cen prezent locuie\u0219te la Berlin, unde activeaz\u0103 ca pianist liber-profesionist.<\/span><\/p>\n<\/div><\/div><\/div><\/div><\/div><div class=\"vc_col-sm-6 wpb_column vc_column_container\"><div class=\"vc_column-inner\"><div class=\"wpb_wrapper\"><div class=\"w-ibanner animation_phorcys ratio_1x1 easing_easeInOutCirc\"><div class=\"w-ibanner-h\"><div class=\"w-ibanner-image\" style=\"background-image: url(https:\/\/2024.festivalenescu.ro\/wp-content\/uploads\/2024\/08\/Hanwenjenniferyu01-scaled.jpg)\"><\/div><div class=\"w-ibanner-content\"><div class=\"w-ibanner-content-h\"><h2 class=\"w-ibanner-title\"><\/h2><div class=\"w-ibanner-desc\"><\/div><\/div><\/div><\/div><\/div><\/div><\/div><\/div><\/div><\/div><\/section><section class=\"l-section wpb_row height_medium\"><div class=\"l-section-h i-cf\"><div class=\"g-cols vc_row via_flex valign_top type_default stacking_default\"><div class=\"vc_col-sm-12 wpb_column vc_column_container\"><div class=\"vc_column-inner\"><div class=\"wpb_wrapper\"><div class=\"wpb_text_column\"><div class=\"wpb_wrapper\"><p>Share:<\/p>\n<\/div><\/div><div class=\"w-sharing type_simple align_none color_default\"><div class=\"w-sharing-list\"><a class=\"w-sharing-item email\" href=\"mailto:?subject=Han-Wen Jennifer Yu&amp;body=https:\/\/2024.festivalenescu.ro\/ro\/wp-json\/wp\/v2\/pages\/4366\" title=\"Email this\" aria-label=\"Email this\"><i class=\"fas fa-envelope\"><\/i><\/a><a class=\"w-sharing-item facebook\" href=\"https:\/\/www.facebook.com\/sharer\/sharer.php?u=https:\/\/2024.festivalenescu.ro\/ro\/wp-json\/wp\/v2\/pages\/4366&amp;quote=Han-Wen Jennifer Yu\" title=\"Share this\" aria-label=\"Share this\" onclick=\"window.open(this.href, &quot;facebook&quot;, &quot;toolbar=0,width=900,height=500&quot;); return false;\"><i class=\"fab fa-facebook\"><\/i><\/a><a class=\"w-sharing-item twitter\" href=\"https:\/\/twitter.com\/intent\/tweet?text=Han-Wen Jennifer Yu&amp;url=https:\/\/2024.festivalenescu.ro\/ro\/wp-json\/wp\/v2\/pages\/4366\" title=\"Tweet this\" aria-label=\"Tweet this\" onclick=\"window.open(this.href, &quot;twitter&quot;, &quot;toolbar=0,width=650,height=360&quot;); return false;\"><i class=\"fab fa-x-twitter\"><svg style=\"width:1em; margin-bottom:-.1em;\" xmlns=\"http:\/\/www.w3.org\/2000\/svg\" viewBox=\"0 0 512 512\"><path fill=\"currentColor\" d=\"M389.2 48h70.6L305.6 224.2 487 464H345L233.7 318.6 106.5 464H35.8L200.7 275.5 26.8 48H172.4L272.9 180.9 389.2 48zM364.4 421.8h39.1L151.1 88h-42L364.4 421.8z\"\/><\/svg><\/i><\/a><a class=\"w-sharing-item linkedin\" href=\"https:\/\/www.linkedin.com\/shareArticle?mini=true&amp;url=https:\/\/2024.festivalenescu.ro\/ro\/wp-json\/wp\/v2\/pages\/4366\" title=\"Share this\" aria-label=\"Share this\" onclick=\"window.open(this.href, &quot;linkedin&quot;, &quot;toolbar=no,width=550,height=550&quot;); return false;\"><i class=\"fab fa-linkedin\"><\/i><\/a><a class=\"w-sharing-item whatsapp\" href=\"https:\/\/web.whatsapp.com\/send?text=Han-Wen Jennifer Yu https:\/\/2024.festivalenescu.ro\/ro\/wp-json\/wp\/v2\/pages\/4366\" title=\"Share this\" aria-label=\"Share this\" onclick=\"window.open(this.href, &quot;whatsapp&quot;, &quot;toolbar=0,width=900,height=500&quot;); return false;\"><i class=\"fab fa-whatsapp\"><\/i><\/a><a class=\"w-sharing-item reddit\" href=\"https:\/\/www.reddit.com\/submit?url=https:\/\/2024.festivalenescu.ro\/ro\/wp-json\/wp\/v2\/pages\/4366&amp;title=Han-Wen Jennifer Yu\" title=\"Share this\" aria-label=\"Share this\" onclick=\"window.open(this.href, &quot;reddit&quot;, &quot;toolbar=no,width=900,height=500&quot;); return false;\"><i class=\"fab fa-reddit\"><\/i><\/a><a class=\"w-sharing-item telegram\" href=\"https:\/\/t.me\/share\/url?url=https:\/\/2024.festivalenescu.ro\/ro\/wp-json\/wp\/v2\/pages\/4366&amp;text=Han-Wen Jennifer Yu\" title=\"Share this\" aria-label=\"Share this\" onclick=\"window.open(this.href, &quot;telegram&quot;, &quot;toolbar=no,width=600,height=450&quot;); return false;\"><i class=\"fab fa-telegram\"><\/i><\/a><\/div><\/div><div class=\"w-post-elm post_navigation layout_sided inv_false\"><a class=\"post_navigation-item order_first to_prev\" href=\"https:\/\/2024.festivalenescu.ro\/ro\/artisti-invitati\/gabriel-gitan\/\" title=\"Gabriel G\u00ee\u021ban\"><div class=\"post_navigation-item-img\"><img decoding=\"async\" src=\"https:\/\/2024.festivalenescu.ro\/wp-content\/uploads\/2024\/08\/poza_oficiala1-min-900x675.jpg\" loading=\"lazy\" alt=\"\" width=\"150\" height=\"150\"><\/div><div class=\"post_navigation-item-arrow\"><\/div><div class=\"post_navigation-item-title\"><span>Gabriel G\u00ee\u021ban<\/span><\/div><\/a><a class=\"post_navigation-item order_second to_next\" href=\"https:\/\/2024.festivalenescu.ro\/ro\/artisti-invitati\/verona-maier\/\" title=\"Verona Maier\"><div class=\"post_navigation-item-img\"><img decoding=\"async\" src=\"https:\/\/2024.festivalenescu.ro\/wp-content\/uploads\/2024\/08\/Verona-Maier-small-1-830x900.jpg\" loading=\"lazy\" alt=\"\" width=\"150\" height=\"150\"><\/div><div class=\"post_navigation-item-arrow\"><\/div><div class=\"post_navigation-item-title\"><span>Verona Maier<\/span><\/div><\/a><\/div><\/div><\/div><\/div><\/div><\/div><\/section>\n","protected":false},"excerpt":{"rendered":"Han-Wen Jennifer Yu este originar\u0103 din Taichung, Taiwan. A absolvit studiile de licen\u021b\u0103 la Universitatea Tunghai, masteratul la Conservatorul New England \u0219i a finalizat cu un Konzertexamen Universitatea de Muzic\u0103 \u0219i Teatru din Leipzig. Ca pianist colaborator activ, a c\u00e2ntat \u00een s\u0103li renumite din \u00eentreaga lume, precum Filarmonica din Berlin, Ateneul Rom\u00e2n din Bucure\u0219ti, Flagey...","protected":false},"author":4,"featured_media":4363,"parent":1732,"menu_order":0,"comment_status":"closed","ping_status":"closed","template":"","meta":{"footnotes":""},"class_list":["post-4366","page","type-page","status-publish","has-post-thumbnail","hentry"],"_links":{"self":[{"href":"https:\/\/2024.festivalenescu.ro\/ro\/wp-json\/wp\/v2\/pages\/4366","targetHints":{"allow":["GET"]}}],"collection":[{"href":"https:\/\/2024.festivalenescu.ro\/ro\/wp-json\/wp\/v2\/pages"}],"about":[{"href":"https:\/\/2024.festivalenescu.ro\/ro\/wp-json\/wp\/v2\/types\/page"}],"author":[{"embeddable":true,"href":"https:\/\/2024.festivalenescu.ro\/ro\/wp-json\/wp\/v2\/users\/4"}],"replies":[{"embeddable":true,"href":"https:\/\/2024.festivalenescu.ro\/ro\/wp-json\/wp\/v2\/comments?post=4366"}],"version-history":[{"count":2,"href":"https:\/\/2024.festivalenescu.ro\/ro\/wp-json\/wp\/v2\/pages\/4366\/revisions"}],"predecessor-version":[{"id":4368,"href":"https:\/\/2024.festivalenescu.ro\/ro\/wp-json\/wp\/v2\/pages\/4366\/revisions\/4368"}],"up":[{"embeddable":true,"href":"https:\/\/2024.festivalenescu.ro\/ro\/wp-json\/wp\/v2\/pages\/1732"}],"wp:featuredmedia":[{"embeddable":true,"href":"https:\/\/2024.festivalenescu.ro\/ro\/wp-json\/wp\/v2\/media\/4363"}],"wp:attachment":[{"href":"https:\/\/2024.festivalenescu.ro\/ro\/wp-json\/wp\/v2\/media?parent=4366"}],"curies":[{"name":"wp","href":"https:\/\/api.w.org\/{rel}","templated":true}]}}