{"id":4377,"date":"2024-08-27T16:45:16","date_gmt":"2024-08-27T13:45:16","guid":{"rendered":"https:\/\/concurs.festivalenescu.ro\/artisti-invitati\/verona-maier\/"},"modified":"2024-08-29T14:43:52","modified_gmt":"2024-08-29T11:43:52","slug":"verona-maier","status":"publish","type":"page","link":"https:\/\/2024.festivalenescu.ro\/ro\/artisti-invitati\/verona-maier\/","title":{"rendered":"Verona Maier"},"content":{"rendered":"<section class=\"l-section wpb_row height_medium\"><div class=\"l-section-h i-cf\"><div class=\"g-cols vc_row via_flex valign_top type_default stacking_default\"><div class=\"vc_col-sm-6 wpb_column vc_column_container\"><div class=\"vc_column-inner\"><div class=\"wpb_wrapper\"><div class=\"wpb_text_column\"><div class=\"wpb_wrapper\"><p><span style=\"font-weight: 400;\">N\u0103scut\u0103 la Bucure\u0219ti pe 31 decembrie 1961, Verona Maier a \u00eenceput studiul pianului la v\u00e2rsta de 6 ani, ca elev\u0103 a profesoarelor Maria Spirescu, Maria Zaharescu \u0219i Angela Marb\u00e9. \u00cen 1980, a devenit studenta profesoarelor Ioana Minei \u0219i Ana Piti\u015f la Conservatorul bucure\u0219tean, pe care l-a absolvit \u00een 1984. \u00cen 2006, a ob\u021binut titlul de Doctor \u00een Muzic\u0103 la Universitatea Na\u021bional\u0103 de Muzic\u0103 din Bucure\u0219ti, iar din 1990 este profesor universitar \u0219i, din 2016, prorector al aceleia\u0219i institu\u021bii.<\/span><br \/>\n<span style=\"font-weight: 400;\">Ca muzician-interpret (pianist, clavecinist, organist, percu\u021bionist) sau profesor, Verona Maier a sus\u021binut concerte \u0219i recitaluri \u0219i a participat la festivaluri, emisiuni radio \u0219i TV, a fost invitat\u0103 ca membru sau pre\u0219edinte \u00een jurii de concursuri \u0219i a sus\u021binut cursuri de m\u0103iestrie \u00een Rom\u00e2nia \u0219i Germania, Elve\u021bia, Fran\u021ba, Grecia, Spania, Portugalia, Marea Britanie, Cehia, Slovacia, Israel, Polonia, Ungaria, Austria, Danemarca, Norvegia, Suedia, Italia, Iran, Macedonia. Este prezent\u0103 pe CD-uri produse \u00een Rom\u00e2nia \u0219i Germania, \u0219i a oferit publicului peste 150 de lucr\u0103ri muzicale \u00een prim\u0103 audi\u021bie. De asemenea, a oferi consultan\u021b\u0103 de specialitate pentru muzica mai multor filme regizate de \u0218erban Marinescu, Lucian Pintilie, Mircea Veroiu, Petru Maier Bianu, iar din 2014 este membru al Uniunii Cinea\u0219tilor din Rom\u00e2nia.<\/span><br \/>\n<span style=\"font-weight: 400;\">Verona Maier a valorificat experien\u021ba sa de partener de scen\u0103 al unor importan\u021bi muzicieni rom\u00e2ni \u0219i str\u0103ini, desf\u0103\u0219ur\u00e2nd o foarte intens\u0103 activitatea \u00een calitate de pianist acompaniator la concursuri na\u021bionale \u0219i interna\u021bionale, iar din anul 2009 coordoneaz\u0103 echipele de piani\u0219ti acompaniatori oficiali ai Concursului Interna\u021bional George Enescu \u2013 sec\u021biunile vioar\u0103 \u0219i violoncel.<\/span><br \/>\n<span style=\"font-weight: 400;\">Este vicepre\u0219edinte al Funda\u021biei ACCUMM, \u00eenfiin\u021bat\u0103 \u00een 1999 al\u0103turi de so\u021bul s\u0103u, regretatul cineast \u0219i scriitor Petru Maier Bianu, \u0219i coordoneaz\u0103 Stagiunea muzical\u0103 a Funda\u021biei, g\u0103zduit\u0103 de Palatul Su\u021bu din Bucure\u0219ti. \u00cen 2004, Pre\u0219edin\u021bia Rom\u00e2niei i-a acordat pianistei Medalia Meritul Cultural, clasa I.<\/span><\/p>\n<\/div><\/div><\/div><\/div><\/div><div class=\"vc_col-sm-6 wpb_column vc_column_container\"><div class=\"vc_column-inner\"><div class=\"wpb_wrapper\"><div class=\"w-ibanner animation_phorcys ratio_1x1 easing_easeInOutCirc\"><div class=\"w-ibanner-h\"><div class=\"w-ibanner-image\" style=\"background-image: url(https:\/\/2024.festivalenescu.ro\/wp-content\/uploads\/2024\/08\/Verona-Maier-small-1.jpg)\"><\/div><div class=\"w-ibanner-content\"><div class=\"w-ibanner-content-h\"><h2 class=\"w-ibanner-title\"><\/h2><div class=\"w-ibanner-desc\"><\/div><\/div><\/div><\/div><\/div><\/div><\/div><\/div><\/div><\/div><\/section><section class=\"l-section wpb_row height_medium\"><div class=\"l-section-h i-cf\"><div class=\"g-cols vc_row via_flex valign_top type_default stacking_default\"><div class=\"vc_col-sm-12 wpb_column vc_column_container\"><div class=\"vc_column-inner\"><div class=\"wpb_wrapper\"><div class=\"wpb_text_column\"><div class=\"wpb_wrapper\"><p>Share:<\/p>\n<\/div><\/div><div class=\"w-sharing type_simple align_none color_default\"><div class=\"w-sharing-list\"><a class=\"w-sharing-item email\" href=\"mailto:?subject=Verona Maier&amp;body=https:\/\/2024.festivalenescu.ro\/ro\/wp-json\/wp\/v2\/pages\/4377\" title=\"Email this\" aria-label=\"Email this\"><i class=\"fas fa-envelope\"><\/i><\/a><a class=\"w-sharing-item facebook\" href=\"https:\/\/www.facebook.com\/sharer\/sharer.php?u=https:\/\/2024.festivalenescu.ro\/ro\/wp-json\/wp\/v2\/pages\/4377&amp;quote=Verona Maier\" title=\"Share this\" aria-label=\"Share this\" onclick=\"window.open(this.href, &quot;facebook&quot;, &quot;toolbar=0,width=900,height=500&quot;); return false;\"><i class=\"fab fa-facebook\"><\/i><\/a><a class=\"w-sharing-item twitter\" href=\"https:\/\/twitter.com\/intent\/tweet?text=Verona Maier&amp;url=https:\/\/2024.festivalenescu.ro\/ro\/wp-json\/wp\/v2\/pages\/4377\" title=\"Tweet this\" aria-label=\"Tweet this\" onclick=\"window.open(this.href, &quot;twitter&quot;, &quot;toolbar=0,width=650,height=360&quot;); return false;\"><i class=\"fab fa-x-twitter\"><svg style=\"width:1em; margin-bottom:-.1em;\" xmlns=\"http:\/\/www.w3.org\/2000\/svg\" viewBox=\"0 0 512 512\"><path fill=\"currentColor\" d=\"M389.2 48h70.6L305.6 224.2 487 464H345L233.7 318.6 106.5 464H35.8L200.7 275.5 26.8 48H172.4L272.9 180.9 389.2 48zM364.4 421.8h39.1L151.1 88h-42L364.4 421.8z\"\/><\/svg><\/i><\/a><a class=\"w-sharing-item linkedin\" href=\"https:\/\/www.linkedin.com\/shareArticle?mini=true&amp;url=https:\/\/2024.festivalenescu.ro\/ro\/wp-json\/wp\/v2\/pages\/4377\" title=\"Share this\" aria-label=\"Share this\" onclick=\"window.open(this.href, &quot;linkedin&quot;, &quot;toolbar=no,width=550,height=550&quot;); return false;\"><i class=\"fab fa-linkedin\"><\/i><\/a><a class=\"w-sharing-item whatsapp\" href=\"https:\/\/web.whatsapp.com\/send?text=Verona Maier https:\/\/2024.festivalenescu.ro\/ro\/wp-json\/wp\/v2\/pages\/4377\" title=\"Share this\" aria-label=\"Share this\" onclick=\"window.open(this.href, &quot;whatsapp&quot;, &quot;toolbar=0,width=900,height=500&quot;); return false;\"><i class=\"fab fa-whatsapp\"><\/i><\/a><a class=\"w-sharing-item reddit\" href=\"https:\/\/www.reddit.com\/submit?url=https:\/\/2024.festivalenescu.ro\/ro\/wp-json\/wp\/v2\/pages\/4377&amp;title=Verona Maier\" title=\"Share this\" aria-label=\"Share this\" onclick=\"window.open(this.href, &quot;reddit&quot;, &quot;toolbar=no,width=900,height=500&quot;); return false;\"><i class=\"fab fa-reddit\"><\/i><\/a><a class=\"w-sharing-item telegram\" href=\"https:\/\/t.me\/share\/url?url=https:\/\/2024.festivalenescu.ro\/ro\/wp-json\/wp\/v2\/pages\/4377&amp;text=Verona Maier\" title=\"Share this\" aria-label=\"Share this\" onclick=\"window.open(this.href, &quot;telegram&quot;, &quot;toolbar=no,width=600,height=450&quot;); return false;\"><i class=\"fab fa-telegram\"><\/i><\/a><\/div><\/div><div class=\"w-post-elm post_navigation layout_sided inv_false\"><a class=\"post_navigation-item order_first to_prev\" href=\"https:\/\/2024.festivalenescu.ro\/ro\/artisti-invitati\/han-wen-jennifer-yu\/\" title=\"Han-Wen Jennifer Yu\"><div class=\"post_navigation-item-img\"><img decoding=\"async\" src=\"https:\/\/2024.festivalenescu.ro\/wp-content\/uploads\/2024\/08\/Hanwenjenniferyu01-835x900.jpg\" loading=\"lazy\" alt=\"\" width=\"150\" height=\"150\"><\/div><div class=\"post_navigation-item-arrow\"><\/div><div class=\"post_navigation-item-title\"><span>Han-Wen Jennifer Yu<\/span><\/div><\/a><a class=\"post_navigation-item order_second to_next\" href=\"https:\/\/2024.festivalenescu.ro\/ro\/artisti-invitati\/victor-andrei-parau\/\" title=\"Victor Andrei P\u0103r\u0103u\"><div class=\"post_navigation-item-img\"><img decoding=\"async\" src=\"https:\/\/2024.festivalenescu.ro\/wp-content\/uploads\/2024\/08\/Victor-Andrei-Parau-Poza-2024-830x900.jpg\" loading=\"lazy\" alt=\"\" width=\"150\" height=\"150\"><\/div><div class=\"post_navigation-item-arrow\"><\/div><div class=\"post_navigation-item-title\"><span>Victor Andrei P\u0103r\u0103u<\/span><\/div><\/a><\/div><\/div><\/div><\/div><\/div><\/div><\/section>\n","protected":false},"excerpt":{"rendered":"N\u0103scut\u0103 la Bucure\u0219ti pe 31 decembrie 1961, Verona Maier a \u00eenceput studiul pianului la v\u00e2rsta de 6 ani, ca elev\u0103 a profesoarelor Maria Spirescu, Maria Zaharescu \u0219i Angela Marb\u00e9. \u00cen 1980, a devenit studenta profesoarelor Ioana Minei \u0219i Ana Piti\u015f la Conservatorul bucure\u0219tean, pe care l-a absolvit \u00een 1984. \u00cen 2006, a ob\u021binut titlul de...","protected":false},"author":4,"featured_media":4374,"parent":1732,"menu_order":0,"comment_status":"closed","ping_status":"closed","template":"","meta":{"footnotes":""},"class_list":["post-4377","page","type-page","status-publish","has-post-thumbnail","hentry"],"_links":{"self":[{"href":"https:\/\/2024.festivalenescu.ro\/ro\/wp-json\/wp\/v2\/pages\/4377","targetHints":{"allow":["GET"]}}],"collection":[{"href":"https:\/\/2024.festivalenescu.ro\/ro\/wp-json\/wp\/v2\/pages"}],"about":[{"href":"https:\/\/2024.festivalenescu.ro\/ro\/wp-json\/wp\/v2\/types\/page"}],"author":[{"embeddable":true,"href":"https:\/\/2024.festivalenescu.ro\/ro\/wp-json\/wp\/v2\/users\/4"}],"replies":[{"embeddable":true,"href":"https:\/\/2024.festivalenescu.ro\/ro\/wp-json\/wp\/v2\/comments?post=4377"}],"version-history":[{"count":1,"href":"https:\/\/2024.festivalenescu.ro\/ro\/wp-json\/wp\/v2\/pages\/4377\/revisions"}],"predecessor-version":[{"id":4378,"href":"https:\/\/2024.festivalenescu.ro\/ro\/wp-json\/wp\/v2\/pages\/4377\/revisions\/4378"}],"up":[{"embeddable":true,"href":"https:\/\/2024.festivalenescu.ro\/ro\/wp-json\/wp\/v2\/pages\/1732"}],"wp:featuredmedia":[{"embeddable":true,"href":"https:\/\/2024.festivalenescu.ro\/ro\/wp-json\/wp\/v2\/media\/4374"}],"wp:attachment":[{"href":"https:\/\/2024.festivalenescu.ro\/ro\/wp-json\/wp\/v2\/media?parent=4377"}],"curies":[{"name":"wp","href":"https:\/\/api.w.org\/{rel}","templated":true}]}}