{"id":4385,"date":"2024-08-27T16:47:39","date_gmt":"2024-08-27T13:47:39","guid":{"rendered":"https:\/\/concurs.festivalenescu.ro\/artisti-invitati\/victor-andrei-parau\/"},"modified":"2024-08-29T14:44:00","modified_gmt":"2024-08-29T11:44:00","slug":"victor-andrei-parau","status":"publish","type":"page","link":"https:\/\/2024.festivalenescu.ro\/ro\/artisti-invitati\/victor-andrei-parau\/","title":{"rendered":"Victor Andrei P\u0103r\u0103u"},"content":{"rendered":"<section class=\"l-section wpb_row height_medium\"><div class=\"l-section-h i-cf\"><div class=\"g-cols vc_row via_flex valign_top type_default stacking_default\"><div class=\"vc_col-sm-6 wpb_column vc_column_container\"><div class=\"vc_column-inner\"><div class=\"wpb_wrapper\"><div class=\"wpb_text_column\"><div class=\"wpb_wrapper\"><p><span style=\"font-weight: 400;\">Victor Andrei P\u0103r\u0103u este pianist colaborator, profesor la Liceul de Art\u0103 Ion Vidu din Timi\u0219oara \u0219i lector universitar la Facultatea de Muzic\u0103 \u0219i Teatru a Universit\u0103\u021bii de Vest din Timi\u0219oara, institu\u021bie \u00een cadrul c\u0103reia \u0219i-a finalizat studiile, la clasa profesoarei M\u00e1ria Bod\u00f3.<\/span><br \/>\n<span style=\"font-weight: 400;\">Printre cele mai notabile colabor\u0103ri profesionale se num\u0103r\u0103 cele cu Corul Filarmonicii George Enescu din Bucure\u0219ti \u00een cadrul Festivalului Interna\u021bional George Enescu, edi\u021bia 2021, Filarmonica Banatul \u0219i dirijorul Gabriel Bebe\u0219elea pentru proiectul Gurre-Lieder din 2023, Corul Na\u021bional de Camer\u0103 Madrigal \u2013 Marin Constantin \u00een 2022, precum \u0219i la Festivalul Eufonia (2020-2024) sau al\u0103turi de Romanian Chamber Orchestra (2017-2019).<\/span><br \/>\n<span style=\"font-weight: 400;\">Sus\u021bine o intens\u0103 \u0219i ne\u00eentrerupt\u0103 activitate cu diverse forma\u021bii camerale \u00een cadrul Stagiunii de mar\u021bi seara de la Ateneul Rom\u00e2n \u0219i \u00een festivaluri din Rom\u00e2nia (S\u0103pt\u0103m\u00e2na Interna\u021bional\u0103 a Muzicii Noi, Festivalul Timi\u0219oara Muzical\u0103, Festivalul Interna\u021bional Meridian, Festivalul de Muzic\u0103 Nou\u0103 Intrada \/ Remus Georgescu) \u0219i din Serbia, Ungaria, Italia, Germania, Belgia. A activat \u00een calitate de pianist acompaniator la Concursul Interna\u021bional de Interpretare Muzical\u0103 Lions, Concursul Interna\u021bional Remember Enescu, Concursul Interna\u021bional de Vioar\u0103 din Kloster Sch\u00f6ntal \u0219i Concursul Interna\u021bional pentru Tineri Violoni\u0219ti Leonid Kogan din Bruxelles. A acompaniat numero\u0219i tineri muzicieni \u00een cadrul unor cursuri de m\u0103iestrie sus\u021binute de J\u00e1nos B\u00e1lint, Pablo Barrag\u00e1n, Ladislau Csendes, Suyeon Kang, Octavian Lup, Sarah Nem\u021banu, Nurit Stark, Alexandru Tomescu, Marko Zupan.<\/span><br \/>\n<span style=\"font-weight: 400;\">Victor Andrei P\u0103r\u0103u este \u0219i un promotor pasionat al muzicii moderne \u0219i contemporane, evolu\u00e2nd al\u0103turi de Ansamblul Atem din Timi\u0219oara, fondat \u00een anul 2013.<\/span><\/p>\n<\/div><\/div><\/div><\/div><\/div><div class=\"vc_col-sm-6 wpb_column vc_column_container\"><div class=\"vc_column-inner\"><div class=\"wpb_wrapper\"><div class=\"w-ibanner animation_phorcys ratio_1x1 easing_easeInOutCirc\"><div class=\"w-ibanner-h\"><div class=\"w-ibanner-image\" style=\"background-image: url(https:\/\/2024.festivalenescu.ro\/wp-content\/uploads\/2024\/08\/Victor-Andrei-Parau-Poza-2024-scaled.jpg)\"><\/div><div class=\"w-ibanner-content\"><div class=\"w-ibanner-content-h\"><h2 class=\"w-ibanner-title\"><\/h2><div class=\"w-ibanner-desc\"><\/div><\/div><\/div><\/div><\/div><\/div><\/div><\/div><\/div><\/div><\/section><section class=\"l-section wpb_row height_medium\"><div class=\"l-section-h i-cf\"><div class=\"g-cols vc_row via_flex valign_top type_default stacking_default\"><div class=\"vc_col-sm-12 wpb_column vc_column_container\"><div class=\"vc_column-inner\"><div class=\"wpb_wrapper\"><div class=\"wpb_text_column\"><div class=\"wpb_wrapper\"><p>Share:<\/p>\n<\/div><\/div><div class=\"w-sharing type_simple align_none color_default\"><div class=\"w-sharing-list\"><a class=\"w-sharing-item email\" href=\"mailto:?subject=Victor Andrei P\u0103r\u0103u&amp;body=https:\/\/2024.festivalenescu.ro\/ro\/wp-json\/wp\/v2\/pages\/4385\" title=\"Email this\" aria-label=\"Email this\"><i class=\"fas fa-envelope\"><\/i><\/a><a class=\"w-sharing-item facebook\" href=\"https:\/\/www.facebook.com\/sharer\/sharer.php?u=https:\/\/2024.festivalenescu.ro\/ro\/wp-json\/wp\/v2\/pages\/4385&amp;quote=Victor Andrei P\u0103r\u0103u\" title=\"Share this\" aria-label=\"Share this\" onclick=\"window.open(this.href, &quot;facebook&quot;, &quot;toolbar=0,width=900,height=500&quot;); return false;\"><i class=\"fab fa-facebook\"><\/i><\/a><a class=\"w-sharing-item twitter\" href=\"https:\/\/twitter.com\/intent\/tweet?text=Victor Andrei P\u0103r\u0103u&amp;url=https:\/\/2024.festivalenescu.ro\/ro\/wp-json\/wp\/v2\/pages\/4385\" title=\"Tweet this\" aria-label=\"Tweet this\" onclick=\"window.open(this.href, &quot;twitter&quot;, &quot;toolbar=0,width=650,height=360&quot;); return false;\"><i class=\"fab fa-x-twitter\"><svg style=\"width:1em; margin-bottom:-.1em;\" xmlns=\"http:\/\/www.w3.org\/2000\/svg\" viewBox=\"0 0 512 512\"><path fill=\"currentColor\" d=\"M389.2 48h70.6L305.6 224.2 487 464H345L233.7 318.6 106.5 464H35.8L200.7 275.5 26.8 48H172.4L272.9 180.9 389.2 48zM364.4 421.8h39.1L151.1 88h-42L364.4 421.8z\"\/><\/svg><\/i><\/a><a class=\"w-sharing-item linkedin\" href=\"https:\/\/www.linkedin.com\/shareArticle?mini=true&amp;url=https:\/\/2024.festivalenescu.ro\/ro\/wp-json\/wp\/v2\/pages\/4385\" title=\"Share this\" aria-label=\"Share this\" onclick=\"window.open(this.href, &quot;linkedin&quot;, &quot;toolbar=no,width=550,height=550&quot;); return false;\"><i class=\"fab fa-linkedin\"><\/i><\/a><a class=\"w-sharing-item whatsapp\" href=\"https:\/\/web.whatsapp.com\/send?text=Victor Andrei P\u0103r\u0103u https:\/\/2024.festivalenescu.ro\/ro\/wp-json\/wp\/v2\/pages\/4385\" title=\"Share this\" aria-label=\"Share this\" onclick=\"window.open(this.href, &quot;whatsapp&quot;, &quot;toolbar=0,width=900,height=500&quot;); return false;\"><i class=\"fab fa-whatsapp\"><\/i><\/a><a class=\"w-sharing-item reddit\" href=\"https:\/\/www.reddit.com\/submit?url=https:\/\/2024.festivalenescu.ro\/ro\/wp-json\/wp\/v2\/pages\/4385&amp;title=Victor Andrei P\u0103r\u0103u\" title=\"Share this\" aria-label=\"Share this\" onclick=\"window.open(this.href, &quot;reddit&quot;, &quot;toolbar=no,width=900,height=500&quot;); return false;\"><i class=\"fab fa-reddit\"><\/i><\/a><a class=\"w-sharing-item telegram\" href=\"https:\/\/t.me\/share\/url?url=https:\/\/2024.festivalenescu.ro\/ro\/wp-json\/wp\/v2\/pages\/4385&amp;text=Victor Andrei P\u0103r\u0103u\" title=\"Share this\" aria-label=\"Share this\" onclick=\"window.open(this.href, &quot;telegram&quot;, &quot;toolbar=no,width=600,height=450&quot;); return false;\"><i class=\"fab fa-telegram\"><\/i><\/a><\/div><\/div><div class=\"w-post-elm post_navigation layout_sided inv_false\"><a class=\"post_navigation-item order_first to_prev\" href=\"https:\/\/2024.festivalenescu.ro\/ro\/artisti-invitati\/verona-maier\/\" title=\"Verona Maier\"><div class=\"post_navigation-item-img\"><img decoding=\"async\" src=\"https:\/\/2024.festivalenescu.ro\/wp-content\/uploads\/2024\/08\/Verona-Maier-small-1-830x900.jpg\" loading=\"lazy\" alt=\"\" width=\"150\" height=\"150\"><\/div><div class=\"post_navigation-item-arrow\"><\/div><div class=\"post_navigation-item-title\"><span>Verona Maier<\/span><\/div><\/a><a class=\"post_navigation-item order_second to_next\" href=\"https:\/\/2024.festivalenescu.ro\/ro\/acompaniatori-oficiali\/\" title=\"Acompaniatori oficiali\"><div class=\"post_navigation-item-img\"><img loading=\"lazy\" decoding=\"async\" width=\"512\" height=\"512\" src=\"https:\/\/2024.festivalenescu.ro\/wp-content\/uploads\/2023\/11\/favicon.png\" class=\"g-placeholder\" alt=\"\" srcset=\"https:\/\/2024.festivalenescu.ro\/wp-content\/uploads\/2023\/11\/favicon.png 512w, https:\/\/2024.festivalenescu.ro\/wp-content\/uploads\/2023\/11\/favicon-200x200.png 200w, https:\/\/2024.festivalenescu.ro\/wp-content\/uploads\/2023\/11\/favicon-150x150.png 150w, https:\/\/2024.festivalenescu.ro\/wp-content\/uploads\/2023\/11\/favicon-400x400.png 400w, https:\/\/2024.festivalenescu.ro\/wp-content\/uploads\/2023\/11\/favicon-300x300.png 300w\" sizes=\"auto, (max-width: 512px) 100vw, 512px\" \/><\/div><div class=\"post_navigation-item-arrow\"><\/div><div class=\"post_navigation-item-title\"><span>Acompaniatori oficiali<\/span><\/div><\/a><\/div><\/div><\/div><\/div><\/div><\/div><\/section>\n","protected":false},"excerpt":{"rendered":"Victor Andrei P\u0103r\u0103u este pianist colaborator, profesor la Liceul de Art\u0103 Ion Vidu din Timi\u0219oara \u0219i lector universitar la Facultatea de Muzic\u0103 \u0219i Teatru a Universit\u0103\u021bii de Vest din Timi\u0219oara, institu\u021bie \u00een cadrul c\u0103reia \u0219i-a finalizat studiile, la clasa profesoarei M\u00e1ria Bod\u00f3. Printre cele mai notabile colabor\u0103ri profesionale se num\u0103r\u0103 cele cu Corul Filarmonicii George...","protected":false},"author":4,"featured_media":4382,"parent":1732,"menu_order":0,"comment_status":"closed","ping_status":"closed","template":"","meta":{"footnotes":""},"class_list":["post-4385","page","type-page","status-publish","has-post-thumbnail","hentry"],"_links":{"self":[{"href":"https:\/\/2024.festivalenescu.ro\/ro\/wp-json\/wp\/v2\/pages\/4385","targetHints":{"allow":["GET"]}}],"collection":[{"href":"https:\/\/2024.festivalenescu.ro\/ro\/wp-json\/wp\/v2\/pages"}],"about":[{"href":"https:\/\/2024.festivalenescu.ro\/ro\/wp-json\/wp\/v2\/types\/page"}],"author":[{"embeddable":true,"href":"https:\/\/2024.festivalenescu.ro\/ro\/wp-json\/wp\/v2\/users\/4"}],"replies":[{"embeddable":true,"href":"https:\/\/2024.festivalenescu.ro\/ro\/wp-json\/wp\/v2\/comments?post=4385"}],"version-history":[{"count":2,"href":"https:\/\/2024.festivalenescu.ro\/ro\/wp-json\/wp\/v2\/pages\/4385\/revisions"}],"predecessor-version":[{"id":4387,"href":"https:\/\/2024.festivalenescu.ro\/ro\/wp-json\/wp\/v2\/pages\/4385\/revisions\/4387"}],"up":[{"embeddable":true,"href":"https:\/\/2024.festivalenescu.ro\/ro\/wp-json\/wp\/v2\/pages\/1732"}],"wp:featuredmedia":[{"embeddable":true,"href":"https:\/\/2024.festivalenescu.ro\/ro\/wp-json\/wp\/v2\/media\/4382"}],"wp:attachment":[{"href":"https:\/\/2024.festivalenescu.ro\/ro\/wp-json\/wp\/v2\/media?parent=4385"}],"curies":[{"name":"wp","href":"https:\/\/api.w.org\/{rel}","templated":true}]}}