{"id":4434,"date":"2024-08-29T13:00:18","date_gmt":"2024-08-29T10:00:18","guid":{"rendered":"https:\/\/concurs.festivalenescu.ro\/?page_id=4434"},"modified":"2024-08-29T22:41:35","modified_gmt":"2024-08-29T19:41:35","slug":"kristina-georgieva","status":"publish","type":"page","link":"https:\/\/2024.festivalenescu.ro\/ro\/concurenti\/sectiunea-vioara\/kristina-georgieva\/","title":{"rendered":"Kristina Georgieva"},"content":{"rendered":"<section class=\"l-section wpb_row height_medium\"><div class=\"l-section-h i-cf\"><div class=\"g-cols vc_row via_flex valign_top type_default stacking_default\"><div class=\"vc_col-sm-6 wpb_column vc_column_container\"><div class=\"vc_column-inner\"><div class=\"wpb_wrapper\"><div class=\"w-hwrapper valign_top align_none\" style=\"--hwrapper-gap:0.2rem\"><\/div><div class=\"wpb_text_column\"><div class=\"wpb_wrapper\"><p><strong>BULGARIA<\/strong><br \/>\n<strong>20 februarie 2001<\/strong><\/p>\n<p>Kristina Georgieva s-a n\u0103scut \u00een 2001 \u00een Sofia, Bulgaria. De la o v\u00e2rst\u0103 fraged\u0103 a evoluat \u00een calitate de solist\u0103 al\u0103turi de numeroase orchestre. Printre cele mai recente apari\u021bii se num\u0103r\u0103 concertele cu Orchestra Na\u021bional\u0103 a Belgiei \u0219i dirijorul Maxim Vengerov, Orchestra de Camer\u0103 Ari\u00e8ge \u00een Fran\u021ba \u0219i Orchestra Filarmonic\u0103 din Sofia \u00een Bulgaria.<br \/>\nA participat la festivalul de muzic\u0103 de camer\u0103 Musica Mundi, unde l-a \u00eent\u00e2lnit pe profesorul Leonid Kerbel, cu care a lucrat timp de aproape 10 ani. Kristina Georgieva are o vast\u0103 experien\u021b\u0103 \u00een domeniul muzicii de camer\u0103, colabor\u00e2nd cu arti\u0219ti precum Mischa Maisky, Maxim Vengerov, Ivry Gitlis, Emmanuel Pahud, Jacques Rouvier \u0219i al\u021bii.<br \/>\nDup\u0103 ce a c\u00e2\u0219tigat primul s\u0103u concurs la v\u00e2rsta de 7 ani, Kristina Georgieva a continuat s\u0103 ob\u021bin\u0103 premii la peste 15 concursuri din Italia, Fran\u021ba, Germania, Rusia, printre altele.<br \/>\n\u00cen prezent, Kristina Georgieva urmeaz\u0103 studiile de licen\u021b\u0103 la Academia Barenboim-Said cu profesoara Mihaela Martin.<\/p>\n<\/div><\/div><div class=\"w-separator size_small\"><\/div><div class=\"w-separator size_small\"><\/div><div class=\"wpb_text_column\"><div class=\"wpb_wrapper\"><p>Etapa I<br \/>\n<strong>Johann Sebastian Bach <\/strong>Adagio \u0219i Fug\u0103 din Sonata nr. 3 \u00een do major pentru vioar\u0103 solo, BWV 1005<br \/>\n<strong>Wolfgang Amadeus Mozart <\/strong>Concertul nr. 3 \u00een sol major pentru vioar\u0103 \u0219i orchestr\u0103 K. 216 (partea I cu caden\u021b\u0103)<br \/>\n<strong>Niccol\u00f2 Paganini <\/strong>Capriciul \u00een sol minor op. 1 nr. 10<\/p>\n<p>Etapa a II-a<br \/>\n<strong>Vlad Maistorovici <\/strong><em>B.A.C.H.<\/em>, Passacaglia pentru vioar\u0103 solo<br \/>\n<strong>Ludwig van Beethoven <\/strong>Sonata nr. 8 \u00een sol major pentru vioar\u0103 \u0219i pian op. 30<br \/>\n<strong>Pancho Vladigerov <\/strong>Rapsodia <em>Vardar <\/em>pentru vioar\u0103 \u0219i pian op. 16<\/p>\n<p>Semifinala<br \/>\n<strong>George Enescu <\/strong><em>L\u0103utarul <\/em>din Suita <em>Impresii din Copil\u0103rie <\/em>op. 28<br \/>\n<strong>Edvard Grieg <\/strong>Sonata nr. 2 \u00een sol major pentru vioar\u0103 \u0219i pian op. 13<br \/>\n<strong>George Enescu <\/strong>Sonata nr. 2 \u00een fa minor pentru vioar\u0103 \u0219i pian op. 6<br \/>\n<strong>Henryk Wieniawski <\/strong>Varia\u021biuni pe o tem\u0103 original\u0103 op. 15<\/p>\n<p>Finala<br \/>\n<strong>Johannes Brahms <\/strong>Concertul \u00een re major pentru vioar\u0103 \u0219i orchestr\u0103 op. 77<\/p>\n<\/div><\/div><\/div><\/div><\/div><div class=\"vc_col-sm-6 wpb_column vc_column_container\"><div class=\"vc_column-inner\"><div class=\"wpb_wrapper\"><div class=\"w-ibanner animation_phorcys ratio_1x1 easing_easeInOutCirc\"><div class=\"w-ibanner-h\"><div class=\"w-ibanner-image\" style=\"background-image: url(https:\/\/2024.festivalenescu.ro\/wp-content\/uploads\/2024\/08\/Georgieva-Kristina-2.jpg)\"><\/div><div class=\"w-ibanner-content\"><div class=\"w-ibanner-content-h\"><h2 class=\"w-ibanner-title\"><\/h2><div class=\"w-ibanner-desc\"><\/div><\/div><\/div><\/div><\/div><\/div><\/div><\/div><\/div><\/div><\/section><section class=\"l-section wpb_row height_medium\"><div class=\"l-section-h i-cf\"><div class=\"g-cols vc_row via_flex valign_top type_default stacking_default\"><div class=\"vc_col-sm-12 wpb_column vc_column_container\"><div class=\"vc_column-inner\"><div class=\"wpb_wrapper\"><div class=\"wpb_text_column\"><div class=\"wpb_wrapper\"><p>Share:<\/p>\n<\/div><\/div><div class=\"w-sharing type_simple align_none color_default\"><div class=\"w-sharing-list\"><a class=\"w-sharing-item email\" href=\"mailto:?subject=Kristina Georgieva&amp;body=https:\/\/2024.festivalenescu.ro\/ro\/wp-json\/wp\/v2\/pages\/4434\" title=\"Email this\" aria-label=\"Email this\"><i class=\"fas fa-envelope\"><\/i><\/a><a class=\"w-sharing-item facebook\" href=\"https:\/\/www.facebook.com\/sharer\/sharer.php?u=https:\/\/2024.festivalenescu.ro\/ro\/wp-json\/wp\/v2\/pages\/4434&amp;quote=Kristina Georgieva\" title=\"Share this\" aria-label=\"Share this\" onclick=\"window.open(this.href, &quot;facebook&quot;, &quot;toolbar=0,width=900,height=500&quot;); return false;\"><i class=\"fab fa-facebook\"><\/i><\/a><a class=\"w-sharing-item twitter\" href=\"https:\/\/twitter.com\/intent\/tweet?text=Kristina Georgieva&amp;url=https:\/\/2024.festivalenescu.ro\/ro\/wp-json\/wp\/v2\/pages\/4434\" title=\"Tweet this\" aria-label=\"Tweet this\" onclick=\"window.open(this.href, &quot;twitter&quot;, &quot;toolbar=0,width=650,height=360&quot;); return false;\"><i class=\"fab fa-x-twitter\"><svg style=\"width:1em; margin-bottom:-.1em;\" xmlns=\"http:\/\/www.w3.org\/2000\/svg\" viewBox=\"0 0 512 512\"><path fill=\"currentColor\" d=\"M389.2 48h70.6L305.6 224.2 487 464H345L233.7 318.6 106.5 464H35.8L200.7 275.5 26.8 48H172.4L272.9 180.9 389.2 48zM364.4 421.8h39.1L151.1 88h-42L364.4 421.8z\"\/><\/svg><\/i><\/a><a class=\"w-sharing-item linkedin\" href=\"https:\/\/www.linkedin.com\/shareArticle?mini=true&amp;url=https:\/\/2024.festivalenescu.ro\/ro\/wp-json\/wp\/v2\/pages\/4434\" title=\"Share this\" aria-label=\"Share this\" onclick=\"window.open(this.href, &quot;linkedin&quot;, &quot;toolbar=no,width=550,height=550&quot;); return false;\"><i class=\"fab fa-linkedin\"><\/i><\/a><a class=\"w-sharing-item whatsapp\" href=\"https:\/\/web.whatsapp.com\/send?text=Kristina Georgieva https:\/\/2024.festivalenescu.ro\/ro\/wp-json\/wp\/v2\/pages\/4434\" title=\"Share this\" aria-label=\"Share this\" onclick=\"window.open(this.href, &quot;whatsapp&quot;, &quot;toolbar=0,width=900,height=500&quot;); return false;\"><i class=\"fab fa-whatsapp\"><\/i><\/a><a class=\"w-sharing-item reddit\" href=\"https:\/\/www.reddit.com\/submit?url=https:\/\/2024.festivalenescu.ro\/ro\/wp-json\/wp\/v2\/pages\/4434&amp;title=Kristina Georgieva\" title=\"Share this\" aria-label=\"Share this\" onclick=\"window.open(this.href, &quot;reddit&quot;, &quot;toolbar=no,width=900,height=500&quot;); return false;\"><i class=\"fab fa-reddit\"><\/i><\/a><a class=\"w-sharing-item telegram\" href=\"https:\/\/t.me\/share\/url?url=https:\/\/2024.festivalenescu.ro\/ro\/wp-json\/wp\/v2\/pages\/4434&amp;text=Kristina Georgieva\" title=\"Share this\" aria-label=\"Share this\" onclick=\"window.open(this.href, &quot;telegram&quot;, &quot;toolbar=no,width=600,height=450&quot;); return false;\"><i class=\"fab fa-telegram\"><\/i><\/a><\/div><\/div><div class=\"w-post-elm post_navigation layout_sided inv_false\"><a class=\"post_navigation-item order_first to_prev\" href=\"https:\/\/2024.festivalenescu.ro\/ro\/concurenti\/sectiunea-vioara\/miu-hirai\/\" title=\"Miu Hirai\"><div class=\"post_navigation-item-img\"><img decoding=\"async\" src=\"https:\/\/2024.festivalenescu.ro\/wp-content\/uploads\/2024\/08\/Hirai-Miu-2-723x900.jpg\" loading=\"lazy\" alt=\"\" width=\"150\" height=\"150\"><\/div><div class=\"post_navigation-item-arrow\"><\/div><div class=\"post_navigation-item-title\"><span>Miu Hirai<\/span><\/div><\/a><a class=\"post_navigation-item order_second to_next\" href=\"https:\/\/2024.festivalenescu.ro\/ro\/concurenti\/sectiunea-vioara\/hiu-sing-fan\/\" title=\"Hiu Sing Fan\"><div class=\"post_navigation-item-img\"><img decoding=\"async\" src=\"https:\/\/2024.festivalenescu.ro\/wp-content\/uploads\/2024\/08\/Fan-Hiu-Sing-1-900x674.jpg\" loading=\"lazy\" alt=\"\" width=\"150\" height=\"150\"><\/div><div class=\"post_navigation-item-arrow\"><\/div><div class=\"post_navigation-item-title\"><span>Hiu Sing Fan<\/span><\/div><\/a><\/div><\/div><\/div><\/div><\/div><\/div><\/section>\n","protected":false},"excerpt":{"rendered":"BULGARIA 20 februarie 2001 Kristina Georgieva s-a n\u0103scut \u00een 2001 \u00een Sofia, Bulgaria. De la o v\u00e2rst\u0103 fraged\u0103 a evoluat \u00een calitate de solist\u0103 al\u0103turi de numeroase orchestre. Printre cele mai recente apari\u021bii se num\u0103r\u0103 concertele cu Orchestra Na\u021bional\u0103 a Belgiei \u0219i dirijorul Maxim Vengerov, Orchestra de Camer\u0103 Ari\u00e8ge \u00een Fran\u021ba \u0219i Orchestra Filarmonic\u0103 din...","protected":false},"author":4,"featured_media":4431,"parent":2970,"menu_order":0,"comment_status":"closed","ping_status":"closed","template":"","meta":{"footnotes":""},"class_list":["post-4434","page","type-page","status-publish","has-post-thumbnail","hentry"],"_links":{"self":[{"href":"https:\/\/2024.festivalenescu.ro\/ro\/wp-json\/wp\/v2\/pages\/4434","targetHints":{"allow":["GET"]}}],"collection":[{"href":"https:\/\/2024.festivalenescu.ro\/ro\/wp-json\/wp\/v2\/pages"}],"about":[{"href":"https:\/\/2024.festivalenescu.ro\/ro\/wp-json\/wp\/v2\/types\/page"}],"author":[{"embeddable":true,"href":"https:\/\/2024.festivalenescu.ro\/ro\/wp-json\/wp\/v2\/users\/4"}],"replies":[{"embeddable":true,"href":"https:\/\/2024.festivalenescu.ro\/ro\/wp-json\/wp\/v2\/comments?post=4434"}],"version-history":[{"count":3,"href":"https:\/\/2024.festivalenescu.ro\/ro\/wp-json\/wp\/v2\/pages\/4434\/revisions"}],"predecessor-version":[{"id":5264,"href":"https:\/\/2024.festivalenescu.ro\/ro\/wp-json\/wp\/v2\/pages\/4434\/revisions\/5264"}],"up":[{"embeddable":true,"href":"https:\/\/2024.festivalenescu.ro\/ro\/wp-json\/wp\/v2\/pages\/2970"}],"wp:featuredmedia":[{"embeddable":true,"href":"https:\/\/2024.festivalenescu.ro\/ro\/wp-json\/wp\/v2\/media\/4431"}],"wp:attachment":[{"href":"https:\/\/2024.festivalenescu.ro\/ro\/wp-json\/wp\/v2\/media?parent=4434"}],"curies":[{"name":"wp","href":"https:\/\/api.w.org\/{rel}","templated":true}]}}