{"id":4466,"date":"2024-08-29T12:50:16","date_gmt":"2024-08-29T09:50:16","guid":{"rendered":"https:\/\/concurs.festivalenescu.ro\/?page_id=4466"},"modified":"2024-08-29T22:46:09","modified_gmt":"2024-08-29T19:46:09","slug":"mayumi-kanagawa","status":"publish","type":"page","link":"https:\/\/2024.festivalenescu.ro\/ro\/concurenti\/sectiunea-vioara\/mayumi-kanagawa\/","title":{"rendered":"Mayumi Kanagawa"},"content":{"rendered":"<section class=\"l-section wpb_row height_medium\"><div class=\"l-section-h i-cf\"><div class=\"g-cols vc_row via_flex valign_top type_default stacking_default\"><div class=\"vc_col-sm-6 wpb_column vc_column_container\"><div class=\"vc_column-inner\"><div class=\"wpb_wrapper\"><div class=\"w-hwrapper valign_top align_none\" style=\"--hwrapper-gap:0.2rem\"><\/div><div class=\"wpb_text_column\"><div class=\"wpb_wrapper\"><p><strong>SUA<\/strong><br \/>\n<strong>31 august 1994<\/strong><\/p>\n<p>Violonista americano-japonez\u0103 Mayumi Kanagawa, stabilit\u0103 la Berlin, este apreciat\u0103 pentru sunetul s\u0103u bogat \u0219i sumbru, pentru muzicalitatea sa concentrat\u0103 \u0219i captivant\u0103 \u0219i s-a impus ca solist\u0103 \u0219i membr\u0103 \u00een forma\u021bii camerale versatile \u0219i rafinate.<br \/>\nA c\u00e2ntat cu numeroase ansambluri, printre care se num\u0103r\u0103 Orchestra Teatrului Mariinsky, Orchestra Na\u021bional\u0103 a Belgiei, Orchestra Simfonic\u0103 a Radiodifuziunii din Praga, Orchestra German\u0103 de Camer\u0103 a Filarmonicii din Bremen, Orchestra Simfonic\u0103 a Radiodifuziunii Finlandeze, \u00een repertorii care acoper\u0103 lucr\u0103ri de la Bach la Britten \u0219i Berg. Talentul s\u0103u a adus-o \u00een numeroase programe de promovare \u0219i \u0219coli din \u00eentreaga lume, de la San Francisco la Novosibirsk. \u00cen prezent, este ambasadoarea noului proiect Ribbon derulat de El Sistema Japonia, care ofer\u0103 instrumente \u0219i educa\u021bie muzical\u0103 copiilor din sistemul de plasament. \u00cen prezent, c\u00e2nt\u0103 pe o vioar\u0103 <em>semnat\u0103<\/em> de <em>Wilhelmj<\/em> Antonio Stradivarius, din 1725, \u00eemprumutat\u0103 cu generozitate de Funda\u021bia Nippon Music.<\/p>\n<\/div><\/div><div class=\"w-separator size_small\"><\/div><div class=\"w-separator size_small\"><\/div><div class=\"wpb_text_column\"><div class=\"wpb_wrapper\"><p>Etapa I<br \/>\n<strong>Johann Sebastian Bach <\/strong>Ciacona din Partita nr. 2 \u00een re minor pentru vioar\u0103 solo, BWV 1004<br \/>\n<strong>Wolfgang Amadeus Mozart <\/strong>Concertul nr. 5 \u00een la major pentru vioar\u0103 \u0219i orchestr\u0103 K. 219 (partea I cu caden\u021b\u0103)<br \/>\n<strong>Niccol\u00f2 Paganini <\/strong>Capriciul \u00een la minor op. 1 nr. 24<\/p>\n<p>Etapa a II-a<br \/>\n<strong>Vlad Maistorovici <\/strong><em>B.A.C.H.<\/em>, Passacaglia pentru vioar\u0103 solo<br \/>\n<strong>Ludwig van Beethoven <\/strong>Sonata nr. 7 \u00een do minor pentru vioar\u0103 \u0219i pian op. 30<br \/>\n<strong>Eug\u00e8ne Ysa\u00ffe <\/strong>Sonata nr. 4 \u00een mi minor pentru vioar\u0103 solo op. 27<\/p>\n<p>Semifinala<br \/>\n<strong>George Enescu <\/strong><em>L\u0103utarul <\/em>din Suita <em>Impresii din Copil\u0103rie <\/em>op. 28<br \/>\n<strong>Francis Poulenc <\/strong>Sonata pentru vioar\u0103 \u0219i pian FP 119<br \/>\n<strong>George Enescu <\/strong>Sonata nr. 2 \u00een fa minor pentru vioar\u0103 \u0219i pian op. 6<br \/>\n<strong>Pablo de Sarasate <\/strong><em>Introducere<\/em> \u0219i <em>Tarantella<\/em> op. 43<\/p>\n<p>Finala<br \/>\n<strong>Camille Saint-Sa\u00ebns <\/strong>Concertul nr. 3 \u00een si minor pentru vioar\u0103 \u0219i orchestr\u0103 op. 61<\/p>\n<\/div><\/div><\/div><\/div><\/div><div class=\"vc_col-sm-6 wpb_column vc_column_container\"><div class=\"vc_column-inner\"><div class=\"wpb_wrapper\"><div class=\"w-ibanner animation_phorcys ratio_1x1 easing_easeInOutCirc\"><div class=\"w-ibanner-h\"><div class=\"w-ibanner-image\" style=\"background-image: url(https:\/\/2024.festivalenescu.ro\/wp-content\/uploads\/2024\/08\/Kanagawa-Mayumi-1.jpg)\"><\/div><div class=\"w-ibanner-content\"><div class=\"w-ibanner-content-h\"><h2 class=\"w-ibanner-title\"><\/h2><div class=\"w-ibanner-desc\"><\/div><\/div><\/div><\/div><\/div><\/div><\/div><\/div><\/div><\/div><\/section><section class=\"l-section wpb_row height_medium\"><div class=\"l-section-h i-cf\"><div class=\"g-cols vc_row via_flex valign_top type_default stacking_default\"><div class=\"vc_col-sm-12 wpb_column vc_column_container\"><div class=\"vc_column-inner\"><div class=\"wpb_wrapper\"><div class=\"wpb_text_column\"><div class=\"wpb_wrapper\"><p>Share:<\/p>\n<\/div><\/div><div class=\"w-sharing type_simple align_none color_default\"><div class=\"w-sharing-list\"><a class=\"w-sharing-item email\" href=\"mailto:?subject=Mayumi Kanagawa&amp;body=https:\/\/2024.festivalenescu.ro\/ro\/wp-json\/wp\/v2\/pages\/4466\" title=\"Email this\" aria-label=\"Email this\"><i class=\"fas fa-envelope\"><\/i><\/a><a class=\"w-sharing-item facebook\" href=\"https:\/\/www.facebook.com\/sharer\/sharer.php?u=https:\/\/2024.festivalenescu.ro\/ro\/wp-json\/wp\/v2\/pages\/4466&amp;quote=Mayumi Kanagawa\" title=\"Share this\" aria-label=\"Share this\" onclick=\"window.open(this.href, &quot;facebook&quot;, &quot;toolbar=0,width=900,height=500&quot;); return false;\"><i class=\"fab fa-facebook\"><\/i><\/a><a class=\"w-sharing-item twitter\" href=\"https:\/\/twitter.com\/intent\/tweet?text=Mayumi Kanagawa&amp;url=https:\/\/2024.festivalenescu.ro\/ro\/wp-json\/wp\/v2\/pages\/4466\" title=\"Tweet this\" aria-label=\"Tweet this\" onclick=\"window.open(this.href, &quot;twitter&quot;, &quot;toolbar=0,width=650,height=360&quot;); return false;\"><i class=\"fab fa-x-twitter\"><svg style=\"width:1em; margin-bottom:-.1em;\" xmlns=\"http:\/\/www.w3.org\/2000\/svg\" viewBox=\"0 0 512 512\"><path fill=\"currentColor\" d=\"M389.2 48h70.6L305.6 224.2 487 464H345L233.7 318.6 106.5 464H35.8L200.7 275.5 26.8 48H172.4L272.9 180.9 389.2 48zM364.4 421.8h39.1L151.1 88h-42L364.4 421.8z\"\/><\/svg><\/i><\/a><a class=\"w-sharing-item linkedin\" href=\"https:\/\/www.linkedin.com\/shareArticle?mini=true&amp;url=https:\/\/2024.festivalenescu.ro\/ro\/wp-json\/wp\/v2\/pages\/4466\" title=\"Share this\" aria-label=\"Share this\" onclick=\"window.open(this.href, &quot;linkedin&quot;, &quot;toolbar=no,width=550,height=550&quot;); return false;\"><i class=\"fab fa-linkedin\"><\/i><\/a><a class=\"w-sharing-item whatsapp\" href=\"https:\/\/web.whatsapp.com\/send?text=Mayumi Kanagawa https:\/\/2024.festivalenescu.ro\/ro\/wp-json\/wp\/v2\/pages\/4466\" title=\"Share this\" aria-label=\"Share this\" onclick=\"window.open(this.href, &quot;whatsapp&quot;, &quot;toolbar=0,width=900,height=500&quot;); return false;\"><i class=\"fab fa-whatsapp\"><\/i><\/a><a class=\"w-sharing-item reddit\" href=\"https:\/\/www.reddit.com\/submit?url=https:\/\/2024.festivalenescu.ro\/ro\/wp-json\/wp\/v2\/pages\/4466&amp;title=Mayumi Kanagawa\" title=\"Share this\" aria-label=\"Share this\" onclick=\"window.open(this.href, &quot;reddit&quot;, &quot;toolbar=no,width=900,height=500&quot;); return false;\"><i class=\"fab fa-reddit\"><\/i><\/a><a class=\"w-sharing-item telegram\" href=\"https:\/\/t.me\/share\/url?url=https:\/\/2024.festivalenescu.ro\/ro\/wp-json\/wp\/v2\/pages\/4466&amp;text=Mayumi Kanagawa\" title=\"Share this\" aria-label=\"Share this\" onclick=\"window.open(this.href, &quot;telegram&quot;, &quot;toolbar=no,width=600,height=450&quot;); return false;\"><i class=\"fab fa-telegram\"><\/i><\/a><\/div><\/div><div class=\"w-post-elm post_navigation layout_sided inv_false\"><a class=\"post_navigation-item order_first to_prev\" href=\"https:\/\/2024.festivalenescu.ro\/ro\/concurenti\/sectiunea-vioara\/seung-hyun-kang\/\" title=\"Seung-Hyun Kang\"><div class=\"post_navigation-item-img\"><img decoding=\"async\" src=\"https:\/\/2024.festivalenescu.ro\/wp-content\/uploads\/2024\/08\/Kang-Seunghyun-1-765x900.jpg\" loading=\"lazy\" alt=\"\" width=\"150\" height=\"150\"><\/div><div class=\"post_navigation-item-arrow\"><\/div><div class=\"post_navigation-item-title\"><span>Seung-Hyun Kang<\/span><\/div><\/a><a class=\"post_navigation-item order_second to_next\" href=\"https:\/\/2024.festivalenescu.ro\/ro\/concurenti\/sectiunea-vioara\/luka-ispir\/\" title=\"Luka Ispir\"><div class=\"post_navigation-item-img\"><img decoding=\"async\" src=\"https:\/\/2024.festivalenescu.ro\/wp-content\/uploads\/2024\/08\/Ispir-Luka-2-893x900.jpg\" loading=\"lazy\" alt=\"\" width=\"150\" height=\"150\"><\/div><div class=\"post_navigation-item-arrow\"><\/div><div class=\"post_navigation-item-title\"><span>Luka Ispir<\/span><\/div><\/a><\/div><\/div><\/div><\/div><\/div><\/div><\/section>\n","protected":false},"excerpt":{"rendered":"SUA 31 august 1994 Violonista americano-japonez\u0103 Mayumi Kanagawa, stabilit\u0103 la Berlin, este apreciat\u0103 pentru sunetul s\u0103u bogat \u0219i sumbru, pentru muzicalitatea sa concentrat\u0103 \u0219i captivant\u0103 \u0219i s-a impus ca solist\u0103 \u0219i membr\u0103 \u00een forma\u021bii camerale versatile \u0219i rafinate. A c\u00e2ntat cu numeroase ansambluri, printre care se num\u0103r\u0103 Orchestra Teatrului Mariinsky, Orchestra Na\u021bional\u0103 a Belgiei, Orchestra...","protected":false},"author":4,"featured_media":4463,"parent":2970,"menu_order":0,"comment_status":"closed","ping_status":"closed","template":"","meta":{"footnotes":""},"class_list":["post-4466","page","type-page","status-publish","has-post-thumbnail","hentry"],"_links":{"self":[{"href":"https:\/\/2024.festivalenescu.ro\/ro\/wp-json\/wp\/v2\/pages\/4466","targetHints":{"allow":["GET"]}}],"collection":[{"href":"https:\/\/2024.festivalenescu.ro\/ro\/wp-json\/wp\/v2\/pages"}],"about":[{"href":"https:\/\/2024.festivalenescu.ro\/ro\/wp-json\/wp\/v2\/types\/page"}],"author":[{"embeddable":true,"href":"https:\/\/2024.festivalenescu.ro\/ro\/wp-json\/wp\/v2\/users\/4"}],"replies":[{"embeddable":true,"href":"https:\/\/2024.festivalenescu.ro\/ro\/wp-json\/wp\/v2\/comments?post=4466"}],"version-history":[{"count":3,"href":"https:\/\/2024.festivalenescu.ro\/ro\/wp-json\/wp\/v2\/pages\/4466\/revisions"}],"predecessor-version":[{"id":5276,"href":"https:\/\/2024.festivalenescu.ro\/ro\/wp-json\/wp\/v2\/pages\/4466\/revisions\/5276"}],"up":[{"embeddable":true,"href":"https:\/\/2024.festivalenescu.ro\/ro\/wp-json\/wp\/v2\/pages\/2970"}],"wp:featuredmedia":[{"embeddable":true,"href":"https:\/\/2024.festivalenescu.ro\/ro\/wp-json\/wp\/v2\/media\/4463"}],"wp:attachment":[{"href":"https:\/\/2024.festivalenescu.ro\/ro\/wp-json\/wp\/v2\/media?parent=4466"}],"curies":[{"name":"wp","href":"https:\/\/api.w.org\/{rel}","templated":true}]}}