{"id":4482,"date":"2024-08-29T12:46:22","date_gmt":"2024-08-29T09:46:22","guid":{"rendered":"https:\/\/concurs.festivalenescu.ro\/?page_id=4482"},"modified":"2024-08-29T23:00:11","modified_gmt":"2024-08-29T20:00:11","slug":"yookyung-kang","status":"publish","type":"page","link":"https:\/\/2024.festivalenescu.ro\/ro\/concurenti\/sectiunea-vioara\/yookyung-kang\/","title":{"rendered":"Yookyung Kang"},"content":{"rendered":"<section class=\"l-section wpb_row height_medium\"><div class=\"l-section-h i-cf\"><div class=\"g-cols vc_row via_flex valign_top type_default stacking_default\"><div class=\"vc_col-sm-6 wpb_column vc_column_container\"><div class=\"vc_column-inner\"><div class=\"wpb_wrapper\"><div class=\"w-hwrapper valign_top align_none\" style=\"--hwrapper-gap:0.2rem\"><\/div><div class=\"wpb_text_column\"><div class=\"wpb_wrapper\"><p><strong>COREEA DE SUD<\/strong><br \/>\n<strong>20 iunie 1996<\/strong><\/p>\n<p>Yookyung Kang a absolvit studiile de licen\u021b\u0103 la Universitatea Na\u021bional\u0103 de Arte din Coreea, unde a fost \u00eendrumat\u0103 de profesorii Bonju Koo \u0219i Younguk Kim. \u00cen prezent, se afl\u0103 \u00een ultimul an al programului de doctorat la Universitatea Na\u021bional\u0103 de Arte din Coreea. A fost concertmaestru al Confero Camerata \u0219i a ob\u021binut numeroase distinc\u021bii, printre care marele premiu la Concursul de Muzic\u0103 KBS KEPCO 2019, premiul II la Concursul Interna\u021bional de Muzic\u0103 din Seul, cel mai t\u00e2n\u0103r premiu II \u0219i premiul special de virtuozitate la Concursul Interna\u021bional de Vioar\u0103 Kloster Sch\u00f6ntal din Germania, premiul I la Concursul de Muzic\u0103 Ewha Kyunghyang, premiul II la Concursul de Muzic\u0103 JoongAng \u0219i multe altele. Pe l\u00e2ng\u0103 aceasta, a primit distinc\u021bia Shinhan Music Award.<br \/>\nYooKyung Kang a c\u00e2ntat cu Filarmonica din Berlin, Orchestra Simfonic\u0103 Radio din Praga, Orchestra Simfonic\u0103 Pueblo, Orchestra Simfonic\u0103 KBS, Orchestra Filarmonicii din Seul \u0219i Orchestra Filarmonicii din Suwon. \u0218i-a f\u0103cut debutul la Kumho Gifted Concert \u00een 2007 \u0219i \u00een prezent este activ\u0103 \u00een sfera muzicii de camer\u0103. YooKyung Kang c\u00e2nt\u0103 pe o vioar\u0103 sus\u021binut\u0103 de Funda\u021bia Cultural\u0103 de Art\u0103 Kumho.<\/p>\n<\/div><\/div><div class=\"w-separator size_small\"><\/div><div class=\"w-separator size_small\"><\/div><div class=\"wpb_text_column\"><div class=\"wpb_wrapper\"><p>Etapa I<br \/>\n<strong>Johann Sebastian Bach <\/strong>Grave \u0219i Fug\u0103 din Sonata nr. 2 \u00een la minor pentru vioar\u0103 solo, BWV 1003<br \/>\n<strong>Wolfgang Amadeus Mozart <\/strong>Concertul nr. 5 \u00een la major pentru vioar\u0103 \u0219i orchestr\u0103 K. 219 (partea I cu caden\u021b\u0103)<br \/>\n<strong>Niccol\u00f2 Paganini <\/strong>Capriciul \u00een mi bemol major op. 1 nr. 17<\/p>\n<p>Etapa a II-a<br \/>\n<strong>Vlad Maistorovici <\/strong><em>B.A.C.H.<\/em>, Passacaglia pentru vioar\u0103 solo<br \/>\n<strong>Ludwig van Beethoven <\/strong>Sonata nr. 7 \u00een do minor pentru vioar\u0103 \u0219i pian op. 30<br \/>\n<strong>Jen\u0151 Hubay <\/strong><em>Fantezia Carmen <\/em>op. 3 nr. 3<\/p>\n<p>Semifinala<br \/>\n<strong>George Enescu <\/strong><em>L\u0103utarul <\/em>din Suita <em>Impresii din Copil\u0103rie <\/em>op. 28<br \/>\n<strong>Serghei Prokofiev <\/strong>Sonata nr. 1 \u00een fa minor pentru vioar\u0103 \u0219i pian op. 80<br \/>\n<strong>George Enescu <\/strong>Sonata nr. 3 \u00een la minor pentru vioar\u0103 \u0219i pian op. 25, \u201e\u00een caracter popular rom\u00e2nesc\u201d<br \/>\n<strong>Heinrich Wilhelm Ernst <\/strong>Studiul polifonic nr. 6 \u00een sol major, <em>The Last Rose of Summer<\/em><\/p>\n<p>Finala<br \/>\n<strong>Jean Sibelius <\/strong>Concertul \u00een re minor pentru vioar\u0103 \u0219i orchestr\u0103 op. 47<\/p>\n<\/div><\/div><\/div><\/div><\/div><div class=\"vc_col-sm-6 wpb_column vc_column_container\"><div class=\"vc_column-inner\"><div class=\"wpb_wrapper\"><div class=\"w-ibanner animation_phorcys ratio_1x1 easing_easeInOutCirc\"><div class=\"w-ibanner-h\"><div class=\"w-ibanner-image\" style=\"background-image: url(https:\/\/2024.festivalenescu.ro\/wp-content\/uploads\/2024\/08\/Kang-Yookyung-1.jpg)\"><\/div><div class=\"w-ibanner-content\"><div class=\"w-ibanner-content-h\"><h2 class=\"w-ibanner-title\"><\/h2><div class=\"w-ibanner-desc\"><\/div><\/div><\/div><\/div><\/div><\/div><\/div><\/div><\/div><\/div><\/section><section class=\"l-section wpb_row height_medium\"><div class=\"l-section-h i-cf\"><div class=\"g-cols vc_row via_flex valign_top type_default stacking_default\"><div class=\"vc_col-sm-12 wpb_column vc_column_container\"><div class=\"vc_column-inner\"><div class=\"wpb_wrapper\"><div class=\"wpb_text_column\"><div class=\"wpb_wrapper\"><p>Share:<\/p>\n<\/div><\/div><div class=\"w-sharing type_simple align_none color_default\"><div class=\"w-sharing-list\"><a class=\"w-sharing-item email\" href=\"mailto:?subject=Yookyung Kang&amp;body=https:\/\/2024.festivalenescu.ro\/ro\/wp-json\/wp\/v2\/pages\/4482\" title=\"Email this\" aria-label=\"Email this\"><i class=\"fas fa-envelope\"><\/i><\/a><a class=\"w-sharing-item facebook\" href=\"https:\/\/www.facebook.com\/sharer\/sharer.php?u=https:\/\/2024.festivalenescu.ro\/ro\/wp-json\/wp\/v2\/pages\/4482&amp;quote=Yookyung Kang\" title=\"Share this\" aria-label=\"Share this\" onclick=\"window.open(this.href, &quot;facebook&quot;, &quot;toolbar=0,width=900,height=500&quot;); return false;\"><i class=\"fab fa-facebook\"><\/i><\/a><a class=\"w-sharing-item twitter\" href=\"https:\/\/twitter.com\/intent\/tweet?text=Yookyung Kang&amp;url=https:\/\/2024.festivalenescu.ro\/ro\/wp-json\/wp\/v2\/pages\/4482\" title=\"Tweet this\" aria-label=\"Tweet this\" onclick=\"window.open(this.href, &quot;twitter&quot;, &quot;toolbar=0,width=650,height=360&quot;); return false;\"><i class=\"fab fa-x-twitter\"><svg style=\"width:1em; margin-bottom:-.1em;\" xmlns=\"http:\/\/www.w3.org\/2000\/svg\" viewBox=\"0 0 512 512\"><path fill=\"currentColor\" d=\"M389.2 48h70.6L305.6 224.2 487 464H345L233.7 318.6 106.5 464H35.8L200.7 275.5 26.8 48H172.4L272.9 180.9 389.2 48zM364.4 421.8h39.1L151.1 88h-42L364.4 421.8z\"\/><\/svg><\/i><\/a><a class=\"w-sharing-item linkedin\" href=\"https:\/\/www.linkedin.com\/shareArticle?mini=true&amp;url=https:\/\/2024.festivalenescu.ro\/ro\/wp-json\/wp\/v2\/pages\/4482\" title=\"Share this\" aria-label=\"Share this\" onclick=\"window.open(this.href, &quot;linkedin&quot;, &quot;toolbar=no,width=550,height=550&quot;); return false;\"><i class=\"fab fa-linkedin\"><\/i><\/a><a class=\"w-sharing-item whatsapp\" href=\"https:\/\/web.whatsapp.com\/send?text=Yookyung Kang https:\/\/2024.festivalenescu.ro\/ro\/wp-json\/wp\/v2\/pages\/4482\" title=\"Share this\" aria-label=\"Share this\" onclick=\"window.open(this.href, &quot;whatsapp&quot;, &quot;toolbar=0,width=900,height=500&quot;); return false;\"><i class=\"fab fa-whatsapp\"><\/i><\/a><a class=\"w-sharing-item reddit\" href=\"https:\/\/www.reddit.com\/submit?url=https:\/\/2024.festivalenescu.ro\/ro\/wp-json\/wp\/v2\/pages\/4482&amp;title=Yookyung Kang\" title=\"Share this\" aria-label=\"Share this\" onclick=\"window.open(this.href, &quot;reddit&quot;, &quot;toolbar=no,width=900,height=500&quot;); return false;\"><i class=\"fab fa-reddit\"><\/i><\/a><a class=\"w-sharing-item telegram\" href=\"https:\/\/t.me\/share\/url?url=https:\/\/2024.festivalenescu.ro\/ro\/wp-json\/wp\/v2\/pages\/4482&amp;text=Yookyung Kang\" title=\"Share this\" aria-label=\"Share this\" onclick=\"window.open(this.href, &quot;telegram&quot;, &quot;toolbar=no,width=600,height=450&quot;); return false;\"><i class=\"fab fa-telegram\"><\/i><\/a><\/div><\/div><div class=\"w-post-elm post_navigation layout_sided inv_false\"><a class=\"post_navigation-item order_first to_prev\" href=\"https:\/\/2024.festivalenescu.ro\/ro\/concurenti\/sectiunea-vioara\/honoka-kikukawa\/\" title=\"Honoka Kikukawa\"><div class=\"post_navigation-item-img\"><img decoding=\"async\" src=\"https:\/\/2024.festivalenescu.ro\/wp-content\/uploads\/2024\/08\/Kikukawa-Honoka-1-812x900.jpg\" loading=\"lazy\" alt=\"\" width=\"150\" height=\"150\"><\/div><div class=\"post_navigation-item-arrow\"><\/div><div class=\"post_navigation-item-title\"><span>Honoka Kikukawa<\/span><\/div><\/a><a class=\"post_navigation-item order_second to_next\" href=\"https:\/\/2024.festivalenescu.ro\/ro\/concurenti\/sectiunea-vioara\/seung-hyun-kang\/\" title=\"Seung-Hyun Kang\"><div class=\"post_navigation-item-img\"><img decoding=\"async\" src=\"https:\/\/2024.festivalenescu.ro\/wp-content\/uploads\/2024\/08\/Kang-Seunghyun-1-765x900.jpg\" loading=\"lazy\" alt=\"\" width=\"150\" height=\"150\"><\/div><div class=\"post_navigation-item-arrow\"><\/div><div class=\"post_navigation-item-title\"><span>Seung-Hyun Kang<\/span><\/div><\/a><\/div><\/div><\/div><\/div><\/div><\/div><\/section>\n","protected":false},"excerpt":{"rendered":"COREEA DE SUD 20 iunie 1996 Yookyung Kang a absolvit studiile de licen\u021b\u0103 la Universitatea Na\u021bional\u0103 de Arte din Coreea, unde a fost \u00eendrumat\u0103 de profesorii Bonju Koo \u0219i Younguk Kim. \u00cen prezent, se afl\u0103 \u00een ultimul an al programului de doctorat la Universitatea Na\u021bional\u0103 de Arte din Coreea. A fost concertmaestru al Confero Camerata...","protected":false},"author":4,"featured_media":4479,"parent":2970,"menu_order":0,"comment_status":"closed","ping_status":"closed","template":"","meta":{"footnotes":""},"class_list":["post-4482","page","type-page","status-publish","has-post-thumbnail","hentry"],"_links":{"self":[{"href":"https:\/\/2024.festivalenescu.ro\/ro\/wp-json\/wp\/v2\/pages\/4482","targetHints":{"allow":["GET"]}}],"collection":[{"href":"https:\/\/2024.festivalenescu.ro\/ro\/wp-json\/wp\/v2\/pages"}],"about":[{"href":"https:\/\/2024.festivalenescu.ro\/ro\/wp-json\/wp\/v2\/types\/page"}],"author":[{"embeddable":true,"href":"https:\/\/2024.festivalenescu.ro\/ro\/wp-json\/wp\/v2\/users\/4"}],"replies":[{"embeddable":true,"href":"https:\/\/2024.festivalenescu.ro\/ro\/wp-json\/wp\/v2\/comments?post=4482"}],"version-history":[{"count":3,"href":"https:\/\/2024.festivalenescu.ro\/ro\/wp-json\/wp\/v2\/pages\/4482\/revisions"}],"predecessor-version":[{"id":5302,"href":"https:\/\/2024.festivalenescu.ro\/ro\/wp-json\/wp\/v2\/pages\/4482\/revisions\/5302"}],"up":[{"embeddable":true,"href":"https:\/\/2024.festivalenescu.ro\/ro\/wp-json\/wp\/v2\/pages\/2970"}],"wp:featuredmedia":[{"embeddable":true,"href":"https:\/\/2024.festivalenescu.ro\/ro\/wp-json\/wp\/v2\/media\/4479"}],"wp:attachment":[{"href":"https:\/\/2024.festivalenescu.ro\/ro\/wp-json\/wp\/v2\/media?parent=4482"}],"curies":[{"name":"wp","href":"https:\/\/api.w.org\/{rel}","templated":true}]}}