{"id":4506,"date":"2024-08-29T12:39:48","date_gmt":"2024-08-29T09:39:48","guid":{"rendered":"https:\/\/concurs.festivalenescu.ro\/?page_id=4506"},"modified":"2024-08-29T21:54:17","modified_gmt":"2024-08-29T18:54:17","slug":"alexander-won-ho-kim","status":"publish","type":"page","link":"https:\/\/2024.festivalenescu.ro\/ro\/concurenti\/sectiunea-vioara\/alexander-won-ho-kim\/","title":{"rendered":"Alexander Won-Ho Kim"},"content":{"rendered":"<section class=\"l-section wpb_row height_medium\"><div class=\"l-section-h i-cf\"><div class=\"g-cols vc_row via_flex valign_top type_default stacking_default\"><div class=\"vc_col-sm-6 wpb_column vc_column_container\"><div class=\"vc_column-inner\"><div class=\"wpb_wrapper\"><div class=\"w-hwrapper valign_top align_none\" style=\"--hwrapper-gap:0.2rem\"><\/div><div class=\"wpb_text_column\"><div class=\"wpb_wrapper\"><p><strong>COREEA DE SUD<\/strong><br \/>\n<strong>28 decembrie 1992<\/strong><\/p>\n<p>Alexander Won-Ho Kim a studiat la Universitatea de Muzic\u0103 din M\u00fcnster cu Helge Slaatto, la Universitatea de Arte din Z\u00fcrich cu Zakhar Bron, la Universitatea de Muzic\u0103 Hanns Eisler din Berlin cu Antje Weithaas \u0219i la Universitatea de Muzic\u0103 din Lausanne (departamentul Sion) cu Janine Jansen.<br \/>\nA concertat ca solist cu Orchestra German\u0103 de Camer\u0103, Orchestra Filarmonicii din Bremen, Orchestra Filarmonic\u0103 a Na\u021biunilor, Orchestra de Camer\u0103 din Lausanne, Orchestra de Camer\u0103 din Z\u00fcrcher \u0219i Orchestra de Camer\u0103 din M\u00fcnchen.<br \/>\nAlexander Won-Ho Kim a c\u00e2ntat la Festivalul de Muzic\u0103 Rheingau, Festivalul Sion, Vevey Spring Classic, Festivalul Grachten \u0219i Festivalul Interna\u021bional de Muzic\u0103 de Camer\u0103 Utrecht.<br \/>\nEste laureat al Concursului Interna\u021bional Max Rostal (premiul IV), al marelui premiu TONALi (laureat) \u0219i al Concursului Interna\u021bional de Muzic\u0103 Berlingske Tidende (medalie de aur). De asemenea, a fost semifinalist la Concursul Interna\u021bional de Muzic\u0103 ARD.<\/p>\n<\/div><\/div><div class=\"w-separator size_small\"><\/div><div class=\"w-separator size_small\"><\/div><div class=\"wpb_text_column\"><div class=\"wpb_wrapper\"><p>Etapa I<br \/>\n<strong>Johann Sebastian Bach <\/strong>Grave \u0219i Fug\u0103 din Sonata nr. 2 \u00een la minor pentru vioar\u0103 solo, BWV 1003<br \/>\n<strong>Wolfgang Amadeus Mozart <\/strong>Concertul nr. 4 \u00een re major pentru vioar\u0103 \u0219i orchestr\u0103 K. 218 (partea I cu caden\u021b\u0103)<br \/>\n<strong>Niccol\u00f2 Paganini <\/strong>Capriciul \u00een do major op. 1 nr. 11<\/p>\n<p>Etapa a II-a<br \/>\n<strong>Vlad Maistorovici <\/strong><em>B.A.C.H.<\/em>, Passacaglia pentru vioar\u0103 solo<br \/>\n<strong>Ludwig van Beethoven <\/strong>Sonata nr. 6 \u00een la major pentru vioar\u0103 \u0219i pian op. 30<br \/>\n<strong>Jen\u0151 Hubay <\/strong><em>Fantezia Carmen <\/em>op. 3 nr. 3<\/p>\n<p>Semifinala<br \/>\n<strong>George Enescu <\/strong><em>L\u0103utarul <\/em>din Suita <em>Impresii din Copil\u0103rie <\/em>op. 28<br \/>\n<strong>Johannes Brahms <\/strong>Sonata nr. 2 \u00een la major pentru vioar\u0103 \u0219i pian op. 100<br \/>\n<strong>George Enescu <\/strong>Sonata nr. 3 \u00een la minor pentru vioar\u0103 \u0219i pian op. 25, \u201e\u00een caracter popular rom\u00e2nesc\u201d<br \/>\n<strong>Henryk Wieniawski <\/strong><em>Fantezia Faust <\/em>op. 20<\/p>\n<p>Finala<br \/>\n<strong>Johannes Brahms <\/strong>Concertul \u00een re major pentru vioar\u0103 \u0219i orchestr\u0103 op. 77<\/p>\n<\/div><\/div><\/div><\/div><\/div><div class=\"vc_col-sm-6 wpb_column vc_column_container\"><div class=\"vc_column-inner\"><div class=\"wpb_wrapper\"><div class=\"w-ibanner animation_phorcys ratio_1x1 easing_easeInOutCirc\"><div class=\"w-ibanner-h\"><div class=\"w-ibanner-image\" style=\"background-image: url(https:\/\/2024.festivalenescu.ro\/wp-content\/uploads\/2024\/08\/Kim-Alexander-Won-Ho-1.jpg)\"><\/div><div class=\"w-ibanner-content\"><div class=\"w-ibanner-content-h\"><h2 class=\"w-ibanner-title\"><\/h2><div class=\"w-ibanner-desc\"><\/div><\/div><\/div><\/div><\/div><\/div><\/div><\/div><\/div><\/div><\/section><section class=\"l-section wpb_row height_medium\"><div class=\"l-section-h i-cf\"><div class=\"g-cols vc_row via_flex valign_top type_default stacking_default\"><div class=\"vc_col-sm-12 wpb_column vc_column_container\"><div class=\"vc_column-inner\"><div class=\"wpb_wrapper\"><div class=\"wpb_text_column\"><div class=\"wpb_wrapper\"><p>Share:<\/p>\n<\/div><\/div><div class=\"w-sharing type_simple align_none color_default\"><div class=\"w-sharing-list\"><a class=\"w-sharing-item email\" href=\"mailto:?subject=Alexander Won-Ho Kim&amp;body=https:\/\/2024.festivalenescu.ro\/ro\/wp-json\/wp\/v2\/pages\/4506\" title=\"Email this\" aria-label=\"Email this\"><i class=\"fas fa-envelope\"><\/i><\/a><a class=\"w-sharing-item facebook\" href=\"https:\/\/www.facebook.com\/sharer\/sharer.php?u=https:\/\/2024.festivalenescu.ro\/ro\/wp-json\/wp\/v2\/pages\/4506&amp;quote=Alexander Won-Ho Kim\" title=\"Share this\" aria-label=\"Share this\" onclick=\"window.open(this.href, &quot;facebook&quot;, &quot;toolbar=0,width=900,height=500&quot;); return false;\"><i class=\"fab fa-facebook\"><\/i><\/a><a class=\"w-sharing-item twitter\" href=\"https:\/\/twitter.com\/intent\/tweet?text=Alexander Won-Ho Kim&amp;url=https:\/\/2024.festivalenescu.ro\/ro\/wp-json\/wp\/v2\/pages\/4506\" title=\"Tweet this\" aria-label=\"Tweet this\" onclick=\"window.open(this.href, &quot;twitter&quot;, &quot;toolbar=0,width=650,height=360&quot;); return false;\"><i class=\"fab fa-x-twitter\"><svg style=\"width:1em; margin-bottom:-.1em;\" xmlns=\"http:\/\/www.w3.org\/2000\/svg\" viewBox=\"0 0 512 512\"><path fill=\"currentColor\" d=\"M389.2 48h70.6L305.6 224.2 487 464H345L233.7 318.6 106.5 464H35.8L200.7 275.5 26.8 48H172.4L272.9 180.9 389.2 48zM364.4 421.8h39.1L151.1 88h-42L364.4 421.8z\"\/><\/svg><\/i><\/a><a class=\"w-sharing-item linkedin\" href=\"https:\/\/www.linkedin.com\/shareArticle?mini=true&amp;url=https:\/\/2024.festivalenescu.ro\/ro\/wp-json\/wp\/v2\/pages\/4506\" title=\"Share this\" aria-label=\"Share this\" onclick=\"window.open(this.href, &quot;linkedin&quot;, &quot;toolbar=no,width=550,height=550&quot;); return false;\"><i class=\"fab fa-linkedin\"><\/i><\/a><a class=\"w-sharing-item whatsapp\" href=\"https:\/\/web.whatsapp.com\/send?text=Alexander Won-Ho Kim https:\/\/2024.festivalenescu.ro\/ro\/wp-json\/wp\/v2\/pages\/4506\" title=\"Share this\" aria-label=\"Share this\" onclick=\"window.open(this.href, &quot;whatsapp&quot;, &quot;toolbar=0,width=900,height=500&quot;); return false;\"><i class=\"fab fa-whatsapp\"><\/i><\/a><a class=\"w-sharing-item reddit\" href=\"https:\/\/www.reddit.com\/submit?url=https:\/\/2024.festivalenescu.ro\/ro\/wp-json\/wp\/v2\/pages\/4506&amp;title=Alexander Won-Ho Kim\" title=\"Share this\" aria-label=\"Share this\" onclick=\"window.open(this.href, &quot;reddit&quot;, &quot;toolbar=no,width=900,height=500&quot;); return false;\"><i class=\"fab fa-reddit\"><\/i><\/a><a class=\"w-sharing-item telegram\" href=\"https:\/\/t.me\/share\/url?url=https:\/\/2024.festivalenescu.ro\/ro\/wp-json\/wp\/v2\/pages\/4506&amp;text=Alexander Won-Ho Kim\" title=\"Share this\" aria-label=\"Share this\" onclick=\"window.open(this.href, &quot;telegram&quot;, &quot;toolbar=no,width=600,height=450&quot;); return false;\"><i class=\"fab fa-telegram\"><\/i><\/a><\/div><\/div><div class=\"w-post-elm post_navigation layout_sided inv_false\"><a class=\"post_navigation-item order_first to_prev\" href=\"https:\/\/2024.festivalenescu.ro\/ro\/concurenti\/sectiunea-vioara\/hyun-seo-kim\/\" title=\"Hyun Seo Kim\"><div class=\"post_navigation-item-img\"><img decoding=\"async\" src=\"https:\/\/2024.festivalenescu.ro\/wp-content\/uploads\/2024\/08\/\ubc14\uc774\uc62c\ub9b0_\uae40\ud604\uc11c_8348-900x600.jpg\" loading=\"lazy\" alt=\"\" width=\"150\" height=\"150\"><\/div><div class=\"post_navigation-item-arrow\"><\/div><div class=\"post_navigation-item-title\"><span>Hyun Seo Kim<\/span><\/div><\/a><a class=\"post_navigation-item order_second to_next\" href=\"https:\/\/2024.festivalenescu.ro\/ro\/concurenti\/sectiunea-vioara\/honoka-kikukawa\/\" title=\"Honoka Kikukawa\"><div class=\"post_navigation-item-img\"><img decoding=\"async\" src=\"https:\/\/2024.festivalenescu.ro\/wp-content\/uploads\/2024\/08\/Kikukawa-Honoka-1-812x900.jpg\" loading=\"lazy\" alt=\"\" width=\"150\" height=\"150\"><\/div><div class=\"post_navigation-item-arrow\"><\/div><div class=\"post_navigation-item-title\"><span>Honoka Kikukawa<\/span><\/div><\/a><\/div><\/div><\/div><\/div><\/div><\/div><\/section><section class=\"l-section wpb_row height_medium\"><div class=\"l-section-h i-cf\"><div class=\"g-cols vc_row via_flex valign_top type_default stacking_default\"><div class=\"vc_col-sm-6 wpb_column vc_column_container\"><div class=\"vc_column-inner\"><div class=\"wpb_wrapper\"><div class=\"w-hwrapper valign_top align_none\" style=\"--hwrapper-gap:0.2rem\"><h3 class=\"w-text\"><span class=\"w-text-h\"><span class=\"w-text-value\">prenume<\/span><\/span><\/h3><h3 class=\"w-text us_custom_71d3e3d1\"><span class=\"w-text-h\"><span class=\"w-text-value\">nume<\/span><\/span><\/h3><\/div><div class=\"wpb_text_column\"><div class=\"wpb_wrapper\"><p style=\"font-weight: 400;\">Born on July 6, 1951 in Bucharest, Adrian Iorgulescu is one of those multivalent musicians who, through a complex training in several fields, has distinguished himself creatively, theoretically, politically, pedagogically and administratively. He graduated from the Ciprian Porumbescu Conservatory in Bucharest and in 1982 he went on to study composition and musicology at the Academy of Santa Cecilia in Rome.<\/p>\n<p style=\"font-weight: 400;\">Adrian Iorgulescu is currently professor and PhD supervisor at the National University of Music in Bucharest and president of the Romanian Musical Performing and Mechanical Rights Society (UCMR-ADA). He was president of the Union of Romanian Composers and Musicologists in 1992-2005 and 2010-2022. He has been involved in cultural-political life also from a governmental perspective, serving as Minister of Culture and Cults between 2005 and 2008.<\/p>\n<p>His oeuvre includes works from all musical genres, including, selectively, the opera <em>Revulu\u021bia<\/em> [The Revolution], two cantatas, six symphonies, six instrumental concertos (the cycle <em>Ipostaze<\/em> [Hypostasis]), film music, chamber music (including six string quartets), symphonic and choral works and lieder. Adrian Iorgulescu is the author of didactic and musicological works, volumes of poetry, essays, studies and articles published in the specialized press.<\/p>\n<p>He has been awarded with numerous national and international prizes, such as the Dinu Lipatti Prize (1973), the UCIN Prize for film music, the Union of Romanian Composers and Musicologists Prizes (1979, 1981, 1982, 1987, 1989, 2013 and 2016), the George Enescu Prize of the Romanian Academy or the World Music Celebration Composition Prize \u2013 Louisville (USA). In 2022, he was awarded the Grand Prize of the Union of Romanian Composers and Musicologists for his entire artistic career.<\/p>\n<p>He is a correspondent member of the Romanian Academy and Doctor Honoris Causa of the Academy of Music, Theatre and Fine Arts of Chi\u0219in\u0103u (Republic of Moldova).<\/p>\n<\/div><\/div><div class=\"w-separator size_small\"><\/div><div class=\"wpb_text_column\"><div class=\"wpb_wrapper\"><h4>Program<\/h4>\n<\/div><\/div><div class=\"wpb_text_column\"><div class=\"wpb_wrapper\"><p>Online Round<br \/>\n<strong>Bach<\/strong>\u00a0Adagio and Fugue from Sonata in G minor for Solo Violin<br \/>\n<strong>Mozart<\/strong>\u00a0Violin Concerto No. 5 in A major K. 219 (1st movement with cadenza)<br \/>\n<strong>Beethoven\u00a0<\/strong>Violin Sonata No. 1 in D major Op. 12<br \/>\n<strong>Enescu<\/strong>\u00a0\u201cM\u00e9n\u00e9trier\u201d from\u00a0<em>Impressions d\u2019enfance<\/em>\u00a0Suite Op. 28<br \/>\n<strong>Paganini<\/strong>\u00a0Caprice No. 14<\/p>\n<p>Semifinal<br \/>\n<strong>Brahms\u00a0<\/strong>Violin Sonata No. 3 in D minor Op. 108<br \/>\n<strong>Enescu<\/strong>\u00a0Sonata No. 2 in F minor for Violin and Piano Op. 6<br \/>\n<strong>Waxman\u00a0<\/strong><em>Carmen Fantasy<\/em><\/p>\n<p>Final<br \/>\n<strong>Brahms\u00a0<\/strong>Violin Concerto in D major Op. 77<\/p>\n<\/div><\/div><\/div><\/div><\/div><div class=\"vc_col-sm-6 wpb_column vc_column_container\"><div class=\"vc_column-inner\"><div class=\"wpb_wrapper\"><div class=\"w-ibanner animation_phorcys ratio_1x1 easing_easeInOutCirc\"><div class=\"w-ibanner-h\"><div class=\"w-ibanner-image\" style=\"background-image: url(https:\/\/2024.festivalenescu.ro\/wp-content\/uploads\/2024\/03\/adrian-iorgulescu-foto.jpg)\"><\/div><div class=\"w-ibanner-content\"><div class=\"w-ibanner-content-h\"><h2 class=\"w-ibanner-title\"><\/h2><div class=\"w-ibanner-desc\"><p>Adrian Iorgulescu<br \/>\nComposer<\/p>\n<\/div><\/div><\/div><\/div><\/div><\/div><\/div><\/div><\/div><\/div><\/section><section class=\"l-section wpb_row height_medium\"><div class=\"l-section-h i-cf\"><div class=\"g-cols vc_row via_flex valign_top type_default stacking_default\"><div class=\"vc_col-sm-12 wpb_column vc_column_container\"><div class=\"vc_column-inner\"><div class=\"wpb_wrapper\"><div class=\"wpb_text_column\"><div class=\"wpb_wrapper\"><p>Share:<\/p>\n<\/div><\/div><div class=\"w-sharing type_simple align_none color_default\"><div class=\"w-sharing-list\"><a class=\"w-sharing-item email\" href=\"mailto:?subject=Alexander Won-Ho Kim&amp;body=https:\/\/2024.festivalenescu.ro\/ro\/wp-json\/wp\/v2\/pages\/4506\" title=\"Email this\" aria-label=\"Email this\"><i class=\"fas fa-envelope\"><\/i><\/a><a class=\"w-sharing-item facebook\" href=\"https:\/\/www.facebook.com\/sharer\/sharer.php?u=https:\/\/2024.festivalenescu.ro\/ro\/wp-json\/wp\/v2\/pages\/4506&amp;quote=Alexander Won-Ho Kim\" title=\"Share this\" aria-label=\"Share this\" onclick=\"window.open(this.href, &quot;facebook&quot;, &quot;toolbar=0,width=900,height=500&quot;); return false;\"><i class=\"fab fa-facebook\"><\/i><\/a><a class=\"w-sharing-item twitter\" href=\"https:\/\/twitter.com\/intent\/tweet?text=Alexander Won-Ho Kim&amp;url=https:\/\/2024.festivalenescu.ro\/ro\/wp-json\/wp\/v2\/pages\/4506\" title=\"Tweet this\" aria-label=\"Tweet this\" onclick=\"window.open(this.href, &quot;twitter&quot;, &quot;toolbar=0,width=650,height=360&quot;); return false;\"><i class=\"fab fa-x-twitter\"><svg style=\"width:1em; margin-bottom:-.1em;\" xmlns=\"http:\/\/www.w3.org\/2000\/svg\" viewBox=\"0 0 512 512\"><path fill=\"currentColor\" d=\"M389.2 48h70.6L305.6 224.2 487 464H345L233.7 318.6 106.5 464H35.8L200.7 275.5 26.8 48H172.4L272.9 180.9 389.2 48zM364.4 421.8h39.1L151.1 88h-42L364.4 421.8z\"\/><\/svg><\/i><\/a><a class=\"w-sharing-item linkedin\" href=\"https:\/\/www.linkedin.com\/shareArticle?mini=true&amp;url=https:\/\/2024.festivalenescu.ro\/ro\/wp-json\/wp\/v2\/pages\/4506\" title=\"Share this\" aria-label=\"Share this\" onclick=\"window.open(this.href, &quot;linkedin&quot;, &quot;toolbar=no,width=550,height=550&quot;); return false;\"><i class=\"fab fa-linkedin\"><\/i><\/a><a class=\"w-sharing-item whatsapp\" href=\"https:\/\/web.whatsapp.com\/send?text=Alexander Won-Ho Kim https:\/\/2024.festivalenescu.ro\/ro\/wp-json\/wp\/v2\/pages\/4506\" title=\"Share this\" aria-label=\"Share this\" onclick=\"window.open(this.href, &quot;whatsapp&quot;, &quot;toolbar=0,width=900,height=500&quot;); return false;\"><i class=\"fab fa-whatsapp\"><\/i><\/a><a class=\"w-sharing-item reddit\" href=\"https:\/\/www.reddit.com\/submit?url=https:\/\/2024.festivalenescu.ro\/ro\/wp-json\/wp\/v2\/pages\/4506&amp;title=Alexander Won-Ho Kim\" title=\"Share this\" aria-label=\"Share this\" onclick=\"window.open(this.href, &quot;reddit&quot;, &quot;toolbar=no,width=900,height=500&quot;); return false;\"><i class=\"fab fa-reddit\"><\/i><\/a><a class=\"w-sharing-item telegram\" href=\"https:\/\/t.me\/share\/url?url=https:\/\/2024.festivalenescu.ro\/ro\/wp-json\/wp\/v2\/pages\/4506&amp;text=Alexander Won-Ho Kim\" title=\"Share this\" aria-label=\"Share this\" onclick=\"window.open(this.href, &quot;telegram&quot;, &quot;toolbar=no,width=600,height=450&quot;); return false;\"><i class=\"fab fa-telegram\"><\/i><\/a><\/div><\/div><div class=\"w-post-elm post_navigation layout_sided inv_false\"><a class=\"post_navigation-item order_first to_prev\" href=\"https:\/\/2024.festivalenescu.ro\/ro\/concurenti\/sectiunea-vioara\/hyun-seo-kim\/\" title=\"Hyun Seo Kim\"><div class=\"post_navigation-item-img\"><img decoding=\"async\" src=\"https:\/\/2024.festivalenescu.ro\/wp-content\/uploads\/2024\/08\/\ubc14\uc774\uc62c\ub9b0_\uae40\ud604\uc11c_8348-900x600.jpg\" loading=\"lazy\" alt=\"\" width=\"150\" height=\"150\"><\/div><div class=\"post_navigation-item-arrow\"><\/div><div class=\"post_navigation-item-title\"><span>Hyun Seo Kim<\/span><\/div><\/a><a class=\"post_navigation-item order_second to_next\" href=\"https:\/\/2024.festivalenescu.ro\/ro\/concurenti\/sectiunea-vioara\/honoka-kikukawa\/\" title=\"Honoka Kikukawa\"><div class=\"post_navigation-item-img\"><img decoding=\"async\" src=\"https:\/\/2024.festivalenescu.ro\/wp-content\/uploads\/2024\/08\/Kikukawa-Honoka-1-812x900.jpg\" loading=\"lazy\" alt=\"\" width=\"150\" height=\"150\"><\/div><div class=\"post_navigation-item-arrow\"><\/div><div class=\"post_navigation-item-title\"><span>Honoka Kikukawa<\/span><\/div><\/a><\/div><\/div><\/div><\/div><\/div><\/div><\/section>\n","protected":false},"excerpt":{"rendered":"COREEA DE SUD 28 decembrie 1992 Alexander Won-Ho Kim a studiat la Universitatea de Muzic\u0103 din M\u00fcnster cu Helge Slaatto, la Universitatea de Arte din Z\u00fcrich cu Zakhar Bron, la Universitatea de Muzic\u0103 Hanns Eisler din Berlin cu Antje Weithaas \u0219i la Universitatea de Muzic\u0103 din Lausanne (departamentul Sion) cu Janine Jansen. A concertat ca...","protected":false},"author":4,"featured_media":4503,"parent":2970,"menu_order":0,"comment_status":"closed","ping_status":"closed","template":"","meta":{"footnotes":""},"class_list":["post-4506","page","type-page","status-publish","has-post-thumbnail","hentry"],"_links":{"self":[{"href":"https:\/\/2024.festivalenescu.ro\/ro\/wp-json\/wp\/v2\/pages\/4506","targetHints":{"allow":["GET"]}}],"collection":[{"href":"https:\/\/2024.festivalenescu.ro\/ro\/wp-json\/wp\/v2\/pages"}],"about":[{"href":"https:\/\/2024.festivalenescu.ro\/ro\/wp-json\/wp\/v2\/types\/page"}],"author":[{"embeddable":true,"href":"https:\/\/2024.festivalenescu.ro\/ro\/wp-json\/wp\/v2\/users\/4"}],"replies":[{"embeddable":true,"href":"https:\/\/2024.festivalenescu.ro\/ro\/wp-json\/wp\/v2\/comments?post=4506"}],"version-history":[{"count":3,"href":"https:\/\/2024.festivalenescu.ro\/ro\/wp-json\/wp\/v2\/pages\/4506\/revisions"}],"predecessor-version":[{"id":5220,"href":"https:\/\/2024.festivalenescu.ro\/ro\/wp-json\/wp\/v2\/pages\/4506\/revisions\/5220"}],"up":[{"embeddable":true,"href":"https:\/\/2024.festivalenescu.ro\/ro\/wp-json\/wp\/v2\/pages\/2970"}],"wp:featuredmedia":[{"embeddable":true,"href":"https:\/\/2024.festivalenescu.ro\/ro\/wp-json\/wp\/v2\/media\/4503"}],"wp:attachment":[{"href":"https:\/\/2024.festivalenescu.ro\/ro\/wp-json\/wp\/v2\/media?parent=4506"}],"curies":[{"name":"wp","href":"https:\/\/api.w.org\/{rel}","templated":true}]}}