{"id":4517,"date":"2024-08-27T18:09:07","date_gmt":"2024-08-27T15:09:07","guid":{"rendered":"https:\/\/concurs.festivalenescu.ro\/?page_id=4517"},"modified":"2024-08-27T18:23:40","modified_gmt":"2024-08-27T15:23:40","slug":"acompaniatori-oficiali","status":"publish","type":"page","link":"https:\/\/2024.festivalenescu.ro\/ro\/acompaniatori-oficiali\/","title":{"rendered":"Acompaniatori oficiali"},"content":{"rendered":"<section class=\"l-section wpb_row height_medium\"><div class=\"l-section-h i-cf\"><div class=\"g-cols vc_row via_flex valign_top type_default stacking_default\"><div class=\"vc_col-sm-12 wpb_column vc_column_container\"><div class=\"vc_column-inner\"><div class=\"wpb_wrapper\"><div class=\"w-grid type_grid layout_2603 valign_center\" id=\"us_grid_1\" style=\"--gap:1rem;\"><style>.layout_2603 .w-grid-item-h{box-shadow:0 0rem 0rem rgba(0,0,0,0.1),0 0rem 0rem rgba(0,0,0,0.1);transition-duration:0.3s}.no-touch .layout_2603 .w-grid-item-h:hover{box-shadow:0 0.1rem 0.2rem rgba(0,0,0,0.1),0 0.33rem 1rem rgba(0,0,0,0.15);z-index:4}.layout_2603 .usg_hwrapper_1{position:static!important}.layout_2603 .usg_post_image_1{padding:1 rem!important;margin:1rem!important}<\/style><div class=\"w-grid-list\">\t<article class=\"w-grid-item size_1x1 post-4333 page type-page status-publish has-post-thumbnail hentry\" data-id=\"4333\">\r\n\t\t<div class=\"w-grid-item-h\">\r\n\t\t\t\t\t\t\t<a href=\"https:\/\/2024.festivalenescu.ro\/ro\/artisti-invitati\/clementina-ristea-ciucu\/\" class=\"w-grid-item-anchor\" aria-label=\"Clementina Ristea Ciucu\"><\/a>\r\n\t\t\t\t\t\t<div class=\"w-hwrapper usg_hwrapper_1 align_left valign_middle\"><div class=\"w-post-elm post_image usg_post_image_1 has_ratio\"><div style=\"padding-bottom:100%\"><\/div><a href=\"https:\/\/2024.festivalenescu.ro\/ro\/artisti-invitati\/clementina-ristea-ciucu\/\" aria-label=\"Clementina Ristea Ciucu\"><img loading=\"lazy\" decoding=\"async\" width=\"600\" height=\"600\" src=\"https:\/\/2024.festivalenescu.ro\/wp-content\/uploads\/2024\/08\/Clementina_Ristea_Cicu-600x600.jpg\" class=\"attachment-thumbnail size-thumbnail wp-post-image\" alt=\"\" \/><\/a><\/div><div class=\"w-vwrapper usg_vwrapper_1 align_left valign_middle\" style=\"--vwrapper-gap:1rem\"><h3 class=\"w-post-elm post_title usg_post_title_1 align_left entry-title color_link_inherit\"><a href=\"https:\/\/2024.festivalenescu.ro\/ro\/artisti-invitati\/clementina-ristea-ciucu\/\">Clementina Ristea Ciucu<\/a><\/h3><div class=\"w-post-elm post_content usg_post_content_1 with_collapsible_content\" data-content-height=\"200px\"><div>Clementina Ristea Ciucu este o apreciat\u0103 pianista rom\u00e2n\u0103, ocup\u00e2nd totodat\u0103 pozi\u021bia de conferen\u021biar universitar \u00een cadrul Universit\u0103\u021bii Na\u021bionale de Muzic\u0103 din Bucure\u0219ti.\u00a0 Apari\u021biile sale scenice sunt din cele mai variate,&hellip;<\/div><div class=\"toggle-links align_left\"><button class=\"collapsible-content-more\">Show More<\/button><button class=\"collapsible-content-less\">Show Less<\/button><\/div><\/div><\/div><\/div>\t\t<\/div>\r\n\t<\/article>\r\n\t<article class=\"w-grid-item size_1x1 post-4342 page type-page status-publish has-post-thumbnail hentry\" data-id=\"4342\">\r\n\t\t<div class=\"w-grid-item-h\">\r\n\t\t\t\t\t\t\t<a href=\"https:\/\/2024.festivalenescu.ro\/ro\/artisti-invitati\/daniel-dascalu\/\" class=\"w-grid-item-anchor\" aria-label=\"Daniel Dasc\u0103lu\"><\/a>\r\n\t\t\t\t\t\t<div class=\"w-hwrapper usg_hwrapper_1 align_left valign_middle\"><div class=\"w-post-elm post_image usg_post_image_1 has_ratio\"><div style=\"padding-bottom:100%\"><\/div><a href=\"https:\/\/2024.festivalenescu.ro\/ro\/artisti-invitati\/daniel-dascalu\/\" aria-label=\"Daniel Dasc\u0103lu\"><img loading=\"lazy\" decoding=\"async\" width=\"600\" height=\"600\" src=\"https:\/\/2024.festivalenescu.ro\/wp-content\/uploads\/2024\/08\/Daniel-DascA_lu-min-600x600.jpg\" class=\"attachment-thumbnail size-thumbnail wp-post-image\" alt=\"\" \/><\/a><\/div><div class=\"w-vwrapper usg_vwrapper_1 align_left valign_middle\" style=\"--vwrapper-gap:1rem\"><h3 class=\"w-post-elm post_title usg_post_title_1 align_left entry-title color_link_inherit\"><a href=\"https:\/\/2024.festivalenescu.ro\/ro\/artisti-invitati\/daniel-dascalu\/\">Daniel Dasc\u0103lu<\/a><\/h3><div class=\"w-post-elm post_content usg_post_content_1 with_collapsible_content\" data-content-height=\"200px\"><div>Pianistul Daniel Dasc\u0103lu (n. 1991) a sus\u021binut recitaluri pe scene din Bucure\u0219ti, Ia\u0219i, Bra\u0219ov, Cluj, Constan\u021ba, Sibiu \u0219i a evoluat al\u0103turi de orchestrele filarmonicilor din Craiova, Bac\u0103u, Boto\u0219ani, precum \u0219i&hellip;<\/div><div class=\"toggle-links align_left\"><button class=\"collapsible-content-more\">Show More<\/button><button class=\"collapsible-content-less\">Show Less<\/button><\/div><\/div><\/div><\/div>\t\t<\/div>\r\n\t<\/article>\r\n\t<article class=\"w-grid-item size_1x1 post-4350 page type-page status-publish has-post-thumbnail hentry\" data-id=\"4350\">\r\n\t\t<div class=\"w-grid-item-h\">\r\n\t\t\t\t\t\t\t<a href=\"https:\/\/2024.festivalenescu.ro\/ro\/artisti-invitati\/daria-tudor\/\" class=\"w-grid-item-anchor\" aria-label=\"Daria Tudor\"><\/a>\r\n\t\t\t\t\t\t<div class=\"w-hwrapper usg_hwrapper_1 align_left valign_middle\"><div class=\"w-post-elm post_image usg_post_image_1 has_ratio\"><div style=\"padding-bottom:100%\"><\/div><a href=\"https:\/\/2024.festivalenescu.ro\/ro\/artisti-invitati\/daria-tudor\/\" aria-label=\"Daria Tudor\"><img loading=\"lazy\" decoding=\"async\" width=\"600\" height=\"600\" src=\"https:\/\/2024.festivalenescu.ro\/wp-content\/uploads\/2024\/08\/Color-1-Foto_-Damir-Babacic-min-600x600.jpg\" class=\"attachment-thumbnail size-thumbnail wp-post-image\" alt=\"\" \/><\/a><\/div><div class=\"w-vwrapper usg_vwrapper_1 align_left valign_middle\" style=\"--vwrapper-gap:1rem\"><h3 class=\"w-post-elm post_title usg_post_title_1 align_left entry-title color_link_inherit\"><a href=\"https:\/\/2024.festivalenescu.ro\/ro\/artisti-invitati\/daria-tudor\/\">Daria Tudor<\/a><\/h3><div class=\"w-post-elm post_content usg_post_content_1 with_collapsible_content\" data-content-height=\"200px\"><div>Laureat\u0103 a titlului Cel mai bun artist al anului la Festivalul Art of the Piano din Cincinnati (2019), pianista Daria Tudor este originar\u0103 din Ploie\u0219ti. A \u00eenceput s\u0103 studieze muzica&hellip;<\/div><div class=\"toggle-links align_left\"><button class=\"collapsible-content-more\">Show More<\/button><button class=\"collapsible-content-less\">Show Less<\/button><\/div><\/div><\/div><\/div>\t\t<\/div>\r\n\t<\/article>\r\n\t<article class=\"w-grid-item size_1x1 post-4358 page type-page status-publish has-post-thumbnail hentry\" data-id=\"4358\">\r\n\t\t<div class=\"w-grid-item-h\">\r\n\t\t\t\t\t\t\t<a href=\"https:\/\/2024.festivalenescu.ro\/ro\/artisti-invitati\/gabriel-gitan\/\" class=\"w-grid-item-anchor\" aria-label=\"Gabriel G\u00ee\u021ban\"><\/a>\r\n\t\t\t\t\t\t<div class=\"w-hwrapper usg_hwrapper_1 align_left valign_middle\"><div class=\"w-post-elm post_image usg_post_image_1 has_ratio\"><div style=\"padding-bottom:100%\"><\/div><a href=\"https:\/\/2024.festivalenescu.ro\/ro\/artisti-invitati\/gabriel-gitan\/\" aria-label=\"Gabriel G\u00ee\u021ban\"><img loading=\"lazy\" decoding=\"async\" width=\"600\" height=\"600\" src=\"https:\/\/2024.festivalenescu.ro\/wp-content\/uploads\/2024\/08\/poza_oficiala1-min-600x600.jpg\" class=\"attachment-thumbnail size-thumbnail wp-post-image\" alt=\"\" \/><\/a><\/div><div class=\"w-vwrapper usg_vwrapper_1 align_left valign_middle\" style=\"--vwrapper-gap:1rem\"><h3 class=\"w-post-elm post_title usg_post_title_1 align_left entry-title color_link_inherit\"><a href=\"https:\/\/2024.festivalenescu.ro\/ro\/artisti-invitati\/gabriel-gitan\/\">Gabriel G\u00ee\u021ban<\/a><\/h3><div class=\"w-post-elm post_content usg_post_content_1 with_collapsible_content\" data-content-height=\"200px\"><div>Pianistul Gabriel G\u00ee\u021ban (n. 1996) a urmat cursurile de licen\u021b\u0103 \u0219i master ale Universit\u0103\u021bii Na\u021bionale de Muzic\u0103 din Bucure\u0219ti, beneficiind de \u00eendrumarea profesorilor Viniciu Moroianu, Verona Maier, Stelu\u021ba Radu \u0219i&hellip;<\/div><div class=\"toggle-links align_left\"><button class=\"collapsible-content-more\">Show More<\/button><button class=\"collapsible-content-less\">Show Less<\/button><\/div><\/div><\/div><\/div>\t\t<\/div>\r\n\t<\/article>\r\n\t<article class=\"w-grid-item size_1x1 post-4366 page type-page status-publish has-post-thumbnail hentry\" data-id=\"4366\">\r\n\t\t<div class=\"w-grid-item-h\">\r\n\t\t\t\t\t\t\t<a href=\"https:\/\/2024.festivalenescu.ro\/ro\/artisti-invitati\/han-wen-jennifer-yu\/\" class=\"w-grid-item-anchor\" aria-label=\"Han-Wen Jennifer Yu\"><\/a>\r\n\t\t\t\t\t\t<div class=\"w-hwrapper usg_hwrapper_1 align_left valign_middle\"><div class=\"w-post-elm post_image usg_post_image_1 has_ratio\"><div style=\"padding-bottom:100%\"><\/div><a href=\"https:\/\/2024.festivalenescu.ro\/ro\/artisti-invitati\/han-wen-jennifer-yu\/\" aria-label=\"Han-Wen Jennifer Yu\"><img loading=\"lazy\" decoding=\"async\" width=\"600\" height=\"600\" src=\"https:\/\/2024.festivalenescu.ro\/wp-content\/uploads\/2024\/08\/Hanwenjenniferyu01-600x600.jpg\" class=\"attachment-thumbnail size-thumbnail wp-post-image\" alt=\"\" \/><\/a><\/div><div class=\"w-vwrapper usg_vwrapper_1 align_left valign_middle\" style=\"--vwrapper-gap:1rem\"><h3 class=\"w-post-elm post_title usg_post_title_1 align_left entry-title color_link_inherit\"><a href=\"https:\/\/2024.festivalenescu.ro\/ro\/artisti-invitati\/han-wen-jennifer-yu\/\">Han-Wen Jennifer Yu<\/a><\/h3><div class=\"w-post-elm post_content usg_post_content_1 with_collapsible_content\" data-content-height=\"200px\"><div>Han-Wen Jennifer Yu este originar\u0103 din Taichung, Taiwan. A absolvit studiile de licen\u021b\u0103 la Universitatea Tunghai, masteratul la Conservatorul New England \u0219i a finalizat cu un Konzertexamen Universitatea de Muzic\u0103&hellip;<\/div><div class=\"toggle-links align_left\"><button class=\"collapsible-content-more\">Show More<\/button><button class=\"collapsible-content-less\">Show Less<\/button><\/div><\/div><\/div><\/div>\t\t<\/div>\r\n\t<\/article>\r\n\t<article class=\"w-grid-item size_1x1 post-4377 page type-page status-publish has-post-thumbnail hentry\" data-id=\"4377\">\r\n\t\t<div class=\"w-grid-item-h\">\r\n\t\t\t\t\t\t\t<a href=\"https:\/\/2024.festivalenescu.ro\/ro\/artisti-invitati\/verona-maier\/\" class=\"w-grid-item-anchor\" aria-label=\"Verona Maier\"><\/a>\r\n\t\t\t\t\t\t<div class=\"w-hwrapper usg_hwrapper_1 align_left valign_middle\"><div class=\"w-post-elm post_image usg_post_image_1 has_ratio\"><div style=\"padding-bottom:100%\"><\/div><a href=\"https:\/\/2024.festivalenescu.ro\/ro\/artisti-invitati\/verona-maier\/\" aria-label=\"Verona Maier\"><img loading=\"lazy\" decoding=\"async\" width=\"600\" height=\"600\" src=\"https:\/\/2024.festivalenescu.ro\/wp-content\/uploads\/2024\/08\/Verona-Maier-small-1-600x600.jpg\" class=\"attachment-thumbnail size-thumbnail wp-post-image\" alt=\"\" \/><\/a><\/div><div class=\"w-vwrapper usg_vwrapper_1 align_left valign_middle\" style=\"--vwrapper-gap:1rem\"><h3 class=\"w-post-elm post_title usg_post_title_1 align_left entry-title color_link_inherit\"><a href=\"https:\/\/2024.festivalenescu.ro\/ro\/artisti-invitati\/verona-maier\/\">Verona Maier<\/a><\/h3><div class=\"w-post-elm post_content usg_post_content_1 with_collapsible_content\" data-content-height=\"200px\"><div>N\u0103scut\u0103 la Bucure\u0219ti pe 31 decembrie 1961, Verona Maier a \u00eenceput studiul pianului la v\u00e2rsta de 6 ani, ca elev\u0103 a profesoarelor Maria Spirescu, Maria Zaharescu \u0219i Angela Marb\u00e9. \u00cen&hellip;<\/div><div class=\"toggle-links align_left\"><button class=\"collapsible-content-more\">Show More<\/button><button class=\"collapsible-content-less\">Show Less<\/button><\/div><\/div><\/div><\/div>\t\t<\/div>\r\n\t<\/article>\r\n\t<article class=\"w-grid-item size_1x1 post-4385 page type-page status-publish has-post-thumbnail hentry\" data-id=\"4385\">\r\n\t\t<div class=\"w-grid-item-h\">\r\n\t\t\t\t\t\t\t<a href=\"https:\/\/2024.festivalenescu.ro\/ro\/artisti-invitati\/victor-andrei-parau\/\" class=\"w-grid-item-anchor\" aria-label=\"Victor Andrei P\u0103r\u0103u\"><\/a>\r\n\t\t\t\t\t\t<div class=\"w-hwrapper usg_hwrapper_1 align_left valign_middle\"><div class=\"w-post-elm post_image usg_post_image_1 has_ratio\"><div style=\"padding-bottom:100%\"><\/div><a href=\"https:\/\/2024.festivalenescu.ro\/ro\/artisti-invitati\/victor-andrei-parau\/\" aria-label=\"Victor Andrei P\u0103r\u0103u\"><img loading=\"lazy\" decoding=\"async\" width=\"600\" height=\"600\" src=\"https:\/\/2024.festivalenescu.ro\/wp-content\/uploads\/2024\/08\/Victor-Andrei-Parau-Poza-2024-600x600.jpg\" class=\"attachment-thumbnail size-thumbnail wp-post-image\" alt=\"\" \/><\/a><\/div><div class=\"w-vwrapper usg_vwrapper_1 align_left valign_middle\" style=\"--vwrapper-gap:1rem\"><h3 class=\"w-post-elm post_title usg_post_title_1 align_left entry-title color_link_inherit\"><a href=\"https:\/\/2024.festivalenescu.ro\/ro\/artisti-invitati\/victor-andrei-parau\/\">Victor Andrei P\u0103r\u0103u<\/a><\/h3><div class=\"w-post-elm post_content usg_post_content_1 with_collapsible_content\" data-content-height=\"200px\"><div>Victor Andrei P\u0103r\u0103u este pianist colaborator, profesor la Liceul de Art\u0103 Ion Vidu din Timi\u0219oara \u0219i lector universitar la Facultatea de Muzic\u0103 \u0219i Teatru a Universit\u0103\u021bii de Vest din Timi\u0219oara,&hellip;<\/div><div class=\"toggle-links align_left\"><button class=\"collapsible-content-more\">Show More<\/button><button class=\"collapsible-content-less\">Show Less<\/button><\/div><\/div><\/div><\/div>\t\t<\/div>\r\n\t<\/article>\r\n<\/div><div class=\"w-grid-preloader\">\t<div class=\"g-preloader type_1\">\r\n\t\t<div><\/div>\r\n\t<\/div>\r\n\t<\/div>\t<div class=\"w-grid-json hidden\" onclick='return {&quot;action&quot;:&quot;us_ajax_grid&quot;,&quot;ajax_url&quot;:&quot;https:\\\/\\\/2024.festivalenescu.ro\\\/wp-admin\\\/admin-ajax.php&quot;,&quot;infinite_scroll&quot;:0,&quot;max_num_pages&quot;:1,&quot;pagination&quot;:&quot;none&quot;,&quot;template_vars&quot;:{&quot;columns&quot;:&quot;1&quot;,&quot;exclude_items&quot;:&quot;none&quot;,&quot;img_size&quot;:&quot;thumbnail&quot;,&quot;ignore_items_size&quot;:0,&quot;items_layout&quot;:&quot;2603&quot;,&quot;items_offset&quot;:&quot;1&quot;,&quot;load_animation&quot;:&quot;none&quot;,&quot;overriding_link&quot;:&quot;%7B%22type%22%3A%22post%22%7D&quot;,&quot;post_id&quot;:0,&quot;query_args&quot;:{&quot;ignore_sticky_posts&quot;:1,&quot;post_type&quot;:&quot;any&quot;,&quot;post__in&quot;:[&quot;4342&quot;,&quot;4350&quot;,&quot;4377&quot;,&quot;4333&quot;,&quot;4358&quot;,&quot;4366&quot;,&quot;4385&quot;],&quot;posts_per_page&quot;:&quot;50&quot;},&quot;orderby_query_args&quot;:{&quot;orderby&quot;:{&quot;title&quot;:&quot;ASC&quot;},&quot;order&quot;:&quot;ASC&quot;},&quot;type&quot;:&quot;grid&quot;,&quot;us_grid_ajax_index&quot;:1,&quot;us_grid_filter_params&quot;:[],&quot;us_grid_index&quot;:1,&quot;_us_grid_post_type&quot;:&quot;ids&quot;,&quot;page_args&quot;:[],&quot;lang&quot;:&quot;ro&quot;}}'><\/div>\r\n\t<\/div><\/div><\/div><\/div><\/div><\/div><\/section><section class=\"l-section wpb_row height_medium\"><div class=\"l-section-h i-cf\"><div class=\"g-cols vc_row via_flex valign_top type_default stacking_default\"><div class=\"vc_col-sm-12 wpb_column vc_column_container\"><div class=\"vc_column-inner\"><div class=\"wpb_wrapper\"><div class=\"wpb_text_column\"><div class=\"wpb_wrapper\"><p>Share:<\/p>\n<\/div><\/div><div class=\"w-sharing type_simple align_none color_default\"><div class=\"w-sharing-list\"><a class=\"w-sharing-item email\" href=\"mailto:?subject=Victor Andrei P\u0103r\u0103u&amp;body=https:\/\/2024.festivalenescu.ro\/ro\/wp-json\/wp\/v2\/pages\/4517\" title=\"Email this\" aria-label=\"Email this\"><i class=\"fas fa-envelope\"><\/i><\/a><a class=\"w-sharing-item facebook\" href=\"https:\/\/www.facebook.com\/sharer\/sharer.php?u=https:\/\/2024.festivalenescu.ro\/ro\/wp-json\/wp\/v2\/pages\/4517&amp;quote=Victor Andrei P\u0103r\u0103u\" title=\"Share this\" aria-label=\"Share this\" onclick=\"window.open(this.href, &quot;facebook&quot;, &quot;toolbar=0,width=900,height=500&quot;); return false;\"><i class=\"fab fa-facebook\"><\/i><\/a><a class=\"w-sharing-item twitter\" href=\"https:\/\/twitter.com\/intent\/tweet?text=Victor Andrei P\u0103r\u0103u&amp;url=https:\/\/2024.festivalenescu.ro\/ro\/wp-json\/wp\/v2\/pages\/4517\" title=\"Tweet this\" aria-label=\"Tweet this\" onclick=\"window.open(this.href, &quot;twitter&quot;, &quot;toolbar=0,width=650,height=360&quot;); return false;\"><i class=\"fab fa-x-twitter\"><svg style=\"width:1em; margin-bottom:-.1em;\" xmlns=\"http:\/\/www.w3.org\/2000\/svg\" viewBox=\"0 0 512 512\"><path fill=\"currentColor\" d=\"M389.2 48h70.6L305.6 224.2 487 464H345L233.7 318.6 106.5 464H35.8L200.7 275.5 26.8 48H172.4L272.9 180.9 389.2 48zM364.4 421.8h39.1L151.1 88h-42L364.4 421.8z\"\/><\/svg><\/i><\/a><a class=\"w-sharing-item linkedin\" href=\"https:\/\/www.linkedin.com\/shareArticle?mini=true&amp;url=https:\/\/2024.festivalenescu.ro\/ro\/wp-json\/wp\/v2\/pages\/4517\" title=\"Share this\" aria-label=\"Share this\" onclick=\"window.open(this.href, &quot;linkedin&quot;, &quot;toolbar=no,width=550,height=550&quot;); return false;\"><i class=\"fab fa-linkedin\"><\/i><\/a><a class=\"w-sharing-item whatsapp\" href=\"https:\/\/web.whatsapp.com\/send?text=Victor Andrei P\u0103r\u0103u https:\/\/2024.festivalenescu.ro\/ro\/wp-json\/wp\/v2\/pages\/4517\" title=\"Share this\" aria-label=\"Share this\" onclick=\"window.open(this.href, &quot;whatsapp&quot;, &quot;toolbar=0,width=900,height=500&quot;); return false;\"><i class=\"fab fa-whatsapp\"><\/i><\/a><a class=\"w-sharing-item reddit\" href=\"https:\/\/www.reddit.com\/submit?url=https:\/\/2024.festivalenescu.ro\/ro\/wp-json\/wp\/v2\/pages\/4517&amp;title=Victor Andrei P\u0103r\u0103u\" title=\"Share this\" aria-label=\"Share this\" onclick=\"window.open(this.href, &quot;reddit&quot;, &quot;toolbar=no,width=900,height=500&quot;); return false;\"><i class=\"fab fa-reddit\"><\/i><\/a><a class=\"w-sharing-item telegram\" href=\"https:\/\/t.me\/share\/url?url=https:\/\/2024.festivalenescu.ro\/ro\/wp-json\/wp\/v2\/pages\/4517&amp;text=Victor Andrei P\u0103r\u0103u\" title=\"Share this\" aria-label=\"Share this\" onclick=\"window.open(this.href, &quot;telegram&quot;, &quot;toolbar=no,width=600,height=450&quot;); return false;\"><i class=\"fab fa-telegram\"><\/i><\/a><\/div><\/div><div class=\"w-post-elm post_navigation layout_sided inv_false\"><a class=\"post_navigation-item order_first to_prev\" href=\"https:\/\/2024.festivalenescu.ro\/ro\/artisti-invitati\/verona-maier\/\" title=\"Verona Maier\"><div class=\"post_navigation-item-img\"><img decoding=\"async\" src=\"https:\/\/2024.festivalenescu.ro\/wp-content\/uploads\/2024\/08\/Verona-Maier-small-1-830x900.jpg\" loading=\"lazy\" alt=\"\" width=\"150\" height=\"150\"><\/div><div class=\"post_navigation-item-arrow\"><\/div><div class=\"post_navigation-item-title\"><span>Verona Maier<\/span><\/div><\/a><a class=\"post_navigation-item order_second to_next\" href=\"https:\/\/2024.festivalenescu.ro\/ro\/acompaniatori-oficiali\/\" title=\"Acompaniatori oficiali\"><div class=\"post_navigation-item-img\"><img loading=\"lazy\" decoding=\"async\" width=\"512\" height=\"512\" src=\"https:\/\/2024.festivalenescu.ro\/wp-content\/uploads\/2023\/11\/favicon.png\" class=\"g-placeholder\" alt=\"\" srcset=\"https:\/\/2024.festivalenescu.ro\/wp-content\/uploads\/2023\/11\/favicon.png 512w, https:\/\/2024.festivalenescu.ro\/wp-content\/uploads\/2023\/11\/favicon-200x200.png 200w, https:\/\/2024.festivalenescu.ro\/wp-content\/uploads\/2023\/11\/favicon-150x150.png 150w, https:\/\/2024.festivalenescu.ro\/wp-content\/uploads\/2023\/11\/favicon-400x400.png 400w, https:\/\/2024.festivalenescu.ro\/wp-content\/uploads\/2023\/11\/favicon-300x300.png 300w\" sizes=\"auto, (max-width: 512px) 100vw, 512px\" \/><\/div><div class=\"post_navigation-item-arrow\"><\/div><div class=\"post_navigation-item-title\"><span>Acompaniatori oficiali<\/span><\/div><\/a><\/div><\/div><\/div><\/div><\/div><\/div><\/section>\n","protected":false},"excerpt":{"rendered":"Victor Andrei P\u0103r\u0103u este pianist colaborator, profesor la Liceul de Art\u0103 Ion Vidu din Timi\u0219oara \u0219i lector universitar la Facultatea de Muzic\u0103 \u0219i Teatru a Universit\u0103\u021bii de Vest din Timi\u0219oara, institu\u021bie \u00een cadrul c\u0103reia \u0219i-a finalizat studiile, la clasa profesoarei M\u00e1ria Bod\u00f3. Printre cele mai notabile colabor\u0103ri profesionale se num\u0103r\u0103 cele cu Corul Filarmonicii George...","protected":false},"author":3,"featured_media":0,"parent":0,"menu_order":0,"comment_status":"closed","ping_status":"closed","template":"","meta":{"footnotes":""},"class_list":["post-4517","page","type-page","status-publish","hentry"],"_links":{"self":[{"href":"https:\/\/2024.festivalenescu.ro\/ro\/wp-json\/wp\/v2\/pages\/4517","targetHints":{"allow":["GET"]}}],"collection":[{"href":"https:\/\/2024.festivalenescu.ro\/ro\/wp-json\/wp\/v2\/pages"}],"about":[{"href":"https:\/\/2024.festivalenescu.ro\/ro\/wp-json\/wp\/v2\/types\/page"}],"author":[{"embeddable":true,"href":"https:\/\/2024.festivalenescu.ro\/ro\/wp-json\/wp\/v2\/users\/3"}],"replies":[{"embeddable":true,"href":"https:\/\/2024.festivalenescu.ro\/ro\/wp-json\/wp\/v2\/comments?post=4517"}],"version-history":[{"count":7,"href":"https:\/\/2024.festivalenescu.ro\/ro\/wp-json\/wp\/v2\/pages\/4517\/revisions"}],"predecessor-version":[{"id":4567,"href":"https:\/\/2024.festivalenescu.ro\/ro\/wp-json\/wp\/v2\/pages\/4517\/revisions\/4567"}],"wp:attachment":[{"href":"https:\/\/2024.festivalenescu.ro\/ro\/wp-json\/wp\/v2\/media?parent=4517"}],"curies":[{"name":"wp","href":"https:\/\/api.w.org\/{rel}","templated":true}]}}