{"id":4561,"date":"2024-08-29T12:29:46","date_gmt":"2024-08-29T09:29:46","guid":{"rendered":"https:\/\/concurs.festivalenescu.ro\/?page_id=4561"},"modified":"2024-08-29T22:01:27","modified_gmt":"2024-08-29T19:01:27","slug":"daniel-kogan","status":"publish","type":"page","link":"https:\/\/2024.festivalenescu.ro\/ro\/concurenti\/sectiunea-vioara\/daniel-kogan\/","title":{"rendered":"Daniel Kogan"},"content":{"rendered":"<section class=\"l-section wpb_row height_medium\"><div class=\"l-section-h i-cf\"><div class=\"g-cols vc_row via_flex valign_top type_default stacking_default\"><div class=\"vc_col-sm-6 wpb_column vc_column_container\"><div class=\"vc_column-inner\"><div class=\"wpb_wrapper\"><div class=\"w-hwrapper valign_top align_none\" style=\"--hwrapper-gap:0.2rem\"><\/div><div class=\"wpb_text_column\"><div class=\"wpb_wrapper\"><p><strong>CANADA<\/strong><br \/>\n<strong>17 februarie 1993<\/strong><\/p>\n<p>Laureat la concursuri interna\u021bionale, Daniel Kogan s-a n\u0103scut \u00eentr-o familie de muzicieni celebri. Nepot al marilor violoni\u0219ti Leonid Kogan \u0219i Elizaveta Gilels, \u0219i al celebrului dirijor Pavel Kogan, a \u00eenceput s\u0103 studieze vioara la v\u00e2rsta de 6 ani cu Marina Keselman. \u00cen 2011 a absolvit cu onoruri \u0218coala Central\u0103 de Muzic\u0103 a Conservatorului de Stat Ceaikovski din Moscova \u0219i a intrat la conservator (la clasa profesorului Maya Glezarova), \u00een cadrul c\u0103ruia a \u00eenceput s\u0103 predea \u00een 2020.<br \/>\nDin 2016 a studiat cu Boris Belkin \u0219i Irina Svetlova, iar din 2022 cu Eduard Wulfson. Daniel Kogan sus\u021bine numeroase concerte \u00een Rusia \u0219i \u00een str\u0103in\u0103tate, c\u00e2nt\u00e2nd \u00een numeroase locuri cunoscute \u0219i cu diver\u0219i muzicieni renumi\u021bi.<\/p>\n<\/div><\/div><div class=\"w-separator size_small\"><\/div><div class=\"w-separator size_small\"><\/div><div class=\"wpb_text_column\"><div class=\"wpb_wrapper\"><p>Etapa I<br \/>\n<strong>Johann Sebastian Bach <\/strong>Adagio \u0219i Fug\u0103 din Sonata nr. 3 \u00een do major pentru vioar\u0103 solo, BWV 1005<br \/>\n<strong>Wolfgang Amadeus Mozart <\/strong>Concertul nr. 5 \u00een la major pentru vioar\u0103 \u0219i orchestr\u0103 K. 219 (partea I cu caden\u021b\u0103)<br \/>\n<strong>Niccol\u00f2 Paganini <\/strong>Capriciul \u00een la minor op. 1 nr. 24<\/p>\n<p>Etapa a II-a<br \/>\n<strong>Vlad Maistorovici <\/strong><em>B.A.C.H.<\/em>, Passacaglia pentru vioar\u0103 solo<br \/>\n<strong>Franz Schubert <\/strong>Fantezia \u00een do major pentru vioar\u0103 \u0219i pian D. 934<br \/>\n<strong>Eug\u00e8ne Ysa\u00ffe <\/strong>Sonata nr. 1 \u00een sol minor pentru vioar\u0103 solo op. 27<\/p>\n<p>Semifinala<br \/>\n<strong>George Enescu <\/strong><em>L\u0103utarul <\/em>din Suita <em>Impresii din Copil\u0103rie <\/em>op. 28<br \/>\n<strong>Claude Debussy <\/strong>Sonata \u00een sol minor pentru vioar\u0103 \u0219i pian L. 140<br \/>\n<strong>George Enescu <\/strong>Sonata nr. 3 \u00een la minor pentru vioar\u0103 \u0219i pian op. 25, \u201e\u00een caracter popular rom\u00e2nesc\u201d<br \/>\n<strong>Eug\u00e8ne Ysa\u00ffe <\/strong>Capriciu dup\u0103 un studiu \u00een form\u0103 de vals de Saint-Sa\u00ebns<\/p>\n<p>Finala<br \/>\n<strong>B\u00e9la Bart\u00f3k <\/strong>Concertul nr. 2 pentru vioar\u0103 \u0219i orchestr\u0103 Sz. 112<\/p>\n<\/div><\/div><\/div><\/div><\/div><div class=\"vc_col-sm-6 wpb_column vc_column_container\"><div class=\"vc_column-inner\"><div class=\"wpb_wrapper\"><div class=\"w-ibanner animation_phorcys ratio_1x1 easing_easeInOutCirc\"><div class=\"w-ibanner-h\"><div class=\"w-ibanner-image\" style=\"background-image: url(https:\/\/2024.festivalenescu.ro\/wp-content\/uploads\/2024\/08\/Kogan-Daniel-1-1-scaled.jpg)\"><\/div><div class=\"w-ibanner-content\"><div class=\"w-ibanner-content-h\"><h2 class=\"w-ibanner-title\"><\/h2><div class=\"w-ibanner-desc\"><\/div><\/div><\/div><\/div><\/div><\/div><\/div><\/div><\/div><\/div><\/section><section class=\"l-section wpb_row height_medium\"><div class=\"l-section-h i-cf\"><div class=\"g-cols vc_row via_flex valign_top type_default stacking_default\"><div class=\"vc_col-sm-12 wpb_column vc_column_container\"><div class=\"vc_column-inner\"><div class=\"wpb_wrapper\"><div class=\"wpb_text_column\"><div class=\"wpb_wrapper\"><p>Share:<\/p>\n<\/div><\/div><div class=\"w-sharing type_simple align_none color_default\"><div class=\"w-sharing-list\"><a class=\"w-sharing-item email\" href=\"mailto:?subject=Daniel Kogan&amp;body=https:\/\/2024.festivalenescu.ro\/ro\/wp-json\/wp\/v2\/pages\/4561\" title=\"Email this\" aria-label=\"Email this\"><i class=\"fas fa-envelope\"><\/i><\/a><a class=\"w-sharing-item facebook\" href=\"https:\/\/www.facebook.com\/sharer\/sharer.php?u=https:\/\/2024.festivalenescu.ro\/ro\/wp-json\/wp\/v2\/pages\/4561&amp;quote=Daniel Kogan\" title=\"Share this\" aria-label=\"Share this\" onclick=\"window.open(this.href, &quot;facebook&quot;, &quot;toolbar=0,width=900,height=500&quot;); return false;\"><i class=\"fab fa-facebook\"><\/i><\/a><a class=\"w-sharing-item twitter\" href=\"https:\/\/twitter.com\/intent\/tweet?text=Daniel Kogan&amp;url=https:\/\/2024.festivalenescu.ro\/ro\/wp-json\/wp\/v2\/pages\/4561\" title=\"Tweet this\" aria-label=\"Tweet this\" onclick=\"window.open(this.href, &quot;twitter&quot;, &quot;toolbar=0,width=650,height=360&quot;); return false;\"><i class=\"fab fa-x-twitter\"><svg style=\"width:1em; margin-bottom:-.1em;\" xmlns=\"http:\/\/www.w3.org\/2000\/svg\" viewBox=\"0 0 512 512\"><path fill=\"currentColor\" d=\"M389.2 48h70.6L305.6 224.2 487 464H345L233.7 318.6 106.5 464H35.8L200.7 275.5 26.8 48H172.4L272.9 180.9 389.2 48zM364.4 421.8h39.1L151.1 88h-42L364.4 421.8z\"\/><\/svg><\/i><\/a><a class=\"w-sharing-item linkedin\" href=\"https:\/\/www.linkedin.com\/shareArticle?mini=true&amp;url=https:\/\/2024.festivalenescu.ro\/ro\/wp-json\/wp\/v2\/pages\/4561\" title=\"Share this\" aria-label=\"Share this\" onclick=\"window.open(this.href, &quot;linkedin&quot;, &quot;toolbar=no,width=550,height=550&quot;); return false;\"><i class=\"fab fa-linkedin\"><\/i><\/a><a class=\"w-sharing-item whatsapp\" href=\"https:\/\/web.whatsapp.com\/send?text=Daniel Kogan https:\/\/2024.festivalenescu.ro\/ro\/wp-json\/wp\/v2\/pages\/4561\" title=\"Share this\" aria-label=\"Share this\" onclick=\"window.open(this.href, &quot;whatsapp&quot;, &quot;toolbar=0,width=900,height=500&quot;); return false;\"><i class=\"fab fa-whatsapp\"><\/i><\/a><a class=\"w-sharing-item reddit\" href=\"https:\/\/www.reddit.com\/submit?url=https:\/\/2024.festivalenescu.ro\/ro\/wp-json\/wp\/v2\/pages\/4561&amp;title=Daniel Kogan\" title=\"Share this\" aria-label=\"Share this\" onclick=\"window.open(this.href, &quot;reddit&quot;, &quot;toolbar=no,width=900,height=500&quot;); return false;\"><i class=\"fab fa-reddit\"><\/i><\/a><a class=\"w-sharing-item telegram\" href=\"https:\/\/t.me\/share\/url?url=https:\/\/2024.festivalenescu.ro\/ro\/wp-json\/wp\/v2\/pages\/4561&amp;text=Daniel Kogan\" title=\"Share this\" aria-label=\"Share this\" onclick=\"window.open(this.href, &quot;telegram&quot;, &quot;toolbar=no,width=600,height=450&quot;); return false;\"><i class=\"fab fa-telegram\"><\/i><\/a><\/div><\/div><div class=\"w-post-elm post_navigation layout_sided inv_false\"><a class=\"post_navigation-item order_first to_prev\" href=\"https:\/\/2024.festivalenescu.ro\/ro\/concurenti\/sectiunea-vioara\/anna-lee\/\" title=\"Anna Lee\"><div class=\"post_navigation-item-img\"><img decoding=\"async\" src=\"https:\/\/2024.festivalenescu.ro\/wp-content\/uploads\/2024\/08\/Lee-Anna-1-900x738.jpg\" loading=\"lazy\" alt=\"\" width=\"150\" height=\"150\"><\/div><div class=\"post_navigation-item-arrow\"><\/div><div class=\"post_navigation-item-title\"><span>Anna Lee<\/span><\/div><\/a><a class=\"post_navigation-item order_second to_next\" href=\"https:\/\/2024.festivalenescu.ro\/ro\/concurenti\/sectiunea-vioara\/wakana-kimura\/\" title=\"Wakana Kimura\"><div class=\"post_navigation-item-img\"><img decoding=\"async\" src=\"https:\/\/2024.festivalenescu.ro\/wp-content\/uploads\/2024\/08\/Kimura-Wakana-900x717.jpg\" loading=\"lazy\" alt=\"\" width=\"150\" height=\"150\"><\/div><div class=\"post_navigation-item-arrow\"><\/div><div class=\"post_navigation-item-title\"><span>Wakana Kimura<\/span><\/div><\/a><\/div><\/div><\/div><\/div><\/div><\/div><\/section>\n","protected":false},"excerpt":{"rendered":"CANADA 17 februarie 1993 Laureat la concursuri interna\u021bionale, Daniel Kogan s-a n\u0103scut \u00eentr-o familie de muzicieni celebri. Nepot al marilor violoni\u0219ti Leonid Kogan \u0219i Elizaveta Gilels, \u0219i al celebrului dirijor Pavel Kogan, a \u00eenceput s\u0103 studieze vioara la v\u00e2rsta de 6 ani cu Marina Keselman. \u00cen 2011 a absolvit cu onoruri \u0218coala Central\u0103 de Muzic\u0103...","protected":false},"author":4,"featured_media":4558,"parent":2970,"menu_order":0,"comment_status":"closed","ping_status":"closed","template":"","meta":{"footnotes":""},"class_list":["post-4561","page","type-page","status-publish","has-post-thumbnail","hentry"],"_links":{"self":[{"href":"https:\/\/2024.festivalenescu.ro\/ro\/wp-json\/wp\/v2\/pages\/4561","targetHints":{"allow":["GET"]}}],"collection":[{"href":"https:\/\/2024.festivalenescu.ro\/ro\/wp-json\/wp\/v2\/pages"}],"about":[{"href":"https:\/\/2024.festivalenescu.ro\/ro\/wp-json\/wp\/v2\/types\/page"}],"author":[{"embeddable":true,"href":"https:\/\/2024.festivalenescu.ro\/ro\/wp-json\/wp\/v2\/users\/4"}],"replies":[{"embeddable":true,"href":"https:\/\/2024.festivalenescu.ro\/ro\/wp-json\/wp\/v2\/comments?post=4561"}],"version-history":[{"count":3,"href":"https:\/\/2024.festivalenescu.ro\/ro\/wp-json\/wp\/v2\/pages\/4561\/revisions"}],"predecessor-version":[{"id":5234,"href":"https:\/\/2024.festivalenescu.ro\/ro\/wp-json\/wp\/v2\/pages\/4561\/revisions\/5234"}],"up":[{"embeddable":true,"href":"https:\/\/2024.festivalenescu.ro\/ro\/wp-json\/wp\/v2\/pages\/2970"}],"wp:featuredmedia":[{"embeddable":true,"href":"https:\/\/2024.festivalenescu.ro\/ro\/wp-json\/wp\/v2\/media\/4558"}],"wp:attachment":[{"href":"https:\/\/2024.festivalenescu.ro\/ro\/wp-json\/wp\/v2\/media?parent=4561"}],"curies":[{"name":"wp","href":"https:\/\/api.w.org\/{rel}","templated":true}]}}