{"id":4573,"date":"2024-08-29T12:27:39","date_gmt":"2024-08-29T09:27:39","guid":{"rendered":"https:\/\/concurs.festivalenescu.ro\/?page_id=4573"},"modified":"2024-08-29T21:58:08","modified_gmt":"2024-08-29T18:58:08","slug":"anna-lee","status":"publish","type":"page","link":"https:\/\/2024.festivalenescu.ro\/ro\/concurenti\/sectiunea-vioara\/anna-lee\/","title":{"rendered":"Anna Lee"},"content":{"rendered":"<section class=\"l-section wpb_row height_medium\"><div class=\"l-section-h i-cf\"><div class=\"g-cols vc_row via_flex valign_top type_default stacking_default\"><div class=\"vc_col-sm-6 wpb_column vc_column_container\"><div class=\"vc_column-inner\"><div class=\"wpb_wrapper\"><div class=\"w-hwrapper valign_top align_none\" style=\"--hwrapper-gap:0.2rem\"><\/div><div class=\"wpb_text_column\"><div class=\"wpb_wrapper\"><p><strong>SUA<\/strong><br \/>\n<strong>11 iulie 1995<\/strong><\/p>\n<p>Violonista Anna Lee a debutat al\u0103turi de Orchestra Simfonic\u0103 din Singapore la v\u00e2rsta de 6 ani, interpret\u00e2nd Concertul nr. 1 pentru vioar\u0103 de Paganini. Printre colabor\u0103rile notabile \u00een lumea muzicii de camer\u0103 se num\u0103r\u0103 cele cu Mitsuko Uchida, Gary Hoffman \u0219i Emanuel Ax. Anna Lee a c\u00e2ntat, de asemenea, cu Orchestra Filarmonicii din New York, Orchestra Simfonic\u0103 hr din Frankfurt \u0219i Orchestra Na\u021bional\u0103 a Belgiei \u0219i a c\u00e2\u0219tigat premii de v\u00e2rf la Concursul Interna\u021bional de Muzic\u0103 Ysa\u00ffe \u00een 2022, Concursul Interna\u021bional de Muzic\u0103 din Montr\u00e9al \u00een 2019 \u0219i Concursul Interna\u021bional din Indianapolis \u00een 2018.<br \/>\nA studiat cu Ana Chumachenco, Donald Weilerstein, Miriam Fried, Ani Kavafian, Cho-Liang Lin \u0219i Masao Kawasaki la Academia Kronberg, Harvard College, Yale School of Music \u0219i The Juilliard School. \u00cen prezent, este artist \u00een reziden\u021b\u0103 la Queen Elisabeth Music Chapel, sub \u00eendrumarea lui Augustin Dumay.<\/p>\n<\/div><\/div><div class=\"w-separator size_small\"><\/div><div class=\"w-separator size_small\"><\/div><div class=\"wpb_text_column\"><div class=\"wpb_wrapper\"><p>Etapa I<br \/>\n<strong>Johann Sebastian Bach <\/strong>Grave \u0219i Fug\u0103 din Sonata nr. 2 \u00een la minor pentru vioar\u0103 solo, BWV 1003<br \/>\n<strong>Wolfgang Amadeus Mozart <\/strong>Concertul nr. 5 \u00een la major pentru vioar\u0103 \u0219i orchestr\u0103 K. 219 (partea I cu caden\u021b\u0103)<br \/>\n<strong>Niccol\u00f2 Paganini <\/strong>Capriciul \u00een la minor op. 1 nr. 24<\/p>\n<p>Etapa a II-a<br \/>\n<strong>Vlad Maistorovici <\/strong><em>B.A.C.H.<\/em>, Passacaglia pentru vioar\u0103 solo<br \/>\n<strong>Ludwig van Beethoven <\/strong>Sonata nr. 3 \u00een mi bemol major pentru vioar\u0103 \u0219i pian op. 12<br \/>\n<strong>Igor Stravinski <\/strong>Divertisment pentru vioar\u0103 \u0219i pian<\/p>\n<p>Semifinala<br \/>\n<strong>George Enescu <\/strong><em>L\u0103utarul <\/em>din Suita <em>Impresii din Copil\u0103rie <\/em>op. 28<br \/>\n<strong>Serghei Prokofiev <\/strong>Sonata nr. 2 \u00een re major pentru vioar\u0103 \u0219i pian op. 94a<br \/>\n<strong>George Enescu <\/strong>Sonata nr. 2 \u00een fa minor pentru vioar\u0103 \u0219i pian op. 6<br \/>\n<strong>Franz Waxman <\/strong><em>Fantezia Carmen<\/em><\/p>\n<p>Finala<br \/>\n<strong>Piotr Ilici Ceaikovski <\/strong>Concertul \u00een re major pentru vioar\u0103 \u0219i orchestr\u0103 op. 35<\/p>\n<\/div><\/div><\/div><\/div><\/div><div class=\"vc_col-sm-6 wpb_column vc_column_container\"><div class=\"vc_column-inner\"><div class=\"wpb_wrapper\"><div class=\"w-ibanner animation_phorcys ratio_1x1 easing_easeInOutCirc\"><div class=\"w-ibanner-h\"><div class=\"w-ibanner-image\" style=\"background-image: url(https:\/\/2024.festivalenescu.ro\/wp-content\/uploads\/2024\/08\/Lee-Anna-1.jpg)\"><\/div><div class=\"w-ibanner-content\"><div class=\"w-ibanner-content-h\"><h2 class=\"w-ibanner-title\"><\/h2><div class=\"w-ibanner-desc\"><\/div><\/div><\/div><\/div><\/div><\/div><\/div><\/div><\/div><\/div><\/section><section class=\"l-section wpb_row height_medium\"><div class=\"l-section-h i-cf\"><div class=\"g-cols vc_row via_flex valign_top type_default stacking_default\"><div class=\"vc_col-sm-12 wpb_column vc_column_container\"><div class=\"vc_column-inner\"><div class=\"wpb_wrapper\"><div class=\"wpb_text_column\"><div class=\"wpb_wrapper\"><p>Share:<\/p>\n<\/div><\/div><div class=\"w-sharing type_simple align_none color_default\"><div class=\"w-sharing-list\"><a class=\"w-sharing-item email\" href=\"mailto:?subject=Anna Lee&amp;body=https:\/\/2024.festivalenescu.ro\/ro\/wp-json\/wp\/v2\/pages\/4573\" title=\"Email this\" aria-label=\"Email this\"><i class=\"fas fa-envelope\"><\/i><\/a><a class=\"w-sharing-item facebook\" href=\"https:\/\/www.facebook.com\/sharer\/sharer.php?u=https:\/\/2024.festivalenescu.ro\/ro\/wp-json\/wp\/v2\/pages\/4573&amp;quote=Anna Lee\" title=\"Share this\" aria-label=\"Share this\" onclick=\"window.open(this.href, &quot;facebook&quot;, &quot;toolbar=0,width=900,height=500&quot;); return false;\"><i class=\"fab fa-facebook\"><\/i><\/a><a class=\"w-sharing-item twitter\" href=\"https:\/\/twitter.com\/intent\/tweet?text=Anna Lee&amp;url=https:\/\/2024.festivalenescu.ro\/ro\/wp-json\/wp\/v2\/pages\/4573\" title=\"Tweet this\" aria-label=\"Tweet this\" onclick=\"window.open(this.href, &quot;twitter&quot;, &quot;toolbar=0,width=650,height=360&quot;); return false;\"><i class=\"fab fa-x-twitter\"><svg style=\"width:1em; margin-bottom:-.1em;\" xmlns=\"http:\/\/www.w3.org\/2000\/svg\" viewBox=\"0 0 512 512\"><path fill=\"currentColor\" d=\"M389.2 48h70.6L305.6 224.2 487 464H345L233.7 318.6 106.5 464H35.8L200.7 275.5 26.8 48H172.4L272.9 180.9 389.2 48zM364.4 421.8h39.1L151.1 88h-42L364.4 421.8z\"\/><\/svg><\/i><\/a><a class=\"w-sharing-item linkedin\" href=\"https:\/\/www.linkedin.com\/shareArticle?mini=true&amp;url=https:\/\/2024.festivalenescu.ro\/ro\/wp-json\/wp\/v2\/pages\/4573\" title=\"Share this\" aria-label=\"Share this\" onclick=\"window.open(this.href, &quot;linkedin&quot;, &quot;toolbar=no,width=550,height=550&quot;); return false;\"><i class=\"fab fa-linkedin\"><\/i><\/a><a class=\"w-sharing-item whatsapp\" href=\"https:\/\/web.whatsapp.com\/send?text=Anna Lee https:\/\/2024.festivalenescu.ro\/ro\/wp-json\/wp\/v2\/pages\/4573\" title=\"Share this\" aria-label=\"Share this\" onclick=\"window.open(this.href, &quot;whatsapp&quot;, &quot;toolbar=0,width=900,height=500&quot;); return false;\"><i class=\"fab fa-whatsapp\"><\/i><\/a><a class=\"w-sharing-item reddit\" href=\"https:\/\/www.reddit.com\/submit?url=https:\/\/2024.festivalenescu.ro\/ro\/wp-json\/wp\/v2\/pages\/4573&amp;title=Anna Lee\" title=\"Share this\" aria-label=\"Share this\" onclick=\"window.open(this.href, &quot;reddit&quot;, &quot;toolbar=no,width=900,height=500&quot;); return false;\"><i class=\"fab fa-reddit\"><\/i><\/a><a class=\"w-sharing-item telegram\" href=\"https:\/\/t.me\/share\/url?url=https:\/\/2024.festivalenescu.ro\/ro\/wp-json\/wp\/v2\/pages\/4573&amp;text=Anna Lee\" title=\"Share this\" aria-label=\"Share this\" onclick=\"window.open(this.href, &quot;telegram&quot;, &quot;toolbar=no,width=600,height=450&quot;); return false;\"><i class=\"fab fa-telegram\"><\/i><\/a><\/div><\/div><div class=\"w-post-elm post_navigation layout_sided inv_false\"><a class=\"post_navigation-item order_first to_prev\" href=\"https:\/\/2024.festivalenescu.ro\/ro\/concurenti\/sectiunea-vioara\/hyeonjeong-lee\/\" title=\"Hyeonjeong Lee\"><div class=\"post_navigation-item-img\"><img decoding=\"async\" src=\"https:\/\/2024.festivalenescu.ro\/wp-content\/uploads\/2024\/08\/Lee-Hyeonjeong-2-1-842x900.jpg\" loading=\"lazy\" alt=\"\" width=\"150\" height=\"150\"><\/div><div class=\"post_navigation-item-arrow\"><\/div><div class=\"post_navigation-item-title\"><span>Hyeonjeong Lee<\/span><\/div><\/a><a class=\"post_navigation-item order_second to_next\" href=\"https:\/\/2024.festivalenescu.ro\/ro\/concurenti\/sectiunea-vioara\/daniel-kogan\/\" title=\"Daniel Kogan\"><div class=\"post_navigation-item-img\"><img decoding=\"async\" src=\"https:\/\/2024.festivalenescu.ro\/wp-content\/uploads\/2024\/08\/Kogan-Daniel-1-1-900x862.jpg\" loading=\"lazy\" alt=\"\" width=\"150\" height=\"150\"><\/div><div class=\"post_navigation-item-arrow\"><\/div><div class=\"post_navigation-item-title\"><span>Daniel Kogan<\/span><\/div><\/a><\/div><\/div><\/div><\/div><\/div><\/div><\/section>\n","protected":false},"excerpt":{"rendered":"SUA 11 iulie 1995 Violonista Anna Lee a debutat al\u0103turi de Orchestra Simfonic\u0103 din Singapore la v\u00e2rsta de 6 ani, interpret\u00e2nd Concertul nr. 1 pentru vioar\u0103 de Paganini. Printre colabor\u0103rile notabile \u00een lumea muzicii de camer\u0103 se num\u0103r\u0103 cele cu Mitsuko Uchida, Gary Hoffman \u0219i Emanuel Ax. Anna Lee a c\u00e2ntat, de asemenea, cu Orchestra...","protected":false},"author":4,"featured_media":4569,"parent":2970,"menu_order":0,"comment_status":"closed","ping_status":"closed","template":"","meta":{"footnotes":""},"class_list":["post-4573","page","type-page","status-publish","has-post-thumbnail","hentry"],"_links":{"self":[{"href":"https:\/\/2024.festivalenescu.ro\/ro\/wp-json\/wp\/v2\/pages\/4573","targetHints":{"allow":["GET"]}}],"collection":[{"href":"https:\/\/2024.festivalenescu.ro\/ro\/wp-json\/wp\/v2\/pages"}],"about":[{"href":"https:\/\/2024.festivalenescu.ro\/ro\/wp-json\/wp\/v2\/types\/page"}],"author":[{"embeddable":true,"href":"https:\/\/2024.festivalenescu.ro\/ro\/wp-json\/wp\/v2\/users\/4"}],"replies":[{"embeddable":true,"href":"https:\/\/2024.festivalenescu.ro\/ro\/wp-json\/wp\/v2\/comments?post=4573"}],"version-history":[{"count":3,"href":"https:\/\/2024.festivalenescu.ro\/ro\/wp-json\/wp\/v2\/pages\/4573\/revisions"}],"predecessor-version":[{"id":5226,"href":"https:\/\/2024.festivalenescu.ro\/ro\/wp-json\/wp\/v2\/pages\/4573\/revisions\/5226"}],"up":[{"embeddable":true,"href":"https:\/\/2024.festivalenescu.ro\/ro\/wp-json\/wp\/v2\/pages\/2970"}],"wp:featuredmedia":[{"embeddable":true,"href":"https:\/\/2024.festivalenescu.ro\/ro\/wp-json\/wp\/v2\/media\/4569"}],"wp:attachment":[{"href":"https:\/\/2024.festivalenescu.ro\/ro\/wp-json\/wp\/v2\/media?parent=4573"}],"curies":[{"name":"wp","href":"https:\/\/api.w.org\/{rel}","templated":true}]}}