{"id":4602,"date":"2024-08-29T12:16:31","date_gmt":"2024-08-29T09:16:31","guid":{"rendered":"https:\/\/concurs.festivalenescu.ro\/?page_id=4602"},"modified":"2024-08-29T22:39:20","modified_gmt":"2024-08-29T19:39:20","slug":"jiyoon-lee","status":"publish","type":"page","link":"https:\/\/2024.festivalenescu.ro\/ro\/concurenti\/sectiunea-vioara\/jiyoon-lee\/","title":{"rendered":"Jiyoon Lee"},"content":{"rendered":"<section class=\"l-section wpb_row height_medium\"><div class=\"l-section-h i-cf\"><div class=\"g-cols vc_row via_flex valign_top type_default stacking_default\"><div class=\"vc_col-sm-6 wpb_column vc_column_container\"><div class=\"vc_column-inner\"><div class=\"wpb_wrapper\"><div class=\"w-hwrapper valign_top align_none\" style=\"--hwrapper-gap:0.2rem\"><\/div><div class=\"wpb_text_column\"><div class=\"wpb_wrapper\"><p><strong>COREEA DE SUD<\/strong><br \/>\n<strong>4 ianuarie 1999<\/strong><\/p>\n<p>Jiyoon Lee s-a n\u0103scut \u00een Seul, Coreea de Sud. A ob\u021binut premiul V la Concursul de Vioar\u0103 Munetsugu Angel \u0219i a fost selectat\u0103 \u00een urma audi\u021biilor pentru concertele Kumho Prodigy \u0219i Kumho Young Artist. De asemenea, a c\u00e2\u0219tigat premiul I la Concursul de Muzic\u0103 Ewha Kyunghyang \u0219i a ob\u021binut premii \u0219i \u00een cadrul altor concursuri na\u021bionale prestigioase.<br \/>\n\u00cen timpul facult\u0103\u021bii, a activat \u00een calitate de concertmaestru al Orchestrei Simfonice SNU \u0219i al Orchestrei Filarmonice SNU. De asemenea, \u00een aceast\u0103 perioad\u0103 a c\u00e2ntat \u0219i \u00een ansamblul Academiei SNU. A absolvit cum laude Universitatea Na\u021bional\u0103 din Seul. A studiat \u00eenc\u0103 din facultate cu profesorul Young Uck Kim, iar \u00een aceast\u0103 toamn\u0103 va \u00eencepe cursurile master la The Juilliard School. C\u00e2nt\u0103 pe o vioar\u0103 fabricat\u0103 de Jean-Baptiste Vuillaume, sponsorizat\u0103 de Munetsugu Angel Violin Competition \u0219i de Funda\u021bia Nippon Music.<\/p>\n<\/div><\/div><div class=\"w-separator size_small\"><\/div><div class=\"w-separator size_small\"><\/div><div class=\"wpb_text_column\"><div class=\"wpb_wrapper\"><p>Etapa I<br \/>\n<strong>Johann Sebastian Bach <\/strong>Adagio \u0219i Fug\u0103 din Sonata nr. 1 \u00een sol minor pentru vioar\u0103 solo, BWV 100<br \/>\n<strong>Wolfgang Amadeus Mozart <\/strong>Concertul nr. 5 \u00een la major pentru vioar\u0103 \u0219i orchestr\u0103 K. 219 (partea I cu caden\u021b\u0103)<br \/>\n<strong>Niccol\u00f2 Paganini <\/strong>Capriciul \u00een si minor op. 1 nr. 2<\/p>\n<p>Etapa a II-a<br \/>\n<strong>Vlad Maistorovici<\/strong> <em>B.A.C.H.<\/em>, Passacaglia pentru vioar\u0103 solo<br \/>\n<strong>Ludwig van Beethoven<\/strong> Sonata nr. 4 \u00een la minor op. 23 pentru vioar\u0103 \u0219i pain<br \/>\n<strong>Wolfgang Amadeus Mozart<\/strong> Sonata nr. 32 \u00een si bemol major K. 454 pentru vioar\u0103 \u0219i pian<\/p>\n<p>Semifinala<br \/>\n<strong>George Enescu<\/strong> <em>M\u00e9n\u00e9trier<\/em> din Suita <em>Impressions d\u2019enfance<\/em> op. 28<br \/>\n<strong>Gabriel Faur\u00e9<\/strong> Sonata nr. 1 in la major op. 13 pentru vioar\u0103 \u0219i pian<br \/>\n<strong>George Enescu<\/strong> Sonata nr. 2 in fa minor op. 6 pentru vioar\u0103 \u0219i pian<br \/>\n<strong>Eug\u00e8ne Ysa\u00ffe<\/strong>Capriciu dup\u0103 un studiu \u00een form\u0103 de vals de Saint-Sa\u00ebns<\/p>\n<p>Finala<br \/>\n<strong>Jean Sibelius <\/strong>Concertul \u00een re minor pentru vioar\u0103 \u0219i orchestr\u0103 op. 47<\/p>\n<\/div><\/div><\/div><\/div><\/div><div class=\"vc_col-sm-6 wpb_column vc_column_container\"><div class=\"vc_column-inner\"><div class=\"wpb_wrapper\"><div class=\"w-ibanner animation_phorcys ratio_1x1 easing_easeInOutCirc\"><div class=\"w-ibanner-h\"><div class=\"w-ibanner-image\" style=\"background-image: url(https:\/\/2024.festivalenescu.ro\/wp-content\/uploads\/2024\/08\/Lee-Jiyoon-2-scaled.jpg)\"><\/div><div class=\"w-ibanner-content\"><div class=\"w-ibanner-content-h\"><h2 class=\"w-ibanner-title\"><\/h2><div class=\"w-ibanner-desc\"><\/div><\/div><\/div><\/div><\/div><\/div><\/div><\/div><\/div><\/div><\/section><section class=\"l-section wpb_row height_medium\"><div class=\"l-section-h i-cf\"><div class=\"g-cols vc_row via_flex valign_top type_default stacking_default\"><div class=\"vc_col-sm-12 wpb_column vc_column_container\"><div class=\"vc_column-inner\"><div class=\"wpb_wrapper\"><div class=\"wpb_text_column\"><div class=\"wpb_wrapper\"><p>Share:<\/p>\n<\/div><\/div><div class=\"w-sharing type_simple align_none color_default\"><div class=\"w-sharing-list\"><a class=\"w-sharing-item email\" href=\"mailto:?subject=Jiyoon Lee&amp;body=https:\/\/2024.festivalenescu.ro\/ro\/wp-json\/wp\/v2\/pages\/4602\" title=\"Email this\" aria-label=\"Email this\"><i class=\"fas fa-envelope\"><\/i><\/a><a class=\"w-sharing-item facebook\" href=\"https:\/\/www.facebook.com\/sharer\/sharer.php?u=https:\/\/2024.festivalenescu.ro\/ro\/wp-json\/wp\/v2\/pages\/4602&amp;quote=Jiyoon Lee\" title=\"Share this\" aria-label=\"Share this\" onclick=\"window.open(this.href, &quot;facebook&quot;, &quot;toolbar=0,width=900,height=500&quot;); return false;\"><i class=\"fab fa-facebook\"><\/i><\/a><a class=\"w-sharing-item twitter\" href=\"https:\/\/twitter.com\/intent\/tweet?text=Jiyoon Lee&amp;url=https:\/\/2024.festivalenescu.ro\/ro\/wp-json\/wp\/v2\/pages\/4602\" title=\"Tweet this\" aria-label=\"Tweet this\" onclick=\"window.open(this.href, &quot;twitter&quot;, &quot;toolbar=0,width=650,height=360&quot;); return false;\"><i class=\"fab fa-x-twitter\"><svg style=\"width:1em; margin-bottom:-.1em;\" xmlns=\"http:\/\/www.w3.org\/2000\/svg\" viewBox=\"0 0 512 512\"><path fill=\"currentColor\" d=\"M389.2 48h70.6L305.6 224.2 487 464H345L233.7 318.6 106.5 464H35.8L200.7 275.5 26.8 48H172.4L272.9 180.9 389.2 48zM364.4 421.8h39.1L151.1 88h-42L364.4 421.8z\"\/><\/svg><\/i><\/a><a class=\"w-sharing-item linkedin\" href=\"https:\/\/www.linkedin.com\/shareArticle?mini=true&amp;url=https:\/\/2024.festivalenescu.ro\/ro\/wp-json\/wp\/v2\/pages\/4602\" title=\"Share this\" aria-label=\"Share this\" onclick=\"window.open(this.href, &quot;linkedin&quot;, &quot;toolbar=no,width=550,height=550&quot;); return false;\"><i class=\"fab fa-linkedin\"><\/i><\/a><a class=\"w-sharing-item whatsapp\" href=\"https:\/\/web.whatsapp.com\/send?text=Jiyoon Lee https:\/\/2024.festivalenescu.ro\/ro\/wp-json\/wp\/v2\/pages\/4602\" title=\"Share this\" aria-label=\"Share this\" onclick=\"window.open(this.href, &quot;whatsapp&quot;, &quot;toolbar=0,width=900,height=500&quot;); return false;\"><i class=\"fab fa-whatsapp\"><\/i><\/a><a class=\"w-sharing-item reddit\" href=\"https:\/\/www.reddit.com\/submit?url=https:\/\/2024.festivalenescu.ro\/ro\/wp-json\/wp\/v2\/pages\/4602&amp;title=Jiyoon Lee\" title=\"Share this\" aria-label=\"Share this\" onclick=\"window.open(this.href, &quot;reddit&quot;, &quot;toolbar=no,width=900,height=500&quot;); return false;\"><i class=\"fab fa-reddit\"><\/i><\/a><a class=\"w-sharing-item telegram\" href=\"https:\/\/t.me\/share\/url?url=https:\/\/2024.festivalenescu.ro\/ro\/wp-json\/wp\/v2\/pages\/4602&amp;text=Jiyoon Lee\" title=\"Share this\" aria-label=\"Share this\" onclick=\"window.open(this.href, &quot;telegram&quot;, &quot;toolbar=no,width=600,height=450&quot;); return false;\"><i class=\"fab fa-telegram\"><\/i><\/a><\/div><\/div><div class=\"w-post-elm post_navigation layout_sided inv_false\"><a class=\"post_navigation-item order_first to_prev\" href=\"https:\/\/2024.festivalenescu.ro\/ro\/concurenti\/sectiunea-vioara\/youngjoo-lee\/\" title=\"Youngjoo Lee\"><div class=\"post_navigation-item-img\"><img decoding=\"async\" src=\"https:\/\/2024.festivalenescu.ro\/wp-content\/uploads\/2024\/08\/Lee-Youngjoo-2-900x760.jpeg\" loading=\"lazy\" alt=\"\" width=\"150\" height=\"150\"><\/div><div class=\"post_navigation-item-arrow\"><\/div><div class=\"post_navigation-item-title\"><span>Youngjoo Lee<\/span><\/div><\/a><a class=\"post_navigation-item order_second to_next\" href=\"https:\/\/2024.festivalenescu.ro\/ro\/concurenti\/sectiunea-vioara\/hyeonjeong-lee\/\" title=\"Hyeonjeong Lee\"><div class=\"post_navigation-item-img\"><img decoding=\"async\" src=\"https:\/\/2024.festivalenescu.ro\/wp-content\/uploads\/2024\/08\/Lee-Hyeonjeong-2-1-842x900.jpg\" loading=\"lazy\" alt=\"\" width=\"150\" height=\"150\"><\/div><div class=\"post_navigation-item-arrow\"><\/div><div class=\"post_navigation-item-title\"><span>Hyeonjeong Lee<\/span><\/div><\/a><\/div><\/div><\/div><\/div><\/div><\/div><\/section><section class=\"l-section wpb_row height_medium\"><div class=\"l-section-h i-cf\"><div class=\"g-cols vc_row via_flex valign_top type_default stacking_default\"><div class=\"vc_col-sm-6 wpb_column vc_column_container\"><div class=\"vc_column-inner\"><div class=\"wpb_wrapper\"><div class=\"w-hwrapper valign_top align_none\" style=\"--hwrapper-gap:0.2rem\"><h3 class=\"w-text\"><span class=\"w-text-h\"><span class=\"w-text-value\">prenume<\/span><\/span><\/h3><h3 class=\"w-text us_custom_71d3e3d1\"><span class=\"w-text-h\"><span class=\"w-text-value\">nume<\/span><\/span><\/h3><\/div><div class=\"wpb_text_column\"><div class=\"wpb_wrapper\"><p style=\"font-weight: 400;\">Born on July 6, 1951 in Bucharest, Adrian Iorgulescu is one of those multivalent musicians who, through a complex training in several fields, has distinguished himself creatively, theoretically, politically, pedagogically and administratively. He graduated from the Ciprian Porumbescu Conservatory in Bucharest and in 1982 he went on to study composition and musicology at the Academy of Santa Cecilia in Rome.<\/p>\n<p style=\"font-weight: 400;\">Adrian Iorgulescu is currently professor and PhD supervisor at the National University of Music in Bucharest and president of the Romanian Musical Performing and Mechanical Rights Society (UCMR-ADA). He was president of the Union of Romanian Composers and Musicologists in 1992-2005 and 2010-2022. He has been involved in cultural-political life also from a governmental perspective, serving as Minister of Culture and Cults between 2005 and 2008.<\/p>\n<p>His oeuvre includes works from all musical genres, including, selectively, the opera <em>Revulu\u021bia<\/em> [The Revolution], two cantatas, six symphonies, six instrumental concertos (the cycle <em>Ipostaze<\/em> [Hypostasis]), film music, chamber music (including six string quartets), symphonic and choral works and lieder. Adrian Iorgulescu is the author of didactic and musicological works, volumes of poetry, essays, studies and articles published in the specialized press.<\/p>\n<p>He has been awarded with numerous national and international prizes, such as the Dinu Lipatti Prize (1973), the UCIN Prize for film music, the Union of Romanian Composers and Musicologists Prizes (1979, 1981, 1982, 1987, 1989, 2013 and 2016), the George Enescu Prize of the Romanian Academy or the World Music Celebration Composition Prize \u2013 Louisville (USA). In 2022, he was awarded the Grand Prize of the Union of Romanian Composers and Musicologists for his entire artistic career.<\/p>\n<p>He is a correspondent member of the Romanian Academy and Doctor Honoris Causa of the Academy of Music, Theatre and Fine Arts of Chi\u0219in\u0103u (Republic of Moldova).<\/p>\n<\/div><\/div><div class=\"w-separator size_small\"><\/div><div class=\"wpb_text_column\"><div class=\"wpb_wrapper\"><h4>Program<\/h4>\n<\/div><\/div><div class=\"wpb_text_column\"><div class=\"wpb_wrapper\"><p>Online Round<br \/>\n<strong>Bach<\/strong>\u00a0Adagio and Fugue from Sonata in G minor for Solo Violin<br \/>\n<strong>Mozart<\/strong>\u00a0Violin Concerto No. 5 in A major K. 219 (1st movement with cadenza)<br \/>\n<strong>Beethoven\u00a0<\/strong>Violin Sonata No. 1 in D major Op. 12<br \/>\n<strong>Enescu<\/strong>\u00a0\u201cM\u00e9n\u00e9trier\u201d from\u00a0<em>Impressions d\u2019enfance<\/em>\u00a0Suite Op. 28<br \/>\n<strong>Paganini<\/strong>\u00a0Caprice No. 14<\/p>\n<p>Semifinal<br \/>\n<strong>Brahms\u00a0<\/strong>Violin Sonata No. 3 in D minor Op. 108<br \/>\n<strong>Enescu<\/strong>\u00a0Sonata No. 2 in F minor for Violin and Piano Op. 6<br \/>\n<strong>Waxman\u00a0<\/strong><em>Carmen Fantasy<\/em><\/p>\n<p>Final<br \/>\n<strong>Brahms\u00a0<\/strong>Violin Concerto in D major Op. 77<\/p>\n<\/div><\/div><\/div><\/div><\/div><div class=\"vc_col-sm-6 wpb_column vc_column_container\"><div class=\"vc_column-inner\"><div class=\"wpb_wrapper\"><div class=\"w-ibanner animation_phorcys ratio_1x1 easing_easeInOutCirc\"><div class=\"w-ibanner-h\"><div class=\"w-ibanner-image\" style=\"background-image: url(https:\/\/2024.festivalenescu.ro\/wp-content\/uploads\/2024\/03\/adrian-iorgulescu-foto.jpg)\"><\/div><div class=\"w-ibanner-content\"><div class=\"w-ibanner-content-h\"><h2 class=\"w-ibanner-title\"><\/h2><div class=\"w-ibanner-desc\"><p>Adrian Iorgulescu<br \/>\nComposer<\/p>\n<\/div><\/div><\/div><\/div><\/div><\/div><\/div><\/div><\/div><\/div><\/section><section class=\"l-section wpb_row height_medium\"><div class=\"l-section-h i-cf\"><div class=\"g-cols vc_row via_flex valign_top type_default stacking_default\"><div class=\"vc_col-sm-12 wpb_column vc_column_container\"><div class=\"vc_column-inner\"><div class=\"wpb_wrapper\"><div class=\"wpb_text_column\"><div class=\"wpb_wrapper\"><p>Share:<\/p>\n<\/div><\/div><div class=\"w-sharing type_simple align_none color_default\"><div class=\"w-sharing-list\"><a class=\"w-sharing-item email\" href=\"mailto:?subject=Jiyoon Lee&amp;body=https:\/\/2024.festivalenescu.ro\/ro\/wp-json\/wp\/v2\/pages\/4602\" title=\"Email this\" aria-label=\"Email this\"><i class=\"fas fa-envelope\"><\/i><\/a><a class=\"w-sharing-item facebook\" href=\"https:\/\/www.facebook.com\/sharer\/sharer.php?u=https:\/\/2024.festivalenescu.ro\/ro\/wp-json\/wp\/v2\/pages\/4602&amp;quote=Jiyoon Lee\" title=\"Share this\" aria-label=\"Share this\" onclick=\"window.open(this.href, &quot;facebook&quot;, &quot;toolbar=0,width=900,height=500&quot;); return false;\"><i class=\"fab fa-facebook\"><\/i><\/a><a class=\"w-sharing-item twitter\" href=\"https:\/\/twitter.com\/intent\/tweet?text=Jiyoon Lee&amp;url=https:\/\/2024.festivalenescu.ro\/ro\/wp-json\/wp\/v2\/pages\/4602\" title=\"Tweet this\" aria-label=\"Tweet this\" onclick=\"window.open(this.href, &quot;twitter&quot;, &quot;toolbar=0,width=650,height=360&quot;); return false;\"><i class=\"fab fa-x-twitter\"><svg style=\"width:1em; margin-bottom:-.1em;\" xmlns=\"http:\/\/www.w3.org\/2000\/svg\" viewBox=\"0 0 512 512\"><path fill=\"currentColor\" d=\"M389.2 48h70.6L305.6 224.2 487 464H345L233.7 318.6 106.5 464H35.8L200.7 275.5 26.8 48H172.4L272.9 180.9 389.2 48zM364.4 421.8h39.1L151.1 88h-42L364.4 421.8z\"\/><\/svg><\/i><\/a><a class=\"w-sharing-item linkedin\" href=\"https:\/\/www.linkedin.com\/shareArticle?mini=true&amp;url=https:\/\/2024.festivalenescu.ro\/ro\/wp-json\/wp\/v2\/pages\/4602\" title=\"Share this\" aria-label=\"Share this\" onclick=\"window.open(this.href, &quot;linkedin&quot;, &quot;toolbar=no,width=550,height=550&quot;); return false;\"><i class=\"fab fa-linkedin\"><\/i><\/a><a class=\"w-sharing-item whatsapp\" href=\"https:\/\/web.whatsapp.com\/send?text=Jiyoon Lee https:\/\/2024.festivalenescu.ro\/ro\/wp-json\/wp\/v2\/pages\/4602\" title=\"Share this\" aria-label=\"Share this\" onclick=\"window.open(this.href, &quot;whatsapp&quot;, &quot;toolbar=0,width=900,height=500&quot;); return false;\"><i class=\"fab fa-whatsapp\"><\/i><\/a><a class=\"w-sharing-item reddit\" href=\"https:\/\/www.reddit.com\/submit?url=https:\/\/2024.festivalenescu.ro\/ro\/wp-json\/wp\/v2\/pages\/4602&amp;title=Jiyoon Lee\" title=\"Share this\" aria-label=\"Share this\" onclick=\"window.open(this.href, &quot;reddit&quot;, &quot;toolbar=no,width=900,height=500&quot;); return false;\"><i class=\"fab fa-reddit\"><\/i><\/a><a class=\"w-sharing-item telegram\" href=\"https:\/\/t.me\/share\/url?url=https:\/\/2024.festivalenescu.ro\/ro\/wp-json\/wp\/v2\/pages\/4602&amp;text=Jiyoon Lee\" title=\"Share this\" aria-label=\"Share this\" onclick=\"window.open(this.href, &quot;telegram&quot;, &quot;toolbar=no,width=600,height=450&quot;); return false;\"><i class=\"fab fa-telegram\"><\/i><\/a><\/div><\/div><div class=\"w-post-elm post_navigation layout_sided inv_false\"><a class=\"post_navigation-item order_first to_prev\" href=\"https:\/\/2024.festivalenescu.ro\/ro\/concurenti\/sectiunea-vioara\/youngjoo-lee\/\" title=\"Youngjoo Lee\"><div class=\"post_navigation-item-img\"><img decoding=\"async\" src=\"https:\/\/2024.festivalenescu.ro\/wp-content\/uploads\/2024\/08\/Lee-Youngjoo-2-900x760.jpeg\" loading=\"lazy\" alt=\"\" width=\"150\" height=\"150\"><\/div><div class=\"post_navigation-item-arrow\"><\/div><div class=\"post_navigation-item-title\"><span>Youngjoo Lee<\/span><\/div><\/a><a class=\"post_navigation-item order_second to_next\" href=\"https:\/\/2024.festivalenescu.ro\/ro\/concurenti\/sectiunea-vioara\/hyeonjeong-lee\/\" title=\"Hyeonjeong Lee\"><div class=\"post_navigation-item-img\"><img decoding=\"async\" src=\"https:\/\/2024.festivalenescu.ro\/wp-content\/uploads\/2024\/08\/Lee-Hyeonjeong-2-1-842x900.jpg\" loading=\"lazy\" alt=\"\" width=\"150\" height=\"150\"><\/div><div class=\"post_navigation-item-arrow\"><\/div><div class=\"post_navigation-item-title\"><span>Hyeonjeong Lee<\/span><\/div><\/a><\/div><\/div><\/div><\/div><\/div><\/div><\/section>\n","protected":false},"excerpt":{"rendered":"COREEA DE SUD 4 ianuarie 1999 Jiyoon Lee s-a n\u0103scut \u00een Seul, Coreea de Sud. A ob\u021binut premiul V la Concursul de Vioar\u0103 Munetsugu Angel \u0219i a fost selectat\u0103 \u00een urma audi\u021biilor pentru concertele Kumho Prodigy \u0219i Kumho Young Artist. De asemenea, a c\u00e2\u0219tigat premiul I la Concursul de Muzic\u0103 Ewha Kyunghyang \u0219i a ob\u021binut...","protected":false},"author":4,"featured_media":4599,"parent":2970,"menu_order":0,"comment_status":"closed","ping_status":"closed","template":"","meta":{"footnotes":""},"class_list":["post-4602","page","type-page","status-publish","has-post-thumbnail","hentry"],"_links":{"self":[{"href":"https:\/\/2024.festivalenescu.ro\/ro\/wp-json\/wp\/v2\/pages\/4602","targetHints":{"allow":["GET"]}}],"collection":[{"href":"https:\/\/2024.festivalenescu.ro\/ro\/wp-json\/wp\/v2\/pages"}],"about":[{"href":"https:\/\/2024.festivalenescu.ro\/ro\/wp-json\/wp\/v2\/types\/page"}],"author":[{"embeddable":true,"href":"https:\/\/2024.festivalenescu.ro\/ro\/wp-json\/wp\/v2\/users\/4"}],"replies":[{"embeddable":true,"href":"https:\/\/2024.festivalenescu.ro\/ro\/wp-json\/wp\/v2\/comments?post=4602"}],"version-history":[{"count":3,"href":"https:\/\/2024.festivalenescu.ro\/ro\/wp-json\/wp\/v2\/pages\/4602\/revisions"}],"predecessor-version":[{"id":5258,"href":"https:\/\/2024.festivalenescu.ro\/ro\/wp-json\/wp\/v2\/pages\/4602\/revisions\/5258"}],"up":[{"embeddable":true,"href":"https:\/\/2024.festivalenescu.ro\/ro\/wp-json\/wp\/v2\/pages\/2970"}],"wp:featuredmedia":[{"embeddable":true,"href":"https:\/\/2024.festivalenescu.ro\/ro\/wp-json\/wp\/v2\/media\/4599"}],"wp:attachment":[{"href":"https:\/\/2024.festivalenescu.ro\/ro\/wp-json\/wp\/v2\/media?parent=4602"}],"curies":[{"name":"wp","href":"https:\/\/api.w.org\/{rel}","templated":true}]}}