{"id":4610,"date":"2024-08-29T11:58:59","date_gmt":"2024-08-29T08:58:59","guid":{"rendered":"https:\/\/concurs.festivalenescu.ro\/?page_id=4610"},"modified":"2024-08-29T23:00:58","modified_gmt":"2024-08-29T20:00:58","slug":"youngjoo-lee","status":"publish","type":"page","link":"https:\/\/2024.festivalenescu.ro\/ro\/concurenti\/sectiunea-vioara\/youngjoo-lee\/","title":{"rendered":"Youngjoo Lee"},"content":{"rendered":"<section class=\"l-section wpb_row height_medium\"><div class=\"l-section-h i-cf\"><div class=\"g-cols vc_row via_flex valign_top type_default stacking_default\"><div class=\"vc_col-sm-6 wpb_column vc_column_container\"><div class=\"vc_column-inner\"><div class=\"wpb_wrapper\"><div class=\"w-hwrapper valign_top align_none\" style=\"--hwrapper-gap:0.2rem\"><\/div><div class=\"wpb_text_column\"><div class=\"wpb_wrapper\"><p><strong>COREEA DE SUD<\/strong><br \/>\n<strong>30 august 1999<\/strong><\/p>\n<p>Youngjoo Lee a \u00eenceput s\u0103 studieze vioara la v\u00e2rsta de 5 ani \u0219i a absolvit Yewon School \u0219i Liceul de Arte din Seul \u00eenainte de a-\u0219i primi diploma de licen\u021b\u0103 la Universitatea Na\u021bional\u0103 din Seul. \u00cen prezent, studiaz\u0103 masteratul \u00een teatru \u0219i media la Universitatea de Muzic\u0103, Teatru \u0219i Media din Hanovra. Youngjoo Lee a ob\u021binut premiul I la competi\u021bii precum Concursul Strad sau Concursul de Muzic\u0103 pentru Tineri Arti\u0219ti din Coreea, precum \u0219i la multe altele, inclusiv Concursul World Times, Concursul Na\u021bional de Muzic\u0103 Yejin, Concursul de Muzic\u0103 al Festivalului de Prim\u0103var\u0103, Concursul Na\u021bional de Muzic\u0103 Yewon, Concursul Korea Daily \u0219i Concursul de Muzic\u0103 Mixtape CBS Mornings. De asemenea, a participat la festivaluri de muzic\u0103 precum Kronberg Academy, Forum Artium, Cursurile de Var\u0103 HMT de la Rostock, Zilele Interna\u021bionale de Concerte Goslar \u0219i Cursurile Muzicale de Var\u0103 Sangrok \u0219i a urmat cursuri de m\u0103iestrie cu Mi-Kyung Lee, Vadim Gluzman, Kyung Sun Lee, Paolo Pandolfo.<\/p>\n<\/div><\/div><div class=\"w-separator size_small\"><\/div><div class=\"w-separator size_small\"><\/div><div class=\"wpb_text_column\"><div class=\"wpb_wrapper\"><p>Etapa I<br \/>\n<strong>Johann Sebastian Bach <\/strong>Adagio \u0219i Fug\u0103 din Sonata nr. 1 \u00een sol minor pentru vioar\u0103 solo, BWV 1001<br \/>\n<strong>Wolfgang Amadeus Mozart <\/strong>Concertul nr. 5 \u00een la major pentru vioar\u0103 \u0219i orchestr\u0103 K. 219 (partea I cu caden\u021b\u0103)<br \/>\n<strong>Niccol\u00f2 Paganini <\/strong>Capriciul \u00een sol minor op. 1 nr. 10<\/p>\n<p>Etapa a II-a<br \/>\n<strong>Vlad Maistorovici <\/strong><em>B.A.C.H.<\/em>, Passacaglia pentru vioar\u0103 solo<br \/>\n<strong>Ludwig van Beethoven <\/strong>Sonata nr. 7 \u00een do minor pentru vioar\u0103 \u0219i pian op. 30<br \/>\n<strong>Eug\u00e8ne Ysa\u00ffe <\/strong>Capriciu dup\u0103 un studiu \u00een form\u0103 de vals de Saint-Sa\u00ebns<\/p>\n<p>Semifinala<br \/>\n<strong>George Enescu <\/strong><em>L\u0103utarul <\/em>din Suita <em>Impresii din Copil\u0103rie <\/em>op. 28<br \/>\n<strong>Johannes Brahms <\/strong>Sonata nr. 3 \u00een re minor pentru vioar\u0103 \u0219i pian op. 108<br \/>\n<strong>George Enescu <\/strong>Sonata nr. 3 \u00een la minor pentru vioar\u0103 \u0219i pian op. 25, \u201e\u00een caracter popular rom\u00e2nesc\u201d<br \/>\n<strong>Henryk Wieniawski <\/strong><em>Fantezia Faust <\/em>op. 20<\/p>\n<p>Finala<br \/>\n<strong>Jean Sibelius <\/strong>Concertul \u00een re minor pentru vioar\u0103 \u0219i orchestr\u0103 op. 47<\/p>\n<\/div><\/div><\/div><\/div><\/div><div class=\"vc_col-sm-6 wpb_column vc_column_container\"><div class=\"vc_column-inner\"><div class=\"wpb_wrapper\"><div class=\"w-ibanner animation_phorcys ratio_1x1 easing_easeInOutCirc\"><div class=\"w-ibanner-h\"><div class=\"w-ibanner-image\" style=\"background-image: url(https:\/\/2024.festivalenescu.ro\/wp-content\/uploads\/2024\/08\/Lee-Youngjoo-2.jpeg)\"><\/div><div class=\"w-ibanner-content\"><div class=\"w-ibanner-content-h\"><h2 class=\"w-ibanner-title\"><\/h2><div class=\"w-ibanner-desc\"><\/div><\/div><\/div><\/div><\/div><\/div><\/div><\/div><\/div><\/div><\/section><section class=\"l-section wpb_row height_medium\"><div class=\"l-section-h i-cf\"><div class=\"g-cols vc_row via_flex valign_top type_default stacking_default\"><div class=\"vc_col-sm-12 wpb_column vc_column_container\"><div class=\"vc_column-inner\"><div class=\"wpb_wrapper\"><div class=\"wpb_text_column\"><div class=\"wpb_wrapper\"><p>Share:<\/p>\n<\/div><\/div><div class=\"w-sharing type_simple align_none color_default\"><div class=\"w-sharing-list\"><a class=\"w-sharing-item email\" href=\"mailto:?subject=Youngjoo Lee&amp;body=https:\/\/2024.festivalenescu.ro\/ro\/wp-json\/wp\/v2\/pages\/4610\" title=\"Email this\" aria-label=\"Email this\"><i class=\"fas fa-envelope\"><\/i><\/a><a class=\"w-sharing-item facebook\" href=\"https:\/\/www.facebook.com\/sharer\/sharer.php?u=https:\/\/2024.festivalenescu.ro\/ro\/wp-json\/wp\/v2\/pages\/4610&amp;quote=Youngjoo Lee\" title=\"Share this\" aria-label=\"Share this\" onclick=\"window.open(this.href, &quot;facebook&quot;, &quot;toolbar=0,width=900,height=500&quot;); return false;\"><i class=\"fab fa-facebook\"><\/i><\/a><a class=\"w-sharing-item twitter\" href=\"https:\/\/twitter.com\/intent\/tweet?text=Youngjoo Lee&amp;url=https:\/\/2024.festivalenescu.ro\/ro\/wp-json\/wp\/v2\/pages\/4610\" title=\"Tweet this\" aria-label=\"Tweet this\" onclick=\"window.open(this.href, &quot;twitter&quot;, &quot;toolbar=0,width=650,height=360&quot;); return false;\"><i class=\"fab fa-x-twitter\"><svg style=\"width:1em; margin-bottom:-.1em;\" xmlns=\"http:\/\/www.w3.org\/2000\/svg\" viewBox=\"0 0 512 512\"><path fill=\"currentColor\" d=\"M389.2 48h70.6L305.6 224.2 487 464H345L233.7 318.6 106.5 464H35.8L200.7 275.5 26.8 48H172.4L272.9 180.9 389.2 48zM364.4 421.8h39.1L151.1 88h-42L364.4 421.8z\"\/><\/svg><\/i><\/a><a class=\"w-sharing-item linkedin\" href=\"https:\/\/www.linkedin.com\/shareArticle?mini=true&amp;url=https:\/\/2024.festivalenescu.ro\/ro\/wp-json\/wp\/v2\/pages\/4610\" title=\"Share this\" aria-label=\"Share this\" onclick=\"window.open(this.href, &quot;linkedin&quot;, &quot;toolbar=no,width=550,height=550&quot;); return false;\"><i class=\"fab fa-linkedin\"><\/i><\/a><a class=\"w-sharing-item whatsapp\" href=\"https:\/\/web.whatsapp.com\/send?text=Youngjoo Lee https:\/\/2024.festivalenescu.ro\/ro\/wp-json\/wp\/v2\/pages\/4610\" title=\"Share this\" aria-label=\"Share this\" onclick=\"window.open(this.href, &quot;whatsapp&quot;, &quot;toolbar=0,width=900,height=500&quot;); return false;\"><i class=\"fab fa-whatsapp\"><\/i><\/a><a class=\"w-sharing-item reddit\" href=\"https:\/\/www.reddit.com\/submit?url=https:\/\/2024.festivalenescu.ro\/ro\/wp-json\/wp\/v2\/pages\/4610&amp;title=Youngjoo Lee\" title=\"Share this\" aria-label=\"Share this\" onclick=\"window.open(this.href, &quot;reddit&quot;, &quot;toolbar=no,width=900,height=500&quot;); return false;\"><i class=\"fab fa-reddit\"><\/i><\/a><a class=\"w-sharing-item telegram\" href=\"https:\/\/t.me\/share\/url?url=https:\/\/2024.festivalenescu.ro\/ro\/wp-json\/wp\/v2\/pages\/4610&amp;text=Youngjoo Lee\" title=\"Share this\" aria-label=\"Share this\" onclick=\"window.open(this.href, &quot;telegram&quot;, &quot;toolbar=no,width=600,height=450&quot;); return false;\"><i class=\"fab fa-telegram\"><\/i><\/a><\/div><\/div><div class=\"w-post-elm post_navigation layout_sided inv_false\"><a class=\"post_navigation-item order_first to_prev\" href=\"https:\/\/2024.festivalenescu.ro\/ro\/concurenti\/sectiunea-vioara\/sarah-ying-ma\/\" title=\"Sarah Ying Ma\"><div class=\"post_navigation-item-img\"><img decoding=\"async\" src=\"https:\/\/2024.festivalenescu.ro\/wp-content\/uploads\/2024\/08\/Ma-Sarah-Ying-2-900x665.jpg\" loading=\"lazy\" alt=\"\" width=\"150\" height=\"150\"><\/div><div class=\"post_navigation-item-arrow\"><\/div><div class=\"post_navigation-item-title\"><span>Sarah Ying Ma<\/span><\/div><\/a><a class=\"post_navigation-item order_second to_next\" href=\"https:\/\/2024.festivalenescu.ro\/ro\/concurenti\/sectiunea-vioara\/jiyoon-lee\/\" title=\"Jiyoon Lee\"><div class=\"post_navigation-item-img\"><img decoding=\"async\" src=\"https:\/\/2024.festivalenescu.ro\/wp-content\/uploads\/2024\/08\/Lee-Jiyoon-2-900x600.jpg\" loading=\"lazy\" alt=\"\" width=\"150\" height=\"150\"><\/div><div class=\"post_navigation-item-arrow\"><\/div><div class=\"post_navigation-item-title\"><span>Jiyoon Lee<\/span><\/div><\/a><\/div><\/div><\/div><\/div><\/div><\/div><\/section>\n","protected":false},"excerpt":{"rendered":"COREEA DE SUD 30 august 1999 Youngjoo Lee a \u00eenceput s\u0103 studieze vioara la v\u00e2rsta de 5 ani \u0219i a absolvit Yewon School \u0219i Liceul de Arte din Seul \u00eenainte de a-\u0219i primi diploma de licen\u021b\u0103 la Universitatea Na\u021bional\u0103 din Seul. \u00cen prezent, studiaz\u0103 masteratul \u00een teatru \u0219i media la Universitatea de Muzic\u0103, Teatru \u0219i...","protected":false},"author":4,"featured_media":4607,"parent":2970,"menu_order":0,"comment_status":"closed","ping_status":"closed","template":"","meta":{"footnotes":""},"class_list":["post-4610","page","type-page","status-publish","has-post-thumbnail","hentry"],"_links":{"self":[{"href":"https:\/\/2024.festivalenescu.ro\/ro\/wp-json\/wp\/v2\/pages\/4610","targetHints":{"allow":["GET"]}}],"collection":[{"href":"https:\/\/2024.festivalenescu.ro\/ro\/wp-json\/wp\/v2\/pages"}],"about":[{"href":"https:\/\/2024.festivalenescu.ro\/ro\/wp-json\/wp\/v2\/types\/page"}],"author":[{"embeddable":true,"href":"https:\/\/2024.festivalenescu.ro\/ro\/wp-json\/wp\/v2\/users\/4"}],"replies":[{"embeddable":true,"href":"https:\/\/2024.festivalenescu.ro\/ro\/wp-json\/wp\/v2\/comments?post=4610"}],"version-history":[{"count":3,"href":"https:\/\/2024.festivalenescu.ro\/ro\/wp-json\/wp\/v2\/pages\/4610\/revisions"}],"predecessor-version":[{"id":5304,"href":"https:\/\/2024.festivalenescu.ro\/ro\/wp-json\/wp\/v2\/pages\/4610\/revisions\/5304"}],"up":[{"embeddable":true,"href":"https:\/\/2024.festivalenescu.ro\/ro\/wp-json\/wp\/v2\/pages\/2970"}],"wp:featuredmedia":[{"embeddable":true,"href":"https:\/\/2024.festivalenescu.ro\/ro\/wp-json\/wp\/v2\/media\/4607"}],"wp:attachment":[{"href":"https:\/\/2024.festivalenescu.ro\/ro\/wp-json\/wp\/v2\/media?parent=4610"}],"curies":[{"name":"wp","href":"https:\/\/api.w.org\/{rel}","templated":true}]}}