{"id":4648,"date":"2024-08-29T11:39:23","date_gmt":"2024-08-29T08:39:23","guid":{"rendered":"https:\/\/concurs.festivalenescu.ro\/?page_id=4648"},"modified":"2024-08-29T22:44:41","modified_gmt":"2024-08-29T19:44:41","slug":"masaki-morishita","status":"publish","type":"page","link":"https:\/\/2024.festivalenescu.ro\/ro\/concurenti\/sectiunea-vioara\/masaki-morishita\/","title":{"rendered":"Masaki Morishita"},"content":{"rendered":"<section class=\"l-section wpb_row height_medium\"><div class=\"l-section-h i-cf\"><div class=\"g-cols vc_row via_flex valign_top type_default stacking_default\"><div class=\"vc_col-sm-6 wpb_column vc_column_container\"><div class=\"vc_column-inner\"><div class=\"wpb_wrapper\"><div class=\"w-hwrapper valign_top align_none\" style=\"--hwrapper-gap:0.2rem\"><\/div><div class=\"wpb_text_column\"><div class=\"wpb_wrapper\"><p><strong>JAPONIA<\/strong><br \/>\n<strong>24 iulie 2001<\/strong><\/p>\n<p>Masaki Morishita \u0219i-a \u00eenceput cariera muzical\u0103 la Liceul de Muzic\u0103 Toho Gakuen din Japonia, sub \u00eendrumarea lui Yumino Toyoda. A continuat s\u0103 exploreze repertoriile de muzic\u0103 de camer\u0103, \u00een special cvartetele de coarde, cu mae\u0219tri precum Nobuko Yamazaki, Kazuhide Isomura \u0219i Kazuoki Fujii. La v\u00e2rsta de 16 ani, ansamblul s\u0103u a fost selectat pentru a participa la concerte de nivel \u00eenalt, devenind cel mai t\u00e2n\u0103r grup care a participat la aceste evenimente prestigioase.<br \/>\n\u00cen 2020 a intrat la Conservatorul Na\u021bional Superior de Muzic\u0103 \u0219i Dans din Paris, unde a studiat cu Olivier Charlier \u0219i Joanna Matkowska. \u00cen prezent, studiaz\u0103 masterul \u00een cadrul acelea\u0219i institu\u021bii cu Olivier Charlier, Pierre Fouchenneret \u0219i Mi-Sa Yang.<br \/>\nDe asemenea, Masaki Morishita \u0219i-a extins repertoriul pentru a include lucr\u0103ri contemporane, \u00een special cu Hae-Sun Kang. \u00cen 2024, a fost selectat \u00een cadrul Academiei Orchestrei Filarmonice Radio France la Festivalul Radio France Occitanie Montpellier.<\/p>\n<\/div><\/div><div class=\"w-separator size_small\"><\/div><div class=\"w-separator size_small\"><\/div><div class=\"wpb_text_column\"><div class=\"wpb_wrapper\"><p>Etapa I<br \/>\n<strong>Johann Sebastian Bach <\/strong>Adagio \u0219i Fug\u0103 din Sonata nr. 1 \u00een sol minor pentru vioar\u0103 solo, BWV 1001<br \/>\n<strong>Wolfgang Amadeus Mozart <\/strong>Concertul nr. 4 \u00een re major pentru vioar\u0103 \u0219i orchestr\u0103 K. 218 (partea I cu caden\u021b\u0103)<br \/>\n<strong>Niccol\u00f2 Paganini <\/strong>Capriciul \u00een do minor op. 1 nr. 4<\/p>\n<p>Etapa a II-a<br \/>\n<strong>Vlad Maistorovici <\/strong><em>B.A.C.H.<\/em>, Passacaglia pentru vioar\u0103 solo<br \/>\n<strong>Ludwig van Beethoven <\/strong>Sonata nr. 3 \u00een mi bemol major pentru vioar\u0103 \u0219i pian op. 12<br \/>\n<strong>B\u00e9la Bart\u00f3k <\/strong>Sonata pentru vioar\u0103 solo Sz. 117<\/p>\n<p>Semifinala<br \/>\n<strong>George Enescu <\/strong><em>L\u0103utarul <\/em>din Suita <em>Impresii din Copil\u0103rie <\/em>op. 28<br \/>\n<strong>Serghei Prokofiev <\/strong>Sonata nr. 1 \u00een fa minor pentru vioar\u0103 \u0219i pian op. 80<br \/>\n<strong>George Enescu <\/strong>Sonata nr. 2 \u00een fa minor pentru vioar\u0103 \u0219i pian op. 6<br \/>\n<strong>Camille Saint-Sa\u00ebns <\/strong><em>Introducere<\/em> \u0219i <em>Rondo Capriccioso<\/em> \u00een la minor op. 28<\/p>\n<p>Finala<br \/>\n<strong>Anton\u00edn Dvo\u0159\u00e1k <\/strong>Concertul \u00een la minor pentru vioar\u0103 \u0219i orchestr\u0103 op. 53<\/p>\n<\/div><\/div><\/div><\/div><\/div><div class=\"vc_col-sm-6 wpb_column vc_column_container\"><div class=\"vc_column-inner\"><div class=\"wpb_wrapper\"><div class=\"w-ibanner animation_phorcys ratio_1x1 easing_easeInOutCirc\"><div class=\"w-ibanner-h\"><div class=\"w-ibanner-image\" style=\"background-image: url(https:\/\/2024.festivalenescu.ro\/wp-content\/uploads\/2024\/08\/Morishita-Masaki-1.jpg)\"><\/div><div class=\"w-ibanner-content\"><div class=\"w-ibanner-content-h\"><h2 class=\"w-ibanner-title\"><\/h2><div class=\"w-ibanner-desc\"><\/div><\/div><\/div><\/div><\/div><\/div><\/div><\/div><\/div><\/div><\/section><section class=\"l-section wpb_row height_medium\"><div class=\"l-section-h i-cf\"><div class=\"g-cols vc_row via_flex valign_top type_default stacking_default\"><div class=\"vc_col-sm-12 wpb_column vc_column_container\"><div class=\"vc_column-inner\"><div class=\"wpb_wrapper\"><div class=\"wpb_text_column\"><div class=\"wpb_wrapper\"><p>Share:<\/p>\n<\/div><\/div><div class=\"w-sharing type_simple align_none color_default\"><div class=\"w-sharing-list\"><a class=\"w-sharing-item email\" href=\"mailto:?subject=Masaki Morishita&amp;body=https:\/\/2024.festivalenescu.ro\/ro\/wp-json\/wp\/v2\/pages\/4648\" title=\"Email this\" aria-label=\"Email this\"><i class=\"fas fa-envelope\"><\/i><\/a><a class=\"w-sharing-item facebook\" href=\"https:\/\/www.facebook.com\/sharer\/sharer.php?u=https:\/\/2024.festivalenescu.ro\/ro\/wp-json\/wp\/v2\/pages\/4648&amp;quote=Masaki Morishita\" title=\"Share this\" aria-label=\"Share this\" onclick=\"window.open(this.href, &quot;facebook&quot;, &quot;toolbar=0,width=900,height=500&quot;); return false;\"><i class=\"fab fa-facebook\"><\/i><\/a><a class=\"w-sharing-item twitter\" href=\"https:\/\/twitter.com\/intent\/tweet?text=Masaki Morishita&amp;url=https:\/\/2024.festivalenescu.ro\/ro\/wp-json\/wp\/v2\/pages\/4648\" title=\"Tweet this\" aria-label=\"Tweet this\" onclick=\"window.open(this.href, &quot;twitter&quot;, &quot;toolbar=0,width=650,height=360&quot;); return false;\"><i class=\"fab fa-x-twitter\"><svg style=\"width:1em; margin-bottom:-.1em;\" xmlns=\"http:\/\/www.w3.org\/2000\/svg\" viewBox=\"0 0 512 512\"><path fill=\"currentColor\" d=\"M389.2 48h70.6L305.6 224.2 487 464H345L233.7 318.6 106.5 464H35.8L200.7 275.5 26.8 48H172.4L272.9 180.9 389.2 48zM364.4 421.8h39.1L151.1 88h-42L364.4 421.8z\"\/><\/svg><\/i><\/a><a class=\"w-sharing-item linkedin\" href=\"https:\/\/www.linkedin.com\/shareArticle?mini=true&amp;url=https:\/\/2024.festivalenescu.ro\/ro\/wp-json\/wp\/v2\/pages\/4648\" title=\"Share this\" aria-label=\"Share this\" onclick=\"window.open(this.href, &quot;linkedin&quot;, &quot;toolbar=no,width=550,height=550&quot;); return false;\"><i class=\"fab fa-linkedin\"><\/i><\/a><a class=\"w-sharing-item whatsapp\" href=\"https:\/\/web.whatsapp.com\/send?text=Masaki Morishita https:\/\/2024.festivalenescu.ro\/ro\/wp-json\/wp\/v2\/pages\/4648\" title=\"Share this\" aria-label=\"Share this\" onclick=\"window.open(this.href, &quot;whatsapp&quot;, &quot;toolbar=0,width=900,height=500&quot;); return false;\"><i class=\"fab fa-whatsapp\"><\/i><\/a><a class=\"w-sharing-item reddit\" href=\"https:\/\/www.reddit.com\/submit?url=https:\/\/2024.festivalenescu.ro\/ro\/wp-json\/wp\/v2\/pages\/4648&amp;title=Masaki Morishita\" title=\"Share this\" aria-label=\"Share this\" onclick=\"window.open(this.href, &quot;reddit&quot;, &quot;toolbar=no,width=900,height=500&quot;); return false;\"><i class=\"fab fa-reddit\"><\/i><\/a><a class=\"w-sharing-item telegram\" href=\"https:\/\/t.me\/share\/url?url=https:\/\/2024.festivalenescu.ro\/ro\/wp-json\/wp\/v2\/pages\/4648&amp;text=Masaki Morishita\" title=\"Share this\" aria-label=\"Share this\" onclick=\"window.open(this.href, &quot;telegram&quot;, &quot;toolbar=no,width=600,height=450&quot;); return false;\"><i class=\"fab fa-telegram\"><\/i><\/a><\/div><\/div><div class=\"w-post-elm post_navigation layout_sided inv_false\"><a class=\"post_navigation-item order_first to_prev\" href=\"https:\/\/2024.festivalenescu.ro\/ro\/concurenti\/sectiunea-vioara\/mitsuki-nakajima\/\" title=\"Mitsuki Nakajima\"><div class=\"post_navigation-item-img\"><img decoding=\"async\" src=\"https:\/\/2024.festivalenescu.ro\/wp-content\/uploads\/2024\/08\/Nakajima-Mitsuki-731x900.jpg\" loading=\"lazy\" alt=\"\" width=\"150\" height=\"150\"><\/div><div class=\"post_navigation-item-arrow\"><\/div><div class=\"post_navigation-item-title\"><span>Mitsuki Nakajima<\/span><\/div><\/a><a class=\"post_navigation-item order_second to_next\" href=\"https:\/\/2024.festivalenescu.ro\/ro\/concurenti\/sectiunea-vioara\/seina-matsuoka\/\" title=\"Seina Matsuoka\"><div class=\"post_navigation-item-img\"><img decoding=\"async\" src=\"https:\/\/2024.festivalenescu.ro\/wp-content\/uploads\/2024\/08\/Matsuoka-Seina-2-900x859.jpg\" loading=\"lazy\" alt=\"\" width=\"150\" height=\"150\"><\/div><div class=\"post_navigation-item-arrow\"><\/div><div class=\"post_navigation-item-title\"><span>Seina Matsuoka<\/span><\/div><\/a><\/div><\/div><\/div><\/div><\/div><\/div><\/section>\n","protected":false},"excerpt":{"rendered":"JAPONIA 24 iulie 2001 Masaki Morishita \u0219i-a \u00eenceput cariera muzical\u0103 la Liceul de Muzic\u0103 Toho Gakuen din Japonia, sub \u00eendrumarea lui Yumino Toyoda. A continuat s\u0103 exploreze repertoriile de muzic\u0103 de camer\u0103, \u00een special cvartetele de coarde, cu mae\u0219tri precum Nobuko Yamazaki, Kazuhide Isomura \u0219i Kazuoki Fujii. La v\u00e2rsta de 16 ani, ansamblul s\u0103u a...","protected":false},"author":4,"featured_media":4645,"parent":2970,"menu_order":0,"comment_status":"closed","ping_status":"closed","template":"","meta":{"footnotes":""},"class_list":["post-4648","page","type-page","status-publish","has-post-thumbnail","hentry"],"_links":{"self":[{"href":"https:\/\/2024.festivalenescu.ro\/ro\/wp-json\/wp\/v2\/pages\/4648","targetHints":{"allow":["GET"]}}],"collection":[{"href":"https:\/\/2024.festivalenescu.ro\/ro\/wp-json\/wp\/v2\/pages"}],"about":[{"href":"https:\/\/2024.festivalenescu.ro\/ro\/wp-json\/wp\/v2\/types\/page"}],"author":[{"embeddable":true,"href":"https:\/\/2024.festivalenescu.ro\/ro\/wp-json\/wp\/v2\/users\/4"}],"replies":[{"embeddable":true,"href":"https:\/\/2024.festivalenescu.ro\/ro\/wp-json\/wp\/v2\/comments?post=4648"}],"version-history":[{"count":3,"href":"https:\/\/2024.festivalenescu.ro\/ro\/wp-json\/wp\/v2\/pages\/4648\/revisions"}],"predecessor-version":[{"id":5272,"href":"https:\/\/2024.festivalenescu.ro\/ro\/wp-json\/wp\/v2\/pages\/4648\/revisions\/5272"}],"up":[{"embeddable":true,"href":"https:\/\/2024.festivalenescu.ro\/ro\/wp-json\/wp\/v2\/pages\/2970"}],"wp:featuredmedia":[{"embeddable":true,"href":"https:\/\/2024.festivalenescu.ro\/ro\/wp-json\/wp\/v2\/media\/4645"}],"wp:attachment":[{"href":"https:\/\/2024.festivalenescu.ro\/ro\/wp-json\/wp\/v2\/media?parent=4648"}],"curies":[{"name":"wp","href":"https:\/\/api.w.org\/{rel}","templated":true}]}}