{"id":4682,"date":"2024-08-29T11:32:49","date_gmt":"2024-08-29T08:32:49","guid":{"rendered":"https:\/\/concurs.festivalenescu.ro\/?page_id=4682"},"modified":"2024-08-29T22:43:57","modified_gmt":"2024-08-29T19:43:57","slug":"margaryta-pochebut","status":"publish","type":"page","link":"https:\/\/2024.festivalenescu.ro\/ro\/concurenti\/sectiunea-vioara\/margaryta-pochebut\/","title":{"rendered":"Margaryta Pochebut"},"content":{"rendered":"<section class=\"l-section wpb_row height_medium\"><div class=\"l-section-h i-cf\"><div class=\"g-cols vc_row via_flex valign_top type_default stacking_default\"><div class=\"vc_col-sm-6 wpb_column vc_column_container\"><div class=\"vc_column-inner\"><div class=\"wpb_wrapper\"><div class=\"w-hwrapper valign_top align_none\" style=\"--hwrapper-gap:0.2rem\"><\/div><div class=\"wpb_text_column\"><div class=\"wpb_wrapper\"><p><strong>UCRAINA<\/strong><br \/>\n<strong>31 august 2010<\/strong><\/p>\n<p>Margaryta Pochebut s-a n\u0103scut \u00een Kharkiv, Ucraina. C\u0103l\u0103toria ei muzical\u0103 a \u00eenceput la v\u00e2rsta de 6 ani, c\u00e2nd a intrat la o \u0219coal\u0103 pentru copii talenta\u021bi din Kiev \u00een 2016. \u00cen prezent, studiaz\u0103 la Liceul de Stat de Muzic\u0103 Lysenko din Kiev \u0219i la Academia Interna\u021bional\u0103 de Muzic\u0103 Menuhin din Elve\u021bia. \u00cen 2016 \u0219i-a f\u0103cut debutul ca solist\u0103 cu orchestra \u0219i a participat la Concursul Interna\u021bional de Vioar\u0103 Mischa Elman, unde a c\u00e2\u0219tigat marele premiu. \u00cen decursul carierei sale, Margaryta Pochebut a c\u00e2ntat \u00een s\u0103li de concert renumite din Ucraina, Italia, Fran\u021ba, Croa\u021bia, Elve\u021bia, Austria, Republica Ceh\u0103, Slovacia.<br \/>\nEste laureat\u0103 a mai mult de 10 competi\u021bii interna\u021bionale prestigioase, inclusiv Concursul Interna\u021bional de Muzic\u0103 pentru Juniori Ysa\u00ffe, Concursul de Vioar\u0103 din Astana, Concursul Interna\u021bional pentru Tineri Violoni\u0219ti Il Piccolo Violino Magico, Concursul Interna\u021bional de Vioar\u0103 pentru Tineri Violoni\u0219ti Louis Spohr, Concertino Praga.<br \/>\n\u00cen paralel, interpreteaz\u0103 muzic\u0103 de camer\u0103 \u00eempreun\u0103 cu sora sa, pianista Yelizaveta Pochebut. Margaryta Pochebut c\u00e2nt\u0103 pe o vioar\u0103 semnat\u0103 de Lorenzo Storioni, fabricat\u0103 la Cremona \u00een 1784, \u00eemprumutat\u0103 cu generozitate de Societatea Stretton.<\/p>\n<\/div><\/div><div class=\"w-separator size_small\"><\/div><div class=\"w-separator size_small\"><\/div><div class=\"wpb_text_column\"><div class=\"wpb_wrapper\"><p>Etapa I<br \/>\n<strong>Johann Sebastian Bach <\/strong>Adagio \u0219i Fug\u0103 din Sonata nr. 1 \u00een sol minor pentru vioar\u0103 solo, BWV 1001<br \/>\n<strong>Wolfgang Amadeus Mozart <\/strong>Concertul nr. 3 \u00een sol major pentru vioar\u0103 \u0219i orchestr\u0103 K. 216 (partea I cu caden\u021b\u0103)<br \/>\n<strong>Niccol\u00f2 Paganini <\/strong>Capriciul \u00een sol minor op. 1 nr. 10<\/p>\n<p>Etapa a II-a<br \/>\n<strong>Vlad Maistorovici <\/strong><em>B.A.C.H.<\/em>, Passacaglia pentru vioar\u0103 solo<br \/>\n<strong>Ludwig van Beethoven <\/strong>Sonata nr. 4 \u00een la minor pentru vioar\u0103 \u0219i pian op. 23<br \/>\n<strong>Eug\u00e8ne Ysa\u00ffe <\/strong>Sonata nr. 3 \u00een re minor pentru vioar\u0103 solo op. 27, <em>Balada<\/em><\/p>\n<p>Semifinala<br \/>\n<strong>George Enescu <\/strong><em>L\u0103utarul <\/em>din Suita <em>Impresii din Copil\u0103rie <\/em>op. 28<br \/>\n<strong>Edvard Grieg <\/strong>Sonata nr. 3 \u00een do minor pentru vioar\u0103 \u0219i pian op. 45<br \/>\n<strong>George Enescu <\/strong>Sonata nr. 2 \u00een fa minor pentru vioar\u0103 \u0219i pian op. 6<br \/>\n<strong>Henryk Wieniawski <\/strong>Varia\u021biuni pe o tem\u0103 original\u0103 op. 15<\/p>\n<p>Finala<br \/>\n<strong>Camille Saint-Sa\u00ebns <\/strong>Concertul nr. 3 \u00een si minor pentru vioar\u0103 \u0219i orchestr\u0103 op. 61<\/p>\n<\/div><\/div><\/div><\/div><\/div><div class=\"vc_col-sm-6 wpb_column vc_column_container\"><div class=\"vc_column-inner\"><div class=\"wpb_wrapper\"><div class=\"w-ibanner animation_phorcys ratio_1x1 easing_easeInOutCirc\"><div class=\"w-ibanner-h\"><div class=\"w-ibanner-image\" style=\"background-image: url(https:\/\/2024.festivalenescu.ro\/wp-content\/uploads\/2024\/08\/Pochebut-Margaryta-1-scaled.jpg)\"><\/div><div class=\"w-ibanner-content\"><div class=\"w-ibanner-content-h\"><h2 class=\"w-ibanner-title\"><\/h2><div class=\"w-ibanner-desc\"><\/div><\/div><\/div><\/div><\/div><\/div><\/div><\/div><\/div><\/div><\/section><section class=\"l-section wpb_row height_medium\"><div class=\"l-section-h i-cf\"><div class=\"g-cols vc_row via_flex valign_top type_default stacking_default\"><div class=\"vc_col-sm-12 wpb_column vc_column_container\"><div class=\"vc_column-inner\"><div class=\"wpb_wrapper\"><div class=\"wpb_text_column\"><div class=\"wpb_wrapper\"><p>Share:<\/p>\n<\/div><\/div><div class=\"w-sharing type_simple align_none color_default\"><div class=\"w-sharing-list\"><a class=\"w-sharing-item email\" href=\"mailto:?subject=Margaryta Pochebut&amp;body=https:\/\/2024.festivalenescu.ro\/ro\/wp-json\/wp\/v2\/pages\/4682\" title=\"Email this\" aria-label=\"Email this\"><i class=\"fas fa-envelope\"><\/i><\/a><a class=\"w-sharing-item facebook\" href=\"https:\/\/www.facebook.com\/sharer\/sharer.php?u=https:\/\/2024.festivalenescu.ro\/ro\/wp-json\/wp\/v2\/pages\/4682&amp;quote=Margaryta Pochebut\" title=\"Share this\" aria-label=\"Share this\" onclick=\"window.open(this.href, &quot;facebook&quot;, &quot;toolbar=0,width=900,height=500&quot;); return false;\"><i class=\"fab fa-facebook\"><\/i><\/a><a class=\"w-sharing-item twitter\" href=\"https:\/\/twitter.com\/intent\/tweet?text=Margaryta Pochebut&amp;url=https:\/\/2024.festivalenescu.ro\/ro\/wp-json\/wp\/v2\/pages\/4682\" title=\"Tweet this\" aria-label=\"Tweet this\" onclick=\"window.open(this.href, &quot;twitter&quot;, &quot;toolbar=0,width=650,height=360&quot;); return false;\"><i class=\"fab fa-x-twitter\"><svg style=\"width:1em; margin-bottom:-.1em;\" xmlns=\"http:\/\/www.w3.org\/2000\/svg\" viewBox=\"0 0 512 512\"><path fill=\"currentColor\" d=\"M389.2 48h70.6L305.6 224.2 487 464H345L233.7 318.6 106.5 464H35.8L200.7 275.5 26.8 48H172.4L272.9 180.9 389.2 48zM364.4 421.8h39.1L151.1 88h-42L364.4 421.8z\"\/><\/svg><\/i><\/a><a class=\"w-sharing-item linkedin\" href=\"https:\/\/www.linkedin.com\/shareArticle?mini=true&amp;url=https:\/\/2024.festivalenescu.ro\/ro\/wp-json\/wp\/v2\/pages\/4682\" title=\"Share this\" aria-label=\"Share this\" onclick=\"window.open(this.href, &quot;linkedin&quot;, &quot;toolbar=no,width=550,height=550&quot;); return false;\"><i class=\"fab fa-linkedin\"><\/i><\/a><a class=\"w-sharing-item whatsapp\" href=\"https:\/\/web.whatsapp.com\/send?text=Margaryta Pochebut https:\/\/2024.festivalenescu.ro\/ro\/wp-json\/wp\/v2\/pages\/4682\" title=\"Share this\" aria-label=\"Share this\" onclick=\"window.open(this.href, &quot;whatsapp&quot;, &quot;toolbar=0,width=900,height=500&quot;); return false;\"><i class=\"fab fa-whatsapp\"><\/i><\/a><a class=\"w-sharing-item reddit\" href=\"https:\/\/www.reddit.com\/submit?url=https:\/\/2024.festivalenescu.ro\/ro\/wp-json\/wp\/v2\/pages\/4682&amp;title=Margaryta Pochebut\" title=\"Share this\" aria-label=\"Share this\" onclick=\"window.open(this.href, &quot;reddit&quot;, &quot;toolbar=no,width=900,height=500&quot;); return false;\"><i class=\"fab fa-reddit\"><\/i><\/a><a class=\"w-sharing-item telegram\" href=\"https:\/\/t.me\/share\/url?url=https:\/\/2024.festivalenescu.ro\/ro\/wp-json\/wp\/v2\/pages\/4682&amp;text=Margaryta Pochebut\" title=\"Share this\" aria-label=\"Share this\" onclick=\"window.open(this.href, &quot;telegram&quot;, &quot;toolbar=no,width=600,height=450&quot;); return false;\"><i class=\"fab fa-telegram\"><\/i><\/a><\/div><\/div><div class=\"w-post-elm post_navigation layout_sided inv_false\"><a class=\"post_navigation-item order_first to_prev\" href=\"https:\/\/2024.festivalenescu.ro\/ro\/concurenti\/sectiunea-vioara\/darius-preuss\/\" title=\"Darius Preuss\"><div class=\"post_navigation-item-img\"><img decoding=\"async\" src=\"https:\/\/2024.festivalenescu.ro\/wp-content\/uploads\/2024\/08\/Preuss-Darius-1-900x803.jpeg\" loading=\"lazy\" alt=\"\" width=\"150\" height=\"150\"><\/div><div class=\"post_navigation-item-arrow\"><\/div><div class=\"post_navigation-item-title\"><span>Darius Preuss<\/span><\/div><\/a><a class=\"post_navigation-item order_second to_next\" href=\"https:\/\/2024.festivalenescu.ro\/ro\/concurenti\/sectiunea-vioara\/francesco-papa\/\" title=\"Francesco Papa\"><div class=\"post_navigation-item-img\"><img decoding=\"async\" src=\"https:\/\/2024.festivalenescu.ro\/wp-content\/uploads\/2024\/08\/Papa-Francesco-1-834x900.jpg\" loading=\"lazy\" alt=\"\" width=\"150\" height=\"150\"><\/div><div class=\"post_navigation-item-arrow\"><\/div><div class=\"post_navigation-item-title\"><span>Francesco Papa<\/span><\/div><\/a><\/div><\/div><\/div><\/div><\/div><\/div><\/section>\n","protected":false},"excerpt":{"rendered":"UCRAINA 31 august 2010 Margaryta Pochebut s-a n\u0103scut \u00een Kharkiv, Ucraina. C\u0103l\u0103toria ei muzical\u0103 a \u00eenceput la v\u00e2rsta de 6 ani, c\u00e2nd a intrat la o \u0219coal\u0103 pentru copii talenta\u021bi din Kiev \u00een 2016. \u00cen prezent, studiaz\u0103 la Liceul de Stat de Muzic\u0103 Lysenko din Kiev \u0219i la Academia Interna\u021bional\u0103 de Muzic\u0103 Menuhin din Elve\u021bia....","protected":false},"author":4,"featured_media":4679,"parent":2970,"menu_order":0,"comment_status":"closed","ping_status":"closed","template":"","meta":{"footnotes":""},"class_list":["post-4682","page","type-page","status-publish","has-post-thumbnail","hentry"],"_links":{"self":[{"href":"https:\/\/2024.festivalenescu.ro\/ro\/wp-json\/wp\/v2\/pages\/4682","targetHints":{"allow":["GET"]}}],"collection":[{"href":"https:\/\/2024.festivalenescu.ro\/ro\/wp-json\/wp\/v2\/pages"}],"about":[{"href":"https:\/\/2024.festivalenescu.ro\/ro\/wp-json\/wp\/v2\/types\/page"}],"author":[{"embeddable":true,"href":"https:\/\/2024.festivalenescu.ro\/ro\/wp-json\/wp\/v2\/users\/4"}],"replies":[{"embeddable":true,"href":"https:\/\/2024.festivalenescu.ro\/ro\/wp-json\/wp\/v2\/comments?post=4682"}],"version-history":[{"count":3,"href":"https:\/\/2024.festivalenescu.ro\/ro\/wp-json\/wp\/v2\/pages\/4682\/revisions"}],"predecessor-version":[{"id":5270,"href":"https:\/\/2024.festivalenescu.ro\/ro\/wp-json\/wp\/v2\/pages\/4682\/revisions\/5270"}],"up":[{"embeddable":true,"href":"https:\/\/2024.festivalenescu.ro\/ro\/wp-json\/wp\/v2\/pages\/2970"}],"wp:featuredmedia":[{"embeddable":true,"href":"https:\/\/2024.festivalenescu.ro\/ro\/wp-json\/wp\/v2\/media\/4679"}],"wp:attachment":[{"href":"https:\/\/2024.festivalenescu.ro\/ro\/wp-json\/wp\/v2\/media?parent=4682"}],"curies":[{"name":"wp","href":"https:\/\/api.w.org\/{rel}","templated":true}]}}