{"id":4698,"date":"2024-08-29T11:29:56","date_gmt":"2024-08-29T08:29:56","guid":{"rendered":"https:\/\/concurs.festivalenescu.ro\/?page_id=4698"},"modified":"2024-08-29T22:56:34","modified_gmt":"2024-08-29T19:56:34","slug":"stoli-redio","status":"publish","type":"page","link":"https:\/\/2024.festivalenescu.ro\/ro\/concurenti\/sectiunea-vioara\/stoli-redio\/","title":{"rendered":"Stoli Redio"},"content":{"rendered":"<section class=\"l-section wpb_row height_medium\"><div class=\"l-section-h i-cf\"><div class=\"g-cols vc_row via_flex valign_top type_default stacking_default\"><div class=\"vc_col-sm-6 wpb_column vc_column_container\"><div class=\"vc_column-inner\"><div class=\"wpb_wrapper\"><div class=\"w-hwrapper valign_top align_none\" style=\"--hwrapper-gap:0.2rem\"><\/div><div class=\"wpb_text_column\"><div class=\"wpb_wrapper\"><p><strong>AUSTRIA<\/strong><br \/>\n<strong>11 mai 2001<\/strong><\/p>\n<p>Stoli Redio a \u00eenceput s\u0103 studieze vioara la v\u00e2rsta de 5 ani \u00een ora\u0219ul s\u0103u natal Tirana din Albania. A lucrat cu profesorii Arlinda Hyslenaj \u0219i Roland Xhoxhi. Este c\u00e2\u0219tig\u0103torul a numeroase concursuri na\u021bionale \u0219i interna\u021bionale, precum Concursul Tirana Talent, Concursul Interna\u021bional de Muzic\u0103 Grand Prize Virtuoso, Concursul Interna\u021bional Pjet\u00ebr Gaci, Concursul de Muzic\u0103 Ars Kosova.<br \/>\n\u00cen 2018, Stoli Redio \u0219i-a f\u0103cut debutul la Filarmonica din Berlin \u00eentr-o serie de cursuri de m\u0103iestrie \u0219i \u00eenregistr\u0103ri pe CD cu Spectrum Concerts din Berlin sub conducerea lui Frank Dodge, Boris Brovtsyn, Clara-Jumi Kang, Gareth Lubbe, Yura Lee, Jens Peter Mainz \u0219i Torleif Thed\u00e9en. De asemenea, a participat la cursuri de m\u0103iestrie sus\u021binute de muzicieni precum Jonian Ilias Kadesha, Meesun Hong Coleman, Dorian Xhoxhi, Salvatore Accardo, Rainer Schmidt, Alda Dizdari, Benjamin Schmid, Michael Barenboim, Shmuel Ashkenasi \u0219i mul\u021bi al\u021bii.<br \/>\n\u00cen 2019, Stoli Redio a fost acceptat la Universitatea Mozarteum din Salzburg pentru a-\u0219i \u00eencepe studiile de licen\u021b\u0103 cu Lily Francis, unde studiaz\u0103 \u00een continuare, iar din semestrul de iarn\u0103 al anului 2024, va studia \u0219i la Universitatea de Muzic\u0103 Hanns Eisler din Berlin, cu profesorul Stephan Picard.<\/p>\n<\/div><\/div><div class=\"w-separator size_small\"><\/div><div class=\"w-separator size_small\"><\/div><div class=\"wpb_text_column\"><div class=\"wpb_wrapper\"><p>Etapa I<br \/>\n<strong>Johann Sebastian Bach <\/strong>Ciacona din Partita nr. 2 \u00een re minor pentru vioar\u0103 solo, BWV 1004<br \/>\n<strong>Wolfgang Amadeus Mozart <\/strong>Concertul nr. 3 \u00een sol major pentru vioar\u0103 \u0219i orchestr\u0103 K. 216 (partea I cu caden\u021b\u0103)<br \/>\n<strong>Niccol\u00f2 Paganini <\/strong>Capriciul \u00een si bemol major op. 1 nr. 13, <em>Devil\u2019s Laughter<\/em><\/p>\n<p>Etapa a II-a<br \/>\n<strong>Vlad Maistorovici <\/strong><em>B.A.C.H.<\/em>, Passacaglia pentru vioar\u0103 solo<br \/>\n<strong>Ludwig van Beethoven <\/strong>Sonata nr. 9 \u00een la major pentru vioar\u0103 \u0219i pian op. 47, <em>Kreutzer<\/em><br \/>\n<strong>Fritz Kreisler <\/strong>Recitativ \u0219i Scherzo-Capriciu op. 6<\/p>\n<p>Semifinala<br \/>\n<strong>George Enescu <\/strong><em>L\u0103utarul <\/em>din Suita <em>Impresii din Copil\u0103rie <\/em>op. 28<br \/>\n<strong>Johannes Brahms <\/strong>Sonata nr. 3 \u00een re minor pentru vioar\u0103 \u0219i pian op. 108<br \/>\n<strong>George Enescu <\/strong>Sonata nr. 2 \u00een fa minor pentru vioar\u0103 \u0219i pian op. 6<br \/>\n<strong>Henryk Wieniawski <\/strong><em>Polonaise brillante<\/em> nr. 1 \u00een re major op. 4<\/p>\n<p>Finala<br \/>\n<strong>Piotr Ilici Ceaikovski <\/strong>Concertul \u00een re major pentru vioar\u0103 \u0219i orchestr\u0103 op. 35<\/p>\n<\/div><\/div><\/div><\/div><\/div><div class=\"vc_col-sm-6 wpb_column vc_column_container\"><div class=\"vc_column-inner\"><div class=\"wpb_wrapper\"><div class=\"w-ibanner animation_phorcys ratio_1x1 easing_easeInOutCirc\"><div class=\"w-ibanner-h\"><div class=\"w-ibanner-image\" style=\"background-image: url(https:\/\/2024.festivalenescu.ro\/wp-content\/uploads\/2024\/08\/Redio-Stoli-2.jpg)\"><\/div><div class=\"w-ibanner-content\"><div class=\"w-ibanner-content-h\"><h2 class=\"w-ibanner-title\"><\/h2><div class=\"w-ibanner-desc\"><\/div><\/div><\/div><\/div><\/div><\/div><\/div><\/div><\/div><\/div><\/section><section class=\"l-section wpb_row height_medium\"><div class=\"l-section-h i-cf\"><div class=\"g-cols vc_row via_flex valign_top type_default stacking_default\"><div class=\"vc_col-sm-12 wpb_column vc_column_container\"><div class=\"vc_column-inner\"><div class=\"wpb_wrapper\"><div class=\"wpb_text_column\"><div class=\"wpb_wrapper\"><p>Share:<\/p>\n<\/div><\/div><div class=\"w-sharing type_simple align_none color_default\"><div class=\"w-sharing-list\"><a class=\"w-sharing-item email\" href=\"mailto:?subject=Stoli Redio&amp;body=https:\/\/2024.festivalenescu.ro\/ro\/wp-json\/wp\/v2\/pages\/4698\" title=\"Email this\" aria-label=\"Email this\"><i class=\"fas fa-envelope\"><\/i><\/a><a class=\"w-sharing-item facebook\" href=\"https:\/\/www.facebook.com\/sharer\/sharer.php?u=https:\/\/2024.festivalenescu.ro\/ro\/wp-json\/wp\/v2\/pages\/4698&amp;quote=Stoli Redio\" title=\"Share this\" aria-label=\"Share this\" onclick=\"window.open(this.href, &quot;facebook&quot;, &quot;toolbar=0,width=900,height=500&quot;); return false;\"><i class=\"fab fa-facebook\"><\/i><\/a><a class=\"w-sharing-item twitter\" href=\"https:\/\/twitter.com\/intent\/tweet?text=Stoli Redio&amp;url=https:\/\/2024.festivalenescu.ro\/ro\/wp-json\/wp\/v2\/pages\/4698\" title=\"Tweet this\" aria-label=\"Tweet this\" onclick=\"window.open(this.href, &quot;twitter&quot;, &quot;toolbar=0,width=650,height=360&quot;); return false;\"><i class=\"fab fa-x-twitter\"><svg style=\"width:1em; margin-bottom:-.1em;\" xmlns=\"http:\/\/www.w3.org\/2000\/svg\" viewBox=\"0 0 512 512\"><path fill=\"currentColor\" d=\"M389.2 48h70.6L305.6 224.2 487 464H345L233.7 318.6 106.5 464H35.8L200.7 275.5 26.8 48H172.4L272.9 180.9 389.2 48zM364.4 421.8h39.1L151.1 88h-42L364.4 421.8z\"\/><\/svg><\/i><\/a><a class=\"w-sharing-item linkedin\" href=\"https:\/\/www.linkedin.com\/shareArticle?mini=true&amp;url=https:\/\/2024.festivalenescu.ro\/ro\/wp-json\/wp\/v2\/pages\/4698\" title=\"Share this\" aria-label=\"Share this\" onclick=\"window.open(this.href, &quot;linkedin&quot;, &quot;toolbar=no,width=550,height=550&quot;); return false;\"><i class=\"fab fa-linkedin\"><\/i><\/a><a class=\"w-sharing-item whatsapp\" href=\"https:\/\/web.whatsapp.com\/send?text=Stoli Redio https:\/\/2024.festivalenescu.ro\/ro\/wp-json\/wp\/v2\/pages\/4698\" title=\"Share this\" aria-label=\"Share this\" onclick=\"window.open(this.href, &quot;whatsapp&quot;, &quot;toolbar=0,width=900,height=500&quot;); return false;\"><i class=\"fab fa-whatsapp\"><\/i><\/a><a class=\"w-sharing-item reddit\" href=\"https:\/\/www.reddit.com\/submit?url=https:\/\/2024.festivalenescu.ro\/ro\/wp-json\/wp\/v2\/pages\/4698&amp;title=Stoli Redio\" title=\"Share this\" aria-label=\"Share this\" onclick=\"window.open(this.href, &quot;reddit&quot;, &quot;toolbar=no,width=900,height=500&quot;); return false;\"><i class=\"fab fa-reddit\"><\/i><\/a><a class=\"w-sharing-item telegram\" href=\"https:\/\/t.me\/share\/url?url=https:\/\/2024.festivalenescu.ro\/ro\/wp-json\/wp\/v2\/pages\/4698&amp;text=Stoli Redio\" title=\"Share this\" aria-label=\"Share this\" onclick=\"window.open(this.href, &quot;telegram&quot;, &quot;toolbar=no,width=600,height=450&quot;); return false;\"><i class=\"fab fa-telegram\"><\/i><\/a><\/div><\/div><div class=\"w-post-elm post_navigation layout_sided inv_false\"><a class=\"post_navigation-item order_first to_prev\" href=\"https:\/\/2024.festivalenescu.ro\/ro\/concurenti\/sectiunea-vioara\/alexis-roussine\/\" title=\"Alexis Roussine\"><div class=\"post_navigation-item-img\"><img decoding=\"async\" src=\"https:\/\/2024.festivalenescu.ro\/wp-content\/uploads\/2024\/08\/Roussine-Alexis-1-900x727.jpg\" loading=\"lazy\" alt=\"\" width=\"150\" height=\"150\"><\/div><div class=\"post_navigation-item-arrow\"><\/div><div class=\"post_navigation-item-title\"><span>Alexis Roussine<\/span><\/div><\/a><a class=\"post_navigation-item order_second to_next\" href=\"https:\/\/2024.festivalenescu.ro\/ro\/concurenti\/sectiunea-vioara\/darius-preuss\/\" title=\"Darius Preuss\"><div class=\"post_navigation-item-img\"><img decoding=\"async\" src=\"https:\/\/2024.festivalenescu.ro\/wp-content\/uploads\/2024\/08\/Preuss-Darius-1-900x803.jpeg\" loading=\"lazy\" alt=\"\" width=\"150\" height=\"150\"><\/div><div class=\"post_navigation-item-arrow\"><\/div><div class=\"post_navigation-item-title\"><span>Darius Preuss<\/span><\/div><\/a><\/div><\/div><\/div><\/div><\/div><\/div><\/section>\n","protected":false},"excerpt":{"rendered":"AUSTRIA 11 mai 2001 Stoli Redio a \u00eenceput s\u0103 studieze vioara la v\u00e2rsta de 5 ani \u00een ora\u0219ul s\u0103u natal Tirana din Albania. A lucrat cu profesorii Arlinda Hyslenaj \u0219i Roland Xhoxhi. Este c\u00e2\u0219tig\u0103torul a numeroase concursuri na\u021bionale \u0219i interna\u021bionale, precum Concursul Tirana Talent, Concursul Interna\u021bional de Muzic\u0103 Grand Prize Virtuoso, Concursul Interna\u021bional Pjet\u00ebr Gaci,...","protected":false},"author":4,"featured_media":4695,"parent":2970,"menu_order":0,"comment_status":"closed","ping_status":"closed","template":"","meta":{"footnotes":""},"class_list":["post-4698","page","type-page","status-publish","has-post-thumbnail","hentry"],"_links":{"self":[{"href":"https:\/\/2024.festivalenescu.ro\/ro\/wp-json\/wp\/v2\/pages\/4698","targetHints":{"allow":["GET"]}}],"collection":[{"href":"https:\/\/2024.festivalenescu.ro\/ro\/wp-json\/wp\/v2\/pages"}],"about":[{"href":"https:\/\/2024.festivalenescu.ro\/ro\/wp-json\/wp\/v2\/types\/page"}],"author":[{"embeddable":true,"href":"https:\/\/2024.festivalenescu.ro\/ro\/wp-json\/wp\/v2\/users\/4"}],"replies":[{"embeddable":true,"href":"https:\/\/2024.festivalenescu.ro\/ro\/wp-json\/wp\/v2\/comments?post=4698"}],"version-history":[{"count":3,"href":"https:\/\/2024.festivalenescu.ro\/ro\/wp-json\/wp\/v2\/pages\/4698\/revisions"}],"predecessor-version":[{"id":5294,"href":"https:\/\/2024.festivalenescu.ro\/ro\/wp-json\/wp\/v2\/pages\/4698\/revisions\/5294"}],"up":[{"embeddable":true,"href":"https:\/\/2024.festivalenescu.ro\/ro\/wp-json\/wp\/v2\/pages\/2970"}],"wp:featuredmedia":[{"embeddable":true,"href":"https:\/\/2024.festivalenescu.ro\/ro\/wp-json\/wp\/v2\/media\/4695"}],"wp:attachment":[{"href":"https:\/\/2024.festivalenescu.ro\/ro\/wp-json\/wp\/v2\/media?parent=4698"}],"curies":[{"name":"wp","href":"https:\/\/api.w.org\/{rel}","templated":true}]}}