{"id":4722,"date":"2024-08-29T11:24:57","date_gmt":"2024-08-29T08:24:57","guid":{"rendered":"https:\/\/concurs.festivalenescu.ro\/?page_id=4722"},"modified":"2024-08-29T22:37:06","modified_gmt":"2024-08-29T19:37:06","slug":"iris-scialom","status":"publish","type":"page","link":"https:\/\/2024.festivalenescu.ro\/ro\/concurenti\/sectiunea-vioara\/iris-scialom\/","title":{"rendered":"Iris Scialom"},"content":{"rendered":"<section class=\"l-section wpb_row height_medium\"><div class=\"l-section-h i-cf\"><div class=\"g-cols vc_row via_flex valign_top type_default stacking_default\"><div class=\"vc_col-sm-6 wpb_column vc_column_container\"><div class=\"vc_column-inner\"><div class=\"wpb_wrapper\"><div class=\"w-hwrapper valign_top align_none\" style=\"--hwrapper-gap:0.2rem\"><\/div><div class=\"wpb_text_column\"><div class=\"wpb_wrapper\"><p><strong>FRAN\u021aA<\/strong><br \/>\n<strong>25 iulie 2001<\/strong><\/p>\n<p>Dup\u0103 ob\u021binerea Diplomei de artist interpret la Conservatorul Na\u021bional Superior de Muzic\u0103 \u0219i Dans din Paris, la clasa lui St\u00e9phanie-Marie Degand, Iris Scialom a fost invitat\u0103 s\u0103 concerteze la Opera din Tours, Sala Gaveau \u0219i Opera din Rouen. De asemenea, a concertat ca solist\u0103 \u00een cadrul La Seine Musicale cu ansamblul Appassionato \u0219i cu Orchestra Palatului Regal, precum \u0219i cu Orchestra de Camer\u0103 Stuttgart din Kronberg. Muzician de camer\u0103 foarte apreciat, a c\u00e2ntat cu Mihaela Martin, Nobuko Imai, Claire D\u00e9sert, Fran\u00e7ois Salque, Frans Helmerson, Philippe Jaroussky, Laurent Naouri \u0219i al\u021bii. De asemenea, formeaz\u0103 un duo (Arborescence) cu t\u00e2n\u0103rul pianist str\u0103lucit Antonin Bonnet, care \u201eimprim\u0103 muzicii un fior poetic minunat\u201d (Alain Cochard, <em>Concertclassic<\/em>), \u0219i al\u0103turi de care a c\u00e2\u0219tigat premii la prestigioase concursuri de muzic\u0103 de camer\u0103, \u00een special la Roma \u0219i Vilnius. Ace\u0219tia \u0219i-au finalizat de cur\u00e2nd studiile de master \u00een muzic\u0103 de camer\u0103 la Conservatorul Na\u021bional Superior de Muzic\u0103 \u0219i Dans din Paris, la clasa lui Claire D\u00e9sert \u0219i Fran\u00e7ois Salque. Au sus\u021binut deja concerte \u00een cadrul La Folle Journ\u00e9e din Nantes \u0219i Tokyo \u00een 2024 \u0219i vor \u00eenregistra anul acesta, \u00een octombrie, primul lor album cu lucr\u0103ri de Gabriel Faur\u00e9, Maurice Ravel \u0219i George Enescu la casa de discuri Scala Music.<\/p>\n<\/div><\/div><div class=\"w-separator size_small\"><\/div><div class=\"w-separator size_small\"><\/div><div class=\"wpb_text_column\"><div class=\"wpb_wrapper\"><p>Etapa I<br \/>\n<strong>Johann Sebastian Bach <\/strong>Ciacona din Partita nr. 2 \u00een re minor pentru vioar\u0103 solo, BWV 1004<br \/>\n<strong>Wolfgang Amadeus Mozart <\/strong>Concertul nr. 4 \u00een re major pentru vioar\u0103 \u0219i orchestr\u0103 K. 218 (partea I cu caden\u021b\u0103)<br \/>\n<strong>Niccol\u00f2 Paganini <\/strong>Capriciul \u00een si bemol major op. 1 nr. 13, <em>Devil\u2019s Laughter<\/em><\/p>\n<p>Etapa a II-a<br \/>\n<strong>Vlad Maistorovici <\/strong><em>B.A.C.H.<\/em>, Passacaglia pentru vioar\u0103 solo<br \/>\n<strong>Franz Schubert <\/strong>Fantezia \u00een do major pentru vioar\u0103 \u0219i pian D. 934<br \/>\n<strong>Eug\u00e8ne Ysa\u00ffe <\/strong>Sonata nr. 3 \u00een re minor pentru vioar\u0103 solo op. 27, <em>Balada<\/em><\/p>\n<p>Semifinala<br \/>\n<strong>George <\/strong>Enescu <em>L\u0103utarul <\/em>din Suita <em>Impresii din Copil\u0103rie <\/em>op. 28<br \/>\n<strong>Richard Strauss <\/strong>Sonata \u00een mi bemol major pentru vioar\u0103 \u0219i pian op. 18<br \/>\n<strong>George Enescu <\/strong>Sonata nr. 2 \u00een fa minor pentru vioar\u0103 \u0219i pian op. 6<br \/>\n<strong>Maurice Ravel <\/strong><em>Tzigane <\/em>M. 76<\/p>\n<p>Finala<br \/>\n<strong>Johannes Brahms <\/strong>Concertul \u00een re major pentru vioar\u0103 \u0219i orchestr\u0103 op. 77<\/p>\n<\/div><\/div><\/div><\/div><\/div><div class=\"vc_col-sm-6 wpb_column vc_column_container\"><div class=\"vc_column-inner\"><div class=\"wpb_wrapper\"><div class=\"w-ibanner animation_phorcys ratio_1x1 easing_easeInOutCirc\"><div class=\"w-ibanner-h\"><div class=\"w-ibanner-image\" style=\"background-image: url(https:\/\/2024.festivalenescu.ro\/wp-content\/uploads\/2024\/08\/Scialom-Iris-1-scaled.jpg)\"><\/div><div class=\"w-ibanner-content\"><div class=\"w-ibanner-content-h\"><h2 class=\"w-ibanner-title\"><\/h2><div class=\"w-ibanner-desc\"><\/div><\/div><\/div><\/div><\/div><\/div><\/div><\/div><\/div><\/div><\/section><section class=\"l-section wpb_row height_medium\"><div class=\"l-section-h i-cf\"><div class=\"g-cols vc_row via_flex valign_top type_default stacking_default\"><div class=\"vc_col-sm-12 wpb_column vc_column_container\"><div class=\"vc_column-inner\"><div class=\"wpb_wrapper\"><div class=\"wpb_text_column\"><div class=\"wpb_wrapper\"><p>Share:<\/p>\n<\/div><\/div><div class=\"w-sharing type_simple align_none color_default\"><div class=\"w-sharing-list\"><a class=\"w-sharing-item email\" href=\"mailto:?subject=Iris Scialom&amp;body=https:\/\/2024.festivalenescu.ro\/ro\/wp-json\/wp\/v2\/pages\/4722\" title=\"Email this\" aria-label=\"Email this\"><i class=\"fas fa-envelope\"><\/i><\/a><a class=\"w-sharing-item facebook\" href=\"https:\/\/www.facebook.com\/sharer\/sharer.php?u=https:\/\/2024.festivalenescu.ro\/ro\/wp-json\/wp\/v2\/pages\/4722&amp;quote=Iris Scialom\" title=\"Share this\" aria-label=\"Share this\" onclick=\"window.open(this.href, &quot;facebook&quot;, &quot;toolbar=0,width=900,height=500&quot;); return false;\"><i class=\"fab fa-facebook\"><\/i><\/a><a class=\"w-sharing-item twitter\" href=\"https:\/\/twitter.com\/intent\/tweet?text=Iris Scialom&amp;url=https:\/\/2024.festivalenescu.ro\/ro\/wp-json\/wp\/v2\/pages\/4722\" title=\"Tweet this\" aria-label=\"Tweet this\" onclick=\"window.open(this.href, &quot;twitter&quot;, &quot;toolbar=0,width=650,height=360&quot;); return false;\"><i class=\"fab fa-x-twitter\"><svg style=\"width:1em; margin-bottom:-.1em;\" xmlns=\"http:\/\/www.w3.org\/2000\/svg\" viewBox=\"0 0 512 512\"><path fill=\"currentColor\" d=\"M389.2 48h70.6L305.6 224.2 487 464H345L233.7 318.6 106.5 464H35.8L200.7 275.5 26.8 48H172.4L272.9 180.9 389.2 48zM364.4 421.8h39.1L151.1 88h-42L364.4 421.8z\"\/><\/svg><\/i><\/a><a class=\"w-sharing-item linkedin\" href=\"https:\/\/www.linkedin.com\/shareArticle?mini=true&amp;url=https:\/\/2024.festivalenescu.ro\/ro\/wp-json\/wp\/v2\/pages\/4722\" title=\"Share this\" aria-label=\"Share this\" onclick=\"window.open(this.href, &quot;linkedin&quot;, &quot;toolbar=no,width=550,height=550&quot;); return false;\"><i class=\"fab fa-linkedin\"><\/i><\/a><a class=\"w-sharing-item whatsapp\" href=\"https:\/\/web.whatsapp.com\/send?text=Iris Scialom https:\/\/2024.festivalenescu.ro\/ro\/wp-json\/wp\/v2\/pages\/4722\" title=\"Share this\" aria-label=\"Share this\" onclick=\"window.open(this.href, &quot;whatsapp&quot;, &quot;toolbar=0,width=900,height=500&quot;); return false;\"><i class=\"fab fa-whatsapp\"><\/i><\/a><a class=\"w-sharing-item reddit\" href=\"https:\/\/www.reddit.com\/submit?url=https:\/\/2024.festivalenescu.ro\/ro\/wp-json\/wp\/v2\/pages\/4722&amp;title=Iris Scialom\" title=\"Share this\" aria-label=\"Share this\" onclick=\"window.open(this.href, &quot;reddit&quot;, &quot;toolbar=no,width=900,height=500&quot;); return false;\"><i class=\"fab fa-reddit\"><\/i><\/a><a class=\"w-sharing-item telegram\" href=\"https:\/\/t.me\/share\/url?url=https:\/\/2024.festivalenescu.ro\/ro\/wp-json\/wp\/v2\/pages\/4722&amp;text=Iris Scialom\" title=\"Share this\" aria-label=\"Share this\" onclick=\"window.open(this.href, &quot;telegram&quot;, &quot;toolbar=no,width=600,height=450&quot;); return false;\"><i class=\"fab fa-telegram\"><\/i><\/a><\/div><\/div><div class=\"w-post-elm post_navigation layout_sided inv_false\"><a class=\"post_navigation-item order_first to_prev\" href=\"https:\/\/2024.festivalenescu.ro\/ro\/concurenti\/sectiunea-vioara\/chang-sung-chi\/\" title=\"Chang Sung Chi\"><div class=\"post_navigation-item-img\"><img decoding=\"async\" src=\"https:\/\/2024.festivalenescu.ro\/wp-content\/uploads\/2024\/08\/SUNG-CHI-CHANG-1-865x900.jpg\" loading=\"lazy\" alt=\"\" width=\"150\" height=\"150\"><\/div><div class=\"post_navigation-item-arrow\"><\/div><div class=\"post_navigation-item-title\"><span>Chang Sung Chi<\/span><\/div><\/a><a class=\"post_navigation-item order_second to_next\" href=\"https:\/\/2024.festivalenescu.ro\/ro\/concurenti\/sectiunea-vioara\/aoi-saito\/\" title=\"Aoi Saito\"><div class=\"post_navigation-item-img\"><img decoding=\"async\" src=\"https:\/\/2024.festivalenescu.ro\/wp-content\/uploads\/2024\/08\/Saito-Aoi-2-813x900.jpg\" loading=\"lazy\" alt=\"\" width=\"150\" height=\"150\"><\/div><div class=\"post_navigation-item-arrow\"><\/div><div class=\"post_navigation-item-title\"><span>Aoi Saito<\/span><\/div><\/a><\/div><\/div><\/div><\/div><\/div><\/div><\/section>\n","protected":false},"excerpt":{"rendered":"FRAN\u021aA 25 iulie 2001 Dup\u0103 ob\u021binerea Diplomei de artist interpret la Conservatorul Na\u021bional Superior de Muzic\u0103 \u0219i Dans din Paris, la clasa lui St\u00e9phanie-Marie Degand, Iris Scialom a fost invitat\u0103 s\u0103 concerteze la Opera din Tours, Sala Gaveau \u0219i Opera din Rouen. De asemenea, a concertat ca solist\u0103 \u00een cadrul La Seine Musicale cu ansamblul...","protected":false},"author":4,"featured_media":4719,"parent":2970,"menu_order":0,"comment_status":"closed","ping_status":"closed","template":"","meta":{"footnotes":""},"class_list":["post-4722","page","type-page","status-publish","has-post-thumbnail","hentry"],"_links":{"self":[{"href":"https:\/\/2024.festivalenescu.ro\/ro\/wp-json\/wp\/v2\/pages\/4722","targetHints":{"allow":["GET"]}}],"collection":[{"href":"https:\/\/2024.festivalenescu.ro\/ro\/wp-json\/wp\/v2\/pages"}],"about":[{"href":"https:\/\/2024.festivalenescu.ro\/ro\/wp-json\/wp\/v2\/types\/page"}],"author":[{"embeddable":true,"href":"https:\/\/2024.festivalenescu.ro\/ro\/wp-json\/wp\/v2\/users\/4"}],"replies":[{"embeddable":true,"href":"https:\/\/2024.festivalenescu.ro\/ro\/wp-json\/wp\/v2\/comments?post=4722"}],"version-history":[{"count":3,"href":"https:\/\/2024.festivalenescu.ro\/ro\/wp-json\/wp\/v2\/pages\/4722\/revisions"}],"predecessor-version":[{"id":5252,"href":"https:\/\/2024.festivalenescu.ro\/ro\/wp-json\/wp\/v2\/pages\/4722\/revisions\/5252"}],"up":[{"embeddable":true,"href":"https:\/\/2024.festivalenescu.ro\/ro\/wp-json\/wp\/v2\/pages\/2970"}],"wp:featuredmedia":[{"embeddable":true,"href":"https:\/\/2024.festivalenescu.ro\/ro\/wp-json\/wp\/v2\/media\/4719"}],"wp:attachment":[{"href":"https:\/\/2024.festivalenescu.ro\/ro\/wp-json\/wp\/v2\/media?parent=4722"}],"curies":[{"name":"wp","href":"https:\/\/api.w.org\/{rel}","templated":true}]}}