{"id":4738,"date":"2024-08-29T11:23:05","date_gmt":"2024-08-29T08:23:05","guid":{"rendered":"https:\/\/concurs.festivalenescu.ro\/?page_id=4738"},"modified":"2024-08-29T22:59:25","modified_gmt":"2024-08-29T19:59:25","slug":"yoichiro-ueno","status":"publish","type":"page","link":"https:\/\/2024.festivalenescu.ro\/ro\/concurenti\/sectiunea-vioara\/yoichiro-ueno\/","title":{"rendered":"Yoichiro Ueno"},"content":{"rendered":"<section class=\"l-section wpb_row height_medium\"><div class=\"l-section-h i-cf\"><div class=\"g-cols vc_row via_flex valign_top type_default stacking_default\"><div class=\"vc_col-sm-6 wpb_column vc_column_container\"><div class=\"vc_column-inner\"><div class=\"wpb_wrapper\"><div class=\"w-hwrapper valign_top align_none\" style=\"--hwrapper-gap:0.2rem\"><\/div><div class=\"wpb_text_column\"><div class=\"wpb_wrapper\"><p><strong>JAPONIA<\/strong><br \/>\n<strong>6 octombrie 2002<\/strong><\/p>\n<p>Yoichiro Ueno s-a n\u0103scut \u00eentr-o familie de muzicieni din Kyoto \u00een 2002. A \u00eenceput s\u0103 studieze pianul \u0219i vioara la v\u00e2rsta de 4 ani \u0219i \u0219i-a continuat studiile de vioar\u0103 cu Masaaki Tanokura la Horikawa Senior High School of Music \u0219i cu Asuka Sezaki. \u00cen aceast\u0103 perioad\u0103 a primit, de asemenea, lec\u021bii ocazionale de la G\u00e9rard Poulet.<br \/>\nA participat la cursuri de m\u0103iestrie sus\u021binute de Paul Roczek \u0219i Michael Vaiman \u00een Salzburg, de R\u00e9gis Pasquier \u00een Kyoto \u0219i de Cho-Liang Lin \u00een Sendai.<br \/>\n\u00cen prezent, frecventeaz\u0103 cursurile Conservatorului Na\u021bional Superior de Muzic\u0103 \u0219i Dans din Paris, ca student \u00een anul al treilea la clasa profesorilor Svetlin Roussev \u0219i Pierre Colombet.<br \/>\nDin 2015, a sus\u021binut numeroase recitaluri \u0219i concerte de muzic\u0103 de camer\u0103 \u00een Kyoto, Osaka, Gifu, Tokyo, Bangkok \u0219i Paris.<br \/>\n\u00cen prezent, este membru academician al Orchestrei Filarmonice Radio France \u0219i va participa la Academia Studio a Orchestrei din Paris 2024-2025.<\/p>\n<\/div><\/div><div class=\"w-separator size_small\"><\/div><div class=\"w-separator size_small\"><\/div><div class=\"wpb_text_column\"><div class=\"wpb_wrapper\"><p>Etapa I<br \/>\n<strong>Johann Sebastian Bach <\/strong>Grave \u0219i Fug\u0103 din Sonata nr. 2 \u00een la minor pentru vioar\u0103 solo, BWV 1003<br \/>\n<strong>Wolfgang Amadeus Mozart <\/strong>Concertul nr. 4 \u00een re major pentru vioar\u0103 \u0219i orchestr\u0103 K. 218 (partea I cu caden\u021b\u0103)<br \/>\n<strong>Niccol\u00f2 Paganini <\/strong>Capriciul \u00een mi major op. 1 nr. 1, <em>L\u2019arpeggio<\/em><\/p>\n<p>Etapa a II-a<br \/>\n<strong>Vlad Maistorovici <\/strong><em>B.A.C.H.<\/em>, Passacaglia pentru vioar\u0103 solo<br \/>\n<strong>Ludwig van Beethoven <\/strong>Sonata nr. 9 \u00een la major pentru vioar\u0103 \u0219i pian op. 47, <em>Kreutzer<\/em><br \/>\n<strong>Antonio Bazzini <\/strong><em>La ronde des Lutins <\/em>op. 25<\/p>\n<p>Semifinala<br \/>\n<strong>George Enescu <\/strong><em>L\u0103utarul <\/em>din Suita <em>Impresii din Copil\u0103rie <\/em>op. 28<br \/>\n<strong>Edvard Grieg <\/strong>Sonata nr. 3 \u00een do minor pentru vioar\u0103 \u0219i pian op. 45<br \/>\n<strong>George Enescu <\/strong>Sonata nr. 3 \u00een la minor pentru vioar\u0103 \u0219i pian op. 25, \u201e\u00een caracter popular rom\u00e2nesc\u201d<br \/>\n<strong>Eug\u00e8ne Ysa\u00ffe <\/strong>Capriciu dup\u0103 un studiu \u00een form\u0103 de vals de Saint-Sa\u00ebns<\/p>\n<p>Finala<br \/>\n<strong>Felix Mendelssohn <\/strong>Concertul \u00een mi minor pentru vioar\u0103 \u0219i orchestr\u0103 op. 64<\/p>\n<\/div><\/div><\/div><\/div><\/div><div class=\"vc_col-sm-6 wpb_column vc_column_container\"><div class=\"vc_column-inner\"><div class=\"wpb_wrapper\"><div class=\"w-ibanner animation_phorcys ratio_1x1 easing_easeInOutCirc\"><div class=\"w-ibanner-h\"><div class=\"w-ibanner-image\" style=\"background-image: url(https:\/\/2024.festivalenescu.ro\/wp-content\/uploads\/2024\/08\/Ueno-Yoichiro-1.jpg)\"><\/div><div class=\"w-ibanner-content\"><div class=\"w-ibanner-content-h\"><h2 class=\"w-ibanner-title\"><\/h2><div class=\"w-ibanner-desc\"><\/div><\/div><\/div><\/div><\/div><\/div><\/div><\/div><\/div><\/div><\/section><section class=\"l-section wpb_row height_medium\"><div class=\"l-section-h i-cf\"><div class=\"g-cols vc_row via_flex valign_top type_default stacking_default\"><div class=\"vc_col-sm-12 wpb_column vc_column_container\"><div class=\"vc_column-inner\"><div class=\"wpb_wrapper\"><div class=\"wpb_text_column\"><div class=\"wpb_wrapper\"><p>Share:<\/p>\n<\/div><\/div><div class=\"w-sharing type_simple align_none color_default\"><div class=\"w-sharing-list\"><a class=\"w-sharing-item email\" href=\"mailto:?subject=Yoichiro Ueno&amp;body=https:\/\/2024.festivalenescu.ro\/ro\/wp-json\/wp\/v2\/pages\/4738\" title=\"Email this\" aria-label=\"Email this\"><i class=\"fas fa-envelope\"><\/i><\/a><a class=\"w-sharing-item facebook\" href=\"https:\/\/www.facebook.com\/sharer\/sharer.php?u=https:\/\/2024.festivalenescu.ro\/ro\/wp-json\/wp\/v2\/pages\/4738&amp;quote=Yoichiro Ueno\" title=\"Share this\" aria-label=\"Share this\" onclick=\"window.open(this.href, &quot;facebook&quot;, &quot;toolbar=0,width=900,height=500&quot;); return false;\"><i class=\"fab fa-facebook\"><\/i><\/a><a class=\"w-sharing-item twitter\" href=\"https:\/\/twitter.com\/intent\/tweet?text=Yoichiro Ueno&amp;url=https:\/\/2024.festivalenescu.ro\/ro\/wp-json\/wp\/v2\/pages\/4738\" title=\"Tweet this\" aria-label=\"Tweet this\" onclick=\"window.open(this.href, &quot;twitter&quot;, &quot;toolbar=0,width=650,height=360&quot;); return false;\"><i class=\"fab fa-x-twitter\"><svg style=\"width:1em; margin-bottom:-.1em;\" xmlns=\"http:\/\/www.w3.org\/2000\/svg\" viewBox=\"0 0 512 512\"><path fill=\"currentColor\" d=\"M389.2 48h70.6L305.6 224.2 487 464H345L233.7 318.6 106.5 464H35.8L200.7 275.5 26.8 48H172.4L272.9 180.9 389.2 48zM364.4 421.8h39.1L151.1 88h-42L364.4 421.8z\"\/><\/svg><\/i><\/a><a class=\"w-sharing-item linkedin\" href=\"https:\/\/www.linkedin.com\/shareArticle?mini=true&amp;url=https:\/\/2024.festivalenescu.ro\/ro\/wp-json\/wp\/v2\/pages\/4738\" title=\"Share this\" aria-label=\"Share this\" onclick=\"window.open(this.href, &quot;linkedin&quot;, &quot;toolbar=no,width=550,height=550&quot;); return false;\"><i class=\"fab fa-linkedin\"><\/i><\/a><a class=\"w-sharing-item whatsapp\" href=\"https:\/\/web.whatsapp.com\/send?text=Yoichiro Ueno https:\/\/2024.festivalenescu.ro\/ro\/wp-json\/wp\/v2\/pages\/4738\" title=\"Share this\" aria-label=\"Share this\" onclick=\"window.open(this.href, &quot;whatsapp&quot;, &quot;toolbar=0,width=900,height=500&quot;); return false;\"><i class=\"fab fa-whatsapp\"><\/i><\/a><a class=\"w-sharing-item reddit\" href=\"https:\/\/www.reddit.com\/submit?url=https:\/\/2024.festivalenescu.ro\/ro\/wp-json\/wp\/v2\/pages\/4738&amp;title=Yoichiro Ueno\" title=\"Share this\" aria-label=\"Share this\" onclick=\"window.open(this.href, &quot;reddit&quot;, &quot;toolbar=no,width=900,height=500&quot;); return false;\"><i class=\"fab fa-reddit\"><\/i><\/a><a class=\"w-sharing-item telegram\" href=\"https:\/\/t.me\/share\/url?url=https:\/\/2024.festivalenescu.ro\/ro\/wp-json\/wp\/v2\/pages\/4738&amp;text=Yoichiro Ueno\" title=\"Share this\" aria-label=\"Share this\" onclick=\"window.open(this.href, &quot;telegram&quot;, &quot;toolbar=no,width=600,height=450&quot;); return false;\"><i class=\"fab fa-telegram\"><\/i><\/a><\/div><\/div><div class=\"w-post-elm post_navigation layout_sided inv_false\"><a class=\"post_navigation-item order_first to_prev\" href=\"https:\/\/2024.festivalenescu.ro\/ro\/concurenti\/sectiunea-vioara\/cecile-vonderwahl\/\" title=\"C\u00e9cile Vonderwahl\"><div class=\"post_navigation-item-img\"><img decoding=\"async\" src=\"https:\/\/2024.festivalenescu.ro\/wp-content\/uploads\/2024\/08\/Vonderwahl-Cecile-1-900x773.jpg\" loading=\"lazy\" alt=\"\" width=\"150\" height=\"150\"><\/div><div class=\"post_navigation-item-arrow\"><\/div><div class=\"post_navigation-item-title\"><span>C\u00e9cile Vonderwahl<\/span><\/div><\/a><a class=\"post_navigation-item order_second to_next\" href=\"https:\/\/2024.festivalenescu.ro\/ro\/concurenti\/sectiunea-vioara\/chang-sung-chi\/\" title=\"Chang Sung Chi\"><div class=\"post_navigation-item-img\"><img decoding=\"async\" src=\"https:\/\/2024.festivalenescu.ro\/wp-content\/uploads\/2024\/08\/SUNG-CHI-CHANG-1-865x900.jpg\" loading=\"lazy\" alt=\"\" width=\"150\" height=\"150\"><\/div><div class=\"post_navigation-item-arrow\"><\/div><div class=\"post_navigation-item-title\"><span>Chang Sung Chi<\/span><\/div><\/a><\/div><\/div><\/div><\/div><\/div><\/div><\/section>\n","protected":false},"excerpt":{"rendered":"JAPONIA 6 octombrie 2002 Yoichiro Ueno s-a n\u0103scut \u00eentr-o familie de muzicieni din Kyoto \u00een 2002. A \u00eenceput s\u0103 studieze pianul \u0219i vioara la v\u00e2rsta de 4 ani \u0219i \u0219i-a continuat studiile de vioar\u0103 cu Masaaki Tanokura la Horikawa Senior High School of Music \u0219i cu Asuka Sezaki. \u00cen aceast\u0103 perioad\u0103 a primit, de asemenea,...","protected":false},"author":4,"featured_media":4735,"parent":2970,"menu_order":0,"comment_status":"closed","ping_status":"closed","template":"","meta":{"footnotes":""},"class_list":["post-4738","page","type-page","status-publish","has-post-thumbnail","hentry"],"_links":{"self":[{"href":"https:\/\/2024.festivalenescu.ro\/ro\/wp-json\/wp\/v2\/pages\/4738","targetHints":{"allow":["GET"]}}],"collection":[{"href":"https:\/\/2024.festivalenescu.ro\/ro\/wp-json\/wp\/v2\/pages"}],"about":[{"href":"https:\/\/2024.festivalenescu.ro\/ro\/wp-json\/wp\/v2\/types\/page"}],"author":[{"embeddable":true,"href":"https:\/\/2024.festivalenescu.ro\/ro\/wp-json\/wp\/v2\/users\/4"}],"replies":[{"embeddable":true,"href":"https:\/\/2024.festivalenescu.ro\/ro\/wp-json\/wp\/v2\/comments?post=4738"}],"version-history":[{"count":3,"href":"https:\/\/2024.festivalenescu.ro\/ro\/wp-json\/wp\/v2\/pages\/4738\/revisions"}],"predecessor-version":[{"id":5300,"href":"https:\/\/2024.festivalenescu.ro\/ro\/wp-json\/wp\/v2\/pages\/4738\/revisions\/5300"}],"up":[{"embeddable":true,"href":"https:\/\/2024.festivalenescu.ro\/ro\/wp-json\/wp\/v2\/pages\/2970"}],"wp:featuredmedia":[{"embeddable":true,"href":"https:\/\/2024.festivalenescu.ro\/ro\/wp-json\/wp\/v2\/media\/4735"}],"wp:attachment":[{"href":"https:\/\/2024.festivalenescu.ro\/ro\/wp-json\/wp\/v2\/media?parent=4738"}],"curies":[{"name":"wp","href":"https:\/\/api.w.org\/{rel}","templated":true}]}}