{"id":4791,"date":"2024-08-29T11:14:12","date_gmt":"2024-08-29T08:14:12","guid":{"rendered":"https:\/\/concurs.festivalenescu.ro\/?page_id=4791"},"modified":"2024-08-29T22:38:35","modified_gmt":"2024-08-29T19:38:35","slug":"jinyoung-yoon","status":"publish","type":"page","link":"https:\/\/2024.festivalenescu.ro\/ro\/concurenti\/sectiunea-vioara\/jinyoung-yoon\/","title":{"rendered":"Jinyoung Yoon"},"content":{"rendered":"<section class=\"l-section wpb_row height_medium\"><div class=\"l-section-h i-cf\"><div class=\"g-cols vc_row via_flex valign_top type_default stacking_default\"><div class=\"vc_col-sm-6 wpb_column vc_column_container\"><div class=\"vc_column-inner\"><div class=\"wpb_wrapper\"><div class=\"w-hwrapper valign_top align_none\" style=\"--hwrapper-gap:0.2rem\"><\/div><div class=\"wpb_text_column\"><div class=\"wpb_wrapper\"><p><strong>COREEA DE SUD<\/strong><br \/>\n<strong>18 octombrie 1998<\/strong><\/p>\n<p>Jinyoung Yoon s-a n\u0103scut \u00een 1998 \u00een Coreea de Sud. A \u00eenceput s\u0103 studieze vioara la v\u00e2rsta de 5 ani \u0219i a urmat cursurile \u0218colii Gimnaziale de Muzic\u0103 Yewon din Seul. \u00cen timp ce studia cu Joseph Kim \u0219i Boksu Kim, a c\u00e2\u0219tigat marele premiu la Concursul Music Education Newspaper \u0219i premiul I la Concursul de Muzic\u0103 Baroc\u0103 din Coreea. \u00cen 2010, a fost selectat\u0103 s\u0103 participe la seria de recitaluri Kumho Prodigy. A c\u00e2ntat cu Orchestra Filarmonicii din Seul condus\u0103 de Myung-Whun Chung.<br \/>\n\u00cen 2012, a fost acceptat\u0103 \u00een programul Juilliard Pre-College, c\u00e2\u0219tig\u00e2nd Concursul Pre-College Assemble. A participat la Festivalul de Var\u0103 Yellow Barn, la Festivalul Interna\u021bional de Muzic\u0103 Great Mountains, la Festivalul Interna\u021bional de Muzic\u0103 Sejong \u0219i la Institutul Interna\u021bional de Muzic\u0103 Heifetz pentru programul Ashkenasi\/Kirshbaum.<br \/>\nA urmat cursuri de m\u0103iestrie cu Donald Weilerstein, Augustin Hadelich, Mihaela Martin \u0219i Benjamin Schmid. A intrat la Curtis Institute of Music \u00een 2016, studiind cu Aaron Rosand \u0219i Midori Got\u014d. \u00cen prezent, urmeaz\u0103 un program de master la aceea\u0219i institu\u021bie, \u00eendrumat\u0103 de Ida Kavafian.<\/p>\n<\/div><\/div><div class=\"w-separator size_small\"><\/div><div class=\"w-separator size_small\"><\/div><div class=\"wpb_text_column\"><div class=\"wpb_wrapper\"><p>Etapa I<br \/>\n<strong>Johann Sebastian Bach <\/strong>Adagio \u0219i Fug\u0103 din Sonata nr. 1 \u00een sol minor pentru vioar\u0103 solo, BWV 1001<br \/>\n<strong>Wolfgang Amadeus Mozart <\/strong>Concertul nr. 3 \u00een sol major pentru vioar\u0103 \u0219i orchestr\u0103 K. 216 (partea I cu caden\u021b\u0103)<br \/>\n<strong>Niccol\u00f2 Paganini <\/strong>Capriciul \u00een la minor op. 1 nr. 24<\/p>\n<p>Etapa a II-a<br \/>\n<strong>Vlad Maistorovici <\/strong><em>B.A.C.H.<\/em>, Passacaglia pentru vioar\u0103 solo<br \/>\n<strong>Franz Schubert <\/strong>Fantezia \u00een do major pentru vioar\u0103 \u0219i pian D. 934<br \/>\n<strong>John Corigliano <\/strong><em>The Red Violin Caprices <\/em>pentru vioar\u0103 solo<\/p>\n<p>Semifinala<br \/>\n<strong>George Enescu <\/strong><em>L\u0103utarul <\/em>din Suita <em>Impresii din Copil\u0103rie <\/em>op. 28<br \/>\n<strong>Maurice Ravel <\/strong>Sonata nr. 2 \u00een sol major pentru vioar\u0103 \u0219i pian M. 77<br \/>\n<strong>George Enescu <\/strong>Sonata nr. 3 \u00een la minor pentru vioar\u0103 \u0219i pian op. 25, \u201e\u00een caracter popular rom\u00e2nesc\u201d<br \/>\n<strong>Maurice Ravel <\/strong><em>Tzigane <\/em>M. 76<\/p>\n<p>Finala<br \/>\n<strong>Serghei Prokofiev <\/strong>Concertul nr. 2 \u00een sol minor pentru vioar\u0103 \u0219i orchestr\u0103 op. 63<\/p>\n<\/div><\/div><\/div><\/div><\/div><div class=\"vc_col-sm-6 wpb_column vc_column_container\"><div class=\"vc_column-inner\"><div class=\"wpb_wrapper\"><div class=\"w-ibanner animation_phorcys ratio_1x1 easing_easeInOutCirc\"><div class=\"w-ibanner-h\"><div class=\"w-ibanner-image\" style=\"background-image: url(https:\/\/2024.festivalenescu.ro\/wp-content\/uploads\/2024\/08\/Yoon-Jinyoung-1.jpeg)\"><\/div><div class=\"w-ibanner-content\"><div class=\"w-ibanner-content-h\"><h2 class=\"w-ibanner-title\"><\/h2><div class=\"w-ibanner-desc\"><\/div><\/div><\/div><\/div><\/div><\/div><\/div><\/div><\/div><\/div><\/section><section class=\"l-section wpb_row height_medium\"><div class=\"l-section-h i-cf\"><div class=\"g-cols vc_row via_flex valign_top type_default stacking_default\"><div class=\"vc_col-sm-12 wpb_column vc_column_container\"><div class=\"vc_column-inner\"><div class=\"wpb_wrapper\"><div class=\"wpb_text_column\"><div class=\"wpb_wrapper\"><p>Share:<\/p>\n<\/div><\/div><div class=\"w-sharing type_simple align_none color_default\"><div class=\"w-sharing-list\"><a class=\"w-sharing-item email\" href=\"mailto:?subject=Jinyoung Yoon&amp;body=https:\/\/2024.festivalenescu.ro\/ro\/wp-json\/wp\/v2\/pages\/4791\" title=\"Email this\" aria-label=\"Email this\"><i class=\"fas fa-envelope\"><\/i><\/a><a class=\"w-sharing-item facebook\" href=\"https:\/\/www.facebook.com\/sharer\/sharer.php?u=https:\/\/2024.festivalenescu.ro\/ro\/wp-json\/wp\/v2\/pages\/4791&amp;quote=Jinyoung Yoon\" title=\"Share this\" aria-label=\"Share this\" onclick=\"window.open(this.href, &quot;facebook&quot;, &quot;toolbar=0,width=900,height=500&quot;); return false;\"><i class=\"fab fa-facebook\"><\/i><\/a><a class=\"w-sharing-item twitter\" href=\"https:\/\/twitter.com\/intent\/tweet?text=Jinyoung Yoon&amp;url=https:\/\/2024.festivalenescu.ro\/ro\/wp-json\/wp\/v2\/pages\/4791\" title=\"Tweet this\" aria-label=\"Tweet this\" onclick=\"window.open(this.href, &quot;twitter&quot;, &quot;toolbar=0,width=650,height=360&quot;); return false;\"><i class=\"fab fa-x-twitter\"><svg style=\"width:1em; margin-bottom:-.1em;\" xmlns=\"http:\/\/www.w3.org\/2000\/svg\" viewBox=\"0 0 512 512\"><path fill=\"currentColor\" d=\"M389.2 48h70.6L305.6 224.2 487 464H345L233.7 318.6 106.5 464H35.8L200.7 275.5 26.8 48H172.4L272.9 180.9 389.2 48zM364.4 421.8h39.1L151.1 88h-42L364.4 421.8z\"\/><\/svg><\/i><\/a><a class=\"w-sharing-item linkedin\" href=\"https:\/\/www.linkedin.com\/shareArticle?mini=true&amp;url=https:\/\/2024.festivalenescu.ro\/ro\/wp-json\/wp\/v2\/pages\/4791\" title=\"Share this\" aria-label=\"Share this\" onclick=\"window.open(this.href, &quot;linkedin&quot;, &quot;toolbar=no,width=550,height=550&quot;); return false;\"><i class=\"fab fa-linkedin\"><\/i><\/a><a class=\"w-sharing-item whatsapp\" href=\"https:\/\/web.whatsapp.com\/send?text=Jinyoung Yoon https:\/\/2024.festivalenescu.ro\/ro\/wp-json\/wp\/v2\/pages\/4791\" title=\"Share this\" aria-label=\"Share this\" onclick=\"window.open(this.href, &quot;whatsapp&quot;, &quot;toolbar=0,width=900,height=500&quot;); return false;\"><i class=\"fab fa-whatsapp\"><\/i><\/a><a class=\"w-sharing-item reddit\" href=\"https:\/\/www.reddit.com\/submit?url=https:\/\/2024.festivalenescu.ro\/ro\/wp-json\/wp\/v2\/pages\/4791&amp;title=Jinyoung Yoon\" title=\"Share this\" aria-label=\"Share this\" onclick=\"window.open(this.href, &quot;reddit&quot;, &quot;toolbar=no,width=900,height=500&quot;); return false;\"><i class=\"fab fa-reddit\"><\/i><\/a><a class=\"w-sharing-item telegram\" href=\"https:\/\/t.me\/share\/url?url=https:\/\/2024.festivalenescu.ro\/ro\/wp-json\/wp\/v2\/pages\/4791&amp;text=Jinyoung Yoon\" title=\"Share this\" aria-label=\"Share this\" onclick=\"window.open(this.href, &quot;telegram&quot;, &quot;toolbar=no,width=600,height=450&quot;); return false;\"><i class=\"fab fa-telegram\"><\/i><\/a><\/div><\/div><div class=\"w-post-elm post_navigation layout_sided inv_false\"><a class=\"post_navigation-item order_first to_prev\" href=\"https:\/\/2024.festivalenescu.ro\/ro\/concurenti\/sectiunea-vioara\/rok-zaletel-cernos\/\" title=\"Rok Zaletel \u010cerno\u0161\"><div class=\"post_navigation-item-img\"><img decoding=\"async\" src=\"https:\/\/2024.festivalenescu.ro\/wp-content\/uploads\/2024\/08\/Zaletel-Cernos-Rok-2-900x600.jpg\" loading=\"lazy\" alt=\"\" width=\"150\" height=\"150\"><\/div><div class=\"post_navigation-item-arrow\"><\/div><div class=\"post_navigation-item-title\"><span>Rok Zaletel \u010cerno\u0161<\/span><\/div><\/a><a class=\"post_navigation-item order_second to_next\" href=\"https:\/\/2024.festivalenescu.ro\/ro\/concurenti\/sectiunea-vioara\/haewon-yoon\/\" title=\"Haewon Yoon\"><div class=\"post_navigation-item-img\"><img decoding=\"async\" src=\"https:\/\/2024.festivalenescu.ro\/wp-content\/uploads\/2024\/08\/Yoon-Haewon-2-900x872.jpeg\" loading=\"lazy\" alt=\"\" width=\"150\" height=\"150\"><\/div><div class=\"post_navigation-item-arrow\"><\/div><div class=\"post_navigation-item-title\"><span>Haewon Yoon<\/span><\/div><\/a><\/div><\/div><\/div><\/div><\/div><\/div><\/section>\n","protected":false},"excerpt":{"rendered":"COREEA DE SUD 18 octombrie 1998 Jinyoung Yoon s-a n\u0103scut \u00een 1998 \u00een Coreea de Sud. A \u00eenceput s\u0103 studieze vioara la v\u00e2rsta de 5 ani \u0219i a urmat cursurile \u0218colii Gimnaziale de Muzic\u0103 Yewon din Seul. \u00cen timp ce studia cu Joseph Kim \u0219i Boksu Kim, a c\u00e2\u0219tigat marele premiu la Concursul Music Education...","protected":false},"author":4,"featured_media":4788,"parent":2970,"menu_order":0,"comment_status":"closed","ping_status":"closed","template":"","meta":{"footnotes":""},"class_list":["post-4791","page","type-page","status-publish","has-post-thumbnail","hentry"],"_links":{"self":[{"href":"https:\/\/2024.festivalenescu.ro\/ro\/wp-json\/wp\/v2\/pages\/4791","targetHints":{"allow":["GET"]}}],"collection":[{"href":"https:\/\/2024.festivalenescu.ro\/ro\/wp-json\/wp\/v2\/pages"}],"about":[{"href":"https:\/\/2024.festivalenescu.ro\/ro\/wp-json\/wp\/v2\/types\/page"}],"author":[{"embeddable":true,"href":"https:\/\/2024.festivalenescu.ro\/ro\/wp-json\/wp\/v2\/users\/4"}],"replies":[{"embeddable":true,"href":"https:\/\/2024.festivalenescu.ro\/ro\/wp-json\/wp\/v2\/comments?post=4791"}],"version-history":[{"count":3,"href":"https:\/\/2024.festivalenescu.ro\/ro\/wp-json\/wp\/v2\/pages\/4791\/revisions"}],"predecessor-version":[{"id":5256,"href":"https:\/\/2024.festivalenescu.ro\/ro\/wp-json\/wp\/v2\/pages\/4791\/revisions\/5256"}],"up":[{"embeddable":true,"href":"https:\/\/2024.festivalenescu.ro\/ro\/wp-json\/wp\/v2\/pages\/2970"}],"wp:featuredmedia":[{"embeddable":true,"href":"https:\/\/2024.festivalenescu.ro\/ro\/wp-json\/wp\/v2\/media\/4788"}],"wp:attachment":[{"href":"https:\/\/2024.festivalenescu.ro\/ro\/wp-json\/wp\/v2\/media?parent=4791"}],"curies":[{"name":"wp","href":"https:\/\/api.w.org\/{rel}","templated":true}]}}