{"id":5354,"date":"2024-08-30T09:08:33","date_gmt":"2024-08-30T06:08:33","guid":{"rendered":"https:\/\/concurs.festivalenescu.ro\/juriile\/juriu-vioara\/benjamin-schwartz\/"},"modified":"2024-08-30T09:09:22","modified_gmt":"2024-08-30T06:09:22","slug":"benjamin-schwartz","status":"publish","type":"page","link":"https:\/\/2024.festivalenescu.ro\/ro\/juriile\/juriu-vioara\/benjamin-schwartz\/","title":{"rendered":"Benjamin Schwartz"},"content":{"rendered":"<section class=\"l-section wpb_row height_medium\"><div class=\"l-section-h i-cf\"><div class=\"g-cols vc_row via_flex valign_top type_default stacking_default\"><div class=\"vc_col-sm-6 wpb_column vc_column_container\"><div class=\"vc_column-inner\"><div class=\"wpb_wrapper\"><div class=\"wpb_text_column\"><div class=\"wpb_wrapper\"><p><span style=\"font-weight: 400;\">Benjamin Schwartz, unul dintre cei mai importan\u021bi manageri de muzic\u0103 clasic\u0103 ai genera\u021biei sale, a ocupat pozi\u021bii cheie \u00een cadrul unor orchestre \u0219i festivaluri importante din Statele Unite, Japonia, Australia \u0219i Germania. \u00cen prezent, se ocup\u0103 de planificarea artistic\u0103 a Orchestrei Simfonice a Radiodifuziunii Bavareze, lucr\u00e2nd \u00een str\u00e2ns\u0103 colaborare cu noul s\u0103u dirijor principal, Sir Simon Rattle. \u00cenainte de a se al\u0103tura Orchestrei Simfonice a Radiodifuziunii Bavareze la invita\u021bia fostului dirijor principal Mariss Jansons, Benjamin Schwartz a fost director de planificare artistic\u0103 al Orchestrei Simfonice din Sydney, al\u0103turi de David Robertson, \u0219i administrator artistic al Festivalului Saito Kinen, unde a colaborat \u00eendeaproape cu Seiji Ozawa.<\/span><br \/>\n<span style=\"font-weight: 400;\">\u0218i-a \u00eenceput cariera ca administrator artistic adjunct al Orchestrei Simfonice din Boston. Anterior, a activat ca violoncelist profesionist, timp \u00een care a colaborat \u00eendeaproape cu o multitudine de compozitori, ceea ce a contribuit la interpretarea \u00een premier\u0103 a zeci de lucr\u0103ri solo \u0219i camerale.<\/span><br \/>\n<span style=\"font-weight: 400;\">Benjamin Schwartz a f\u0103cut parte \u00een repetate r\u00e2nduri din juriile unor concursuri interna\u021bionale de muzic\u0103 instrumental\u0103, canto \u0219i dirijat, precum \u0219i din juriile multor competi\u021bii pentru burse de studiu. A ob\u021binut diploma de violoncelist cu distinc\u021bii din partea Universit\u0103\u021bii de Muzic\u0103 \u0219i Artele Spectacolului din Viena \u0219i a finalizat studiile de master ale Conservatorului din New England, dup\u0103 ce \u0219i-a \u00eencheiat studiile de licen\u021b\u0103 \u00een literatur\u0103 francez\u0103 la Universitatea Notre Dame.<\/span><\/p>\n<\/div><\/div><\/div><\/div><\/div><div class=\"vc_col-sm-6 wpb_column vc_column_container\"><div class=\"vc_column-inner\"><div class=\"wpb_wrapper\"><div class=\"w-ibanner animation_phorcys ratio_1x1 easing_easeInOutCirc\"><div class=\"w-ibanner-h\"><div class=\"w-ibanner-image\" style=\"background-image: url(https:\/\/2024.festivalenescu.ro\/wp-content\/uploads\/2024\/08\/Benjamin-Schwartz.jpg)\"><\/div><div class=\"w-ibanner-content\"><div class=\"w-ibanner-content-h\"><h2 class=\"w-ibanner-title\"><\/h2><div class=\"w-ibanner-desc\"><\/div><\/div><\/div><\/div><\/div><\/div><\/div><\/div><\/div><\/div><\/section><section class=\"l-section wpb_row height_medium\"><div class=\"l-section-h i-cf\"><div class=\"g-cols vc_row via_flex valign_top type_default stacking_default\"><div class=\"vc_col-sm-12 wpb_column vc_column_container\"><div class=\"vc_column-inner\"><div class=\"wpb_wrapper\"><div class=\"wpb_text_column\"><div class=\"wpb_wrapper\"><p>Share:<\/p>\n<\/div><\/div><div class=\"w-sharing type_simple align_none color_default\"><div class=\"w-sharing-list\"><a class=\"w-sharing-item email\" href=\"mailto:?subject=Benjamin Schwartz&amp;body=https:\/\/2024.festivalenescu.ro\/ro\/wp-json\/wp\/v2\/pages\/5354\" title=\"Email this\" aria-label=\"Email this\"><i class=\"fas fa-envelope\"><\/i><\/a><a class=\"w-sharing-item facebook\" href=\"https:\/\/www.facebook.com\/sharer\/sharer.php?u=https:\/\/2024.festivalenescu.ro\/ro\/wp-json\/wp\/v2\/pages\/5354&amp;quote=Benjamin Schwartz\" title=\"Share this\" aria-label=\"Share this\" onclick=\"window.open(this.href, &quot;facebook&quot;, &quot;toolbar=0,width=900,height=500&quot;); return false;\"><i class=\"fab fa-facebook\"><\/i><\/a><a class=\"w-sharing-item twitter\" href=\"https:\/\/twitter.com\/intent\/tweet?text=Benjamin Schwartz&amp;url=https:\/\/2024.festivalenescu.ro\/ro\/wp-json\/wp\/v2\/pages\/5354\" title=\"Tweet this\" aria-label=\"Tweet this\" onclick=\"window.open(this.href, &quot;twitter&quot;, &quot;toolbar=0,width=650,height=360&quot;); return false;\"><i class=\"fab fa-x-twitter\"><svg style=\"width:1em; margin-bottom:-.1em;\" xmlns=\"http:\/\/www.w3.org\/2000\/svg\" viewBox=\"0 0 512 512\"><path fill=\"currentColor\" d=\"M389.2 48h70.6L305.6 224.2 487 464H345L233.7 318.6 106.5 464H35.8L200.7 275.5 26.8 48H172.4L272.9 180.9 389.2 48zM364.4 421.8h39.1L151.1 88h-42L364.4 421.8z\"\/><\/svg><\/i><\/a><a class=\"w-sharing-item linkedin\" href=\"https:\/\/www.linkedin.com\/shareArticle?mini=true&amp;url=https:\/\/2024.festivalenescu.ro\/ro\/wp-json\/wp\/v2\/pages\/5354\" title=\"Share this\" aria-label=\"Share this\" onclick=\"window.open(this.href, &quot;linkedin&quot;, &quot;toolbar=no,width=550,height=550&quot;); return false;\"><i class=\"fab fa-linkedin\"><\/i><\/a><a class=\"w-sharing-item whatsapp\" href=\"https:\/\/web.whatsapp.com\/send?text=Benjamin Schwartz https:\/\/2024.festivalenescu.ro\/ro\/wp-json\/wp\/v2\/pages\/5354\" title=\"Share this\" aria-label=\"Share this\" onclick=\"window.open(this.href, &quot;whatsapp&quot;, &quot;toolbar=0,width=900,height=500&quot;); return false;\"><i class=\"fab fa-whatsapp\"><\/i><\/a><a class=\"w-sharing-item reddit\" href=\"https:\/\/www.reddit.com\/submit?url=https:\/\/2024.festivalenescu.ro\/ro\/wp-json\/wp\/v2\/pages\/5354&amp;title=Benjamin Schwartz\" title=\"Share this\" aria-label=\"Share this\" onclick=\"window.open(this.href, &quot;reddit&quot;, &quot;toolbar=no,width=900,height=500&quot;); return false;\"><i class=\"fab fa-reddit\"><\/i><\/a><a class=\"w-sharing-item telegram\" href=\"https:\/\/t.me\/share\/url?url=https:\/\/2024.festivalenescu.ro\/ro\/wp-json\/wp\/v2\/pages\/5354&amp;text=Benjamin Schwartz\" title=\"Share this\" aria-label=\"Share this\" onclick=\"window.open(this.href, &quot;telegram&quot;, &quot;toolbar=no,width=600,height=450&quot;); return false;\"><i class=\"fab fa-telegram\"><\/i><\/a><\/div><\/div><div class=\"w-post-elm post_navigation layout_sided inv_false\"><a class=\"post_navigation-item order_first to_prev\" href=\"https:\/\/2024.festivalenescu.ro\/ro\/concurenti\/sectiunea-violoncel\/yuchan-lee\/\" title=\"Yuchan Lee\"><div class=\"post_navigation-item-img\"><img decoding=\"async\" src=\"https:\/\/2024.festivalenescu.ro\/wp-content\/uploads\/2024\/08\/LEE-Yuchan-1-767x900.jpg\" loading=\"lazy\" alt=\"\" width=\"150\" height=\"150\"><\/div><div class=\"post_navigation-item-arrow\"><\/div><div class=\"post_navigation-item-title\"><span>Yuchan Lee<\/span><\/div><\/a><a class=\"post_navigation-item order_second to_next\" href=\"https:\/\/2024.festivalenescu.ro\/ro\/concurenti\/sectiunea-violoncel\/seungyeon-baik\/\" title=\"Seungyeon Baik\"><div class=\"post_navigation-item-img\"><img decoding=\"async\" src=\"https:\/\/2024.festivalenescu.ro\/wp-content\/uploads\/2024\/08\/BAIK-Seungyeon-676x900.jpg\" loading=\"lazy\" alt=\"\" width=\"150\" height=\"150\"><\/div><div class=\"post_navigation-item-arrow\"><\/div><div class=\"post_navigation-item-title\"><span>Seungyeon Baik<\/span><\/div><\/a><\/div><\/div><\/div><\/div><\/div><\/div><\/section>\n","protected":false},"excerpt":{"rendered":"Benjamin Schwartz, unul dintre cei mai importan\u021bi manageri de muzic\u0103 clasic\u0103 ai genera\u021biei sale, a ocupat pozi\u021bii cheie \u00een cadrul unor orchestre \u0219i festivaluri importante din Statele Unite, Japonia, Australia \u0219i Germania. \u00cen prezent, se ocup\u0103 de planificarea artistic\u0103 a Orchestrei Simfonice a Radiodifuziunii Bavareze, lucr\u00e2nd \u00een str\u00e2ns\u0103 colaborare cu noul s\u0103u dirijor principal, Sir...","protected":false},"author":4,"featured_media":5351,"parent":2255,"menu_order":0,"comment_status":"closed","ping_status":"closed","template":"","meta":{"footnotes":""},"class_list":["post-5354","page","type-page","status-publish","has-post-thumbnail","hentry"],"_links":{"self":[{"href":"https:\/\/2024.festivalenescu.ro\/ro\/wp-json\/wp\/v2\/pages\/5354","targetHints":{"allow":["GET"]}}],"collection":[{"href":"https:\/\/2024.festivalenescu.ro\/ro\/wp-json\/wp\/v2\/pages"}],"about":[{"href":"https:\/\/2024.festivalenescu.ro\/ro\/wp-json\/wp\/v2\/types\/page"}],"author":[{"embeddable":true,"href":"https:\/\/2024.festivalenescu.ro\/ro\/wp-json\/wp\/v2\/users\/4"}],"replies":[{"embeddable":true,"href":"https:\/\/2024.festivalenescu.ro\/ro\/wp-json\/wp\/v2\/comments?post=5354"}],"version-history":[{"count":1,"href":"https:\/\/2024.festivalenescu.ro\/ro\/wp-json\/wp\/v2\/pages\/5354\/revisions"}],"predecessor-version":[{"id":5355,"href":"https:\/\/2024.festivalenescu.ro\/ro\/wp-json\/wp\/v2\/pages\/5354\/revisions\/5355"}],"up":[{"embeddable":true,"href":"https:\/\/2024.festivalenescu.ro\/ro\/wp-json\/wp\/v2\/pages\/2255"}],"wp:featuredmedia":[{"embeddable":true,"href":"https:\/\/2024.festivalenescu.ro\/ro\/wp-json\/wp\/v2\/media\/5351"}],"wp:attachment":[{"href":"https:\/\/2024.festivalenescu.ro\/ro\/wp-json\/wp\/v2\/media?parent=5354"}],"curies":[{"name":"wp","href":"https:\/\/api.w.org\/{rel}","templated":true}]}}