{"id":5435,"date":"2024-09-01T16:01:53","date_gmt":"2024-09-01T13:01:53","guid":{"rendered":"https:\/\/concurs.festivalenescu.ro\/?page_id=5435"},"modified":"2024-09-01T17:15:43","modified_gmt":"2024-09-01T14:15:43","slug":"dan-prelipcean","status":"publish","type":"page","link":"https:\/\/2024.festivalenescu.ro\/ro\/juriile\/juriu-violoncel\/dan-prelipcean\/","title":{"rendered":"Dan Prelipcean"},"content":{"rendered":"<section class=\"l-section wpb_row height_medium\"><div class=\"l-section-h i-cf\"><div class=\"g-cols vc_row via_flex valign_top type_default stacking_default\"><div class=\"vc_col-sm-6 wpb_column vc_column_container\"><div class=\"vc_column-inner\"><div class=\"wpb_wrapper\"><div class=\"wpb_text_column\"><div class=\"wpb_wrapper\"><p><span style=\"font-weight: 400;\">Dan Prelipcean, violoncelistul Cvartetului de coarde <\/span><i><span style=\"font-weight: 400;\">Voces <\/span><\/i><span style=\"font-weight: 400;\">fondat la Ia\u0219i \u00een anul 1973, a studiat la Conservatorul George Enescu<\/span> <span style=\"font-weight: 400;\">din Ia\u0219i, iar dup\u0103 absolvire a activat \u00een Orchestra Filarmonicii Moldova \u0219i la catedr\u0103, \u00een cadrul Conservatorului din Ia\u0219i.<\/span><br \/>\n<span style=\"font-weight: 400;\">A urmat cursuri de interpretare cu mae\u0219tri ai genului cameral, precum George Hamza, Wilhelm Georg Berger, Vilmos T\u00e1trai (Budapesta), Nikolaus Delius (Freiburg), Uzi Wiesel (Bayreuth), Friedrich von Hausegger (Hanovra), Mieczys\u0142aw Horszowski, Hans Leygraf, membrii Cvartetului britanic <\/span><i><span style=\"font-weight: 400;\">Amadeus<\/span><\/i><span style=\"font-weight: 400;\">, Boris Pergamencicov (K\u00f6ln).<\/span><br \/>\n<span style=\"font-weight: 400;\">\u00cen anul 2005, \u0219i-a sus\u021binut teza de doctorat intitulat\u0103 <\/span><i><span style=\"font-weight: 400;\">Crea\u021bia clasic\u0103 pentru cvartet de coarde. Repere stilistice<\/span><\/i><span style=\"font-weight: 400;\">, la Universitatea Na\u021bional\u0103 de Arte <\/span><i><span style=\"font-weight: 400;\">George Enescu <\/span><\/i><span style=\"font-weight: 400;\">din Ia\u0219i, cercetare desf\u0103\u0219urat\u0103 sub coordonarea prof. univ. dr. Mihail Cozmei.<\/span><br \/>\n<span style=\"font-weight: 400;\">A fost laureat al mai multor competi\u021bii interna\u021bionale pentru cvartet de coarde, \u00eentre care cele de la Colmar, Bordeaux (Fran\u021ba) \u0219i Hanovra (Germania), \u0219i a realizat numeroase \u00eenregistr\u0103ri pe disc, la radio \u0219i TV, \u00eentre care <\/span><i><span style=\"font-weight: 400;\">Integrala cameral\u0103 George Enescu <\/span><\/i><span style=\"font-weight: 400;\">(1981) \u0219i <\/span><i><span style=\"font-weight: 400;\">Integrala Beethoven <\/span><\/i><span style=\"font-weight: 400;\">(\u00eenregistr\u0103ri<\/span> <span style=\"font-weight: 400;\">live<\/span> <span style=\"font-weight: 400;\">la W\u00fcrzburg, Germania). De asemenea, a publicat c\u0103r\u021bi \u0219i studii \u0219i a sus\u021binut conferin\u021be despre tehnica interpret\u0103rii instrumentale \u0219i a coordonat \u0219i impresariat activitatea artistic\u0103 na\u021bional\u0103 \u0219i interna\u021bional\u0103 a Cvartetului de coarde <\/span><i><span style=\"font-weight: 400;\">Voces <\/span><\/i><span style=\"font-weight: 400;\">din 1980 p\u00e2n\u0103 \u00een prezent.<\/span><br \/>\n<span style=\"font-weight: 400;\">Dan Prelipcean este profesor titular la Universitatea Na\u021bional\u0103 de Arte George Enescu<\/span> <span style=\"font-weight: 400;\">din Ia\u0219i (specializarea interpretare instrumental\u0103 \u0219i muzic\u0103 de camer\u0103) din 2005 \u0219i coordonator \u0219tiin\u021bific de doctorat din 2007. \u00centre 2011 \u0219i 2020 a fost directorul \u0218colii doctorale (domeniul Muzic\u0103) din cadrul Universit\u0103\u021bii Na\u021bionale de Arte George Enescu din<\/span> <span style=\"font-weight: 400;\">Ia\u0219i.<\/span><\/p>\n<\/div><\/div><\/div><\/div><\/div><div class=\"vc_col-sm-6 wpb_column vc_column_container\"><div class=\"vc_column-inner\"><div class=\"wpb_wrapper\"><div class=\"w-ibanner animation_phorcys ratio_1x1 easing_easeInOutCirc\"><div class=\"w-ibanner-h\"><div class=\"w-ibanner-image\" style=\"background-image: url(https:\/\/2024.festivalenescu.ro\/wp-content\/uploads\/2024\/09\/foto_Prelipcean-Dan-1.jpg)\"><\/div><div class=\"w-ibanner-content\"><div class=\"w-ibanner-content-h\"><h2 class=\"w-ibanner-title\"><\/h2><div class=\"w-ibanner-desc\"><\/div><\/div><\/div><\/div><\/div><\/div><\/div><\/div><\/div><\/div><\/section><section class=\"l-section wpb_row height_medium\"><div class=\"l-section-h i-cf\"><div class=\"g-cols vc_row via_flex valign_top type_default stacking_default\"><div class=\"vc_col-sm-12 wpb_column vc_column_container\"><div class=\"vc_column-inner\"><div class=\"wpb_wrapper\"><div class=\"wpb_text_column\"><div class=\"wpb_wrapper\"><p>Share:<\/p>\n<\/div><\/div><div class=\"w-sharing type_simple align_none color_default\"><div class=\"w-sharing-list\"><a class=\"w-sharing-item email\" href=\"mailto:?subject=Dan Prelipcean&amp;body=https:\/\/2024.festivalenescu.ro\/ro\/wp-json\/wp\/v2\/pages\/5435\" title=\"Email this\" aria-label=\"Email this\"><i class=\"fas fa-envelope\"><\/i><\/a><a class=\"w-sharing-item facebook\" href=\"https:\/\/www.facebook.com\/sharer\/sharer.php?u=https:\/\/2024.festivalenescu.ro\/ro\/wp-json\/wp\/v2\/pages\/5435&amp;quote=Dan Prelipcean\" title=\"Share this\" aria-label=\"Share this\" onclick=\"window.open(this.href, &quot;facebook&quot;, &quot;toolbar=0,width=900,height=500&quot;); return false;\"><i class=\"fab fa-facebook\"><\/i><\/a><a class=\"w-sharing-item twitter\" href=\"https:\/\/twitter.com\/intent\/tweet?text=Dan Prelipcean&amp;url=https:\/\/2024.festivalenescu.ro\/ro\/wp-json\/wp\/v2\/pages\/5435\" title=\"Tweet this\" aria-label=\"Tweet this\" onclick=\"window.open(this.href, &quot;twitter&quot;, &quot;toolbar=0,width=650,height=360&quot;); return false;\"><i class=\"fab fa-x-twitter\"><svg style=\"width:1em; margin-bottom:-.1em;\" xmlns=\"http:\/\/www.w3.org\/2000\/svg\" viewBox=\"0 0 512 512\"><path fill=\"currentColor\" d=\"M389.2 48h70.6L305.6 224.2 487 464H345L233.7 318.6 106.5 464H35.8L200.7 275.5 26.8 48H172.4L272.9 180.9 389.2 48zM364.4 421.8h39.1L151.1 88h-42L364.4 421.8z\"\/><\/svg><\/i><\/a><a class=\"w-sharing-item linkedin\" href=\"https:\/\/www.linkedin.com\/shareArticle?mini=true&amp;url=https:\/\/2024.festivalenescu.ro\/ro\/wp-json\/wp\/v2\/pages\/5435\" title=\"Share this\" aria-label=\"Share this\" onclick=\"window.open(this.href, &quot;linkedin&quot;, &quot;toolbar=no,width=550,height=550&quot;); return false;\"><i class=\"fab fa-linkedin\"><\/i><\/a><a class=\"w-sharing-item whatsapp\" href=\"https:\/\/web.whatsapp.com\/send?text=Dan Prelipcean https:\/\/2024.festivalenescu.ro\/ro\/wp-json\/wp\/v2\/pages\/5435\" title=\"Share this\" aria-label=\"Share this\" onclick=\"window.open(this.href, &quot;whatsapp&quot;, &quot;toolbar=0,width=900,height=500&quot;); return false;\"><i class=\"fab fa-whatsapp\"><\/i><\/a><a class=\"w-sharing-item reddit\" href=\"https:\/\/www.reddit.com\/submit?url=https:\/\/2024.festivalenescu.ro\/ro\/wp-json\/wp\/v2\/pages\/5435&amp;title=Dan Prelipcean\" title=\"Share this\" aria-label=\"Share this\" onclick=\"window.open(this.href, &quot;reddit&quot;, &quot;toolbar=no,width=900,height=500&quot;); return false;\"><i class=\"fab fa-reddit\"><\/i><\/a><a class=\"w-sharing-item telegram\" href=\"https:\/\/t.me\/share\/url?url=https:\/\/2024.festivalenescu.ro\/ro\/wp-json\/wp\/v2\/pages\/5435&amp;text=Dan Prelipcean\" title=\"Share this\" aria-label=\"Share this\" onclick=\"window.open(this.href, &quot;telegram&quot;, &quot;toolbar=no,width=600,height=450&quot;); return false;\"><i class=\"fab fa-telegram\"><\/i><\/a><\/div><\/div><div class=\"w-post-elm post_navigation layout_sided inv_false\"><a class=\"post_navigation-item order_first to_prev\" href=\"https:\/\/2024.festivalenescu.ro\/ro\/transmisiune-in-direct\/\" title=\"Transmisiune \u00een direct\"><div class=\"post_navigation-item-img\"><img decoding=\"async\" src=\"https:\/\/2024.festivalenescu.ro\/wp-content\/uploads\/2024\/09\/Concursul-Enescu-facebook-900x395.jpg\" loading=\"lazy\" alt=\"\" width=\"150\" height=\"150\"><\/div><div class=\"post_navigation-item-arrow\"><\/div><div class=\"post_navigation-item-title\"><span>Transmisiune \u00een direct<\/span><\/div><\/a><a class=\"post_navigation-item order_second to_next\" href=\"https:\/\/2024.festivalenescu.ro\/ro\/evenimente\/evenimente-conexe\/31-august-27-september-2024-exhibition-george-enescu-international-competition-retrospective\/\" title=\"31.08-27.09 &#8211; Expozi\u021bie Retrospectiva Concursului Interna\u021bional George Enescu\"><div class=\"post_navigation-item-img\"><img loading=\"lazy\" decoding=\"async\" width=\"512\" height=\"512\" src=\"https:\/\/2024.festivalenescu.ro\/wp-content\/uploads\/2023\/11\/favicon.png\" class=\"g-placeholder\" alt=\"\" srcset=\"https:\/\/2024.festivalenescu.ro\/wp-content\/uploads\/2023\/11\/favicon.png 512w, https:\/\/2024.festivalenescu.ro\/wp-content\/uploads\/2023\/11\/favicon-200x200.png 200w, https:\/\/2024.festivalenescu.ro\/wp-content\/uploads\/2023\/11\/favicon-150x150.png 150w, https:\/\/2024.festivalenescu.ro\/wp-content\/uploads\/2023\/11\/favicon-400x400.png 400w, https:\/\/2024.festivalenescu.ro\/wp-content\/uploads\/2023\/11\/favicon-300x300.png 300w\" sizes=\"auto, (max-width: 512px) 100vw, 512px\" \/><\/div><div class=\"post_navigation-item-arrow\"><\/div><div class=\"post_navigation-item-title\"><span>31.08-27.09 &#8211; Expozi\u021bie Retrospectiva Concursului Interna\u021bional George Enescu<\/span><\/div><\/a><\/div><\/div><\/div><\/div><\/div><\/div><\/section>\n","protected":false},"excerpt":{"rendered":"Dan Prelipcean, violoncelistul Cvartetului de coarde Voces fondat la Ia\u0219i \u00een anul 1973, a studiat la Conservatorul George Enescu din Ia\u0219i, iar dup\u0103 absolvire a activat \u00een Orchestra Filarmonicii Moldova \u0219i la catedr\u0103, \u00een cadrul Conservatorului din Ia\u0219i. A urmat cursuri de interpretare cu mae\u0219tri ai genului cameral, precum George Hamza, Wilhelm Georg Berger, Vilmos...","protected":false},"author":4,"featured_media":5438,"parent":2249,"menu_order":0,"comment_status":"closed","ping_status":"closed","template":"","meta":{"footnotes":""},"class_list":["post-5435","page","type-page","status-publish","has-post-thumbnail","hentry"],"_links":{"self":[{"href":"https:\/\/2024.festivalenescu.ro\/ro\/wp-json\/wp\/v2\/pages\/5435","targetHints":{"allow":["GET"]}}],"collection":[{"href":"https:\/\/2024.festivalenescu.ro\/ro\/wp-json\/wp\/v2\/pages"}],"about":[{"href":"https:\/\/2024.festivalenescu.ro\/ro\/wp-json\/wp\/v2\/types\/page"}],"author":[{"embeddable":true,"href":"https:\/\/2024.festivalenescu.ro\/ro\/wp-json\/wp\/v2\/users\/4"}],"replies":[{"embeddable":true,"href":"https:\/\/2024.festivalenescu.ro\/ro\/wp-json\/wp\/v2\/comments?post=5435"}],"version-history":[{"count":1,"href":"https:\/\/2024.festivalenescu.ro\/ro\/wp-json\/wp\/v2\/pages\/5435\/revisions"}],"predecessor-version":[{"id":5446,"href":"https:\/\/2024.festivalenescu.ro\/ro\/wp-json\/wp\/v2\/pages\/5435\/revisions\/5446"}],"up":[{"embeddable":true,"href":"https:\/\/2024.festivalenescu.ro\/ro\/wp-json\/wp\/v2\/pages\/2249"}],"wp:featuredmedia":[{"embeddable":true,"href":"https:\/\/2024.festivalenescu.ro\/ro\/wp-json\/wp\/v2\/media\/5438"}],"wp:attachment":[{"href":"https:\/\/2024.festivalenescu.ro\/ro\/wp-json\/wp\/v2\/media?parent=5435"}],"curies":[{"name":"wp","href":"https:\/\/api.w.org\/{rel}","templated":true}]}}