{"id":5617,"date":"2024-09-07T17:28:04","date_gmt":"2024-09-07T14:28:04","guid":{"rendered":"https:\/\/concurs.festivalenescu.ro\/?page_id=5617"},"modified":"2024-09-28T15:28:46","modified_gmt":"2024-09-28T12:28:46","slug":"programe-si-reviste","status":"publish","type":"page","link":"https:\/\/2024.festivalenescu.ro\/ro\/programe-si-reviste\/","title":{"rendered":"Programe \u0219i reviste"},"content":{"rendered":"<section class=\"l-section wpb_row height_medium\"><div class=\"l-section-h i-cf\"><div class=\"g-cols vc_row via_flex valign_top type_default stacking_default\"><div class=\"vc_col-sm-12 wpb_column vc_column_container\"><div class=\"vc_column-inner\"><div class=\"wpb_wrapper\"><div class=\"wpb_text_column\"><div class=\"wpb_wrapper\"><div class=\"flex max-w-full flex-col flex-grow\">\n<div class=\"min-h-&#091;20px&#093; text-message flex w-full flex-col items-end gap-2 whitespace-normal break-words &#091;.text-message+&amp;&#093;:mt-5\" dir=\"auto\" data-message-author-role=\"assistant\" data-message-id=\"59a3df7d-f054-4222-950f-1377e6e279af\">\n<div class=\"flex w-full flex-col gap-1 empty:hidden first:pt-&#091;3px&#093;\">\n<div class=\"markdown prose w-full break-words dark:prose-invert dark\">\n<h4>Descarc\u0103 programele zilnice ale recitalurilor \u0219i etapelor de concurs din cadrul edi\u021biei a XIX-a a Concursului Interna\u021bional George Enescu:<\/h4>\n<\/div>\n<\/div>\n<\/div>\n<\/div>\n<\/div><\/div><div class=\"w-separator size_small\"><\/div><div class=\"w-vwrapper align_none valign_top\"><div class=\"w-btn-wrapper align_none\"><a class=\"w-btn us-btn-style_1\" href=\"https:\/\/concurs.festivalenescu.ro\/wp-content\/uploads\/2024\/08\/Program-zilnic-31-august-2024-1.pdf\"><span class=\"w-btn-label\">Concertul de deschidere &#8211; S\u00e2mb\u0103t\u0103, 31 august 2024<\/span><\/a><\/div><div class=\"w-btn-wrapper align_none\"><a class=\"w-btn us-btn-style_1\" href=\"https:\/\/concurs.festivalenescu.ro\/wp-content\/uploads\/2024\/09\/Program-zilnic-4-septembrie.pdf\"><span class=\"w-btn-label\">Recital Enrico Dindo \u0219i Mikhail Mordvinov &#8211; 4 septembrie 2024<\/span><\/a><\/div><div class=\"w-btn-wrapper align_none\"><a class=\"w-btn us-btn-style_1\" href=\"https:\/\/concurs.festivalenescu.ro\/wp-content\/uploads\/2024\/09\/Program-zilnic-6-septembrie.pdf\"><span class=\"w-btn-label\">Recital Dmitry Sitkovetsky, Valentin R\u0103du\u021biu \u0219i Lukas Geniusas &#8211; 6 septembrie 2024<\/span><\/a><\/div><div class=\"w-btn-wrapper align_none\"><a class=\"w-btn us-btn-style_1\" href=\"https:\/\/concurs.festivalenescu.ro\/wp-content\/uploads\/2024\/09\/Program-zilnic-8-septembrie-TIPAR-1.pdf\"><span class=\"w-btn-label\">Semifinala Violoncel &#8211; 8 septembrie 2024<\/span><\/a><\/div><div class=\"w-btn-wrapper align_none\"><a class=\"w-btn us-btn-style_1\" href=\"https:\/\/concurs.festivalenescu.ro\/wp-content\/uploads\/2024\/09\/Program-zilnic-10-septembrie.pdf\"><span class=\"w-btn-label\">Finala Violoncel &#8211; 10 septembrie 2024<\/span><\/a><\/div><div class=\"w-btn-wrapper align_none\"><a class=\"w-btn us-btn-style_1\" href=\"https:\/\/concurs.festivalenescu.ro\/wp-content\/uploads\/2024\/09\/Program-zilnic-13-septembrie-TIPAR_compressed.pdf\"><span class=\"w-btn-label\">Recital Liviu Prunaru \u0219i Valentin \u0218erban &#8211; 13 septembrie 2024<\/span><\/a><\/div><div class=\"w-btn-wrapper align_none\"><a class=\"w-btn us-btn-style_1\" href=\"https:\/\/concurs.festivalenescu.ro\/wp-content\/uploads\/2024\/09\/Program-zilnic-14-septembrie.pdf\"><span class=\"w-btn-label\">Semifinal\u0103 Vioar\u0103 &#8211; 14 septembrie 2024<\/span><\/a><\/div><div class=\"w-btn-wrapper align_none\"><a class=\"w-btn us-btn-style_1\" href=\"https:\/\/concurs.festivalenescu.ro\/wp-content\/uploads\/2024\/09\/Program-zilnic-15-septembrie-TIPAR_compressed.pdf\"><span class=\"w-btn-label\">Recital Shlomo Mintz &#8211; 15 septembrie 2024<\/span><\/a><\/div><div class=\"w-btn-wrapper align_none\"><a class=\"w-btn us-btn-style_1\" href=\"https:\/\/concurs.festivalenescu.ro\/wp-content\/uploads\/2024\/09\/Program-zilnic-16-septembrie-TIPAR_compressed.pdf\"><span class=\"w-btn-label\">Finala Vioar\u0103 &#8211; 16 septembrie 2024<\/span><\/a><\/div><div class=\"w-btn-wrapper align_none\"><a class=\"w-btn us-btn-style_1\" href=\"https:\/\/concurs.festivalenescu.ro\/wp-content\/uploads\/2024\/09\/Program-zilnic-19-septembrie-TIPAR_compressed.pdf\"><span class=\"w-btn-label\">Recital Lilya Zilberstein &#8211; 19 septembrie 2024<\/span><\/a><\/div><div class=\"w-btn-wrapper align_none\"><a class=\"w-btn us-btn-style_1\" href=\"https:\/\/concurs.festivalenescu.ro\/wp-content\/uploads\/2024\/09\/Program-zilnic-20-septembrie_compressed.pdf\"><span class=\"w-btn-label\">Piano section semifinal &#8211; 20 septembrie 2024<\/span><\/a><\/div><div class=\"w-btn-wrapper align_none\"><a class=\"w-btn us-btn-style_1\" href=\"https:\/\/concurs.festivalenescu.ro\/wp-content\/uploads\/2024\/09\/Program-zilnic-21-septembrie-TIPAR_compressed.pdf\"><span class=\"w-btn-label\">Recital Simon Trpceski &#8211; 21 septembrie 2024<\/span><\/a><\/div><div class=\"w-btn-wrapper align_none\"><a class=\"w-btn us-btn-style_1\" href=\"https:\/\/concurs.festivalenescu.ro\/wp-content\/uploads\/2024\/09\/Program-zilnic-22-septembrie-TIPAR_compressed.pdf\"><span class=\"w-btn-label\">Finala Pian &#8211; 22 septembrie 2024<\/span><\/a><\/div><div class=\"w-btn-wrapper align_none\"><a class=\"w-btn us-btn-style_1\" href=\"https:\/\/concurs.festivalenescu.ro\/wp-content\/uploads\/2024\/09\/MPSO-400971_400-reviste-8-pagini-A5_Program-zilnic-27-septembrie_compressed.pdf\"><span class=\"w-btn-label\">Concert final Masterclass &#8211; 27 septembrie 2024<\/span><\/a><\/div><\/div><div class=\"w-separator size_medium\"><\/div><div class=\"wpb_text_column\"><div class=\"wpb_wrapper\"><div class=\"flex max-w-full flex-col flex-grow\">\n<div class=\"min-h-&#091;20px&#093; text-message flex w-full flex-col items-end gap-2 whitespace-normal break-words &#091;.text-message+&amp;&#093;:mt-5\" dir=\"auto\" data-message-author-role=\"assistant\" data-message-id=\"59a3df7d-f054-4222-950f-1377e6e279af\">\n<div class=\"flex w-full flex-col gap-1 empty:hidden first:pt-&#091;3px&#093;\">\n<div class=\"markdown prose w-full break-words dark:prose-invert dark\">\n<h4>Descarc\u0103 revistele edi\u021biei a XIX-a a Concursului Interna\u021bional George Enescu:<\/h4>\n<\/div>\n<\/div>\n<\/div>\n<\/div>\n<\/div><\/div><div class=\"w-separator size_small\"><\/div><div class=\"w-vwrapper align_none valign_top\"><div class=\"w-btn-wrapper align_none\"><a class=\"w-btn us-btn-style_1\" href=\"https:\/\/concurs.festivalenescu.ro\/wp-content\/uploads\/2024\/09\/Revista-Concursului-Enescu-01_2024.pdf\"><span class=\"w-btn-label\">Revista Concursului &#8211; No. 1<\/span><\/a><\/div><div class=\"w-btn-wrapper align_none\"><a class=\"w-btn us-btn-style_1\" href=\"https:\/\/concurs.festivalenescu.ro\/wp-content\/uploads\/2024\/09\/Revista-Concursului-Enescu-02_2024.pdf\"><span class=\"w-btn-label\">Revista Concursului &#8211; No. 2<\/span><\/a><\/div><div class=\"w-btn-wrapper align_none\"><a class=\"w-btn us-btn-style_1\" href=\"https:\/\/concurs.festivalenescu.ro\/wp-content\/uploads\/2024\/09\/Enescu2024_revista_03_compressed.pdf\"><span class=\"w-btn-label\">Revista Concursului &#8211; No. 3<\/span><\/a><\/div><div class=\"w-btn-wrapper align_none\"><a class=\"w-btn us-btn-style_1\" href=\"https:\/\/concurs.festivalenescu.ro\/wp-content\/uploads\/2024\/09\/Enescu2024_04web_compressed.pdf\"><span class=\"w-btn-label\">Revista Concursului &#8211; No. 4<\/span><\/a><\/div><\/div><\/div><\/div><\/div><\/div><\/div><\/section>\n","protected":false},"excerpt":{"rendered":"Descarc\u0103 programele zilnice ale recitalurilor \u0219i etapelor de concurs din cadrul edi\u021biei a XIX-a a Concursului Interna\u021bional George Enescu: Concertul de deschidere &#8211; S\u00e2mb\u0103t\u0103, 31 august 2024Recital Enrico Dindo \u0219i Mikhail Mordvinov &#8211; 4 septembrie 2024Recital Dmitry Sitkovetsky, Valentin R\u0103du\u021biu \u0219i Lukas Geniusas &#8211; 6 septembrie 2024Semifinala Violoncel &#8211; 8 septembrie 2024Finala Violoncel &#8211; 10...","protected":false},"author":3,"featured_media":5499,"parent":0,"menu_order":0,"comment_status":"closed","ping_status":"closed","template":"","meta":{"footnotes":""},"class_list":["post-5617","page","type-page","status-publish","has-post-thumbnail","hentry"],"_links":{"self":[{"href":"https:\/\/2024.festivalenescu.ro\/ro\/wp-json\/wp\/v2\/pages\/5617","targetHints":{"allow":["GET"]}}],"collection":[{"href":"https:\/\/2024.festivalenescu.ro\/ro\/wp-json\/wp\/v2\/pages"}],"about":[{"href":"https:\/\/2024.festivalenescu.ro\/ro\/wp-json\/wp\/v2\/types\/page"}],"author":[{"embeddable":true,"href":"https:\/\/2024.festivalenescu.ro\/ro\/wp-json\/wp\/v2\/users\/3"}],"replies":[{"embeddable":true,"href":"https:\/\/2024.festivalenescu.ro\/ro\/wp-json\/wp\/v2\/comments?post=5617"}],"version-history":[{"count":17,"href":"https:\/\/2024.festivalenescu.ro\/ro\/wp-json\/wp\/v2\/pages\/5617\/revisions"}],"predecessor-version":[{"id":6104,"href":"https:\/\/2024.festivalenescu.ro\/ro\/wp-json\/wp\/v2\/pages\/5617\/revisions\/6104"}],"wp:featuredmedia":[{"embeddable":true,"href":"https:\/\/2024.festivalenescu.ro\/ro\/wp-json\/wp\/v2\/media\/5499"}],"wp:attachment":[{"href":"https:\/\/2024.festivalenescu.ro\/ro\/wp-json\/wp\/v2\/media?parent=5617"}],"curies":[{"name":"wp","href":"https:\/\/api.w.org\/{rel}","templated":true}]}}