{"id":5700,"date":"2024-09-09T20:20:41","date_gmt":"2024-09-09T17:20:41","guid":{"rendered":"https:\/\/concurs.festivalenescu.ro\/?page_id=5700"},"modified":"2024-09-15T11:38:04","modified_gmt":"2024-09-15T08:38:04","slug":"premiul-publicului","status":"publish","type":"page","link":"https:\/\/2024.festivalenescu.ro\/ro\/premiul-publicului\/","title":{"rendered":"Premiul publicului &#8211; violoncel"},"content":{"rendered":"<section class=\"l-section wpb_row height_medium\"><div class=\"l-section-h i-cf\"><div class=\"g-cols vc_row via_flex valign_top type_default stacking_default\"><div class=\"vc_col-sm-12 wpb_column vc_column_container\"><div class=\"vc_column-inner\"><div class=\"wpb_wrapper\"><div class=\"wpb_text_column\"><div class=\"wpb_wrapper\"><p><b>Update: Ettore Pagano (Italia)\u00a0<\/b>este c\u00e2\u0219tig\u0103torul premiului publicului \u00een urma voturilor acordate \u00een cadrul finalei de violoncel.<\/p>\n<\/div><\/div><div class=\"w-separator size_medium\"><\/div><div class=\"wpb_text_column\"><div class=\"wpb_wrapper\"><p><strong>Premiul Publicului<\/strong> \u00een cadrul finalei de violoncel a Concursului Interna\u021bional George Enescu va fi acordat de audien\u021b\u0103 unuia dintre cei trei finali\u0219ti:<\/p>\n<ul>\n<li><strong>Haddon Kay (SUA) &#8211;<\/strong>\u00a0va interpreta Concertul pentru violoncel \u00een Si minor, Op. 104 de Dvo\u0159\u00e1k<\/li>\n<li><strong>Yo Kitamura (Japonia) &#8211; <\/strong>va interpreta Concertul pentru violoncel \u00een Si minor, Op. 104 de Dvo\u0159\u00e1k<\/li>\n<li><strong>Ettore Pagano (Italia) <\/strong>&#8211; va interpreta\u00a0Concertul pentru violoncel nr. 1 \u00een Mi bemol major, Op. 107 de \u0218ostakovici<\/li>\n<\/ul>\n<\/div><\/div><div class=\"w-separator size_medium\"><\/div><div class=\"wpb_text_column\"><div class=\"wpb_wrapper\"><p><b>Alegerea c\u00e2\u0219tig\u0103torului se va face conform cu urm\u0103torul regulament:<\/b><\/p>\n<\/div><\/div><div class=\"w-separator size_small\"><\/div><div class=\"w-btn-wrapper align_none\"><a class=\"w-btn us-btn-style_1\" href=\"https:\/\/concurs.festivalenescu.ro\/wp-content\/uploads\/2024\/09\/detalii-PREMIUL-PUBLICULUI-2024.pdf\"><span class=\"w-btn-label\">Regulament votare<\/span><\/a><\/div><\/div><\/div><\/div><\/div><\/div><\/section>\n","protected":false},"excerpt":{"rendered":"Update: Ettore Pagano (Italia)\u00a0este c\u00e2\u0219tig\u0103torul premiului publicului \u00een urma voturilor acordate \u00een cadrul finalei de violoncel. Premiul Publicului \u00een cadrul finalei de violoncel a Concursului Interna\u021bional George Enescu va fi acordat de audien\u021b\u0103 unuia dintre cei trei finali\u0219ti: Haddon Kay (SUA) &#8211;\u00a0va interpreta Concertul pentru violoncel \u00een Si minor, Op. 104 de Dvo\u0159\u00e1k Yo Kitamura...","protected":false},"author":3,"featured_media":0,"parent":0,"menu_order":0,"comment_status":"closed","ping_status":"closed","template":"","meta":{"footnotes":""},"class_list":["post-5700","page","type-page","status-publish","hentry"],"_links":{"self":[{"href":"https:\/\/2024.festivalenescu.ro\/ro\/wp-json\/wp\/v2\/pages\/5700","targetHints":{"allow":["GET"]}}],"collection":[{"href":"https:\/\/2024.festivalenescu.ro\/ro\/wp-json\/wp\/v2\/pages"}],"about":[{"href":"https:\/\/2024.festivalenescu.ro\/ro\/wp-json\/wp\/v2\/types\/page"}],"author":[{"embeddable":true,"href":"https:\/\/2024.festivalenescu.ro\/ro\/wp-json\/wp\/v2\/users\/3"}],"replies":[{"embeddable":true,"href":"https:\/\/2024.festivalenescu.ro\/ro\/wp-json\/wp\/v2\/comments?post=5700"}],"version-history":[{"count":26,"href":"https:\/\/2024.festivalenescu.ro\/ro\/wp-json\/wp\/v2\/pages\/5700\/revisions"}],"predecessor-version":[{"id":5895,"href":"https:\/\/2024.festivalenescu.ro\/ro\/wp-json\/wp\/v2\/pages\/5700\/revisions\/5895"}],"wp:attachment":[{"href":"https:\/\/2024.festivalenescu.ro\/ro\/wp-json\/wp\/v2\/media?parent=5700"}],"curies":[{"name":"wp","href":"https:\/\/api.w.org\/{rel}","templated":true}]}}