{"id":5804,"date":"2024-09-12T15:10:26","date_gmt":"2024-09-12T12:10:26","guid":{"rendered":"https:\/\/concurs.festivalenescu.ro\/audience-award-violin\/"},"modified":"2024-09-22T12:14:19","modified_gmt":"2024-09-22T09:14:19","slug":"premiul-publicului-vioara","status":"publish","type":"page","link":"https:\/\/2024.festivalenescu.ro\/ro\/premiul-publicului-vioara\/","title":{"rendered":"Premiul publicului &#8211; vioar\u0103"},"content":{"rendered":"<section class=\"l-section wpb_row height_medium\"><div class=\"l-section-h i-cf\"><div class=\"g-cols vc_row via_flex valign_top type_default stacking_default\"><div class=\"vc_col-sm-12 wpb_column vc_column_container\"><div class=\"vc_column-inner\"><div class=\"wpb_wrapper\"><div class=\"wpb_text_column\"><div class=\"wpb_wrapper\"><p><strong>Update: C\u00e2\u0219tig\u0103toarea premiului publicului este Hyeonjeong Lee.<\/strong><\/p>\n<p>Premiul Publicului \u00een cadrul finalei de vioar\u0103 a Concursului Interna\u021bional George Enescu va fi acordat de audien\u021b\u0103 unuia dintre cei trei finali\u0219ti:<\/p>\n<ul>\n<li>Wakana Kimura \u2013 va interpreta B\u00e9la Bart\u00f3k Violin Concerto No. 2 Sz. 112 major Op. 35<\/li>\n<li>Mayumi Kanagawa \u2013 va interpreta Camille Saint-Sa\u00ebns Violin Concerto No. 3 in B minor Op. 61<\/li>\n<li>Hyeonjeong Lee \u2013 va interpreta Johannes Brahms Violin Concerto in D major Op. 77<\/li>\n<\/ul>\n<\/div><\/div><div class=\"w-separator size_medium\"><\/div><div class=\"wpb_text_column\"><div class=\"wpb_wrapper\"><p><b>Alegerea c\u00e2\u0219tig\u0103torului se va face conform cu urm\u0103torul regulament:<\/b><\/p>\n<\/div><\/div><div class=\"w-separator size_small\"><\/div><div class=\"w-btn-wrapper align_none\"><a class=\"w-btn us-btn-style_1\" href=\"https:\/\/concurs.festivalenescu.ro\/wp-content\/uploads\/2024\/09\/detalii-PREMIUL-PUBLICULUI-2024.pdf\"><span class=\"w-btn-label\">Regulament votare<\/span><\/a><\/div><\/div><\/div><\/div><\/div><\/div><\/section>\n","protected":false},"excerpt":{"rendered":"Update: C\u00e2\u0219tig\u0103toarea premiului publicului este Hyeonjeong Lee. Premiul Publicului \u00een cadrul finalei de vioar\u0103 a Concursului Interna\u021bional George Enescu va fi acordat de audien\u021b\u0103 unuia dintre cei trei finali\u0219ti: Wakana Kimura \u2013 va interpreta B\u00e9la Bart\u00f3k Violin Concerto No. 2 Sz. 112 major Op. 35 Mayumi Kanagawa \u2013 va interpreta Camille Saint-Sa\u00ebns Violin Concerto No....","protected":false},"author":3,"featured_media":5695,"parent":0,"menu_order":0,"comment_status":"closed","ping_status":"closed","template":"","meta":{"footnotes":""},"class_list":["post-5804","page","type-page","status-publish","has-post-thumbnail","hentry"],"_links":{"self":[{"href":"https:\/\/2024.festivalenescu.ro\/ro\/wp-json\/wp\/v2\/pages\/5804","targetHints":{"allow":["GET"]}}],"collection":[{"href":"https:\/\/2024.festivalenescu.ro\/ro\/wp-json\/wp\/v2\/pages"}],"about":[{"href":"https:\/\/2024.festivalenescu.ro\/ro\/wp-json\/wp\/v2\/types\/page"}],"author":[{"embeddable":true,"href":"https:\/\/2024.festivalenescu.ro\/ro\/wp-json\/wp\/v2\/users\/3"}],"replies":[{"embeddable":true,"href":"https:\/\/2024.festivalenescu.ro\/ro\/wp-json\/wp\/v2\/comments?post=5804"}],"version-history":[{"count":13,"href":"https:\/\/2024.festivalenescu.ro\/ro\/wp-json\/wp\/v2\/pages\/5804\/revisions"}],"predecessor-version":[{"id":6072,"href":"https:\/\/2024.festivalenescu.ro\/ro\/wp-json\/wp\/v2\/pages\/5804\/revisions\/6072"}],"wp:featuredmedia":[{"embeddable":true,"href":"https:\/\/2024.festivalenescu.ro\/ro\/wp-json\/wp\/v2\/media\/5695"}],"wp:attachment":[{"href":"https:\/\/2024.festivalenescu.ro\/ro\/wp-json\/wp\/v2\/media?parent=5804"}],"curies":[{"name":"wp","href":"https:\/\/api.w.org\/{rel}","templated":true}]}}