{"id":6156,"date":"2024-11-06T10:04:11","date_gmt":"2024-11-06T08:04:11","guid":{"rendered":"https:\/\/concurs.festivalenescu.ro\/?page_id=6156"},"modified":"2024-11-06T10:04:11","modified_gmt":"2024-11-06T08:04:11","slug":"concursul-international-george-enescu-2024-s-a-incheiat","status":"publish","type":"page","link":"https:\/\/2024.festivalenescu.ro\/ro\/concursul-international-george-enescu-2024-s-a-incheiat\/","title":{"rendered":"Concursul Interna\u021bional George Enescu 2024 s-a \u00eencheiat"},"content":{"rendered":"<section class=\"l-section wpb_row height_medium\"><div class=\"l-section-h i-cf\"><div class=\"g-cols vc_row via_flex valign_top type_default stacking_default\"><div class=\"vc_col-sm-12 wpb_column vc_column_container\"><div class=\"vc_column-inner\"><div class=\"wpb_wrapper\"><div class=\"wpb_text_column\"><div class=\"wpb_wrapper\"><p>Artexim, organizatorul Concursului Interna\u021bional George Enescu, are pl\u0103cerea de a anun\u021ba c\u00e2\u0219tig\u0103torii acestei edi\u021bii. Renumit la nivel interna\u021bional pentru promovarea tinerelor talente \u00een muzica clasic\u0103, concursul din 2024 a reunit participan\u021bi de excep\u021bie, iar juriiile de prestigiu au avut dificila sarcin\u0103 de a selecta cei mai buni interpre\u021bi \u0219i compozitori. Concursul Interna\u021bional George Enescu se desf\u0103\u0219oar\u0103 sub \u00cenaltul Patronaj al Pre\u0219edintelui Rom\u00e2niei \u0219i este un proiect cultural finan\u021bat de Guvernul Rom\u00e2niei prin Ministerul Culturii.<\/p>\n<hr \/>\n<h3>Sec\u021biunea Compozi\u021bie \ud83c\udfbc<\/h3>\n<p>Creativitatea \u0219i inova\u021bia au fost \u00een centrul aten\u021biei. Juriul a fost impresionat de lucr\u0103rile curajoase ale tinerilor compozitori, iar c\u00e2\u0219tig\u0103torii sunt:<\/p>\n<ul>\n<li><strong>Premiul pentru Muzic\u0103 de Camer\u0103:<\/strong> Daniele Di Virgilio pentru lucrarea &#8222;SINE Me-moria.&#8221;<\/li>\n<li><strong>Premiul pentru Muzic\u0103 Simfonic\u0103:<\/strong> Voltz Alexander pentru lucrarea &#8222;DUNROSSIL ELMS.&#8221;<\/li>\n<li><strong>Premiul pentru Originalitate:<\/strong> Santamaria Diego pentru lucrarea &#8222;THE STONE AND THE IVY.&#8221;<\/li>\n<\/ul>\n<hr \/>\n<h3>Sec\u021biunea Violoncel \ud83c\udfbb<\/h3>\n<p>Finala sec\u021biunii de Violoncel, desf\u0103\u0219urat\u0103 pe 10 septembrie 2024, a adus pe scen\u0103 trei tineri muzicieni excep\u021bionali, ale c\u0103ror interpret\u0103ri pline de sensibilitate \u0219i tehnic\u0103 impecabil\u0103 au captivat publicul \u0219i juriul. Laurea\u021bii sunt:<\/p>\n<ul>\n<li><strong>Premiul I:<\/strong> Yo Kitamura<\/li>\n<li><strong>Premiul II:<\/strong> Ettore Pagano<\/li>\n<li><strong>Premiul III:<\/strong> Hadon Kay<\/li>\n<\/ul>\n<p><strong>Premii speciale:<\/strong><\/p>\n<ul>\n<li>Premiul Publicului: Ettore Pagano<\/li>\n<li>Premiul \u201eSerafim Antropov\u201d pentru cea mai bun\u0103 interpretare a Sonatei nr. 2 \u00een Do Major pentru Violoncel \u0219i Pian, Op. 26 de George Enescu: Ettore Pagano<\/li>\n<li>Premiul pentru piesa impus\u0103 \u2013 Syntrimma pentru violoncel solo, compus\u0103 de Sebastian Androne-Nakanishi: Yo Kitamura<\/li>\n<\/ul>\n<hr \/>\n<h3>Sec\u021biunea Vioar\u0103 \ud83c\udfbb<\/h3>\n<p>Sec\u021biunea de Vioar\u0103 a oferit momente de emo\u021bie intens\u0103 \u0219i rafinament. Finala, desf\u0103\u0219urat\u0103 pe 16 septembrie 2024, a adus \u00een prim-plan tinere talente remarcabile, iar c\u00e2\u0219tig\u0103torii sunt:<\/p>\n<ul>\n<li><strong>Premiul I:<\/strong> Mayumi Kanagawa<\/li>\n<li><strong>Premiul II:<\/strong> Hyeonjeong Lee<\/li>\n<li><strong>Premiul III:<\/strong> Wakana Kimura<\/li>\n<\/ul>\n<p><strong>Premii speciale:<\/strong><\/p>\n<ul>\n<li>Premiul Publicului: Hyeonjeong Lee<\/li>\n<li>Premiul \u201e\u0218tefan \u0219i Valentin Gheorghiu\u201d pentru cea mai bun\u0103 interpretare a unei Sonate de George Enescu: Mayumi Kanagawa<\/li>\n<li>Premiul pentru piesa impus\u0103 \u2013 B.A.C.H., Passacaglia pentru vioar\u0103 solo, compus\u0103 de Vlad Maistorovici: Hyeonjeong Lee<\/li>\n<\/ul>\n<hr \/>\n<h3>Sec\u021biunea Pian \ud83c\udfb9<\/h3>\n<p>Dup\u0103 o rund\u0103 final\u0103 intens\u0103, juriul a anun\u021bat c\u00e2\u0219tig\u0103torii sec\u021biunii de Pian:<\/p>\n<ul>\n<li><strong>Premiul I:<\/strong> Roman Lopatynskyi<\/li>\n<li><strong>Premiul II:<\/strong> Tatiana Dorokhova<\/li>\n<li><strong>Premiul III:<\/strong> Evgeny Konnov<\/li>\n<\/ul>\n<p><strong>Premii speciale:<\/strong><\/p>\n<ul>\n<li>Premiul Publicului: Evgeny Konnov<\/li>\n<li>Premiul \u201eRadu Lupu\u201d pentru cea mai bun\u0103 interpretare a unei lucr\u0103ri de George Enescu: Roman Lopatynskyi<\/li>\n<li>Premiul \u201eConstan\u021ba Erbiceanu\u201d: Alexa Stier<\/li>\n<li>Premiul pentru piesa impus\u0103 \u2013 Bulz pentru pian, compus\u0103 de Diana Rotaru: Tatiana Dorokhova<\/li>\n<\/ul>\n<hr \/>\n<p>Artexim mul\u021bume\u0219te tuturor participan\u021bilor, membrilor de onoare ai juriilor interna\u021bionale \u0219i, \u00een final, publicului, pentru sus\u021binerea acordat\u0103 acestui eveniment de referin\u021b\u0103 \u00een lumea muzicii clasice.<\/p>\n<hr \/>\n<p><strong>Concursul Interna\u021bional George Enescu se desf\u0103\u0219oar\u0103 sub \u00cenaltul Patronaj al Pre\u0219edintelui Rom\u00e2niei.<\/strong><br \/>\n<strong>Un proiect cultural finan\u021bat de Guvernul Rom\u00e2niei prin Ministerul Culturii.<\/strong><\/p>\n<p><strong>Organizator:<\/strong> ARTEXIM<br \/>\n<strong>Co-organizator:<\/strong> Funda\u021bia ArtProduction<br \/>\n<strong>Co-produc\u0103tori:<\/strong> Societatea Rom\u00e2n\u0103 de Radiodifuziune, Societatea Rom\u00e2n\u0103 de Televiziune, Prim\u0103ria Municipiului Bucure\u0219ti \u0219i ARCUB \u2013 Centrul Cultural al Municipiului Bucure\u0219ti<\/p>\n<hr \/>\n<h3>Parteneri principali \u0219i institu\u021bionali<\/h3>\n<p><strong>Partener Principal:<\/strong> Rompetrol<\/p>\n<p><strong>Parteneri:<\/strong> Purcari, ONE, SANADOR, Mobexpert, Senia Music, La Mama, Althaus, RetuRo, Nazzuro Aqua, L&#8217;Or, Electrecord, Funda\u021bia Motivation Rom\u00e2nia, Funda\u021bia Special Olympics, Climb Again<\/p>\n<p><strong>Parteneri Institu\u021bionali:<\/strong> Filarmonica \u201eGeorge Enescu\u201d, Universitatea Na\u021bional\u0103 de Muzic\u0103 Bucure\u0219ti, Institutul Cultural Rom\u00e2n, Muzeul Na\u021bional \u201eGeorge Enescu\u201d, Centrul Na\u021bional de Art\u0103 \u201eTinerimea Rom\u00e2n\u0103\u201d, Institutul Cultural Italian Bucure\u0219ti, Institutul Francez Bucure\u0219ti, Filarmonica Arad, Filarmonica \u201eMihail Jora\u201d Bac\u0103u, Filarmonica \u201eLyra \u2013 George Cavadia\u201d Br\u0103ila, Filarmonica de Stat Transilvania, Filarmonica Oltenia Craiova, Filarmonica Moldova Ia\u0219i, Filarmonica de Stat Oradea, Filarmonica Pite\u0219ti, Filarmonica \u201ePaul Constantinescu\u201d Ploie\u0219ti, Filarmonica \u201eIon Dumitrescu\u201d R\u00e2mnicu V\u00e2lcea, Filarmonica de Stat \u201eDinu Lipatti\u201d Satu Mare, Filarmonica Banatul Timi\u0219oara, Palatul Cultural \u201eTeodor Costescu\u201d Drobeta-Turnu Severin, Orchestra Rom\u00e2n\u0103 de Camer\u0103, Colegiul Na\u021bional de Arte Dinu Lipatti Bucure\u0219ti, Colegiul Na\u021bional de Muzic\u0103 \u201eGeorge Enescu\u201d<\/p>\n<p><strong>Partener Servicii Juridice:<\/strong> \u021auca Zb\u00e2rcea &amp; Asocia\u021bii<br \/>\n<strong>Partener Mobilitate:<\/strong> Blue Air<\/p>\n<p><strong>Cu sprijinul:<\/strong> Asocia\u021bia Lutierilor Rom\u00e2ni Artizani, Paradigma Film, Compania Na\u021bional\u0103 Aeroporturi Bucure\u0219ti, Casa de flori<\/p>\n<\/div><\/div><\/div><\/div><\/div><\/div><\/div><\/section>\n","protected":false},"excerpt":{"rendered":"Artexim, organizatorul Concursului Interna\u021bional George Enescu, are pl\u0103cerea de a anun\u021ba c\u00e2\u0219tig\u0103torii acestei edi\u021bii. Renumit la nivel interna\u021bional pentru promovarea tinerelor talente \u00een muzica clasic\u0103, concursul din 2024 a reunit participan\u021bi de excep\u021bie, iar juriiile de prestigiu au avut dificila sarcin\u0103 de a selecta cei mai buni interpre\u021bi \u0219i compozitori. Concursul Interna\u021bional George Enescu se...","protected":false},"author":3,"featured_media":5499,"parent":0,"menu_order":0,"comment_status":"closed","ping_status":"closed","template":"","meta":{"footnotes":""},"class_list":["post-6156","page","type-page","status-publish","has-post-thumbnail","hentry"],"_links":{"self":[{"href":"https:\/\/2024.festivalenescu.ro\/ro\/wp-json\/wp\/v2\/pages\/6156","targetHints":{"allow":["GET"]}}],"collection":[{"href":"https:\/\/2024.festivalenescu.ro\/ro\/wp-json\/wp\/v2\/pages"}],"about":[{"href":"https:\/\/2024.festivalenescu.ro\/ro\/wp-json\/wp\/v2\/types\/page"}],"author":[{"embeddable":true,"href":"https:\/\/2024.festivalenescu.ro\/ro\/wp-json\/wp\/v2\/users\/3"}],"replies":[{"embeddable":true,"href":"https:\/\/2024.festivalenescu.ro\/ro\/wp-json\/wp\/v2\/comments?post=6156"}],"version-history":[{"count":1,"href":"https:\/\/2024.festivalenescu.ro\/ro\/wp-json\/wp\/v2\/pages\/6156\/revisions"}],"predecessor-version":[{"id":6157,"href":"https:\/\/2024.festivalenescu.ro\/ro\/wp-json\/wp\/v2\/pages\/6156\/revisions\/6157"}],"wp:featuredmedia":[{"embeddable":true,"href":"https:\/\/2024.festivalenescu.ro\/ro\/wp-json\/wp\/v2\/media\/5499"}],"wp:attachment":[{"href":"https:\/\/2024.festivalenescu.ro\/ro\/wp-json\/wp\/v2\/media?parent=6156"}],"curies":[{"name":"wp","href":"https:\/\/api.w.org\/{rel}","templated":true}]}}