{"id":670,"date":"2024-02-13T10:53:08","date_gmt":"2024-02-13T08:53:08","guid":{"rendered":"https:\/\/concurs.festivalenescu.ro\/?page_id=670"},"modified":"2024-09-07T15:40:03","modified_gmt":"2024-09-07T12:40:03","slug":"repertoriu-sectiunea-vioara","status":"publish","type":"page","link":"https:\/\/2024.festivalenescu.ro\/ro\/regulament-concurs\/repertoriu-sectiunea-vioara\/","title":{"rendered":"Repertoriu &#8211; Sectiunea Vioar\u0103"},"content":{"rendered":"<h4><img loading=\"lazy\" decoding=\"async\" class=\"alignnone size-medium wp-image-1746\" src=\"https:\/\/concurs.festivalenescu.ro\/wp-content\/uploads\/2024\/05\/vioara-1200x628-1-900x471.jpg\" alt=\"\" width=\"900\" height=\"471\" srcset=\"https:\/\/2024.festivalenescu.ro\/wp-content\/uploads\/2024\/05\/vioara-1200x628-1-900x471.jpg 900w, https:\/\/2024.festivalenescu.ro\/wp-content\/uploads\/2024\/05\/vioara-1200x628-1.jpg 1200w\" sizes=\"auto, (max-width: 900px) 100vw, 900px\" \/><\/h4>\n<h4>V\u0103 rug\u0103m s\u0103 trimite\u021bi un email la <a href=\"mailto:violin@artexim.ro\">violin@artexim.ro<\/a> dac\u0103 ave\u021bi \u00eentreb\u0103ri sau nel\u0103muriri.<\/h4>\n<ul>\n<li>Programul ales de c\u0103tre candidat \u00een formularul de \u00eenscriere r\u0103m\u00e2ne definitiv \u015fi nu poate fi modificat.<\/li>\n<li>Candidatul nu poate alege aceea\u0219i lucrare pentru mai mult de una dintre etapele Concursului, fiecare titlu va fi prezentat doar o singur\u0103 dat\u0103 \u00een programul de concurs.<\/li>\n<li>Fiecare candidat \u00ee\u015fi poate stabili ordinea de prezentare a lucr\u0103rilor din programul fiec\u0103rei etape.<\/li>\n<li>Toate lucr\u0103rile vor fi interpretate din memorie, cu excep\u021bia sonatelor cu pian \u015fi a lucr\u0103rilor compuse de George Enescu.<\/li>\n<li>O singur\u0103 parte a unei lucr\u0103ri nu este considerat\u0103 o lucrare complet\u0103, cu excep\u021bia cazului \u00een care este specificat \u00een repertoriul Competi\u021biei ca o cerin\u021b\u0103.<\/li>\n<li>Lucrarea impus\u0103 pentru instrumentul solo \u00een al doilea tur va fi o pies\u0103 nou\u0103, compus\u0103 special pentru Competi\u021bie de c\u0103tre compozitori contemporani rom\u00e2ni. Partiturile vor fi puse la dispozi\u021bie pentru concuren\u021bii care trec de etapa de preselec\u021bie online.<\/li>\n<\/ul>\n<p><strong><u>ETAPA I<\/u><\/strong><u> Durata maxim\u0103 30 minute<\/u><\/p>\n<ol>\n<li><strong>Johann Sebastian Bach<\/strong> \u2013<strong> la alegerea candidatului dintre:<\/strong><\/li>\n<\/ol>\n<ul>\n<li>Adagio \u015fi Fug\u0103 din Sonata \u00een sol minor pentru vioar\u0103 solo<\/li>\n<li>Grave \u015fi Fug\u0103 din Sonata \u00een la minor pentru vioar\u0103 solo<\/li>\n<li>Ciacona din Partita \u00een re minor pentru vioar\u0103 solo<\/li>\n<li>Adagio \u015fi Fug\u0103 din Sonata \u00een do major pentru vioar\u0103 solo<\/li>\n<\/ul>\n<ol start=\"2\">\n<li><strong>Wolfgang Amadeus Mozart \u2013 partea I cu caden\u0163\u0103<\/strong> a unuia dintre urm\u0103toarele concerte:<\/li>\n<\/ol>\n<ul>\n<li>Concertul nr. 3 \u00een sol major pentru vioar\u0103 \u0219i orchestr\u0103 K. 216 (partea I cu caden\u021b\u0103)<\/li>\n<li>Concertul nr. 4 \u00een re major pentru vioar\u0103 \u0219i orchestr\u0103 K. 218 (partea I cu caden\u021b\u0103)<\/li>\n<li>Concertul nr. 5 \u00een la major pentru vioar\u0103 \u0219i orchestr\u0103 K. 219 (partea I cu caden\u021b\u0103)<\/li>\n<\/ul>\n<ol start=\"3\">\n<li><strong>Niccol\u00f2 Paganini <\/strong>\u2013 un Capriciu la alegerea candidatului<\/li>\n<\/ol>\n<p><strong>\u00a0<\/strong><strong><u>ETAPA a II-a <\/u><\/strong><u>Durata maxim\u0103 50 minute<\/u><\/p>\n<ol>\n<li><strong>O lucrare impus\u0103 pentru vioar\u0103 solo<\/strong> Vlad Maistorovici B.A.C.H., Passacaglia pentru\u00a0vioar\u0103\u00a0solo<\/li>\n<\/ol>\n<ol start=\"2\">\n<li><strong>O lucrare la alegerea candidatului dintre<\/strong>:<\/li>\n<\/ol>\n<ul>\n<li>Ludwig van Beethoven: oricare dintre sonatele pentru vioar\u0103 \u015fi pian<\/li>\n<li>Franz Schubert: Fantezia \u00een do majorpentru vioar\u0103 \u015fi pian D. 934<\/li>\n<\/ul>\n<ol start=\"3\">\n<li><strong>O lucrare complet\u0103<\/strong> pentru vioar\u0103 solo sau vioar\u0103 cu pian la alegerea candidatului (aten\u021bie! A nu se dep\u0103\u0219i timpul maxim alocat etapei)<\/li>\n<\/ol>\n<p><strong><u>SEMIFINALA <\/u><\/strong><u>Durata maxim\u0103 70 minute<\/u><\/p>\n<ol>\n<li><strong>George Enescu:<\/strong> <em>L\u0103utarul<\/em> din Suita <em>Impresii din Copil\u0103rie<\/em> 28<\/li>\n<\/ol>\n<ol start=\"2\">\n<li><strong>O sonat\u0103 pentru vioar\u0103 \u0219i pian la alegerea candidatului dintre:<\/strong><\/li>\n<\/ol>\n<ul>\n<li>Johannes Brahms: Sonata nr. 1 \u00een sol major pentru vioar\u0103 \u0219i pian op. 78<\/li>\n<li>Johannes Brahms: Sonata nr. 2 \u00een la major pentru vioar\u0103 \u0219i pian op. 100<\/li>\n<li>Johannes Brahms: Sonata nr. 3 \u00een re minor pentru vioar\u0103 \u0219i pian op. 108<\/li>\n<li>C\u00e9sar Franck: Sonata \u00een la major pentru vioar\u0103 \u0219i pian<\/li>\n<li>Gabriel Faur\u00e9: Sonata nr. 1 \u00een la major pentru vioar\u0103 \u0219i pian op. 13<\/li>\n<li>Gabriel Faur\u00e9: Sonata nr. 2 \u00een mi minor pentru vioar\u0103 \u0219i pian op. 108<\/li>\n<li>Edvard Grieg: Sonata nr. 2 \u00een sol major pentru vioar\u0103 \u0219i pian op. 13<\/li>\n<li>Edvard Grieg: Sonata nr. 3 \u00een do minor pentru vioar\u0103 \u0219i pian op. 45<\/li>\n<li>Maurice Ravel: Sonata nr. 2 \u00een sol major pentru vioar\u0103 \u0219i pian<\/li>\n<li>Paul Hindemith: Sonata nr. 1 \u00een mi bemol major pentru vioar\u0103 \u0219i pian op. 11<\/li>\n<li>Serghei Prokofiev: Sonata nr. 1 \u00een fa minor pentru vioar\u0103 \u0219i pian op. 80<\/li>\n<li>Serghei Prokofiev: Sonata nr. 2 \u00een re major pentru vioar\u0103 \u0219i pian op. 94a<\/li>\n<li>Claude Debussy: Sonata \u00een sol minor pentru vioar\u0103 \u0219i pian L. 140<\/li>\n<li>Richard Strauss: Sonata \u00een mi bemol major pentru vioar\u0103 \u0219i pian op. 18<\/li>\n<li>Leo\u0161 Jan\u00e1\u010dek: Sonata pentru vioar\u0103 \u0219i pian<\/li>\n<li>Francis Poulenc: Sonata pentru vioar\u0103 \u0219i pian FP 119<\/li>\n<\/ul>\n<ol start=\"3\">\n<li><strong>George Enescu<\/strong> \u2013 o lucrare complet\u0103 la alegerea candidatului dintre:<\/li>\n<\/ol>\n<ul>\n<li>Sonata nr. 2 \u00een fa minor pentru vioar\u0103 \u0219i pian op. 6<\/li>\n<li>Sonata nr. 3 \u00een la minor pentru vioar\u0103 \u0219i pian op. 25, \u201e\u00een caracter popular rom\u00e2nesc\u201d<strong>\u00a0<\/strong><\/li>\n<\/ul>\n<ol start=\"4\">\n<li><strong>O lucrare de virtuozitate la alegerea candidatului apar\u0163in\u00e2nd unuia dintre urm\u0103torii compozitori: <\/strong>Pablo de Sarasate, Niccol\u00f2 Paganini, Camille Saint-Sa\u00ebns, Heinrich Wilhelm Ernst, Maurice Ravel, Henryk Wieniawski, Alfred Schnittke, Nathan Milstein, Franz Waxman sau Piotr Ilici Ceaikovski.<\/li>\n<\/ol>\n<p><strong>\u00a0<\/strong><strong><u>FINALA <\/u><\/strong><u>(cu orchestr\u0103)<\/u><\/p>\n<ol>\n<li><strong>Un concert pentru vioar\u0103 \u015fi orchestr\u0103 la alegerea candidatului dintre:<\/strong><\/li>\n<\/ol>\n<ul>\n<li>Ludwig van Beethoven: Concertul \u00een re major pentru vioar\u0103 \u0219i orchestr\u0103 op. 61<\/li>\n<li>Felix Mendelssohn: Concertul \u00een mi minor pentru vioar\u0103 \u0219i orchestr\u0103 op. 64<\/li>\n<li>Niccol\u00f2 Paganini: Concertul nr. 1 \u00een re major pentru vioar\u0103 \u0219i orchestr\u0103 op. 6<\/li>\n<li>Niccol\u00f2 Paganini: Concertul nr. 2 \u00een si minor pentru vioar\u0103 \u0219i orchestr\u0103 op. 7<\/li>\n<li>Johannes Brahms: Concertul \u00een re major pentru vioar\u0103 \u0219i orchestr\u0103 op. 77<\/li>\n<li>Piotr Ilici Ceaikovski: Concertul \u00een re major pentru vioar\u0103 \u0219i orchestr\u0103 op. 35<\/li>\n<li>Jean Sibelius: Concertul \u00een re minor pentru vioar\u0103 \u0219i orchestr\u0103 op. 47<\/li>\n<li>Serghei Prokofiev: Concertul nr. 1 \u00een re major pentru vioar\u0103 \u0219i orchestr\u0103 op. 19<\/li>\n<li>Serghei Prokofiev : Concertul nr. 2 \u00een sol minor pentru vioar\u0103 \u0219i orchestr\u0103 op. 63<\/li>\n<li>Dmitri \u0218ostakovici: Concertul nr. 1 \u00een la minor pentru vioar\u0103 \u0219i orchestr\u0103 op. 77<\/li>\n<li>\u00c9douard Lalo: Simfonia spaniol\u0103 \u00een re minor pentru vioar\u0103 \u0219i orchestr\u0103 op. 21<\/li>\n<li>Max Bruch: Concertul nr. 1 \u00een sol minor pentru vioar\u0103 \u0219i orchestr\u0103 op. 26<\/li>\n<li>Max Bruch: Fantezia sco\u021bian\u0103 \u00een mi bemol major pentru vioar\u0103 \u0219i orchestr\u0103 op. 46<\/li>\n<li>Aram Haciaturian: Concertul \u00een re minor pentru vioar\u0103 \u0219i orchestr\u0103<\/li>\n<li>Antonin Dvo\u0159\u00e1k: Concertul \u00een la minor pentru vioar\u0103 \u0219i orchestr\u0103 op. 53<\/li>\n<li>Edward Elgar: Concertul \u00een si minor pentru vioar\u0103 \u0219i orchestr\u0103 op. 61<\/li>\n<li>B\u00e9la Bart\u00f3k: Concertul nr. 2 pentru vioar\u0103 \u0219i orchestr\u0103 BB 117<\/li>\n<li>Camille Saint-Sa\u00ebns: Concertul nr. 3 \u00een si minor pentru vioar\u0103 \u0219i orchestr\u0103 op. 61<\/li>\n<li>Aleksandr Glazunov: Concertul \u00een la minor pentru vioar\u0103 \u0219i orchestr\u0103 op. 82<\/li>\n<\/ul>\n<ul>\n<li style=\"list-style-type: none;\"><\/li>\n<\/ul>\n","protected":false},"excerpt":{"rendered":"<p>V\u0103 rug\u0103m s\u0103 trimite\u021bi un email la violin@artexim.ro dac\u0103 ave\u021bi \u00eentreb\u0103ri sau nel\u0103muriri. Programul ales de c\u0103tre candidat \u00een formularul de \u00eenscriere r\u0103m\u00e2ne definitiv \u015fi nu poate fi modificat. Candidatul nu poate alege aceea\u0219i lucrare pentru mai mult de una dintre etapele Concursului, fiecare titlu va fi prezentat doar o singur\u0103 dat\u0103 \u00een programul de&#8230;<\/p>\n","protected":false},"author":3,"featured_media":1746,"parent":667,"menu_order":0,"comment_status":"closed","ping_status":"closed","template":"","meta":{"footnotes":""},"class_list":["post-670","page","type-page","status-publish","has-post-thumbnail","hentry"],"_links":{"self":[{"href":"https:\/\/2024.festivalenescu.ro\/ro\/wp-json\/wp\/v2\/pages\/670","targetHints":{"allow":["GET"]}}],"collection":[{"href":"https:\/\/2024.festivalenescu.ro\/ro\/wp-json\/wp\/v2\/pages"}],"about":[{"href":"https:\/\/2024.festivalenescu.ro\/ro\/wp-json\/wp\/v2\/types\/page"}],"author":[{"embeddable":true,"href":"https:\/\/2024.festivalenescu.ro\/ro\/wp-json\/wp\/v2\/users\/3"}],"replies":[{"embeddable":true,"href":"https:\/\/2024.festivalenescu.ro\/ro\/wp-json\/wp\/v2\/comments?post=670"}],"version-history":[{"count":9,"href":"https:\/\/2024.festivalenescu.ro\/ro\/wp-json\/wp\/v2\/pages\/670\/revisions"}],"predecessor-version":[{"id":5603,"href":"https:\/\/2024.festivalenescu.ro\/ro\/wp-json\/wp\/v2\/pages\/670\/revisions\/5603"}],"up":[{"embeddable":true,"href":"https:\/\/2024.festivalenescu.ro\/ro\/wp-json\/wp\/v2\/pages\/667"}],"wp:featuredmedia":[{"embeddable":true,"href":"https:\/\/2024.festivalenescu.ro\/ro\/wp-json\/wp\/v2\/media\/1746"}],"wp:attachment":[{"href":"https:\/\/2024.festivalenescu.ro\/ro\/wp-json\/wp\/v2\/media?parent=670"}],"curies":[{"name":"wp","href":"https:\/\/api.w.org\/{rel}","templated":true}]}}