{"id":672,"date":"2024-02-13T10:52:56","date_gmt":"2024-02-13T08:52:56","guid":{"rendered":"https:\/\/concurs.festivalenescu.ro\/?page_id=672"},"modified":"2024-09-07T15:38:40","modified_gmt":"2024-09-07T12:38:40","slug":"repertoriu-sectiunea-pian","status":"publish","type":"page","link":"https:\/\/2024.festivalenescu.ro\/ro\/regulament-concurs\/repertoriu-sectiunea-pian\/","title":{"rendered":"Repertoriu &#8211; Sec\u021biunea Pian"},"content":{"rendered":"<h4><img loading=\"lazy\" decoding=\"async\" class=\"alignnone size-medium wp-image-1750\" src=\"https:\/\/concurs.festivalenescu.ro\/wp-content\/uploads\/2024\/05\/pian-1200x628-1-900x471.jpg\" alt=\"\" width=\"900\" height=\"471\" srcset=\"https:\/\/2024.festivalenescu.ro\/wp-content\/uploads\/2024\/05\/pian-1200x628-1-900x471.jpg 900w, https:\/\/2024.festivalenescu.ro\/wp-content\/uploads\/2024\/05\/pian-1200x628-1.jpg 1200w\" sizes=\"auto, (max-width: 900px) 100vw, 900px\" \/><\/h4>\n<h4>V\u0103 rug\u0103m s\u0103 trimite\u021bi un email la <a href=\"mailto:piano@artexim.ro\">piano@artexim.ro<\/a> dac\u0103 ave\u021bi \u00eentreb\u0103ri sau nel\u0103muriri.<\/h4>\n<ul>\n<li>Programul ales de c\u0103tre candidat \u00een formularul de \u00eenscriere r\u0103m\u00e2ne definitiv \u015fi nu poate fi modificat.<\/li>\n<li>Candidatul nu poate alege aceea\u0219i lucrare pentru mai mult de una dintre etapele Concursului, fiecare titlu va fi prezentat doar o singur\u0103 dat\u0103 \u00een programul de concurs.<\/li>\n<li>Fiecare candidat \u00ee\u015fi poate stabili ordinea de prezentare a lucr\u0103rilor din programul fiec\u0103rei etape.<\/li>\n<li>Toate lucr\u0103rile vor fi interpretate din memorie, cu excep\u021bia lucr\u0103rilor compuse de George Enescu.<\/li>\n<li>O singur\u0103 parte a unei lucr\u0103ri nu este considerat\u0103 o lucrare complet\u0103, cu excep\u021bia cazului \u00een care este specificat \u00een repertoriul Competi\u021biei ca o cerin\u021b\u0103.<\/li>\n<li>Lucrarea impus\u0103 pentru instrumentul solo \u00een al doilea tur va fi o pies\u0103 nou\u0103, compus\u0103 special pentru Competi\u021bie de c\u0103tre compozitori contemporani rom\u00e2ni. Partiturile vor fi puse la dispozi\u021bie pentru concuren\u021bii care trec de etapa de preselec\u021bie online.<\/li>\n<\/ul>\n<p><strong><u>ETAPA I <\/u><\/strong><u>&#8211; Durata maxim\u0103: 30 minute<\/u><\/p>\n<ol>\n<li><strong>Johann Sebastian<\/strong> <strong>Bach<\/strong>: Preludiu \u015fi Fug\u0103 din <em>Clavecinul bine temperat, <\/em>la alegerea candidatului din Caietul I sau II<\/li>\n<li><strong>Una dintre urm\u0103toarele variante, la alegerea candidatului:<\/strong><\/li>\n<\/ol>\n<ul>\n<li>O sonat\u0103 de Joseph Haydn<\/li>\n<li>O sonat\u0103 de \u00a0Wolfgang Amadeus Mozart<\/li>\n<li>Trei sonate de Domenico Scarlatti<\/li>\n<\/ul>\n<ol start=\"3\">\n<li><strong>Un studiu la alegerea candidatului dintre:<\/strong><\/li>\n<\/ol>\n<ul>\n<li>Fr\u00e9d\u00e9ric Chopin<\/li>\n<li>Franz Liszt<\/li>\n<\/ul>\n<ol start=\"4\">\n<li><strong>Un studiu la alegerea candidatului dintre:<\/strong><\/li>\n<\/ol>\n<ul>\n<li>Alexander Scriabin<\/li>\n<li>Claude Debussy<\/li>\n<\/ul>\n<p><strong><u>ETAPA a II-a\u00a0 \u2013 <\/u><\/strong><u>Durata maxim\u0103 50 minute<\/u><\/p>\n<ol>\n<li><strong>Lucrare impus\u0103 pentru pian solo: <\/strong>Diana Rotaru: Bulz for piano<strong><br \/>\n<\/strong><\/li>\n<li><strong>O sonat\u0103 de Ludwig van Beethoven la alegerea candidatului<\/strong> (cu excep\u0163ia sonatelor op. 10\/1, op. 14\/1, op. 14\/2, op. 49\/1, op. 49\/2, op. 78, op. 90, op. 106)<\/li>\n<li><strong>O lucrare complet\u0103 la alegerea candidatului din crea\u021bia unui compozitor din secolul XX <\/strong>(aten\u021bie! A nu se dep\u0103\u0219i timpul maxim alocat etapei)<\/li>\n<\/ol>\n<p><strong><u>SEMIFINALA \u00a0&#8211; <\/u><\/strong><u>Durata maxim\u0103 60 minute<\/u><\/p>\n<ol>\n<li><strong> George Enescu \u2013 O lucrare complet\u0103 l<\/strong>a alegerea candidatului dintre:\n<ul>\n<li>Suita nr. 2 \u00een re major op. 10<\/li>\n<li>Sonata nr. 1 \u00een fa diez minor op. 24<\/li>\n<li>Sonata nr. 3 \u00een re major op. 24<\/li>\n<\/ul>\n<\/li>\n<li><strong>O lucrare la alegerea candidatului a unui compozitor <\/strong>romantic dintre: Robert Schumann, Franz Schubert, Franz Liszt, Johannes Brahms, Fr\u00e9d\u00e9ric Chopin, Felix Mendelssohn sau C\u00e9sar Franck.<\/li>\n<\/ol>\n<p><strong><u>FINALA<\/u><\/strong><u> (cu orchestr\u0103)<\/u><\/p>\n<p><strong>Un concert pentru pian \u0219i orchestr\u0103<\/strong> la alegerea candidatului dintre:<\/p>\n<ul>\n<li>Ludwig van Beethoven:\n<ul>\n<li>Concertul nr. 4 \u00een sol major pentru pian \u0219i orchestr\u0103 op. 58<\/li>\n<li>Concertul nr. 5 \u00een mi bemol major pentru pian \u0219i orchestr\u0103 op. 73, <em>Imperialul<\/em><\/li>\n<\/ul>\n<\/li>\n<li>Fr\u00e9d\u00e9ric Chopin:\n<ul>\n<li>Concertul nr. 1 \u00een mi minor pentru pian \u0219i orchestr\u0103 op. 11<\/li>\n<li>Concertul nr. 2 \u00een fa minor pentru pian \u0219i orchestr\u0103 op. 21<\/li>\n<\/ul>\n<\/li>\n<\/ul>\n<ul>\n<li>Robert Schumann:\n<ul>\n<li>Concertul \u00een la minor pentru pian \u0219i orchestr\u0103 op. 54<\/li>\n<\/ul>\n<\/li>\n<li>Franz Liszt:\n<ul>\n<li>Concertul nr. 1 \u00een mi bemol major pentru pian \u0219i orchestr\u0103 S. 124<\/li>\n<li>Concertul nr. 2 \u00een la major pentru pian \u0219i orchestr\u0103 S. 125<\/li>\n<\/ul>\n<\/li>\n<\/ul>\n<ul>\n<li>Edvard Grieg:\n<ul>\n<li>Concertul \u00een la minor pentru pian \u0219i orchestr\u0103 op. 16<\/li>\n<\/ul>\n<\/li>\n<li>Johannes Brahms:\n<ul>\n<li>Concertul nr. 1 \u00een re minor pentru pian \u0219i orchestr\u0103 op. 15<\/li>\n<li>Concertul nr. 2 \u00een si bemol major pentru pian \u0219i orchestr\u0103 op. 83<\/li>\n<\/ul>\n<\/li>\n<\/ul>\n<ul>\n<li>Piotr Ilici Ceaikovski:\n<ul>\n<li>Concertul nr. 1 \u00een si bemol minor pentru pian \u0219i orchestr\u0103 op. 23<\/li>\n<\/ul>\n<\/li>\n<li>Serghei Rahmaninov :\n<ul>\n<li>Concertul nr. 2 \u00een do minor pentru pian \u0219i orchestr\u0103 op. 18<\/li>\n<li>Concertul nr. 3 \u00een re minor pentru pian \u0219i orchestr\u0103 op. 30<\/li>\n<\/ul>\n<\/li>\n<\/ul>\n<ul>\n<li>Serghei Prokofiev:\n<ul>\n<li>Concertul nr. 2 \u00een sol minor pentru pian \u0219i orchestr\u0103 op. 16<\/li>\n<\/ul>\n<\/li>\n<li>B\u00e9la Bart\u00f3k:\n<ul>\n<li>Concertul nr. 3 \u00een mi major pentru pian \u0219i orchestr\u0103 Sz. 119<\/li>\n<\/ul>\n<\/li>\n<\/ul>\n","protected":false},"excerpt":{"rendered":"<p>V\u0103 rug\u0103m s\u0103 trimite\u021bi un email la piano@artexim.ro dac\u0103 ave\u021bi \u00eentreb\u0103ri sau nel\u0103muriri. Programul ales de c\u0103tre candidat \u00een formularul de \u00eenscriere r\u0103m\u00e2ne definitiv \u015fi nu poate fi modificat. Candidatul nu poate alege aceea\u0219i lucrare pentru mai mult de una dintre etapele Concursului, fiecare titlu va fi prezentat doar o singur\u0103 dat\u0103 \u00een programul de&#8230;<\/p>\n","protected":false},"author":3,"featured_media":1750,"parent":667,"menu_order":0,"comment_status":"closed","ping_status":"closed","template":"","meta":{"footnotes":""},"class_list":["post-672","page","type-page","status-publish","has-post-thumbnail","hentry"],"_links":{"self":[{"href":"https:\/\/2024.festivalenescu.ro\/ro\/wp-json\/wp\/v2\/pages\/672","targetHints":{"allow":["GET"]}}],"collection":[{"href":"https:\/\/2024.festivalenescu.ro\/ro\/wp-json\/wp\/v2\/pages"}],"about":[{"href":"https:\/\/2024.festivalenescu.ro\/ro\/wp-json\/wp\/v2\/types\/page"}],"author":[{"embeddable":true,"href":"https:\/\/2024.festivalenescu.ro\/ro\/wp-json\/wp\/v2\/users\/3"}],"replies":[{"embeddable":true,"href":"https:\/\/2024.festivalenescu.ro\/ro\/wp-json\/wp\/v2\/comments?post=672"}],"version-history":[{"count":10,"href":"https:\/\/2024.festivalenescu.ro\/ro\/wp-json\/wp\/v2\/pages\/672\/revisions"}],"predecessor-version":[{"id":5602,"href":"https:\/\/2024.festivalenescu.ro\/ro\/wp-json\/wp\/v2\/pages\/672\/revisions\/5602"}],"up":[{"embeddable":true,"href":"https:\/\/2024.festivalenescu.ro\/ro\/wp-json\/wp\/v2\/pages\/667"}],"wp:featuredmedia":[{"embeddable":true,"href":"https:\/\/2024.festivalenescu.ro\/ro\/wp-json\/wp\/v2\/media\/1750"}],"wp:attachment":[{"href":"https:\/\/2024.festivalenescu.ro\/ro\/wp-json\/wp\/v2\/media?parent=672"}],"curies":[{"name":"wp","href":"https:\/\/api.w.org\/{rel}","templated":true}]}}