{"id":674,"date":"2024-02-13T10:53:14","date_gmt":"2024-02-13T08:53:14","guid":{"rendered":"https:\/\/concurs.festivalenescu.ro\/?page_id=674"},"modified":"2024-09-07T15:40:54","modified_gmt":"2024-09-07T12:40:54","slug":"repertoriu-sectiunea-violoncel","status":"publish","type":"page","link":"https:\/\/2024.festivalenescu.ro\/ro\/regulament-concurs\/repertoriu-sectiunea-violoncel\/","title":{"rendered":"Repertoriu &#8211; Sec\u021biunea Violoncel"},"content":{"rendered":"<h4><img loading=\"lazy\" decoding=\"async\" class=\"alignnone size-medium wp-image-1743\" src=\"https:\/\/concurs.festivalenescu.ro\/wp-content\/uploads\/2024\/05\/violoncel-1200x628-1-1-900x471.jpg\" alt=\"\" width=\"900\" height=\"471\" srcset=\"https:\/\/2024.festivalenescu.ro\/wp-content\/uploads\/2024\/05\/violoncel-1200x628-1-1-900x471.jpg 900w, https:\/\/2024.festivalenescu.ro\/wp-content\/uploads\/2024\/05\/violoncel-1200x628-1-1.jpg 1200w\" sizes=\"auto, (max-width: 900px) 100vw, 900px\" \/><\/h4>\n<h4>V\u0103 rug\u0103m s\u0103 trimite\u021bi un email la <a href=\"mailto:cello@artexim.ro\">cello@artexim.ro<\/a> dac\u0103 ave\u021bi \u00eentreb\u0103ri sau nel\u0103muriri.<\/h4>\n<ul>\n<li>Programul ales de c\u0103tre candidat \u00een formularul de \u00eenscriere r\u0103m\u00e2ne definitiv \u015fi nu poate fi modificat.<\/li>\n<li>Candidatul nu poate alege aceea\u0219i lucrare pentru mai mult de una dintre etapele Concursului, fiecare titlu va fi prezentat doar o dat\u0103 \u00een programul de concurs.<\/li>\n<li>Fiecare candidat \u00ee\u015fi poate stabili ordinea de prezentare a lucr\u0103rilor din programul fiec\u0103rei etape.<\/li>\n<li>Toate lucr\u0103rile vor fi interpretate din memorie, cu excep\u021bia sonatelor cu pian \u015fi a lucr\u0103rilor compuse de George Enescu.<\/li>\n<li>O singur\u0103 parte a unei lucr\u0103ri nu este considerat\u0103 o lucrare complet\u0103, cu excep\u021bia cazului \u00een care este specificat \u00een repertoriul Competi\u021biei ca o cerin\u021b\u0103.<\/li>\n<li>Lucrarea impus\u0103 pentru instrumentul solo \u00een al doilea tur va fi o pies\u0103 nou\u0103, compus\u0103 special pentru Competi\u021bie de c\u0103tre compozitori contemporani rom\u00e2ni. Partiturile vor fi puse la dispozi\u021bie pentru concuren\u021bii care trec de etapa de preselec\u021bie online.<\/li>\n<\/ul>\n<p><strong><u>ETAPA I:<\/u><\/strong><u>\u00a0 Durata maxim\u0103 30 minute<\/u><\/p>\n<ol>\n<li><strong>Un capriciu sau un studiu la alegerea candidatului dintre:<\/strong><\/li>\n<\/ol>\n<ul>\n<li>Alfredo Piatti: op. 25 (nr. 2, 3, 6 sau 8)<\/li>\n<li>David Popper: op. 73 (nr. 20 sau 29)<\/li>\n<\/ul>\n<ol start=\"2\">\n<li><strong>Joseph Haydn <\/strong>\u2013 <strong>partea I cu caden\u021b\u0103 <\/strong>a unuia dintre urm\u0103toarele concerte:<\/li>\n<\/ol>\n<ul>\n<li>Concertul nr. 1 \u00een do major pentru violoncel \u0219i orchestr\u0103 Hob. VIIb\/1 (partea I cu caden\u021b\u0103)<\/li>\n<li>Concertul nr. 2 \u00een re major pentru violoncel \u0219i orchestr\u0103 Hob. VIIb\/2 (partea I cu caden\u021b\u0103)<\/li>\n<\/ul>\n<ol start=\"3\">\n<li><strong>O lucrare de Robert Schumann, la alegerea candidatului dintre:<\/strong><\/li>\n<\/ol>\n<ul>\n<li>Adagio \u0219i Allegro \u00een la bemol major pentru violoncel \u0219i pian op. 70<\/li>\n<li>Fantasiest\u00fccke op. 73<\/li>\n<\/ul>\n<p><strong><u>ETAPA\u00a0 a II-a: <\/u><\/strong><u>Durata maxim\u0103 45 minute<\/u><\/p>\n<ol>\n<li><strong>O lucrare impus\u0103 pentru violoncel solo:<\/strong>\u00a0Sebastian Androne-Nakanishi Syntrimma pentru violoncel solo<\/li>\n<\/ol>\n<ol start=\"2\">\n<li><strong>O lucrare solo la alegerea candidatului dintre:<\/strong><\/li>\n<\/ol>\n<ul>\n<li>Zolt\u00e1n Kod\u00e1ly: Sonata \u00een si minor pentru violoncel solo op. 8 (partea I)<\/li>\n<li>Gy\u00f6rgy Ligeti: Sonata pentru violoncel solo<\/li>\n<li>Paul Hindemith: Sonata pentru violoncel solo op. 25 nr. 3<\/li>\n<li>Krzysztof Penderecki: <em>Divertimento<\/em> pentru violoncel solo<\/li>\n<li>George Crumb: Sonata pentru violoncel solo<\/li>\n<\/ul>\n<ol start=\"3\">\n<li><strong>O lucrare pentru violoncel \u0219i pian la alegerea candidatului dintre:<\/strong><\/li>\n<\/ol>\n<ul>\n<li>Franz Schubert: Sonata Arpeggione \u00een la minor pentru violoncel \u0219i pian D.821<\/li>\n<li>Johannes Brahms: Sonata nr. 1 \u00een mi minor pentru violoncel \u0219i pian op. 38<\/li>\n<li>Johannes Brahms: Sonata nr. 2 \u00een fa major pentru violoncel \u0219i pian op. 99<\/li>\n<\/ul>\n<p><strong><u>SEMIFINALA: <\/u><\/strong><u>Durata maxim\u0103 65 minute<\/u><\/p>\n<ol>\n<li><strong>George Enescu:<\/strong> Sonata nr. 2 \u00een do major pentru violoncel \u0219i pian op. 26<\/li>\n<li><strong>O lucrare la alegerea candidatului dintre:<\/strong><\/li>\n<\/ol>\n<ul>\n<li>Dmitri \u015eostakovici: Sonata \u00een re minor pentru violoncel \u0219i pian op. 40<\/li>\n<li>Claude Debussy: Sonata \u00een re minor pentru violoncel \u0219i pian L. 135<\/li>\n<li>Benjamin Britten: Sonata \u00een do major pentru violoncel \u0219i pian op. 65<\/li>\n<\/ul>\n<ol start=\"3\">\n<li><strong>O pies\u0103 de virtuozitate la alegerea candidatului dintre:<\/strong><\/li>\n<\/ol>\n<ul>\n<li>David Popper: <em>Elfentanz<\/em> 39<\/li>\n<li>David Popper: <em>Spinning Song<\/em> 55<\/li>\n<li>Karl Davydov: <em>At the Fountain<\/em> 20 nr. 2<\/li>\n<li>Mstislav Rostropovich: <em>Humoresque<\/em> 5<\/li>\n<\/ul>\n<p><strong><u>FINALA<\/u><\/strong><u> (cu orchestr\u0103)<\/u><\/p>\n<ol>\n<li><strong>Un concert pentru violoncel \u0219i orchestr\u0103 la alegerea candidatului dintre:<\/strong><\/li>\n<\/ol>\n<ul>\n<li>Anton\u00edn Dvo\u0159\u00e1k: Concertul \u00een si minor pentru violoncel \u0219i orchestr\u0103 op. 104<\/li>\n<li>Edward Elgar: Concertul \u00een mi minor pentru violoncel \u0219i orchestr\u0103 op. 85<\/li>\n<li>Serghei Prokofiev: Simfonia concertant\u0103 \u00een mi minor pentru violoncel \u0219i orchestr\u0103 op. 125<\/li>\n<li>Dmitri \u0218ostakovici: Concertul nr. 1 \u00een mi bemol major pentru violoncel \u0219i orchestr\u0103 op. 107<\/li>\n<li>George Enescu: Simfonia concertant\u0103 \u00een si minor pentru violoncel \u0219i orchestr\u0103 op. 8<\/li>\n<\/ul>\n","protected":false},"excerpt":{"rendered":"<p>V\u0103 rug\u0103m s\u0103 trimite\u021bi un email la cello@artexim.ro dac\u0103 ave\u021bi \u00eentreb\u0103ri sau nel\u0103muriri. Programul ales de c\u0103tre candidat \u00een formularul de \u00eenscriere r\u0103m\u00e2ne definitiv \u015fi nu poate fi modificat. Candidatul nu poate alege aceea\u0219i lucrare pentru mai mult de una dintre etapele Concursului, fiecare titlu va fi prezentat doar o dat\u0103 \u00een programul de concurs&#8230;.<\/p>\n","protected":false},"author":3,"featured_media":1743,"parent":667,"menu_order":0,"comment_status":"closed","ping_status":"closed","template":"","meta":{"footnotes":""},"class_list":["post-674","page","type-page","status-publish","has-post-thumbnail","hentry"],"_links":{"self":[{"href":"https:\/\/2024.festivalenescu.ro\/ro\/wp-json\/wp\/v2\/pages\/674","targetHints":{"allow":["GET"]}}],"collection":[{"href":"https:\/\/2024.festivalenescu.ro\/ro\/wp-json\/wp\/v2\/pages"}],"about":[{"href":"https:\/\/2024.festivalenescu.ro\/ro\/wp-json\/wp\/v2\/types\/page"}],"author":[{"embeddable":true,"href":"https:\/\/2024.festivalenescu.ro\/ro\/wp-json\/wp\/v2\/users\/3"}],"replies":[{"embeddable":true,"href":"https:\/\/2024.festivalenescu.ro\/ro\/wp-json\/wp\/v2\/comments?post=674"}],"version-history":[{"count":10,"href":"https:\/\/2024.festivalenescu.ro\/ro\/wp-json\/wp\/v2\/pages\/674\/revisions"}],"predecessor-version":[{"id":5604,"href":"https:\/\/2024.festivalenescu.ro\/ro\/wp-json\/wp\/v2\/pages\/674\/revisions\/5604"}],"up":[{"embeddable":true,"href":"https:\/\/2024.festivalenescu.ro\/ro\/wp-json\/wp\/v2\/pages\/667"}],"wp:featuredmedia":[{"embeddable":true,"href":"https:\/\/2024.festivalenescu.ro\/ro\/wp-json\/wp\/v2\/media\/1743"}],"wp:attachment":[{"href":"https:\/\/2024.festivalenescu.ro\/ro\/wp-json\/wp\/v2\/media?parent=674"}],"curies":[{"name":"wp","href":"https:\/\/api.w.org\/{rel}","templated":true}]}}