{"id":854,"date":"2024-04-03T08:30:20","date_gmt":"2024-04-03T05:30:20","guid":{"rendered":"https:\/\/concurs.festivalenescu.ro\/?page_id=854"},"modified":"2024-04-03T09:48:23","modified_gmt":"2024-04-03T06:48:23","slug":"adrian-iorgulescu","status":"publish","type":"page","link":"https:\/\/2024.festivalenescu.ro\/ro\/juriile\/juriu-compozitie\/adrian-iorgulescu\/","title":{"rendered":"Adrian Iorgulescu"},"content":{"rendered":"<section class=\"l-section wpb_row height_medium\"><div class=\"l-section-h i-cf\"><div class=\"g-cols vc_row via_flex valign_top type_default stacking_default\"><div class=\"vc_col-sm-6 wpb_column vc_column_container\"><div class=\"vc_column-inner\"><div class=\"wpb_wrapper\"><div class=\"wpb_text_column\"><div class=\"wpb_wrapper\"><p>N\u0103scut pe 6 iulie 1951 \u00een Bucure\u0219ti, Adrian Iorgulescu se num\u0103r\u0103 printre acei muzicieni multivalen\u021bi care, printr-o preg\u0103tire complex\u0103 \u00een mai multe domenii, s-a distins at\u00e2t pe plan creativ, c\u00e2t \u0219i pe plan teoretic, politic, pedagogic sau administrativ. A absolvit cursurile Conservatorului Ciprian Porumbescu din Bucure\u0219ti, urm\u00e2nd ca \u00een 1982 s\u0103 se perfec\u021bioneze \u00een compozi\u021bie \u0219i muzicologie la Academia Santa Cecilia din Roma.<br \/>\n\u00cen prezent, Adrian Iorgulescu este profesor universitar, conduc\u0103tor de doctorat la Universitatea Na\u021bional\u0103 de Muzic\u0103 din Bucure\u0219ti \u0219i pre\u0219edintele Asocia\u021biei pentru Drepturi de Autor a Compozitorilor (UCMR-ADA). A de\u021binut func\u021bia de pre\u0219edinte al Uniunii Compozitorilor \u0219i Muzicologilor din Rom\u00e2nia \u00een anii 1992-2005 \u0219i 2010-2022. S-a implicat \u00een via\u021ba cultural-politic\u0103 \u0219i din perspectiv\u0103 guvernamental\u0103, ocup\u00e2nd \u00eentre anii 2005 \u0219i 2008 func\u021bia de ministru al culturii \u0219i cultelor.<br \/>\nCrea\u021bia sa cuprinde opusuri din toate genurile muzicale, \u00eentre care men\u021bion\u0103m, selectiv, opera <em>Revulu\u021bia<\/em>, dou\u0103 cantate, \u0219ase simfonii, \u0219ase concerte instrumentale (ciclul <em>Ipostaze<\/em>), muzic\u0103 de film, muzic\u0103 de camer\u0103 (\u00eentre care se num\u0103r\u0103 \u0219ase cvartete de coarde), piese simfonice, corale \u0219i lieduri. Adrian Iorgulescu a semnat lucr\u0103ri didactice \u0219i muzicologice, volume de poezie, eseuri, studii, articole publicate \u00een presa de specialitate. A fost distins cu numeroase premii na\u021bionale \u0219i interna\u021bionale, precum Premiul Dinu Lipatti (1973), Premiul UCIN pentru muzic\u0103 de film, Premiile Uniunii Compozitorilor \u0219i Muzicologilor din Rom\u00e2nia (1979, 1981, 1982, 1987, 1989, 2013 \u0219i 2016), Premiul George Enescu al Academiei Rom\u00e2ne sau premiul de compozi\u021bie World Music Celebration \u2013 Louisville (SUA). \u00cen 2022, a ob\u021binut Marele Premiu al Uniunii Compozitorilor \u0219i Muzicologilor din Rom\u00e2nia pentru \u00eentreaga carier\u0103 artistic\u0103.<br \/>\nEste membru corespondent al Academiei Rom\u00e2ne \u0219i Doctor Honoris Causa al Academiei de Muzic\u0103, Teatru \u0219i Arte Plastice din Chi\u0219in\u0103u (Republica Moldova).<\/p>\n<\/div><\/div><\/div><\/div><\/div><div class=\"vc_col-sm-6 wpb_column vc_column_container\"><div class=\"vc_column-inner\"><div class=\"wpb_wrapper\"><div class=\"w-ibanner animation_phorcys ratio_1x1 easing_ease\"><div class=\"w-ibanner-h\"><div class=\"w-ibanner-image\" style=\"background-image: url(https:\/\/2024.festivalenescu.ro\/wp-content\/uploads\/2024\/03\/adrian-iorgulescu-foto.jpg)\"><\/div><div class=\"w-ibanner-content\"><div class=\"w-ibanner-content-h\"><h2 class=\"w-ibanner-title\"><\/h2><div class=\"w-ibanner-desc\"><\/div><\/div><\/div><\/div><\/div><\/div><\/div><\/div><\/div><\/div><\/section><section class=\"l-section wpb_row height_medium\"><div class=\"l-section-h i-cf\"><div class=\"g-cols vc_row via_flex valign_top type_default stacking_default\"><div class=\"vc_col-sm-12 wpb_column vc_column_container\"><div class=\"vc_column-inner\"><div class=\"wpb_wrapper\"><div class=\"w-sharing type_simple align_none color_default\"><div class=\"w-sharing-list\"><a class=\"w-sharing-item email\" href=\"mailto:?subject=Adrian Iorgulescu&amp;body=https:\/\/2024.festivalenescu.ro\/ro\/wp-json\/wp\/v2\/pages\/854\" title=\"Email this\" aria-label=\"Email this\"><i class=\"fas fa-envelope\"><\/i><\/a><a class=\"w-sharing-item facebook\" href=\"https:\/\/www.facebook.com\/sharer\/sharer.php?u=https:\/\/2024.festivalenescu.ro\/ro\/wp-json\/wp\/v2\/pages\/854&amp;quote=Adrian Iorgulescu\" title=\"Share this\" aria-label=\"Share this\" onclick=\"window.open(this.href, &quot;facebook&quot;, &quot;toolbar=0,width=900,height=500&quot;); return false;\"><i class=\"fab fa-facebook\"><\/i><\/a><a class=\"w-sharing-item twitter\" href=\"https:\/\/twitter.com\/intent\/tweet?text=Adrian Iorgulescu&amp;url=https:\/\/2024.festivalenescu.ro\/ro\/wp-json\/wp\/v2\/pages\/854\" title=\"Tweet this\" aria-label=\"Tweet this\" onclick=\"window.open(this.href, &quot;twitter&quot;, &quot;toolbar=0,width=650,height=360&quot;); return false;\"><i class=\"fab fa-x-twitter\"><svg style=\"width:1em; margin-bottom:-.1em;\" xmlns=\"http:\/\/www.w3.org\/2000\/svg\" viewBox=\"0 0 512 512\"><path fill=\"currentColor\" d=\"M389.2 48h70.6L305.6 224.2 487 464H345L233.7 318.6 106.5 464H35.8L200.7 275.5 26.8 48H172.4L272.9 180.9 389.2 48zM364.4 421.8h39.1L151.1 88h-42L364.4 421.8z\"\/><\/svg><\/i><\/a><a class=\"w-sharing-item linkedin\" href=\"https:\/\/www.linkedin.com\/shareArticle?mini=true&amp;url=https:\/\/2024.festivalenescu.ro\/ro\/wp-json\/wp\/v2\/pages\/854\" title=\"Share this\" aria-label=\"Share this\" onclick=\"window.open(this.href, &quot;linkedin&quot;, &quot;toolbar=no,width=550,height=550&quot;); return false;\"><i class=\"fab fa-linkedin\"><\/i><\/a><a class=\"w-sharing-item whatsapp\" href=\"https:\/\/web.whatsapp.com\/send?text=Adrian Iorgulescu https:\/\/2024.festivalenescu.ro\/ro\/wp-json\/wp\/v2\/pages\/854\" title=\"Share this\" aria-label=\"Share this\" onclick=\"window.open(this.href, &quot;whatsapp&quot;, &quot;toolbar=0,width=900,height=500&quot;); return false;\"><i class=\"fab fa-whatsapp\"><\/i><\/a><a class=\"w-sharing-item reddit\" href=\"https:\/\/www.reddit.com\/submit?url=https:\/\/2024.festivalenescu.ro\/ro\/wp-json\/wp\/v2\/pages\/854&amp;title=Adrian Iorgulescu\" title=\"Share this\" aria-label=\"Share this\" onclick=\"window.open(this.href, &quot;reddit&quot;, &quot;toolbar=no,width=900,height=500&quot;); return false;\"><i class=\"fab fa-reddit\"><\/i><\/a><a class=\"w-sharing-item telegram\" href=\"https:\/\/t.me\/share\/url?url=https:\/\/2024.festivalenescu.ro\/ro\/wp-json\/wp\/v2\/pages\/854&amp;text=Adrian Iorgulescu\" title=\"Share this\" aria-label=\"Share this\" onclick=\"window.open(this.href, &quot;telegram&quot;, &quot;toolbar=no,width=600,height=450&quot;); return false;\"><i class=\"fab fa-telegram\"><\/i><\/a><\/div><\/div><div class=\"w-post-elm post_navigation layout_sided inv_false\"><a class=\"post_navigation-item order_first to_prev\" href=\"https:\/\/2024.festivalenescu.ro\/ro\/juriile\/juriu-compozitie\/jennifer-higdon\/\" title=\"Jennifer Higdon\"><div class=\"post_navigation-item-img\"><img decoding=\"async\" src=\"https:\/\/2024.festivalenescu.ro\/wp-content\/uploads\/2024\/03\/Jennifer-Higdon-A.Bogard.credit-601x900.jpg\" loading=\"lazy\" alt=\"\" width=\"150\" height=\"150\"><\/div><div class=\"post_navigation-item-arrow\"><\/div><div class=\"post_navigation-item-title\"><span>Jennifer Higdon<\/span><\/div><\/a><a class=\"post_navigation-item order_second to_next\" href=\"https:\/\/2024.festivalenescu.ro\/ro\/juriile\/juriu-pian\/sina-kloke\/\" title=\"Sina Kloke\"><div class=\"post_navigation-item-img\"><img decoding=\"async\" src=\"https:\/\/2024.festivalenescu.ro\/wp-content\/uploads\/2024\/03\/SinaKloke_IMGL3476-900x596.jpg\" loading=\"lazy\" alt=\"\" width=\"150\" height=\"150\"><\/div><div class=\"post_navigation-item-arrow\"><\/div><div class=\"post_navigation-item-title\"><span>Sina Kloke<\/span><\/div><\/a><\/div><\/div><\/div><\/div><\/div><\/div><\/section>\n","protected":false},"excerpt":{"rendered":"N\u0103scut pe 6 iulie 1951 \u00een Bucure\u0219ti, Adrian Iorgulescu se num\u0103r\u0103 printre acei muzicieni multivalen\u021bi care, printr-o preg\u0103tire complex\u0103 \u00een mai multe domenii, s-a distins at\u00e2t pe plan creativ, c\u00e2t \u0219i pe plan teoretic, politic, pedagogic sau administrativ. A absolvit cursurile Conservatorului Ciprian Porumbescu din Bucure\u0219ti, urm\u00e2nd ca \u00een 1982 s\u0103 se perfec\u021bioneze \u00een compozi\u021bie...","protected":false},"author":4,"featured_media":900,"parent":2253,"menu_order":0,"comment_status":"closed","ping_status":"closed","template":"","meta":{"footnotes":""},"class_list":["post-854","page","type-page","status-publish","has-post-thumbnail","hentry"],"_links":{"self":[{"href":"https:\/\/2024.festivalenescu.ro\/ro\/wp-json\/wp\/v2\/pages\/854","targetHints":{"allow":["GET"]}}],"collection":[{"href":"https:\/\/2024.festivalenescu.ro\/ro\/wp-json\/wp\/v2\/pages"}],"about":[{"href":"https:\/\/2024.festivalenescu.ro\/ro\/wp-json\/wp\/v2\/types\/page"}],"author":[{"embeddable":true,"href":"https:\/\/2024.festivalenescu.ro\/ro\/wp-json\/wp\/v2\/users\/4"}],"replies":[{"embeddable":true,"href":"https:\/\/2024.festivalenescu.ro\/ro\/wp-json\/wp\/v2\/comments?post=854"}],"version-history":[{"count":7,"href":"https:\/\/2024.festivalenescu.ro\/ro\/wp-json\/wp\/v2\/pages\/854\/revisions"}],"predecessor-version":[{"id":989,"href":"https:\/\/2024.festivalenescu.ro\/ro\/wp-json\/wp\/v2\/pages\/854\/revisions\/989"}],"up":[{"embeddable":true,"href":"https:\/\/2024.festivalenescu.ro\/ro\/wp-json\/wp\/v2\/pages\/2253"}],"wp:featuredmedia":[{"embeddable":true,"href":"https:\/\/2024.festivalenescu.ro\/ro\/wp-json\/wp\/v2\/media\/900"}],"wp:attachment":[{"href":"https:\/\/2024.festivalenescu.ro\/ro\/wp-json\/wp\/v2\/media?parent=854"}],"curies":[{"name":"wp","href":"https:\/\/api.w.org\/{rel}","templated":true}]}}