{"id":987,"date":"2024-04-03T08:30:42","date_gmt":"2024-04-03T05:30:42","guid":{"rendered":"https:\/\/concurs.festivalenescu.ro\/?page_id=987"},"modified":"2024-04-03T09:48:28","modified_gmt":"2024-04-03T06:48:28","slug":"dan-dediu","status":"publish","type":"page","link":"https:\/\/2024.festivalenescu.ro\/ro\/juriile\/juriu-compozitie\/dan-dediu\/","title":{"rendered":"Dan Dediu"},"content":{"rendered":"<section class=\"l-section wpb_row height_medium\"><div class=\"l-section-h i-cf\"><div class=\"g-cols vc_row via_flex valign_top type_default stacking_default\"><div class=\"vc_col-sm-6 wpb_column vc_column_container\"><div class=\"vc_column-inner\"><div class=\"wpb_wrapper\"><div class=\"wpb_text_column\"><div class=\"wpb_wrapper\"><p>Dan Dediu (n. 1967) a studiat compozi\u021bia la Bucure\u0219ti cu \u0218tefan Niculescu \u0219i Dan Constantinescu, iar la Viena cu Francis Burt. A compus peste 180 de opusuri ce acoper\u0103 aproape toate genurile muzicale: cinci simfonii \u0219i alte 20 piese pentru orchestr\u0103, 12 concerte (saxofon, viol\u0103, vioar\u0103, pian, violoncel, trombon, chitar\u0103, dublu concert pentru vioar\u0103 \u0219i violoncel, dublu concert pentru violoncele, triplu concert pentru flaut, clarinet \u0219i violoncel, triplu concert pentru vioar\u0103, violoncel \u0219i pian), \u0219apte cvartete de coarde, muzic\u0103 de camer\u0103 \u00een diferite forma\u021bii, muzic\u0103 pentru pian, coruri, cinci opere (<em>Post-fic\u021biunea<\/em>, <em>M\u00fcnchhausen<\/em>, <em>Eva!<\/em>, <em>O scrisoare pierdut\u0103<\/em>, <em>D\u2019ale Carnavalului<\/em>) \u0219i o ConcertOper\u0103 (<em>Wagner Under<\/em>). Este laureat al mai multor premii na\u021bionale \u0219i interna\u021bionale de compozi\u021bie \u0219i a coordonat, \u00een calitate de director artistic, festivalul S\u0103pt\u0103m\u00e2na Interna\u021bional\u0103 a Muzicii Noi (\u00een 1999-2001, 2007-2008, 2016-2024). Dan Dediu este profesor de compozi\u021bie, director artistic al ansamblului Profil, iar \u00eentre 2008 \u0219i 2016 a fost rectorul Universit\u0103\u021bii Na\u021bionale de Muzic\u0103 din Bucure\u0219ti. De asemenea, este Doctor Honoris Causa al Universit\u0103\u021bii de Arte George Enescu din Ia\u0219i, al Universit\u0103\u021bii din Craiova, al Academiei de Muzic\u0103, Teatru \u0219i Arte plastice din Chi\u0219in\u0103u \u0219i al Academiei Na\u021bionale Gheorghe Dima din Cluj-Napoca. \u00cen iunie 2022 a fost ales pre\u0219edinte al Uniunii Compozitorilor \u0219i Muzicologilor din Rom\u00e2nia, iar \u00een ianuarie 2024 a fost decorat de c\u0103tre Pre\u0219edintele Rom\u00e2niei cu ordinul Meritul Cultural \u00een grad de Comandor.<\/p>\n<\/div><\/div><\/div><\/div><\/div><div class=\"vc_col-sm-6 wpb_column vc_column_container\"><div class=\"vc_column-inner\"><div class=\"wpb_wrapper\"><div class=\"w-ibanner animation_phorcys ratio_1x1 easing_easeInOutCirc\"><div class=\"w-ibanner-h\"><div class=\"w-ibanner-image\" style=\"background-image: url(https:\/\/2024.festivalenescu.ro\/wp-content\/uploads\/2024\/03\/Dan-Dediu-foto-ok-scaled.jpg)\"><\/div><div class=\"w-ibanner-content\"><div class=\"w-ibanner-content-h\"><h2 class=\"w-ibanner-title\"><\/h2><div class=\"w-ibanner-desc\"><\/div><\/div><\/div><\/div><\/div><\/div><\/div><\/div><\/div><\/div><\/section><section class=\"l-section wpb_row height_medium\"><div class=\"l-section-h i-cf\"><div class=\"g-cols vc_row via_flex valign_top type_default stacking_default\"><div class=\"vc_col-sm-12 wpb_column vc_column_container\"><div class=\"vc_column-inner\"><div class=\"wpb_wrapper\"><div class=\"wpb_text_column\"><div class=\"wpb_wrapper\"><p>Share:<\/p>\n<\/div><\/div><div class=\"w-sharing type_simple align_none color_default\"><div class=\"w-sharing-list\"><a class=\"w-sharing-item email\" href=\"mailto:?subject=Dan Dediu&amp;body=https:\/\/2024.festivalenescu.ro\/ro\/wp-json\/wp\/v2\/pages\/987\" title=\"Email this\" aria-label=\"Email this\"><i class=\"fas fa-envelope\"><\/i><\/a><a class=\"w-sharing-item facebook\" href=\"https:\/\/www.facebook.com\/sharer\/sharer.php?u=https:\/\/2024.festivalenescu.ro\/ro\/wp-json\/wp\/v2\/pages\/987&amp;quote=Dan Dediu\" title=\"Share this\" aria-label=\"Share this\" onclick=\"window.open(this.href, &quot;facebook&quot;, &quot;toolbar=0,width=900,height=500&quot;); return false;\"><i class=\"fab fa-facebook\"><\/i><\/a><a class=\"w-sharing-item twitter\" href=\"https:\/\/twitter.com\/intent\/tweet?text=Dan Dediu&amp;url=https:\/\/2024.festivalenescu.ro\/ro\/wp-json\/wp\/v2\/pages\/987\" title=\"Tweet this\" aria-label=\"Tweet this\" onclick=\"window.open(this.href, &quot;twitter&quot;, &quot;toolbar=0,width=650,height=360&quot;); return false;\"><i class=\"fab fa-x-twitter\"><svg style=\"width:1em; margin-bottom:-.1em;\" xmlns=\"http:\/\/www.w3.org\/2000\/svg\" viewBox=\"0 0 512 512\"><path fill=\"currentColor\" d=\"M389.2 48h70.6L305.6 224.2 487 464H345L233.7 318.6 106.5 464H35.8L200.7 275.5 26.8 48H172.4L272.9 180.9 389.2 48zM364.4 421.8h39.1L151.1 88h-42L364.4 421.8z\"\/><\/svg><\/i><\/a><a class=\"w-sharing-item linkedin\" href=\"https:\/\/www.linkedin.com\/shareArticle?mini=true&amp;url=https:\/\/2024.festivalenescu.ro\/ro\/wp-json\/wp\/v2\/pages\/987\" title=\"Share this\" aria-label=\"Share this\" onclick=\"window.open(this.href, &quot;linkedin&quot;, &quot;toolbar=no,width=550,height=550&quot;); return false;\"><i class=\"fab fa-linkedin\"><\/i><\/a><a class=\"w-sharing-item whatsapp\" href=\"https:\/\/web.whatsapp.com\/send?text=Dan Dediu https:\/\/2024.festivalenescu.ro\/ro\/wp-json\/wp\/v2\/pages\/987\" title=\"Share this\" aria-label=\"Share this\" onclick=\"window.open(this.href, &quot;whatsapp&quot;, &quot;toolbar=0,width=900,height=500&quot;); return false;\"><i class=\"fab fa-whatsapp\"><\/i><\/a><a class=\"w-sharing-item reddit\" href=\"https:\/\/www.reddit.com\/submit?url=https:\/\/2024.festivalenescu.ro\/ro\/wp-json\/wp\/v2\/pages\/987&amp;title=Dan Dediu\" title=\"Share this\" aria-label=\"Share this\" onclick=\"window.open(this.href, &quot;reddit&quot;, &quot;toolbar=no,width=900,height=500&quot;); return false;\"><i class=\"fab fa-reddit\"><\/i><\/a><a class=\"w-sharing-item telegram\" href=\"https:\/\/t.me\/share\/url?url=https:\/\/2024.festivalenescu.ro\/ro\/wp-json\/wp\/v2\/pages\/987&amp;text=Dan Dediu\" title=\"Share this\" aria-label=\"Share this\" onclick=\"window.open(this.href, &quot;telegram&quot;, &quot;toolbar=no,width=600,height=450&quot;); return false;\"><i class=\"fab fa-telegram\"><\/i><\/a><\/div><\/div><div class=\"w-post-elm post_navigation layout_sided inv_false\"><a class=\"post_navigation-item order_first to_prev\" href=\"https:\/\/2024.festivalenescu.ro\/ro\/juriile\/juriu-pian\/andrei-pisarev\/\" title=\"Andrei Pisarev\"><div class=\"post_navigation-item-img\"><img decoding=\"async\" src=\"https:\/\/2024.festivalenescu.ro\/wp-content\/uploads\/2024\/03\/TIT_3593-1-900x701.jpeg\" loading=\"lazy\" alt=\"\" width=\"150\" height=\"150\"><\/div><div class=\"post_navigation-item-arrow\"><\/div><div class=\"post_navigation-item-title\"><span>Andrei Pisarev<\/span><\/div><\/a><a class=\"post_navigation-item order_second to_next\" href=\"https:\/\/2024.festivalenescu.ro\/ro\/juriile\/juriu-pian\/simon-trpceski\/\" title=\"Simon Trp\u010deski\"><div class=\"post_navigation-item-img\"><img decoding=\"async\" src=\"https:\/\/2024.festivalenescu.ro\/wp-content\/uploads\/2024\/03\/Simon-Trpceski-photo-c-B.-Ealovega-S.Spirovski_KulturOp_1-900x600.jpg\" loading=\"lazy\" alt=\"\" width=\"150\" height=\"150\"><\/div><div class=\"post_navigation-item-arrow\"><\/div><div class=\"post_navigation-item-title\"><span>Simon Trp\u010deski<\/span><\/div><\/a><\/div><\/div><\/div><\/div><\/div><\/div><\/section>\n","protected":false},"excerpt":{"rendered":"Dan Dediu (n. 1967) a studiat compozi\u021bia la Bucure\u0219ti cu \u0218tefan Niculescu \u0219i Dan Constantinescu, iar la Viena cu Francis Burt. A compus peste 180 de opusuri ce acoper\u0103 aproape toate genurile muzicale: cinci simfonii \u0219i alte 20 piese pentru orchestr\u0103, 12 concerte (saxofon, viol\u0103, vioar\u0103, pian, violoncel, trombon, chitar\u0103, dublu concert pentru vioar\u0103 \u0219i...","protected":false},"author":4,"featured_media":905,"parent":2253,"menu_order":0,"comment_status":"closed","ping_status":"closed","template":"","meta":{"footnotes":""},"class_list":["post-987","page","type-page","status-publish","has-post-thumbnail","hentry"],"_links":{"self":[{"href":"https:\/\/2024.festivalenescu.ro\/ro\/wp-json\/wp\/v2\/pages\/987","targetHints":{"allow":["GET"]}}],"collection":[{"href":"https:\/\/2024.festivalenescu.ro\/ro\/wp-json\/wp\/v2\/pages"}],"about":[{"href":"https:\/\/2024.festivalenescu.ro\/ro\/wp-json\/wp\/v2\/types\/page"}],"author":[{"embeddable":true,"href":"https:\/\/2024.festivalenescu.ro\/ro\/wp-json\/wp\/v2\/users\/4"}],"replies":[{"embeddable":true,"href":"https:\/\/2024.festivalenescu.ro\/ro\/wp-json\/wp\/v2\/comments?post=987"}],"version-history":[{"count":1,"href":"https:\/\/2024.festivalenescu.ro\/ro\/wp-json\/wp\/v2\/pages\/987\/revisions"}],"predecessor-version":[{"id":988,"href":"https:\/\/2024.festivalenescu.ro\/ro\/wp-json\/wp\/v2\/pages\/987\/revisions\/988"}],"up":[{"embeddable":true,"href":"https:\/\/2024.festivalenescu.ro\/ro\/wp-json\/wp\/v2\/pages\/2253"}],"wp:featuredmedia":[{"embeddable":true,"href":"https:\/\/2024.festivalenescu.ro\/ro\/wp-json\/wp\/v2\/media\/905"}],"wp:attachment":[{"href":"https:\/\/2024.festivalenescu.ro\/ro\/wp-json\/wp\/v2\/media?parent=987"}],"curies":[{"name":"wp","href":"https:\/\/api.w.org\/{rel}","templated":true}]}}