{"id":996,"date":"2024-04-03T08:30:22","date_gmt":"2024-04-03T05:30:22","guid":{"rendered":"https:\/\/concurs.festivalenescu.ro\/?page_id=996"},"modified":"2024-04-03T09:48:33","modified_gmt":"2024-04-03T06:48:33","slug":"doina-rotaru","status":"publish","type":"page","link":"https:\/\/2024.festivalenescu.ro\/ro\/juriile\/juriu-compozitie\/doina-rotaru\/","title":{"rendered":"Doina Rotaru"},"content":{"rendered":"<section class=\"l-section wpb_row height_medium\"><div class=\"l-section-h i-cf\"><div class=\"g-cols vc_row via_flex valign_top type_default stacking_default\"><div class=\"vc_col-sm-6 wpb_column vc_column_container\"><div class=\"vc_column-inner\"><div class=\"wpb_wrapper\"><div class=\"wpb_text_column\"><div class=\"wpb_wrapper\"><p>\u201eStilul personal, unic \u0219i u\u0219or de distins al compozitoarei Doinei Rotaru se bazeaz\u0103 pe o estetic\u0103 arhetipal\u0103 care utilizeaz\u0103 modele sonore \u0219i timbrale ce se \u00eentorc la folclorul transgeografic primar rom\u00e2nesc \u0219i universal, precum \u0219i principii structurale cu valoare \u0219i func\u021bie simbolic\u0103 (forme circulare \u0219i spiralate, numere sacre etc.).\u201d (Irinel Anghel)<br \/>\nTitluri precum <em>Spiritul Elementelor<\/em> (Ap\u0103, P\u0103m\u00e2nt, Foc, Aer), <em>Himere<\/em>, <em>Cercuri magice<\/em>, <em>Uroboros<\/em>, <em>Tempio di fumo<\/em>, <em>Spiralis<\/em>, <em>Crystals<\/em>, <em>Lumina<\/em>, <em>Umbre<\/em> sau <em>Japanese garden<\/em> arat\u0103 preferin\u021ba compozitoarei Doina Rotaru pentru asimilarea de arhetipuri \u0219i simboluri, pe care le \u00eemplete\u0219te cu grij\u0103 \u00een eterofonii lichide, \u00eembin\u00e2nd influen\u021bele arhaice rom\u00e2ne\u0219ti (\u00een special \u00een tipul de ornamenta\u021bie sau prin utilizarea frecvent\u0103 a flautului) cu tehnici \u0219i structuri contemporane.<br \/>\nN\u0103scut\u0103 \u00een 1951 la Bucure\u0219ti, Doina Rotaru a scris p\u00e2n\u0103 \u00een prezent numeroase lucr\u0103ri solistice, camerale, corale \u0219i orchestrale, dintre care men\u021bion\u0103m cele trei simfonii \u0219i 15 concerte cu solist. Muzica ei a fost interpretat\u0103 \u00een numeroase concerte \u0219i festivaluri din \u00eentreaga lume. A primit comenzi din partea Festivalului Interna\u021bional de Muzic\u0103 Contemporan\u0103 Toamna Var\u0219oviana, Radio France, Radio Graz, Funda\u021bia Suntory Hall \u2013 Tokyo, Ministerul Francez al Culturii, diverse ansambluri \u0219i soli\u0219ti din Austria, Croa\u021bia, Fran\u021ba, Germania, Islanda, Japonia, Olanda, Suedia, Elve\u021bia.<br \/>\nDoina Rotaru a fost distins\u0103 cu Premiul Academiei Rom\u00e2ne (1996), 15 premii ale Uniunii Compozitorilor \u0219i Muzicologilor din Rom\u00e2nia, precum \u0219i cu Premiul I la Concursul Interna\u021bional GEDOK \u2013 Mannheim (1994). A fost invitat\u0103 s\u0103 sus\u021bin\u0103 conferin\u021be despre muzica sa \u00een Germania, Olanda, Marea Britanie, Japonia, Islanda, Suedia, Polonia, Italia sau Spania. Din 1990 pred\u0103 la Universitatea Na\u021bional\u0103 de Muzic\u0103 din Bucure\u0219ti. (www.doinarotaru.ro)<\/p>\n<\/div><\/div><\/div><\/div><\/div><div class=\"vc_col-sm-6 wpb_column vc_column_container\"><div class=\"vc_column-inner\"><div class=\"wpb_wrapper\"><div class=\"w-ibanner animation_phorcys ratio_1x1 easing_easeInOutCirc\"><div class=\"w-ibanner-h\"><div class=\"w-ibanner-image\" style=\"background-image: url(https:\/\/2024.festivalenescu.ro\/wp-content\/uploads\/2024\/03\/Doina-Rotaru-scaled.jpg)\"><\/div><div class=\"w-ibanner-content\"><div class=\"w-ibanner-content-h\"><h2 class=\"w-ibanner-title\"><\/h2><div class=\"w-ibanner-desc\"><\/div><\/div><\/div><\/div><\/div><\/div><\/div><\/div><\/div><\/div><\/section><section class=\"l-section wpb_row height_medium\"><div class=\"l-section-h i-cf\"><div class=\"g-cols vc_row via_flex valign_top type_default stacking_default\"><div class=\"vc_col-sm-12 wpb_column vc_column_container\"><div class=\"vc_column-inner\"><div class=\"wpb_wrapper\"><div class=\"wpb_text_column\"><div class=\"wpb_wrapper\"><p>Share:<\/p>\n<\/div><\/div><div class=\"w-sharing type_simple align_none color_default\"><div class=\"w-sharing-list\"><a class=\"w-sharing-item email\" href=\"mailto:?subject=Doina Rotaru&amp;body=https:\/\/2024.festivalenescu.ro\/ro\/wp-json\/wp\/v2\/pages\/996\" title=\"Email this\" aria-label=\"Email this\"><i class=\"fas fa-envelope\"><\/i><\/a><a class=\"w-sharing-item facebook\" href=\"https:\/\/www.facebook.com\/sharer\/sharer.php?u=https:\/\/2024.festivalenescu.ro\/ro\/wp-json\/wp\/v2\/pages\/996&amp;quote=Doina Rotaru\" title=\"Share this\" aria-label=\"Share this\" onclick=\"window.open(this.href, &quot;facebook&quot;, &quot;toolbar=0,width=900,height=500&quot;); return false;\"><i class=\"fab fa-facebook\"><\/i><\/a><a class=\"w-sharing-item twitter\" href=\"https:\/\/twitter.com\/intent\/tweet?text=Doina Rotaru&amp;url=https:\/\/2024.festivalenescu.ro\/ro\/wp-json\/wp\/v2\/pages\/996\" title=\"Tweet this\" aria-label=\"Tweet this\" onclick=\"window.open(this.href, &quot;twitter&quot;, &quot;toolbar=0,width=650,height=360&quot;); return false;\"><i class=\"fab fa-x-twitter\"><svg style=\"width:1em; margin-bottom:-.1em;\" xmlns=\"http:\/\/www.w3.org\/2000\/svg\" viewBox=\"0 0 512 512\"><path fill=\"currentColor\" d=\"M389.2 48h70.6L305.6 224.2 487 464H345L233.7 318.6 106.5 464H35.8L200.7 275.5 26.8 48H172.4L272.9 180.9 389.2 48zM364.4 421.8h39.1L151.1 88h-42L364.4 421.8z\"\/><\/svg><\/i><\/a><a class=\"w-sharing-item linkedin\" href=\"https:\/\/www.linkedin.com\/shareArticle?mini=true&amp;url=https:\/\/2024.festivalenescu.ro\/ro\/wp-json\/wp\/v2\/pages\/996\" title=\"Share this\" aria-label=\"Share this\" onclick=\"window.open(this.href, &quot;linkedin&quot;, &quot;toolbar=no,width=550,height=550&quot;); return false;\"><i class=\"fab fa-linkedin\"><\/i><\/a><a class=\"w-sharing-item whatsapp\" href=\"https:\/\/web.whatsapp.com\/send?text=Doina Rotaru https:\/\/2024.festivalenescu.ro\/ro\/wp-json\/wp\/v2\/pages\/996\" title=\"Share this\" aria-label=\"Share this\" onclick=\"window.open(this.href, &quot;whatsapp&quot;, &quot;toolbar=0,width=900,height=500&quot;); return false;\"><i class=\"fab fa-whatsapp\"><\/i><\/a><a class=\"w-sharing-item reddit\" href=\"https:\/\/www.reddit.com\/submit?url=https:\/\/2024.festivalenescu.ro\/ro\/wp-json\/wp\/v2\/pages\/996&amp;title=Doina Rotaru\" title=\"Share this\" aria-label=\"Share this\" onclick=\"window.open(this.href, &quot;reddit&quot;, &quot;toolbar=no,width=900,height=500&quot;); return false;\"><i class=\"fab fa-reddit\"><\/i><\/a><a class=\"w-sharing-item telegram\" href=\"https:\/\/t.me\/share\/url?url=https:\/\/2024.festivalenescu.ro\/ro\/wp-json\/wp\/v2\/pages\/996&amp;text=Doina Rotaru\" title=\"Share this\" aria-label=\"Share this\" onclick=\"window.open(this.href, &quot;telegram&quot;, &quot;toolbar=no,width=600,height=450&quot;); return false;\"><i class=\"fab fa-telegram\"><\/i><\/a><\/div><\/div><div class=\"w-post-elm post_navigation layout_sided inv_false\"><a class=\"post_navigation-item order_first to_prev\" href=\"https:\/\/2024.festivalenescu.ro\/ro\/juriile\/juriu-pian\/luiza-borac\/\" title=\"Luiza Borac\"><div class=\"post_navigation-item-img\"><img decoding=\"async\" src=\"https:\/\/2024.festivalenescu.ro\/wp-content\/uploads\/2024\/03\/Luiza-Borac-A\u00a9HSchunck-600x900.jpg\" loading=\"lazy\" alt=\"\" width=\"150\" height=\"150\"><\/div><div class=\"post_navigation-item-arrow\"><\/div><div class=\"post_navigation-item-title\"><span>Luiza Borac<\/span><\/div><\/a><a class=\"post_navigation-item order_second to_next\" href=\"https:\/\/2024.festivalenescu.ro\/ro\/juriile\/juriu-violoncel\/enrico-dindo\/\" title=\"Enrico Dindo\"><div class=\"post_navigation-item-img\"><img decoding=\"async\" src=\"https:\/\/2024.festivalenescu.ro\/wp-content\/uploads\/2024\/03\/enricodindo_7602_Credits-Fulvia-Farassino-1-764x900.png\" loading=\"lazy\" alt=\"\" width=\"150\" height=\"150\"><\/div><div class=\"post_navigation-item-arrow\"><\/div><div class=\"post_navigation-item-title\"><span>Enrico Dindo<\/span><\/div><\/a><\/div><\/div><\/div><\/div><\/div><\/div><\/section>\n","protected":false},"excerpt":{"rendered":"\u201eStilul personal, unic \u0219i u\u0219or de distins al compozitoarei Doinei Rotaru se bazeaz\u0103 pe o estetic\u0103 arhetipal\u0103 care utilizeaz\u0103 modele sonore \u0219i timbrale ce se \u00eentorc la folclorul transgeografic primar rom\u00e2nesc \u0219i universal, precum \u0219i principii structurale cu valoare \u0219i func\u021bie simbolic\u0103 (forme circulare \u0219i spiralate, numere sacre etc.).\u201d (Irinel Anghel) Titluri precum Spiritul Elementelor...","protected":false},"author":4,"featured_media":993,"parent":2253,"menu_order":0,"comment_status":"closed","ping_status":"closed","template":"","meta":{"footnotes":""},"class_list":["post-996","page","type-page","status-publish","has-post-thumbnail","hentry"],"_links":{"self":[{"href":"https:\/\/2024.festivalenescu.ro\/ro\/wp-json\/wp\/v2\/pages\/996","targetHints":{"allow":["GET"]}}],"collection":[{"href":"https:\/\/2024.festivalenescu.ro\/ro\/wp-json\/wp\/v2\/pages"}],"about":[{"href":"https:\/\/2024.festivalenescu.ro\/ro\/wp-json\/wp\/v2\/types\/page"}],"author":[{"embeddable":true,"href":"https:\/\/2024.festivalenescu.ro\/ro\/wp-json\/wp\/v2\/users\/4"}],"replies":[{"embeddable":true,"href":"https:\/\/2024.festivalenescu.ro\/ro\/wp-json\/wp\/v2\/comments?post=996"}],"version-history":[{"count":1,"href":"https:\/\/2024.festivalenescu.ro\/ro\/wp-json\/wp\/v2\/pages\/996\/revisions"}],"predecessor-version":[{"id":997,"href":"https:\/\/2024.festivalenescu.ro\/ro\/wp-json\/wp\/v2\/pages\/996\/revisions\/997"}],"up":[{"embeddable":true,"href":"https:\/\/2024.festivalenescu.ro\/ro\/wp-json\/wp\/v2\/pages\/2253"}],"wp:featuredmedia":[{"embeddable":true,"href":"https:\/\/2024.festivalenescu.ro\/ro\/wp-json\/wp\/v2\/media\/993"}],"wp:attachment":[{"href":"https:\/\/2024.festivalenescu.ro\/ro\/wp-json\/wp\/v2\/media?parent=996"}],"curies":[{"name":"wp","href":"https:\/\/api.w.org\/{rel}","templated":true}]}}